{"id":401,"date":"2025-09-07T05:39:33","date_gmt":"2025-09-07T05:39:33","guid":{"rendered":"https:\/\/bydcarchina.com\/?post_type=product&#038;p=401"},"modified":"2025-12-13T08:32:25","modified_gmt":"2025-12-13T08:32:25","slug":"%d8%a8%d8%ad%d9%84%d9%88%d9%84-%d8%b9%d8%a7%d9%85-2025-2025-%d8%b3%d9%8a%d9%84-06dmi-%d8%a5%d8%b5%d8%af%d8%a7%d8%b1-%d8%a7%d9%84%d9%82%d9%8a%d8%a7%d8%af%d8%a9-%d8%a7%d9%84%d8%b0%d9%83%d9%8a%d8%a9","status":"publish","type":"product","link":"https:\/\/bydcarchina.com\/ar\/product\/byd-2025-seal-06dmi-intelligent-driving-edition\/","title":{"rendered":"\u062e\u062a\u0645 BYD 2025 \u062e\u062a\u0645 BYD 2025 06DMI \u0625\u0635\u062f\u0627\u0631 \u0627\u0644\u0642\u064a\u0627\u062f\u0629 \u0627\u0644\u0630\u0643\u064a\u0629"},"content":{"rendered":"<p data-start=\"0\" data-end=\"182\">\u0627\u0643\u062a\u0634\u0641 <strong data-start=\"11\" data-end=\"67\">\u0627\u0644\u062c\u064a\u0644 \u0627\u0644\u062a\u0627\u0644\u064a \u0645\u0646 \u0633\u064a\u0627\u0631\u0627\u062a \u0627\u0644\u0633\u064a\u062f\u0627\u0646 \u0627\u0644\u0643\u0647\u0631\u0628\u0627\u0626\u064a\u0629 \u0627\u0644\u0647\u062c\u064a\u0646\u0629 \u0627\u0644\u0642\u0627\u0628\u0644\u0629 \u0644\u0644\u0634\u062d\u0646 \u0628\u0627\u0644\u0642\u0627\u0628\u0633 (PHEV)<\/strong> \u0645\u0635\u0645\u0645\u0629 \u0644\u062a\u062d\u0642\u064a\u0642 \u0627\u0644\u062a\u0648\u0627\u0632\u0646 \u0627\u0644\u0623\u0645\u062b\u0644 \u0628\u064a\u0646 \u0627\u0644\u0643\u0641\u0627\u0621\u0629 \u0648\u0627\u0644\u0623\u062f\u0627\u0621 \u0648\u0633\u0647\u0648\u0644\u0629 \u0627\u0644\u0627\u0633\u062a\u062e\u062f\u0627\u0645 \u0627\u0644\u064a\u0648\u0645\u064a. \u062a\u0634\u0645\u0644 \u0627\u0644\u0645\u0632\u0627\u064a\u0627 \u0627\u0644\u0631\u0626\u064a\u0633\u064a\u0629 \u0645\u0627 \u064a\u0644\u064a:<\/p>\n<p data-start=\"184\" data-end=\"380\"><strong data-start=\"184\" data-end=\"213\">\u0645\u062c\u0645\u0648\u0639\u0629 \u0646\u0642\u0644 \u0627\u0644\u062d\u0631\u0643\u0629 \u0627\u0644\u0643\u0647\u0631\u0628\u0627\u0626\u064a\u0629 \u0627\u0644\u0647\u062c\u064a\u0646\u0629 \u0627\u0644\u0643\u0647\u0631\u0628\u0627\u0626\u064a\u0629 \u0627\u0644\u0647\u062c\u064a\u0646\u0629 \u0627\u0644\u0645\u062a\u0637\u0648\u0631\u0629:<\/strong><br data-start=\"213\" data-end=\"216\" \/>\u0645\u0639\u0631\u0648\u0636 \u0645\u0639 <strong data-start=\"229\" data-end=\"255\">10.08 \u0643\u064a\u0644\u0648\u0648\u0627\u0637\/\u0633\u0627\u0639\u0629 \u0623\u0648 15.87 \u0643\u064a\u0644\u0648\u0648\u0627\u0637\/\u0633\u0627\u0639\u0629<\/strong> \u062e\u064a\u0627\u0631\u0627\u062a \u0627\u0644\u0628\u0637\u0627\u0631\u064a\u0629\u060c \u0645\u0645\u0627 \u064a\u062a\u064a\u062d <strong data-start=\"284\" data-end=\"339\">\u0645\u062f\u0649 \u0642\u064a\u0627\u062f\u0629 \u0643\u0647\u0631\u0628\u0627\u0626\u064a \u062e\u0627\u0644\u0635 \u064a\u0635\u0644 \u0625\u0644\u0649 60 \u0643\u0645 \u0623\u0648 90 \u0643\u0645<\/strong>, \u0645\u062b\u0627\u0644\u064a\u0629 \u0644\u0644\u062a\u0646\u0642\u0644 \u0627\u0644\u064a\u0648\u0645\u064a \u0645\u0646\u062e\u0641\u0636 \u0627\u0644\u0627\u0646\u0628\u0639\u0627\u062b\u0627\u062a.<\/p>\n<p data-start=\"382\" data-end=\"594\"><strong data-start=\"382\" data-end=\"421\">\u0623\u062f\u0627\u0621 \u0633\u0631\u064a\u0639 \u0627\u0644\u0627\u0633\u062a\u062c\u0627\u0628\u0629 \u0648\u0641\u0639\u0627\u0644:<\/strong><br data-start=\"421\" data-end=\"424\" \/>\u064a\u062d\u0642\u0642 <strong data-start=\"433\" data-end=\"482\">\u062a\u0633\u0627\u0631\u0639 \u0645\u0646 0-100 \u0643\u0645\/\u0633\u0627\u0639\u0629 \u0641\u064a 7.9 \u0623\u0648 7.5 \u062b\u0627\u0646\u064a\u0629<\/strong>, \u064a\u0648\u0641\u0631 \u062a\u0648\u0635\u064a\u0644\u0627\u064b \u0633\u0644\u0633\u0627\u064b \u0648\u0648\u0627\u062b\u0642\u0627\u064b \u0644\u0644\u0637\u0627\u0642\u0629. A <strong data-start=\"533\" data-end=\"558\">\u0633\u0631\u0639\u0629 \u0642\u0635\u0648\u0649 \u062a\u0628\u0644\u063a 180 \u0643\u0645\/\u0633\u0627\u0639\u0629<\/strong> \u064a\u0636\u0645\u0646 \u0623\u062f\u0627\u0621 \u0645\u0633\u062a\u0642\u0631 \u0639\u0644\u0649 \u0627\u0644\u0637\u0631\u0642 \u0627\u0644\u0633\u0631\u064a\u0639\u0629.<\/p>\n<p data-start=\"596\" data-end=\"760\"><strong data-start=\"596\" data-end=\"625\">\u062a\u062e\u0637\u064a\u0637 \u0627\u0644\u062f\u0641\u0639 \u0627\u0644\u0623\u0645\u0627\u0645\u064a:<\/strong><br data-start=\"625\" data-end=\"628\" \/>\u0625\u0646 <strong data-start=\"632\" data-end=\"653\">\u062a\u0643\u0648\u064a\u0646 \u0627\u0644\u062f\u0641\u0639 \u0627\u0644\u0623\u0645\u0627\u0645\u064a \u0648\u0627\u0644\u062e\u0644\u0641\u064a<\/strong> \u064a\u0639\u0632\u0632 \u0627\u0644\u0643\u0641\u0627\u0621\u0629 \u0648\u0627\u0644\u062c\u0631 \u0648\u0627\u0644\u062a\u062d\u0643\u0645 \u0627\u0644\u0645\u062a\u0648\u0642\u0639 \u0641\u064a \u0633\u064a\u0646\u0627\u0631\u064a\u0648\u0647\u0627\u062a \u0627\u0644\u0642\u064a\u0627\u062f\u0629 \u0641\u064a \u0627\u0644\u0645\u0646\u0627\u0637\u0642 \u0627\u0644\u062d\u0636\u0631\u064a\u0629 \u0648\u0627\u0644\u0645\u0633\u0627\u0641\u0627\u062a \u0627\u0644\u0637\u0648\u064a\u0644\u0629.<\/p>\n<p data-start=\"762\" data-end=\"938\"><strong data-start=\"762\" data-end=\"793\">\u0633\u064a\u0627\u0631\u0629 \u0633\u064a\u062f\u0627\u0646 \u0641\u0633\u064a\u062d\u0629 \u0630\u0627\u062a \u0623\u0628\u0639\u0627\u062f \u0648\u0627\u0633\u0639\u0629:<\/strong><br data-start=\"793\" data-end=\"796\" \/>\u0628\u0623\u0628\u0639\u0627\u062f <strong data-start=\"815\" data-end=\"843\">4,830 \u00d7 1,875 \u00d7 1,875 \u00d7 1,495 \u0645\u0645<\/strong>, \u062a\u0648\u0641\u0631 \u0627\u0644\u0633\u064a\u0627\u0631\u0629 \u0648\u0642\u0641\u0629 \u0639\u0631\u064a\u0636\u0629\u060c \u0648\u0645\u0633\u0627\u062d\u0629 \u0631\u062d\u0628\u0629 \u0641\u064a \u0627\u0644\u0645\u0642\u0635\u0648\u0631\u0629\u060c \u0648\u062d\u0636\u0648\u0631\u0627\u064b \u0631\u0627\u0642\u064a\u0627\u064b \u0648\u0645\u062a\u0645\u064a\u0632\u0627\u064b \u0639\u0644\u0649 \u0627\u0644\u0637\u0631\u064a\u0642.<\/p>\n<p data-start=\"940\" data-end=\"1181\" data-is-last-node=\"\" data-is-only-node=\"\">\u0645\u0635\u0645\u0645\u0629 \u0644\u0644\u0633\u0627\u0626\u0642\u064a\u0646 \u0627\u0644\u0628\u0627\u062d\u062b\u064a\u0646 \u0639\u0646 <strong data-start=\"969\" data-end=\"1014\">\u0643\u0641\u0627\u0621\u0629 \u0643\u0647\u0631\u0628\u0627\u0626\u064a\u0629 \u0628\u062f\u0648\u0646 \u0642\u0644\u0642 \u0645\u0646 \u0627\u0644\u0645\u062f\u0649<\/strong>, \u062a\u062c\u0645\u0639 \u0647\u0630\u0647 \u0627\u0644\u0633\u064a\u0627\u0631\u0629 \u0627\u0644\u0633\u064a\u062f\u0627\u0646 \u0627\u0644\u0643\u0647\u0631\u0628\u0627\u0626\u064a\u0629 \u0627\u0644\u0647\u062c\u064a\u0646\u0629 \u0627\u0644\u0642\u0627\u0628\u0644\u0629 \u0644\u0644\u062a\u0648\u0635\u064a\u0644 \u0628\u0645\u0635\u0627\u062f\u0631 \u0627\u0644\u0637\u0627\u0642\u0629 \u0627\u0644\u0645\u062a\u062c\u062f\u062f\u0629 \u0628\u064a\u0646 \u0627\u0644\u062a\u0643\u0646\u0648\u0644\u0648\u062c\u064a\u0627 \u0627\u0644\u0643\u0647\u0631\u0628\u0627\u0626\u064a\u0629 \u0627\u0644\u062d\u062f\u064a\u062b\u0629 \u0648\u0627\u0644\u0623\u062f\u0627\u0621 \u0627\u0644\u0645\u062a\u0648\u0627\u0632\u0646 \u0648\u0627\u0644\u0623\u0628\u0639\u0627\u062f \u0627\u0644\u0639\u0645\u0644\u064a\u0629\u060c \u0645\u0645\u0627 \u064a\u062c\u0639\u0644\u0647\u0627 \u0645\u0646\u0627\u0633\u0628\u0629 \u062a\u0645\u0627\u0645\u0627\u064b \u0644\u0644\u0627\u0633\u062a\u062e\u062f\u0627\u0645 \u0641\u064a \u0627\u0644\u0645\u062f\u064a\u0646\u0629 \u0648\u0627\u0644\u0631\u062d\u0644\u0627\u062a \u0627\u0644\u0637\u0648\u064a\u0644\u0629.<\/p>","protected":false},"excerpt":{"rendered":"<p>Discover a next-generation plug-in hybrid electric sedan (PHEV) designed to deliver an optimal balance of efficiency, performance, and everyday usability. Key highlights include: Advanced PHEV Powertrain:Offered with 10.08 kWh or 15.87 kWh battery options, enabling a pure electric driving range of up to 60 km or 90 km, ideal for low-emission daily commuting. Responsive &amp; [&hellip;]<\/p>\n","protected":false},"featured_media":415,"comment_status":"open","ping_status":"closed","template":"","meta":[],"product_brand":[],"product_cat":[17],"product_tag":[],"class_list":{"0":"post-401","1":"product","2":"type-product","3":"status-publish","4":"has-post-thumbnail","6":"product_cat-uncategorized","8":"first","9":"instock","10":"shipping-taxable","11":"product-type-simple"},"_links":{"self":[{"href":"https:\/\/bydcarchina.com\/ar\/wp-json\/wp\/v2\/product\/401","targetHints":{"allow":["GET"]}}],"collection":[{"href":"https:\/\/bydcarchina.com\/ar\/wp-json\/wp\/v2\/product"}],"about":[{"href":"https:\/\/bydcarchina.com\/ar\/wp-json\/wp\/v2\/types\/product"}],"replies":[{"embeddable":true,"href":"https:\/\/bydcarchina.com\/ar\/wp-json\/wp\/v2\/comments?post=401"}],"version-history":[{"count":2,"href":"https:\/\/bydcarchina.com\/ar\/wp-json\/wp\/v2\/product\/401\/revisions"}],"predecessor-version":[{"id":1106,"href":"https:\/\/bydcarchina.com\/ar\/wp-json\/wp\/v2\/product\/401\/revisions\/1106"}],"wp:featuredmedia":[{"embeddable":true,"href":"https:\/\/bydcarchina.com\/ar\/wp-json\/wp\/v2\/media\/415"}],"wp:attachment":[{"href":"https:\/\/bydcarchina.com\/ar\/wp-json\/wp\/v2\/media?parent=401"}],"wp:term":[{"taxonomy":"product_brand","embeddable":true,"href":"https:\/\/bydcarchina.com\/ar\/wp-json\/wp\/v2\/product_brand?post=401"},{"taxonomy":"product_cat","embeddable":true,"href":"https:\/\/bydcarchina.com\/ar\/wp-json\/wp\/v2\/product_cat?post=401"},{"taxonomy":"product_tag","embeddable":true,"href":"https:\/\/bydcarchina.com\/ar\/wp-json\/wp\/v2\/product_tag?post=401"}],"curies":[{"name":"\u062f\u0628\u0644\u064a\u0648 \u0628\u064a","href":"https:\/\/api.w.org\/{rel}","templated":true}]}}