{"id":535,"date":"2025-09-10T14:00:05","date_gmt":"2025-09-10T14:00:05","guid":{"rendered":"https:\/\/bydcarchina.com\/?post_type=product&#038;p=535"},"modified":"2025-12-13T08:46:45","modified_gmt":"2025-12-13T08:46:45","slug":"%d8%a8%d8%a7%d9%8a-%d8%af%d9%8a-%d8%af%d9%8a-%d8%b3%d9%8a%d9%84%d9%8a%d9%88%d9%86-07-dm-i-2025-%d8%a7%d9%84%d8%b7%d8%a7%d9%82%d8%a9-%d8%a7%d9%84%d8%ac%d8%af%d9%8a%d8%af%d8%a9","status":"publish","type":"product","link":"https:\/\/bydcarchina.com\/ar\/product\/byd-sealion-07-dm-i-2025-new-energy\/","title":{"rendered":"\u0628\u0627\u064a \u0648\u0627\u064a \u062f\u064a \u0633\u064a\u0644\u064a\u0648\u0646 07 DM-i 2025 \u0627\u0644\u0637\u0627\u0642\u0629 \u0627\u0644\u062c\u062f\u064a\u062f\u0629"},"content":{"rendered":"<p data-start=\"0\" data-end=\"257\">\u0627\u0643\u062a\u0634\u0641 <strong data-start=\"11\" data-end=\"65\">\u0633\u064a\u0627\u0631\u0629 \u0627\u0644\u0633\u064a\u062f\u0627\u0646 \u0627\u0644\u0643\u0647\u0631\u0628\u0627\u0626\u064a\u0629 \u0627\u0644\u0647\u062c\u064a\u0646\u0629 \u0627\u0644\u0647\u062c\u064a\u0646\u0629 \u0627\u0644\u0645\u062a\u0648\u0627\u0632\u0646\u0629 (PHEV)<\/strong> \u0635\u064f\u0645\u0645\u062a \u0644\u062a\u062c\u0645\u0639 \u0628\u064a\u0646 \u0627\u0644\u0642\u064a\u0627\u062f\u0629 \u0627\u0644\u0643\u0647\u0631\u0628\u0627\u0626\u064a\u0629 \u0627\u0644\u0641\u0639\u0627\u0644\u0629 \u0648\u0627\u0644\u0623\u062f\u0627\u0621 \u0627\u0644\u0633\u0644\u0633 \u0627\u0644\u0630\u064a \u064a\u0639\u0645\u0644 \u0628\u0627\u0644\u0628\u0646\u0632\u064a\u0646. \u0648\u0647\u064a \u0645\u0635\u0645\u0645\u0629 \u0644\u0644\u062a\u0646\u0642\u0644 \u0627\u0644\u064a\u0648\u0645\u064a \u0648\u0627\u0644\u0645\u0631\u0648\u0646\u0629 \u0641\u064a \u0627\u0644\u0645\u0633\u0627\u0641\u0627\u062a \u0627\u0644\u0637\u0648\u064a\u0644\u0629\u060c \u0648\u062a\u0648\u0641\u0631 \u0627\u0644\u0645\u0632\u0627\u064a\u0627 \u0627\u0644\u0631\u0626\u064a\u0633\u064a\u0629 \u0627\u0644\u062a\u0627\u0644\u064a\u0629:<\/p>\n<p data-start=\"259\" data-end=\"488\"><strong data-start=\"259\" data-end=\"284\">\u0646\u0638\u0627\u0645 \u0627\u0644\u0633\u064a\u0627\u0631\u0629 \u0627\u0644\u0643\u0647\u0631\u0628\u0627\u0626\u064a\u0629 \u0627\u0644\u0647\u062c\u064a\u0646\u0629 \u0627\u0644\u0643\u0647\u0631\u0628\u0627\u0626\u064a\u0629 \u0627\u0644\u0647\u062c\u064a\u0646\u0629 \u0627\u0644\u0645\u062a\u0637\u0648\u0631\u0629:<\/strong><br data-start=\"284\" data-end=\"287\" \/>\u0645\u062a\u0648\u0641\u0631 \u0645\u0639 <strong data-start=\"302\" data-end=\"328\">10.08 \u0643\u064a\u0644\u0648\u0648\u0627\u0637\/\u0633\u0627\u0639\u0629 \u0623\u0648 15.87 \u0643\u064a\u0644\u0648\u0648\u0627\u0637\/\u0633\u0627\u0639\u0629<\/strong> \u062e\u064a\u0627\u0631\u0627\u062a \u0627\u0644\u0628\u0637\u0627\u0631\u064a\u0629\u060c \u0645\u0645\u0627 \u064a\u0648\u0641\u0631 <strong data-start=\"359\" data-end=\"414\">\u0645\u062f\u0649 \u0642\u064a\u0627\u062f\u0629 \u0643\u0647\u0631\u0628\u0627\u0626\u064a \u062e\u0627\u0644\u0635 \u064a\u0635\u0644 \u0625\u0644\u0649 60 \u0643\u0645 \u0623\u0648 90 \u0643\u0645<\/strong>, \u0645\u062b\u0627\u0644\u064a\u0629 \u0644\u0644\u0631\u062d\u0644\u0627\u062a \u0627\u0644\u064a\u0648\u0645\u064a\u0629 \u0627\u0644\u0642\u0635\u064a\u0631\u0629 \u0645\u0639 \u062a\u0642\u0644\u064a\u0644 \u0627\u0633\u062a\u0647\u0644\u0627\u0643 \u0627\u0644\u0648\u0642\u0648\u062f \u0648\u0627\u0644\u0627\u0646\u0628\u0639\u0627\u062b\u0627\u062a.<\/p>\n<p data-start=\"490\" data-end=\"704\"><strong data-start=\"490\" data-end=\"517\">\u0623\u062f\u0627\u0621 \u0645\u062a\u062c\u0627\u0648\u0628:<\/strong><br data-start=\"517\" data-end=\"520\" \/>\u064a\u062d\u0642\u0642 <strong data-start=\"529\" data-end=\"578\">\u062a\u0633\u0627\u0631\u0639 \u0645\u0646 0-100 \u0643\u0645\/\u0633\u0627\u0639\u0629 \u0641\u064a 7.9 \u0623\u0648 7.5 \u062b\u0627\u0646\u064a\u0629<\/strong>, \u064a\u0648\u0641\u0631 \u062a\u0648\u0635\u064a\u0644 \u0637\u0627\u0642\u0629 \u0648\u0627\u062b\u0642\u0627\u064b \u0648\u0645\u064f\u062d\u0633\u064e\u0651\u0646\u0627\u064b. A <strong data-start=\"630\" data-end=\"655\">\u0633\u0631\u0639\u0629 \u0642\u0635\u0648\u0649 \u062a\u0628\u0644\u063a 180 \u0643\u0645\/\u0633\u0627\u0639\u0629<\/strong> \u064a\u0636\u0645\u0646 \u0644\u0643 \u0642\u064a\u0627\u062f\u0629 \u0645\u0633\u062a\u0642\u0631\u0629 \u0648\u0645\u0631\u064a\u062d\u0629 \u0639\u0644\u0649 \u0627\u0644\u0637\u0631\u0642\u0627\u062a \u0627\u0644\u0633\u0631\u064a\u0639\u0629.<\/p>\n<p data-start=\"706\" data-end=\"857\"><strong data-start=\"706\" data-end=\"740\">\u0646\u0638\u0627\u0645 \u0642\u064a\u0627\u062f\u0629 \u064a\u0631\u0643\u0632 \u0639\u0644\u0649 \u0627\u0644\u0643\u0641\u0627\u0621\u0629:<\/strong><br data-start=\"740\" data-end=\"743\" \/>\u0625\u0646 <strong data-start=\"747\" data-end=\"774\">\u0627\u0644\u062f\u0641\u0639 \u0628\u0627\u0644\u0639\u062c\u0644\u0627\u062a \u0627\u0644\u0623\u0645\u0627\u0645\u064a\u0629 (FWD)<\/strong> \u064a\u0639\u0632\u0632 \u0627\u0644\u062a\u0635\u0645\u064a\u0645 \u0643\u0641\u0627\u0621\u0629 \u0627\u0644\u0637\u0627\u0642\u0629\u060c \u0648\u0627\u0644\u062a\u062d\u0643\u0645 \u0627\u0644\u0645\u062a\u0648\u0642\u0639\u060c \u0648\u0633\u0647\u0648\u0644\u0629 \u0627\u0644\u0642\u064a\u0627\u062f\u0629 \u0627\u0644\u064a\u0648\u0645\u064a\u0629.<\/p>\n<p data-start=\"859\" data-end=\"1043\"><strong data-start=\"859\" data-end=\"889\">\u0633\u064a\u0627\u0631\u0629 \u0633\u064a\u062f\u0627\u0646 \u0641\u0633\u064a\u062d\u0629 \u0627\u0644\u0623\u0628\u0639\u0627\u062f:<\/strong><br data-start=\"889\" data-end=\"892\" \/>\u0645\u0639 \u062d\u062c\u0645 \u0625\u062c\u0645\u0627\u0644\u064a \u064a\u0628\u0644\u063a <strong data-start=\"916\" data-end=\"944\">4,830 \u00d7 1,875 \u00d7 1,875 \u00d7 1,495 \u0645\u0645<\/strong>, \u062a\u0648\u0641\u0631 \u0627\u0644\u0633\u064a\u0627\u0631\u0629 \u0645\u0633\u0627\u062d\u0629 \u062f\u0627\u062e\u0644\u064a\u0629 \u0631\u062d\u0628\u0629 \u0648\u0645\u0648\u0642\u0639\u0627\u064b \u0639\u0631\u064a\u0636\u0627\u064b \u0648\u062d\u0636\u0648\u0631\u0627\u064b \u0645\u062a\u0645\u0627\u0633\u0643\u0627\u064b \u0648\u0645\u062a\u0645\u064a\u0632\u0627\u064b \u0639\u0644\u0649 \u0627\u0644\u0637\u0631\u064a\u0642.<\/p>\n<p data-start=\"1045\" data-end=\"1273\" data-is-last-node=\"\" data-is-only-node=\"\">\u0627\u0644\u062c\u0645\u0639 \u0628\u064a\u0646 <strong data-start=\"1055\" data-end=\"1148\">\u0645\u062f\u0649 \u0643\u0647\u0631\u0628\u0627\u0626\u064a \u0639\u0645\u0644\u064a\u060c \u0648\u062a\u0633\u0627\u0631\u0639 \u0633\u0644\u0633\u060c \u0648\u0623\u0628\u0639\u0627\u062f \u0633\u064a\u0627\u0631\u0629 \u0633\u064a\u062f\u0627\u0646 \u0645\u062a\u0648\u0633\u0637\u0629 \u0627\u0644\u062d\u062c\u0645 \u0645\u0631\u064a\u062d\u0629<\/strong>, \u0641\u0625\u0646 \u0647\u0630\u0627 \u0627\u0644\u0637\u0631\u0627\u0632 \u0645\u0646 \u0627\u0644\u0633\u064a\u0627\u0631\u0627\u062a \u0627\u0644\u0643\u0647\u0631\u0628\u0627\u0626\u064a\u0629 \u0627\u0644\u0647\u062c\u064a\u0646\u0629 \u0627\u0644\u0647\u062c\u064a\u0646\u0629 \u062e\u064a\u0627\u0631\u0627\u064b \u0645\u0645\u062a\u0627\u0632\u0627\u064b \u0644\u0644\u0633\u0627\u0626\u0642\u064a\u0646 \u0627\u0644\u0630\u064a\u0646 \u064a\u0628\u062d\u062b\u0648\u0646 \u0639\u0646 \u0627\u0644\u062a\u0646\u0642\u0644 \u0627\u0644\u0643\u0647\u0631\u0628\u0627\u0626\u064a \u062f\u0648\u0646 \u0627\u0644\u062a\u0636\u062d\u064a\u0629 \u0628\u0627\u0644\u0631\u0627\u062d\u0629 \u0623\u0648 \u062a\u0639\u062f\u062f \u0627\u0644\u0627\u0633\u062a\u062e\u062f\u0627\u0645\u0627\u062a.<\/p>","protected":false},"excerpt":{"rendered":"<p>Discover a well-balanced plug-in hybrid electric sedan (PHEV) engineered to combine efficient electric driving with smooth petrol-powered performance. Designed for everyday commuting and long-distance flexibility, it offers the following key advantages: Advanced PHEV System:Available with 10.08 kWh or 15.87 kWh battery options, delivering a pure electric driving range of up to 60 km or 90 [&hellip;]<\/p>\n","protected":false},"featured_media":549,"comment_status":"open","ping_status":"closed","template":"","meta":[],"product_brand":[],"product_cat":[17],"product_tag":[],"class_list":{"0":"post-535","1":"product","2":"type-product","3":"status-publish","4":"has-post-thumbnail","6":"product_cat-uncategorized","8":"first","9":"instock","10":"shipping-taxable","11":"product-type-simple"},"_links":{"self":[{"href":"https:\/\/bydcarchina.com\/ar\/wp-json\/wp\/v2\/product\/535","targetHints":{"allow":["GET"]}}],"collection":[{"href":"https:\/\/bydcarchina.com\/ar\/wp-json\/wp\/v2\/product"}],"about":[{"href":"https:\/\/bydcarchina.com\/ar\/wp-json\/wp\/v2\/types\/product"}],"replies":[{"embeddable":true,"href":"https:\/\/bydcarchina.com\/ar\/wp-json\/wp\/v2\/comments?post=535"}],"version-history":[{"count":3,"href":"https:\/\/bydcarchina.com\/ar\/wp-json\/wp\/v2\/product\/535\/revisions"}],"predecessor-version":[{"id":1125,"href":"https:\/\/bydcarchina.com\/ar\/wp-json\/wp\/v2\/product\/535\/revisions\/1125"}],"wp:featuredmedia":[{"embeddable":true,"href":"https:\/\/bydcarchina.com\/ar\/wp-json\/wp\/v2\/media\/549"}],"wp:attachment":[{"href":"https:\/\/bydcarchina.com\/ar\/wp-json\/wp\/v2\/media?parent=535"}],"wp:term":[{"taxonomy":"product_brand","embeddable":true,"href":"https:\/\/bydcarchina.com\/ar\/wp-json\/wp\/v2\/product_brand?post=535"},{"taxonomy":"product_cat","embeddable":true,"href":"https:\/\/bydcarchina.com\/ar\/wp-json\/wp\/v2\/product_cat?post=535"},{"taxonomy":"product_tag","embeddable":true,"href":"https:\/\/bydcarchina.com\/ar\/wp-json\/wp\/v2\/product_tag?post=535"}],"curies":[{"name":"\u062f\u0628\u0644\u064a\u0648 \u0628\u064a","href":"https:\/\/api.w.org\/{rel}","templated":true}]}}