{"id":752,"date":"2025-09-13T14:14:39","date_gmt":"2025-09-13T14:14:39","guid":{"rendered":"https:\/\/bydcarchina.com\/?post_type=product&#038;p=752"},"modified":"2025-12-13T09:11:55","modified_gmt":"2025-12-13T09:11:55","slug":"%d8%b5%d9%8a%d8%ba%d8%a9-%d8%a7%d9%84%d9%86%d9%85%d8%b1-8","status":"publish","type":"product","link":"https:\/\/bydcarchina.com\/ar\/product\/formula-leopard-8\/","title":{"rendered":"\u0641\u0648\u0631\u0645\u0648\u0644\u0627 \u0644\u064a\u0648\u0628\u0627\u0631\u062f 8"},"content":{"rendered":"<p data-start=\"0\" data-end=\"221\">\u0627\u0643\u062a\u0634\u0641 <strong data-start=\"11\" data-end=\"39\">\u0633\u064a\u0627\u0631\u0627\u062a \u0627\u0644\u062f\u0641\u0639 \u0627\u0644\u0631\u0628\u0627\u0639\u064a \u0627\u0644\u0647\u062c\u064a\u0646\u0629 \u0627\u0644\u0643\u0628\u064a\u0631\u0629 \u0627\u0644\u0642\u0627\u0628\u0644\u0629 \u0644\u0644\u0634\u062d\u0646<\/strong> \u062a\u0645 \u062a\u0635\u0645\u064a\u0645\u0647\u0627 \u0644\u062a\u0642\u062f\u0645 \u0623\u062f\u0627\u0621\u064b \u0642\u0648\u064a\u0627\u064b \u0648\u0643\u0641\u0627\u0621\u0629 \u0645\u062a\u0645\u064a\u0632\u0629 \u0648\u062a\u0639\u062f\u062f \u0627\u0633\u062a\u062e\u062f\u0627\u0645\u0627\u062a \u0645\u062a\u0645\u064a\u0632\u0629 \u0645\u062a\u0639\u062f\u062f\u0629 \u0627\u0644\u0635\u0641\u0648\u0641. \u0645\u0635\u0645\u0645\u0629 \u0644\u0644\u0639\u0627\u0626\u0644\u0627\u062a \u0648\u0627\u0644\u0645\u0633\u0627\u0641\u0631\u064a\u0646 \u0645\u0646 \u0631\u062c\u0627\u0644 \u0627\u0644\u0623\u0639\u0645\u0627\u0644\u060c \u0648\u062a\u0648\u0641\u0631 \u0627\u0644\u0645\u0632\u0627\u064a\u0627 \u0627\u0644\u0631\u0626\u064a\u0633\u064a\u0629 \u0627\u0644\u062a\u0627\u0644\u064a\u0629:<\/p>\n<p data-start=\"223\" data-end=\"484\"><strong data-start=\"223\" data-end=\"265\">\u0645\u062c\u0645\u0648\u0639\u0629 \u062a\u0648\u0644\u064a\u062f \u0627\u0644\u0637\u0627\u0642\u0629 \u0627\u0644\u0647\u062c\u064a\u0646\u0629 \u0627\u0644\u0642\u0627\u0628\u0644\u0629 \u0644\u0644\u0634\u062d\u0646 \u0639\u0627\u0644\u064a\u0629 \u0627\u0644\u0625\u0646\u062a\u0627\u062c\u064a\u0629:<\/strong><br data-start=\"265\" data-end=\"268\" \/>\u0645\u062f\u0639\u0648\u0645 \u0645\u0646 <strong data-start=\"281\" data-end=\"323\">\u0645\u062d\u0631\u0643 \u062a\u0648\u0631\u0628\u0648 \u0633\u0639\u0629 2.0 \u0644\u062a\u0631 \u0628\u0634\u0627\u062d\u0646 \u062a\u0648\u0631\u0628\u064a\u0646\u064a \u0645\u0636\u0645\u0646 4<\/strong> \u0625\u0646\u062a\u0627\u062c <strong data-start=\"334\" data-end=\"344\">245 \u062d\u0635\u0627\u0646\u0627\u064b<\/strong>, \u0645\u062f\u0645\u062c \u0628\u0633\u0644\u0627\u0633\u0629 \u0645\u0639 \u0646\u0638\u0627\u0645 \u0647\u062c\u064a\u0646 \u0645\u062a\u0637\u0648\u0631 \u0642\u0627\u0628\u0644 \u0644\u0644\u0634\u062d\u0646 \u0628\u0627\u0644\u0643\u0647\u0631\u0628\u0627\u0621 \u0644\u062a\u0648\u0641\u064a\u0631 \u062a\u0633\u0627\u0631\u0639 \u0642\u0648\u064a \u0645\u0639 \u0627\u0644\u062d\u0641\u0627\u0638 \u0639\u0644\u0649 \u0643\u0641\u0627\u0621\u0629 \u0645\u0645\u062a\u0627\u0632\u0629 \u0641\u064a \u0627\u0633\u062a\u0647\u0644\u0627\u0643 \u0627\u0644\u0637\u0627\u0642\u0629.<\/p>\n<p data-start=\"486\" data-end=\"852\"><strong data-start=\"486\" data-end=\"528\">\u062a\u0634\u063a\u064a\u0644 \u0643\u0647\u0631\u0628\u0627\u0626\u064a \u0648\u0647\u062c\u064a\u0646 \u0641\u0639\u0627\u0644:<\/strong><br data-start=\"528\" data-end=\"531\" \/>\u0645\u062c\u0647\u0632 \u0628\u0640 <strong data-start=\"547\" data-end=\"587\">\u0628\u0637\u0627\u0631\u064a\u0629 \u0641\u0648\u0633\u0641\u0627\u062a \u062d\u062f\u064a\u062f \u0627\u0644\u0644\u064a\u062b\u064a\u0648\u0645 (LFP)<\/strong>, \u062a\u0648\u0641\u0631 \u0633\u064a\u0627\u0631\u0629 \u0627\u0644\u062f\u0641\u0639 \u0627\u0644\u0631\u0628\u0627\u0639\u064a <strong data-start=\"606\" data-end=\"659\">\u0645\u062f\u0649 \u0625\u0628\u062d\u0627\u0631 \u0643\u0647\u0631\u0628\u0627\u0626\u064a \u062e\u0627\u0644\u0635 \u0645\u0635\u0646\u0651\u0641 \u0645\u0646 \u0642\u0628\u0644 WLTC \u064a\u0628\u0644\u063a 100 \u0643\u0645<\/strong>, \u0645\u062b\u0627\u0644\u064a\u0629 \u0644\u0644\u0642\u064a\u0627\u062f\u0629 \u0627\u0644\u064a\u0648\u0645\u064a\u0629 \u0627\u0644\u062e\u0627\u0644\u064a\u0629 \u0645\u0646 \u0627\u0644\u0627\u0646\u0628\u0639\u0627\u062b\u0627\u062a. \u0628\u0641\u0636\u0644 \u0627\u0644\u0646\u0638\u0627\u0645 \u0627\u0644\u0647\u062c\u064a\u0646 \u0627\u0644\u0641\u0639\u0651\u0627\u0644, <strong data-start=\"739\" data-end=\"805\">\u064a\u0635\u0644 \u0627\u0644\u0627\u0633\u062a\u0647\u0644\u0627\u0643 \u0627\u0644\u0634\u0627\u0645\u0644 \u0644\u0644\u0648\u0642\u0648\u062f WLTC \u0627\u0644\u0634\u0627\u0645\u0644 \u0625\u0644\u0649 1.79 \u0644\u062a\u0631\/100 \u0643\u0645<\/strong>, \u0645\u0645\u0627 \u064a\u0642\u0644\u0644 \u0645\u0646 \u062a\u0643\u0627\u0644\u064a\u0641 \u0627\u0644\u062a\u0634\u063a\u064a\u0644 \u0627\u0644\u0625\u062c\u0645\u0627\u0644\u064a\u0629 \u0628\u0634\u0643\u0644 \u0643\u0628\u064a\u0631.<\/p>\n<p data-start=\"854\" data-end=\"1024\"><strong data-start=\"854\" data-end=\"888\">\u0623\u062f\u0627\u0621 \u0648\u0627\u062b\u0642 \u0639\u0644\u0649 \u0627\u0644\u0637\u0631\u064a\u0642:<\/strong><br data-start=\"888\" data-end=\"891\" \/>\u0645\u0639 <strong data-start=\"898\" data-end=\"927\">\u0633\u0631\u0639\u0629 \u0642\u0635\u0648\u0649 180 \u0643\u0645\/\u0633\u0627\u0639\u0629 \u0643\u062d\u062f \u0623\u0642\u0635\u0649<\/strong>, \u062a\u0648\u0641\u0631 \u0627\u0644\u0633\u064a\u0627\u0631\u0629 \u0642\u064a\u0627\u062f\u0629 \u0633\u0644\u0633\u0629 \u0648\u062b\u0627\u0628\u062a\u0629 \u0648\u0645\u0633\u062a\u0642\u0631\u0629 \u0648\u062a\u0648\u0635\u064a\u0644 \u0637\u0627\u0642\u0629 \u0645\u062d\u0633\u0646\u0629 \u062d\u062a\u0649 \u0639\u0646\u062f \u062a\u062d\u0645\u064a\u0644\u0647\u0627 \u0628\u0627\u0644\u0643\u0627\u0645\u0644.<\/p>\n<p data-start=\"1026\" data-end=\"1231\"><strong data-start=\"1026\" data-end=\"1059\">\u062a\u0635\u0645\u064a\u0645 \u0641\u0633\u064a\u062d \u064a\u062a\u0633\u0639 \u0644\u0640 6\/7 \u0645\u0642\u0627\u0639\u062f \u0631\u0628\u0627\u0639\u064a\u0629 \u0627\u0644\u062f\u0641\u0639 \u0627\u0644\u0631\u0628\u0627\u0639\u064a:<\/strong><br data-start=\"1059\" data-end=\"1062\" \/>\u062a\u062a\u0645\u064a\u0632 \u0628\u0640 <strong data-start=\"1074\" data-end=\"1115\">\u0647\u064a\u0643\u0644 \u0647\u064a\u0643\u0644 \u0628 5 \u0623\u0628\u0648\u0627\u0628\u060c 6 \u0623\u0648 7 \u0645\u0642\u0627\u0639\u062f<\/strong>, \u0641\u0647\u0648 \u064a\u0648\u0641\u0631 \u062a\u0631\u062a\u064a\u0628\u0627\u062a \u0645\u0631\u0646\u0629 \u0644\u0644\u0645\u0642\u0627\u0639\u062f\u060c \u0648\u0645\u0633\u0627\u062d\u0629 \u0631\u062d\u0628\u0629 \u0644\u0644\u0623\u0631\u062c\u0644\u060c \u0648\u0631\u0627\u062d\u0629 \u0645\u0645\u062a\u0627\u0632\u0629 \u0644\u0644\u0639\u0627\u0626\u0644\u0627\u062a \u0623\u0648 \u0631\u062c\u0627\u0644 \u0627\u0644\u0623\u0639\u0645\u0627\u0644.<\/p>\n<p data-start=\"1233\" data-end=\"1426\"><strong data-start=\"1233\" data-end=\"1262\">\u0633\u064a\u0627\u0631\u0629 \u062f\u0641\u0639 \u0631\u0628\u0627\u0639\u064a \u0643\u0627\u0645\u0644\u0629 \u0627\u0644\u062d\u062c\u0645 \u0627\u0644\u0623\u0628\u0639\u0627\u062f:<\/strong><br data-start=\"1262\" data-end=\"1265\" \/>\u0627\u0644\u0642\u064a\u0627\u0633 <strong data-start=\"1275\" data-end=\"1303\">5,195 \u00d7 1,994 \u00d7 1,994 \u00d7 1,905 \u0645\u0645<\/strong>, \u062a\u0648\u0641\u0631 \u0644\u0643 \u0627\u0644\u0633\u064a\u0627\u0631\u0629 \u0627\u0644\u0631\u064a\u0627\u0636\u064a\u0629 \u0645\u062a\u0639\u062f\u062f\u0629 \u0627\u0644\u0627\u0633\u062a\u062e\u062f\u0627\u0645\u0627\u062a \u062d\u0636\u0648\u0631\u0627\u064b \u0637\u0627\u063a\u064a\u0627\u064b \u0639\u0644\u0649 \u0627\u0644\u0637\u0631\u064a\u0642\u060c \u0648\u0645\u0633\u0627\u062d\u0629 \u062f\u0627\u062e\u0644\u064a\u0629 \u0648\u0627\u0633\u0639\u0629\u060c \u0648\u0631\u0627\u062d\u0629 \u0645\u0639\u0632\u0632\u0629 \u0644\u0644\u0631\u0643\u0627\u0628 \u0641\u064a \u0635\u0641\u0648\u0641 \u0645\u062a\u0639\u062f\u062f\u0629.<\/p>\n<p data-start=\"1428\" data-end=\"1686\" data-is-last-node=\"\" data-is-only-node=\"\">\u0627\u0644\u062c\u0645\u0639 \u0628\u064a\u0646 <strong data-start=\"1438\" data-end=\"1533\">\u0623\u062f\u0627\u0621 \u0642\u0648\u064a \u0628\u0634\u0627\u062d\u0646 \u062a\u0648\u0631\u0628\u064a\u0646\u064a \u0648\u0627\u0633\u062a\u0647\u0644\u0627\u0643 \u0645\u0646\u062e\u0641\u0636 \u0644\u0644\u0648\u0642\u0648\u062f \u0648\u062a\u0635\u0645\u064a\u0645 \u0641\u0633\u064a\u062d \u0645\u062a\u0639\u062f\u062f \u0627\u0644\u0645\u0642\u0627\u0639\u062f<\/strong>, \u060c \u064a\u0639\u062f \u0647\u0630\u0627 \u0627\u0644\u0637\u0631\u0627\u0632 \u0627\u0644\u0647\u062c\u064a\u0646 \u0627\u0644\u0642\u0627\u0628\u0644 \u0644\u0644\u0634\u062d\u0646 \u062e\u064a\u0627\u0631\u0627\u064b \u0645\u062b\u0627\u0644\u064a\u0627\u064b \u0644\u0644\u0633\u0627\u0626\u0642\u064a\u0646 \u0627\u0644\u0630\u064a\u0646 \u064a\u0628\u062d\u062b\u0648\u0646 \u0639\u0646 \u0627\u0644\u0643\u0641\u0627\u0621\u0629 \u0627\u0644\u0643\u0647\u0631\u0628\u0627\u0626\u064a\u0629 \u062f\u0648\u0646 \u0627\u0644\u0645\u0633\u0627\u0648\u0645\u0629 \u0639\u0644\u0649 \u0627\u0644\u0642\u0648\u0629 \u0623\u0648 \u0627\u0644\u0645\u0633\u0627\u062d\u0629 \u0623\u0648 \u0627\u0644\u0642\u062f\u0631\u0629 \u0639\u0644\u0649 \u0642\u0637\u0639 \u0645\u0633\u0627\u0641\u0627\u062a \u0637\u0648\u064a\u0644\u0629.<\/p>","protected":false},"excerpt":{"rendered":"<p>Discover a large plug-in hybrid SUV engineered for powerful performance, outstanding efficiency, and premium multi-row versatility. Designed for families and executive travel, it delivers the following key highlights: High-Output Plug-in Hybrid Powertrain:Powered by a 2.0-liter turbocharged inline-4 engine producing 245 hp, seamlessly integrated with an advanced plug-in hybrid system to provide strong acceleration while maintaining [&hellip;]<\/p>\n","protected":false},"featured_media":756,"comment_status":"open","ping_status":"closed","template":"","meta":[],"product_brand":[],"product_cat":[17],"product_tag":[],"class_list":{"0":"post-752","1":"product","2":"type-product","3":"status-publish","4":"has-post-thumbnail","6":"product_cat-uncategorized","8":"first","9":"instock","10":"shipping-taxable","11":"product-type-simple"},"_links":{"self":[{"href":"https:\/\/bydcarchina.com\/ar\/wp-json\/wp\/v2\/product\/752","targetHints":{"allow":["GET"]}}],"collection":[{"href":"https:\/\/bydcarchina.com\/ar\/wp-json\/wp\/v2\/product"}],"about":[{"href":"https:\/\/bydcarchina.com\/ar\/wp-json\/wp\/v2\/types\/product"}],"replies":[{"embeddable":true,"href":"https:\/\/bydcarchina.com\/ar\/wp-json\/wp\/v2\/comments?post=752"}],"version-history":[{"count":3,"href":"https:\/\/bydcarchina.com\/ar\/wp-json\/wp\/v2\/product\/752\/revisions"}],"predecessor-version":[{"id":1155,"href":"https:\/\/bydcarchina.com\/ar\/wp-json\/wp\/v2\/product\/752\/revisions\/1155"}],"wp:featuredmedia":[{"embeddable":true,"href":"https:\/\/bydcarchina.com\/ar\/wp-json\/wp\/v2\/media\/756"}],"wp:attachment":[{"href":"https:\/\/bydcarchina.com\/ar\/wp-json\/wp\/v2\/media?parent=752"}],"wp:term":[{"taxonomy":"product_brand","embeddable":true,"href":"https:\/\/bydcarchina.com\/ar\/wp-json\/wp\/v2\/product_brand?post=752"},{"taxonomy":"product_cat","embeddable":true,"href":"https:\/\/bydcarchina.com\/ar\/wp-json\/wp\/v2\/product_cat?post=752"},{"taxonomy":"product_tag","embeddable":true,"href":"https:\/\/bydcarchina.com\/ar\/wp-json\/wp\/v2\/product_tag?post=752"}],"curies":[{"name":"\u062f\u0628\u0644\u064a\u0648 \u0628\u064a","href":"https:\/\/api.w.org\/{rel}","templated":true}]}}