{"id":780,"date":"2025-09-13T15:02:40","date_gmt":"2025-09-13T15:02:40","guid":{"rendered":"https:\/\/bydcarchina.com\/?post_type=product&#038;p=780"},"modified":"2025-12-13T09:14:02","modified_gmt":"2025-12-13T09:14:02","slug":"denza-d9","status":"publish","type":"product","link":"https:\/\/bydcarchina.com\/ar\/product\/denza-d9\/","title":{"rendered":"\u062f\u064a\u0646\u0632\u0627 D9 D9 DM-i"},"content":{"rendered":"<p data-start=\"0\" data-end=\"234\">\u0627\u0643\u062a\u0634\u0641 <strong data-start=\"11\" data-end=\"41\">\u0633\u064a\u0627\u0631\u0629 \u0647\u062c\u064a\u0646\u0629 \u0645\u062a\u0639\u062f\u062f\u0629 \u0627\u0644\u0623\u063a\u0631\u0627\u0636 \u0645\u062a\u0639\u062f\u062f\u0629 \u0627\u0644\u0623\u063a\u0631\u0627\u0636 \u0645\u062a\u0639\u062f\u062f\u0629 \u0627\u0644\u0627\u0633\u062a\u062e\u062f\u0627\u0645\u0627\u062a<\/strong> \u062a\u0645 \u062a\u0635\u0645\u064a\u0645\u0647\u0627 \u0644\u062a\u0648\u0641\u0631 \u0644\u0643 \u0645\u062f\u0649 \u0643\u0647\u0631\u0628\u0627\u0626\u064a\u0627\u064b \u0637\u0648\u064a\u0644\u0627\u064b \u0648\u0643\u0641\u0627\u0621\u0629 \u0628\u0634\u0627\u062d\u0646 \u062a\u0648\u0631\u0628\u064a\u0646\u064a \u0648\u0631\u0627\u062d\u0629 \u0648\u0627\u0633\u0639\u0629 \u0644\u0633\u0628\u0639\u0629 \u0645\u0642\u0627\u0639\u062f. \u0648\u0647\u064a \u0645\u0635\u0645\u0645\u0629 \u0644\u0644\u0633\u0641\u0631 \u0627\u0644\u0639\u0627\u0626\u0644\u064a \u0648\u0627\u0644\u0646\u0642\u0644 \u0627\u0644\u062a\u0646\u0641\u064a\u0630\u064a\u060c \u0648\u062a\u0648\u0641\u0631 \u0627\u0644\u0645\u0632\u0627\u064a\u0627 \u0627\u0644\u0631\u0626\u064a\u0633\u064a\u0629 \u0627\u0644\u062a\u0627\u0644\u064a\u0629:<\/p>\n<p data-start=\"236\" data-end=\"492\"><strong data-start=\"236\" data-end=\"279\">\u0645\u062c\u0645\u0648\u0639\u0629 \u062a\u0648\u0644\u064a\u062f \u0627\u0644\u0637\u0627\u0642\u0629 \u0627\u0644\u0647\u062c\u064a\u0646\u0629 \u0627\u0644\u0645\u0632\u0648\u062f\u0629 \u0628\u0634\u0627\u062d\u0646 \u062a\u0648\u0631\u0628\u064a\u0646\u064a:<\/strong><br data-start=\"279\" data-end=\"282\" \/>\u0645\u062f\u0639\u0648\u0645 \u0645\u0646 <strong data-start=\"295\" data-end=\"337\">\u0645\u062d\u0631\u0643 \u0633\u0639\u0629 1.5 \u0644\u062a\u0631 \u0628\u0634\u0627\u062d\u0646 \u062a\u0648\u0631\u0628\u064a\u0646\u064a \u0645\u0636\u0645\u0646 4 \u0633\u0639\u0629 1.5 \u0644\u062a\u0631<\/strong> \u0625\u0646\u062a\u0627\u062c <strong data-start=\"348\" data-end=\"358\">156 \u062d\u0635\u0627\u0646\u0627\u064b<\/strong>, \u0645\u062f\u0645\u062c\u0629 \u0628\u0633\u0644\u0627\u0633\u0629 \u0645\u0639 \u0646\u0638\u0627\u0645 \u0647\u062c\u064a\u0646 \u0645\u062a\u0637\u0648\u0631 \u0642\u0627\u0628\u0644 \u0644\u0644\u0634\u062d\u0646 \u0628\u0627\u0644\u0643\u0647\u0631\u0628\u0627\u0621 \u0644\u062a\u0648\u0641\u064a\u0631 \u0623\u062f\u0627\u0621 \u0633\u0644\u0633 \u0648\u0633\u0631\u064a\u0639 \u0627\u0644\u0627\u0633\u062a\u062c\u0627\u0628\u0629 \u0645\u0639 \u0643\u0641\u0627\u0621\u0629 \u0625\u062c\u0645\u0627\u0644\u064a\u0629 \u0639\u0627\u0644\u064a\u0629.<\/p>\n<p data-start=\"494\" data-end=\"799\"><strong data-start=\"494\" data-end=\"532\">\u0627\u0644\u0642\u062f\u0631\u0629 \u0627\u0644\u0643\u0647\u0631\u0628\u0627\u0626\u064a\u0629 \u0627\u0644\u0646\u0642\u064a\u0629 \u0627\u0644\u0645\u0648\u0633\u0651\u0639\u0629:<\/strong><br data-start=\"532\" data-end=\"535\" \/>\u0645\u062a\u0648\u0641\u0631 \u0628\u062a\u0643\u0648\u064a\u0646\u0627\u062a \u0645\u062a\u0639\u062f\u062f\u0629\u060c \u0645\u0645\u0627 \u064a\u0648\u0641\u0631 <strong data-start=\"584\" data-end=\"645\">\u0645\u062f\u0649 \u0643\u0647\u0631\u0628\u0627\u0626\u064a \u064a\u0635\u0644 \u0625\u0644\u0649 155 \u0643\u0645 (145 \u0643\u0645 \u0627\u062e\u062a\u064a\u0627\u0631\u064a)<\/strong>. \u062a\u062d\u062a <strong data-start=\"653\" data-end=\"728\">\u0627\u062e\u062a\u0628\u0627\u0631 CLTC\u060c \u0645\u062f\u0649 \u0643\u0647\u0631\u0628\u0627\u0626\u064a \u062e\u0627\u0644\u0635 \u064a\u0635\u0644 \u0625\u0644\u0649 200 \u0643\u0645 (\u0645\u062a\u063a\u064a\u0631 190 \u0643\u0645)<\/strong>, \u0645\u0645\u0627 \u064a\u062c\u0639\u0644 \u0627\u0644\u0642\u064a\u0627\u062f\u0629 \u0627\u0644\u064a\u0648\u0645\u064a\u0629 \u0628\u062f\u0648\u0646 \u0627\u0646\u0628\u0639\u0627\u062b\u0627\u062a \u0639\u0645\u0644\u064a\u0629 \u0648\u0641\u0639\u0627\u0644\u0629 \u0645\u0646 \u062d\u064a\u062b \u0627\u0644\u062a\u0643\u0644\u0641\u0629.<\/p>\n<p data-start=\"801\" data-end=\"971\"><strong data-start=\"801\" data-end=\"834\">\u0623\u062f\u0627\u0621 \u0642\u0648\u064a \u0648\u0645\u064f\u062d\u0633\u0651\u0646:<\/strong><br data-start=\"834\" data-end=\"837\" \/>\u0645\u0639 <strong data-start=\"844\" data-end=\"869\">\u0633\u0631\u0639\u0629 \u0642\u0635\u0648\u0649 \u062a\u0628\u0644\u063a 220 \u0643\u0645\/\u0633\u0627\u0639\u0629<\/strong>, \u062a\u0648\u0641\u0631 \u0627\u0644\u0633\u064a\u0627\u0631\u0629 \u0645\u062a\u0639\u062f\u062f\u0629 \u0627\u0644\u0623\u063a\u0631\u0627\u0636 \u0645\u062a\u0639\u062f\u062f\u0629 \u0627\u0644\u0627\u0633\u062a\u062e\u062f\u0627\u0645\u0627\u062a \u0642\u064a\u0627\u062f\u0629 \u0648\u0627\u062b\u0642\u0629 \u0639\u0644\u0649 \u0627\u0644\u0637\u0631\u0642\u0627\u062a \u0627\u0644\u0633\u0631\u064a\u0639\u0629 \u0648\u062a\u0633\u0627\u0631\u0639\u0627\u064b \u0633\u0644\u0633\u0627\u064b \u062d\u062a\u0649 \u0645\u0639 \u062d\u0645\u0648\u0644\u0629 \u0643\u0627\u0645\u0644\u0629 \u0645\u0646 \u0627\u0644\u0631\u0643\u0627\u0628.<\/p>\n<p data-start=\"973\" data-end=\"1184\"><strong data-start=\"973\" data-end=\"1005\">\u062e\u064a\u0627\u0631\u0627\u062a \u0645\u062c\u0645\u0648\u0639\u0629 \u0646\u0642\u0644 \u0627\u0644\u062d\u0631\u0643\u0629 \u0627\u0644\u0645\u0631\u0646\u0629:<\/strong><br data-start=\"1005\" data-end=\"1008\" \/>\u0645\u062a\u0648\u0641\u0631\u0629 \u0641\u064a <strong data-start=\"1019\" data-end=\"1050\">\u0646\u0638\u0627\u0645 \u0627\u0644\u062f\u0641\u0639 \u0627\u0644\u0623\u0645\u0627\u0645\u064a \u0628\u062c\u0645\u064a\u0639 \u0627\u0644\u0639\u062c\u0644\u0627\u062a (FAW)<\/strong> \u0623\u0648 <strong data-start=\"1054\" data-end=\"1079\">\u0646\u0638\u0627\u0645 \u0627\u0644\u062f\u0641\u0639 \u0627\u0644\u0631\u0628\u0627\u0639\u064a (AWD)<\/strong> \u062a\u0643\u0648\u064a\u0646\u0627\u062a\u060c \u0645\u0645\u0627 \u064a\u0648\u0641\u0631 \u062a\u0648\u0627\u0632\u0646\u0627\u064b \u0628\u064a\u0646 \u0627\u0644\u0643\u0641\u0627\u0621\u0629 \u0648\u0627\u0644\u0633\u062d\u0628 \u0627\u0644\u0645\u062d\u0633\u0651\u0646 \u0644\u0638\u0631\u0648\u0641 \u0627\u0644\u0637\u0631\u0642 \u0627\u0644\u0645\u062a\u0646\u0648\u0639\u0629.<\/p>\n<p data-start=\"1186\" data-end=\"1395\"><strong data-start=\"1186\" data-end=\"1217\">\u062a\u0635\u0645\u064a\u0645 \u0648\u0627\u0633\u0639 \u064a\u062a\u0633\u0639 \u0644 7 \u0645\u0642\u0627\u0639\u062f \u0645\u062a\u0639\u062f\u062f\u0629 \u0627\u0644\u0627\u0633\u062a\u062e\u062f\u0627\u0645\u0627\u062a:<\/strong><br data-start=\"1217\" data-end=\"1220\" \/>A <strong data-start=\"1222\" data-end=\"1257\">\u0647\u064a\u0643\u0644 \u0645\u0646 5 \u0623\u0628\u0648\u0627\u0628\u060c 7 \u0645\u0642\u0627\u0639\u062f\u060c 7 \u0645\u0642\u0627\u0639\u062f<\/strong> \u064a\u0636\u0645\u0646 \u0644\u0643 \u0645\u0633\u0627\u062d\u0629 \u062f\u0627\u062e\u0644\u064a\u0629 \u0648\u0627\u0633\u0639\u0629\u060c \u0648\u062a\u0631\u062a\u064a\u0628\u0627\u062a \u062c\u0644\u0648\u0633 \u0645\u0631\u0646\u0629\u060c \u0648\u0631\u0627\u062d\u0629 \u0645\u0645\u062a\u0627\u0632\u0629 \u0644\u0644\u0639\u0627\u0626\u0644\u0627\u062a\u060c \u0623\u0648 \u0627\u0644\u0633\u0641\u0631 \u0628\u063a\u0631\u0636 \u0627\u0644\u0639\u0645\u0644\u060c \u0623\u0648 \u0627\u0633\u062a\u062e\u062f\u0627\u0645 \u0648\u0633\u0627\u0626\u0644 \u0627\u0644\u0646\u0642\u0644.<\/p>\n<p data-start=\"1397\" data-end=\"1572\"><strong data-start=\"1397\" data-end=\"1422\">\u0633\u064a\u0627\u0631\u0629 \u0645\u062a\u0639\u062f\u062f\u0629 \u0627\u0644\u0623\u063a\u0631\u0627\u0636 \u0645\u062a\u0639\u062f\u062f\u0629 \u0627\u0644\u0623\u063a\u0631\u0627\u0636 \u0643\u0628\u064a\u0631\u0629 \u0627\u0644\u0623\u0628\u0639\u0627\u062f:<\/strong><br data-start=\"1422\" data-end=\"1425\" \/>\u0627\u0644\u0642\u064a\u0627\u0633 <strong data-start=\"1435\" data-end=\"1463\">5,250 \u00d7 1,960 \u00d7 1,960 \u00d7 1,900 \u0645\u0645<\/strong>, \u062a\u0648\u0641\u0631 \u0627\u0644\u0633\u064a\u0627\u0631\u0629 \u062d\u0636\u0648\u0631\u0627\u064b \u0642\u0648\u064a\u0627\u064b \u0648\u0645\u0633\u0627\u062d\u0629 \u0648\u0627\u0633\u0639\u0629 \u0644\u0644\u0631\u0623\u0633 \u0648\u0631\u0627\u062d\u0629 \u0641\u0627\u0626\u0642\u0629 \u0641\u064a \u0627\u0644\u0645\u0642\u0635\u0648\u0631\u0629 \u0641\u064a \u062c\u0645\u064a\u0639 \u0635\u0641\u0648\u0641 \u0627\u0644\u0645\u0642\u0627\u0639\u062f \u0627\u0644\u062b\u0644\u0627\u062b\u0629.<\/p>\n<p data-start=\"1574\" data-end=\"1817\" data-is-last-node=\"\" data-is-only-node=\"\">\u0627\u0644\u062c\u0645\u0639 \u0628\u064a\u0646 <strong data-start=\"1584\" data-end=\"1677\">\u0645\u062f\u0649 \u0643\u0647\u0631\u0628\u0627\u0626\u064a \u0637\u0648\u064a\u0644\u060c \u0648\u0623\u062f\u0627\u0621 \u0647\u062c\u064a\u0646 \u0628\u0634\u0627\u062d\u0646 \u062a\u0648\u0631\u0628\u064a\u0646\u064a \u0648\u0623\u062f\u0627\u0621 \u0639\u0645\u0644\u064a \u0645\u062a\u0645\u064a\u0632 \u0628\u0633\u0628\u0639\u0629 \u0645\u0642\u0627\u0639\u062f<\/strong>, \u0641\u0625\u0646 \u0647\u0630\u0647 \u0627\u0644\u0633\u064a\u0627\u0631\u0629 \u0645\u062a\u0639\u062f\u062f\u0629 \u0627\u0644\u0623\u063a\u0631\u0627\u0636 \u0627\u0644\u0647\u062c\u064a\u0646\u0629 \u0645\u062a\u0639\u062f\u062f\u0629 \u0627\u0644\u0627\u0633\u062a\u062e\u062f\u0627\u0645\u0627\u062a \u0627\u0644\u0642\u0627\u0628\u0644\u0629 \u0644\u0644\u0634\u062d\u0646 \u0628\u0627\u0644\u0642\u0627\u0628\u0633 \u0647\u064a \u0627\u0644\u062e\u064a\u0627\u0631 \u0627\u0644\u0645\u062b\u0627\u0644\u064a \u0644\u0644\u0633\u0627\u0626\u0642\u064a\u0646 \u0627\u0644\u0630\u064a\u0646 \u064a\u0628\u062d\u062b\u0648\u0646 \u0639\u0646 \u0627\u0644\u0643\u0641\u0627\u0621\u0629 \u0627\u0644\u0643\u0647\u0631\u0628\u0627\u0626\u064a\u0629 \u062f\u0648\u0646 \u0627\u0644\u0645\u0633\u0627\u0648\u0645\u0629 \u0639\u0644\u0649 \u0627\u0644\u0645\u0633\u0627\u062d\u0629 \u0623\u0648 \u0627\u0644\u0631\u0627\u062d\u0629 \u0623\u0648 \u062a\u0639\u062f\u062f \u0627\u0644\u0627\u0633\u062a\u062e\u062f\u0627\u0645\u0627\u062a.<\/p>","protected":false},"excerpt":{"rendered":"<p>Discover a premium plug-in hybrid MPV engineered to deliver long electric range, turbocharged efficiency, and spacious seven-seat comfort. Designed for family travel and executive transport, it offers the following key highlights: Turbocharged Plug-in Hybrid Powertrain:Powered by a 1.5-liter turbocharged inline-4 engine producing 156 hp, seamlessly integrated with an advanced plug-in hybrid system to deliver smooth, [&hellip;]<\/p>\n","protected":false},"featured_media":781,"comment_status":"open","ping_status":"closed","template":"","meta":[],"product_brand":[],"product_cat":[17],"product_tag":[],"class_list":{"0":"post-780","1":"product","2":"type-product","3":"status-publish","4":"has-post-thumbnail","6":"product_cat-uncategorized","8":"first","9":"instock","10":"shipping-taxable","11":"product-type-simple"},"_links":{"self":[{"href":"https:\/\/bydcarchina.com\/ar\/wp-json\/wp\/v2\/product\/780","targetHints":{"allow":["GET"]}}],"collection":[{"href":"https:\/\/bydcarchina.com\/ar\/wp-json\/wp\/v2\/product"}],"about":[{"href":"https:\/\/bydcarchina.com\/ar\/wp-json\/wp\/v2\/types\/product"}],"replies":[{"embeddable":true,"href":"https:\/\/bydcarchina.com\/ar\/wp-json\/wp\/v2\/comments?post=780"}],"version-history":[{"count":3,"href":"https:\/\/bydcarchina.com\/ar\/wp-json\/wp\/v2\/product\/780\/revisions"}],"predecessor-version":[{"id":1158,"href":"https:\/\/bydcarchina.com\/ar\/wp-json\/wp\/v2\/product\/780\/revisions\/1158"}],"wp:featuredmedia":[{"embeddable":true,"href":"https:\/\/bydcarchina.com\/ar\/wp-json\/wp\/v2\/media\/781"}],"wp:attachment":[{"href":"https:\/\/bydcarchina.com\/ar\/wp-json\/wp\/v2\/media?parent=780"}],"wp:term":[{"taxonomy":"product_brand","embeddable":true,"href":"https:\/\/bydcarchina.com\/ar\/wp-json\/wp\/v2\/product_brand?post=780"},{"taxonomy":"product_cat","embeddable":true,"href":"https:\/\/bydcarchina.com\/ar\/wp-json\/wp\/v2\/product_cat?post=780"},{"taxonomy":"product_tag","embeddable":true,"href":"https:\/\/bydcarchina.com\/ar\/wp-json\/wp\/v2\/product_tag?post=780"}],"curies":[{"name":"\u062f\u0628\u0644\u064a\u0648 \u0628\u064a","href":"https:\/\/api.w.org\/{rel}","templated":true}]}}