{"id":224,"date":"2025-09-01T22:05:41","date_gmt":"2025-09-01T22:05:41","guid":{"rendered":"https:\/\/bydcarchina.com\/?page_id=224"},"modified":"2025-12-04T20:37:02","modified_gmt":"2025-12-04T20:37:02","slug":"byd-blade-battery","status":"publish","type":"page","link":"https:\/\/bydcarchina.com\/es\/byd-blade-battery\/","title":{"rendered":"Bater\u00eda BYD Blade"},"content":{"rendered":"<div data-elementor-type=\"wp-page\" data-elementor-id=\"224\" class=\"elementor elementor-224\" data-elementor-post-type=\"page\">\n\t\t\t\t<div class=\"elementor-element elementor-element-c4f1db9 e-flex e-con-boxed e-con e-parent\" data-id=\"c4f1db9\" data-element_type=\"container\" data-e-type=\"container\" data-settings=\"{&quot;background_background&quot;:&quot;classic&quot;}\">\n\t\t\t\t\t<div class=\"e-con-inner\">\n\t\t\t\t<div class=\"elementor-element elementor-element-f58644b elementor-widget elementor-widget-heading\" data-id=\"f58644b\" data-element_type=\"widget\" data-e-type=\"widget\" data-widget_type=\"heading.default\">\n\t\t\t\t\t<h1 class=\"elementor-heading-title elementor-size-default\">Tecnolog\u00eda de bater\u00edas BYD Blade<\/h1>\t\t\t\t<\/div>\n\t\t\t\t\t<\/div>\n\t\t\t\t<\/div>\n\t\t<div class=\"elementor-element elementor-element-8314e89 e-flex e-con-boxed e-con e-parent\" data-id=\"8314e89\" data-element_type=\"container\" data-e-type=\"container\">\n\t\t\t\t\t<div class=\"e-con-inner\">\n\t\t<div class=\"elementor-element elementor-element-ffe9b6a e-con-full e-flex e-con e-child\" data-id=\"ffe9b6a\" data-element_type=\"container\" data-e-type=\"container\">\n\t\t<div class=\"elementor-element elementor-element-7c12970 e-con-full e-flex e-con e-child\" data-id=\"7c12970\" data-element_type=\"container\" data-e-type=\"container\">\n\t\t\t\t<div class=\"elementor-element elementor-element-c23edfd elementor-widget elementor-widget-heading\" data-id=\"c23edfd\" data-element_type=\"widget\" data-e-type=\"widget\" data-widget_type=\"heading.default\">\n\t\t\t\t\t<h2 class=\"elementor-heading-title elementor-size-default\">Qu\u00e9 es la bater\u00eda Blade\uff1f<\/h2>\t\t\t\t<\/div>\n\t\t\t\t<div class=\"elementor-element elementor-element-a42ef17 elementor-icon-list--layout-inline elementor-list-item-link-full_width elementor-widget elementor-widget-icon-list\" data-id=\"a42ef17\" data-element_type=\"widget\" data-e-type=\"widget\" data-widget_type=\"icon-list.default\">\n\t\t\t\t\t\t\t<ul class=\"elementor-icon-list-items elementor-inline-items\">\n\t\t\t\t\t\t\t<li class=\"elementor-icon-list-item elementor-inline-item\">\n\t\t\t\t\t\t\t\t\t\t\t<span class=\"elementor-icon-list-icon\">\n\t\t\t\t\t\t\t<svg aria-hidden=\"true\" class=\"e-font-icon-svg e-fas-check\" viewbox=\"0 0 512 512\" xmlns=\"http:\/\/www.w3.org\/2000\/svg\"><path d=\"M173.898 439.404l-166.4-166.4c-9.997-9.997-9.997-26.206 0-36.204l36.203-36.204c9.997-9.998 26.207-9.998 36.204 0L192 312.69 432.095 72.596c9.997-9.997 26.207-9.997 36.204 0l36.203 36.204c9.997 9.997 9.997 26.206 0 36.204l-294.4 294.401c-9.998 9.997-26.207 9.997-36.204-.001z\"><\/path><\/svg>\t\t\t\t\t\t<\/span>\n\t\t\t\t\t\t\t\t\t\t<span class=\"elementor-icon-list-text\">Mayor seguridad<\/span>\n\t\t\t\t\t\t\t\t\t<\/li>\n\t\t\t\t\t\t\t\t<li class=\"elementor-icon-list-item elementor-inline-item\">\n\t\t\t\t\t\t\t\t\t\t\t<span class=\"elementor-icon-list-icon\">\n\t\t\t\t\t\t\t<svg aria-hidden=\"true\" class=\"e-font-icon-svg e-fas-check\" viewbox=\"0 0 512 512\" xmlns=\"http:\/\/www.w3.org\/2000\/svg\"><path d=\"M173.898 439.404l-166.4-166.4c-9.997-9.997-9.997-26.206 0-36.204l36.203-36.204c9.997-9.998 26.207-9.998 36.204 0L192 312.69 432.095 72.596c9.997-9.997 26.207-9.997 36.204 0l36.203 36.204c9.997 9.997 9.997 26.206 0 36.204l-294.4 294.401c-9.998 9.997-26.207 9.997-36.204-.001z\"><\/path><\/svg>\t\t\t\t\t\t<\/span>\n\t\t\t\t\t\t\t\t\t\t<span class=\"elementor-icon-list-text\"> Prueba de penetraci\u00f3n de u\u00f1as<\/span>\n\t\t\t\t\t\t\t\t\t<\/li>\n\t\t\t\t\t\t\t\t<li class=\"elementor-icon-list-item elementor-inline-item\">\n\t\t\t\t\t\t\t\t\t\t\t<span class=\"elementor-icon-list-icon\">\n\t\t\t\t\t\t\t<svg aria-hidden=\"true\" class=\"e-font-icon-svg e-fas-check\" viewbox=\"0 0 512 512\" xmlns=\"http:\/\/www.w3.org\/2000\/svg\"><path d=\"M173.898 439.404l-166.4-166.4c-9.997-9.997-9.997-26.206 0-36.204l36.203-36.204c9.997-9.998 26.207-9.998 36.204 0L192 312.69 432.095 72.596c9.997-9.997 26.207-9.997 36.204 0l36.203 36.204c9.997 9.997 9.997 26.206 0 36.204l-294.4 294.401c-9.998 9.997-26.207 9.997-36.204-.001z\"><\/path><\/svg>\t\t\t\t\t\t<\/span>\n\t\t\t\t\t\t\t\t\t\t<span class=\"elementor-icon-list-text\">Resistencia optimizada<\/span>\n\t\t\t\t\t\t\t\t\t<\/li>\n\t\t\t\t\t\t\t\t<li class=\"elementor-icon-list-item elementor-inline-item\">\n\t\t\t\t\t\t\t\t\t\t\t<span class=\"elementor-icon-list-icon\">\n\t\t\t\t\t\t\t<svg aria-hidden=\"true\" class=\"e-font-icon-svg e-fas-check\" viewbox=\"0 0 512 512\" xmlns=\"http:\/\/www.w3.org\/2000\/svg\"><path d=\"M173.898 439.404l-166.4-166.4c-9.997-9.997-9.997-26.206 0-36.204l36.203-36.204c9.997-9.998 26.207-9.998 36.204 0L192 312.69 432.095 72.596c9.997-9.997 26.207-9.997 36.204 0l36.203 36.204c9.997 9.997 9.997 26.206 0 36.204l-294.4 294.401c-9.998 9.997-26.207 9.997-36.204-.001z\"><\/path><\/svg>\t\t\t\t\t\t<\/span>\n\t\t\t\t\t\t\t\t\t\t<span class=\"elementor-icon-list-text\">Mayor alcance<\/span>\n\t\t\t\t\t\t\t\t\t<\/li>\n\t\t\t\t\t\t<\/ul>\n\t\t\t\t\t\t<\/div>\n\t\t\t\t<\/div>\n\t\t<div class=\"elementor-element elementor-element-3b253bf e-con-full e-flex e-con e-child\" data-id=\"3b253bf\" data-element_type=\"container\" data-e-type=\"container\">\n\t\t\t\t<div class=\"elementor-element elementor-element-b4ece09 elementor-widget elementor-widget-text-editor\" data-id=\"b4ece09\" data-element_type=\"widget\" data-e-type=\"widget\" data-widget_type=\"text-editor.default\">\n\t\t\t\t\t\t\t\t\t<p class=\"p1\">Con m\u00e1s de 29 a\u00f1os de experiencia en el sector de las bater\u00edas, BYD ha establecido nuevos hitos en la movilidad el\u00e9ctrica. En el n\u00facleo de cada veh\u00edculo el\u00e9ctrico BYD se encuentra la innovadora <span class=\"s1\"><b>Bater\u00eda de cuchillas<\/b><\/span>. Reconocida mundialmente como una de las bater\u00edas para veh\u00edculos el\u00e9ctricos m\u00e1s seguras, la Blade Battery ha superado con \u00e9xito algunas de las pruebas de seguridad m\u00e1s exigentes del sector. Est\u00e1 dise\u00f1ada para ofrecer una durabilidad excepcional, una mayor autonom\u00eda y un ciclo de vida m\u00e1s largo, garantizando tanto la seguridad como el rendimiento en cada viaje.<\/p>\t\t\t\t\t\t\t\t<\/div>\n\t\t\t\t<\/div>\n\t\t\t\t<\/div>\n\t\t<div class=\"elementor-element elementor-element-637d803 e-con-full e-flex e-con e-child\" data-id=\"637d803\" data-element_type=\"container\" data-e-type=\"container\" data-settings=\"{&quot;background_background&quot;:&quot;classic&quot;}\">\n\t\t\t\t<div class=\"elementor-element elementor-element-0e2c74c elementor-widget elementor-widget-spacer\" data-id=\"0e2c74c\" data-element_type=\"widget\" data-e-type=\"widget\" data-widget_type=\"spacer.default\">\n\t\t\t\t\t\t\t<div class=\"elementor-spacer\">\n\t\t\t<div class=\"elementor-spacer-inner\"><\/div>\n\t\t<\/div>\n\t\t\t\t\t\t<\/div>\n\t\t\t\t<\/div>\n\t\t\t\t\t<\/div>\n\t\t\t\t<\/div>\n\t\t<div class=\"elementor-element elementor-element-6229426 e-flex e-con-boxed e-con e-parent\" data-id=\"6229426\" data-element_type=\"container\" data-e-type=\"container\">\n\t\t\t\t\t<div class=\"e-con-inner\">\n\t\t<div class=\"elementor-element elementor-element-1dbf617 e-con-full e-flex e-con e-child\" data-id=\"1dbf617\" data-element_type=\"container\" data-e-type=\"container\">\n\t\t\t\t<div class=\"elementor-element elementor-element-587479e elementor-widget elementor-widget-heading\" data-id=\"587479e\" data-element_type=\"widget\" data-e-type=\"widget\" data-widget_type=\"heading.default\">\n\t\t\t\t\t<h3 class=\"elementor-heading-title elementor-size-default\">01 Mayor seguridad<\/h3>\t\t\t\t<\/div>\n\t\t\t\t<div class=\"elementor-element elementor-element-fb4a5b0 elementor-widget__width-initial elementor-widget elementor-widget-text-editor\" data-id=\"fb4a5b0\" data-element_type=\"widget\" data-e-type=\"widget\" data-widget_type=\"text-editor.default\">\n\t\t\t\t\t\t\t\t\t<div class=\"txt-desc\">La materia prima, el fosfato de hierro y litio, tiene una serie de caracter\u00edsticas beneficiosas: generaci\u00f3n lenta de calor, baja liberaci\u00f3n de calor y no liberaci\u00f3n de ox\u00edgeno. La exclusiva forma rectangular plana tambi\u00e9n mejora la eficacia de la refrigeraci\u00f3n y el rendimiento del precalentamiento. Blade Battery ha superado con seguridad la prueba de penetraci\u00f3n de clavos sin emitir fuego ni humo.<\/div>\t\t\t\t\t\t\t\t<\/div>\n\t\t\t\t<div class=\"elementor-element elementor-element-bb3d61a elementor-widget elementor-widget-image\" data-id=\"bb3d61a\" data-element_type=\"widget\" data-e-type=\"widget\" data-widget_type=\"image.default\">\n\t\t\t\t\t\t\t\t\t\t\t\t\t\t\t<img fetchpriority=\"high\" decoding=\"async\" width=\"800\" height=\"281\" src=\"https:\/\/bydcarchina.com\/wp-content\/uploads\/2025\/09\/enhanced-security-1024x360.webp\" class=\"attachment-large size-large wp-image-229\" alt=\"\" srcset=\"https:\/\/bydcarchina.com\/wp-content\/uploads\/2025\/09\/enhanced-security-1024x360.webp 1024w, https:\/\/bydcarchina.com\/wp-content\/uploads\/2025\/09\/enhanced-security-300x106.webp 300w, https:\/\/bydcarchina.com\/wp-content\/uploads\/2025\/09\/enhanced-security-768x270.webp 768w, https:\/\/bydcarchina.com\/wp-content\/uploads\/2025\/09\/enhanced-security-600x211.webp 600w, https:\/\/bydcarchina.com\/wp-content\/uploads\/2025\/09\/enhanced-security.webp 1120w\" sizes=\"(max-width: 800px) 100vw, 800px\" \/>\t\t\t\t\t\t\t\t\t\t\t\t\t\t\t<\/div>\n\t\t\t\t<\/div>\n\t\t<div class=\"elementor-element elementor-element-6bacea0 e-con-full e-flex e-con e-child\" data-id=\"6bacea0\" data-element_type=\"container\" data-e-type=\"container\">\n\t\t\t\t<div class=\"elementor-element elementor-element-4d1372b elementor-widget elementor-widget-heading\" data-id=\"4d1372b\" data-element_type=\"widget\" data-e-type=\"widget\" data-widget_type=\"heading.default\">\n\t\t\t\t\t<h3 class=\"elementor-heading-title elementor-size-default\">02 Resistencia optimizada<\/h3>\t\t\t\t<\/div>\n\t\t\t\t<div class=\"elementor-element elementor-element-bc45e53 elementor-widget__width-initial elementor-widget elementor-widget-text-editor\" data-id=\"bc45e53\" data-element_type=\"widget\" data-e-type=\"widget\" data-widget_type=\"text-editor.default\">\n\t\t\t\t\t\t\t\t\t<div class=\"txt-desc\"><p class=\"p1\">Dentro de cada paquete, las c\u00e9lulas est\u00e1n dispuestas en una matriz, donde cada c\u00e9lula funciona como un <span class=\"s1\"><b>viga estructural<\/b><\/span>, ayudando a soportar las fuerzas externas. El dise\u00f1o incorpora un <span class=\"s1\"><b>estructura de aluminio en forma de panal<\/b><\/span>, reforzado con paneles de alta resistencia tanto en la parte superior como en la inferior de la mochila. Esta innovadora configuraci\u00f3n mejora significativamente <span class=\"s1\"><b>rigidez vertical<\/b><\/span> y durabilidad general. Es este <span class=\"s1\"><b>dise\u00f1o estructural revolucionario<\/b><\/span> que proporciona a la Bater\u00eda Blade su resistencia optimizada y sus excepcionales prestaciones de seguridad.<\/p><\/div>\t\t\t\t\t\t\t\t<\/div>\n\t\t\t\t<div class=\"elementor-element elementor-element-cee8e5c elementor-widget elementor-widget-image\" data-id=\"cee8e5c\" data-element_type=\"widget\" data-e-type=\"widget\" data-widget_type=\"image.default\">\n\t\t\t\t\t\t\t\t\t\t\t\t\t\t\t<img decoding=\"async\" width=\"800\" height=\"281\" src=\"https:\/\/bydcarchina.com\/wp-content\/uploads\/2025\/09\/11-1024x360.png\" class=\"attachment-large size-large wp-image-231\" alt=\"\" srcset=\"https:\/\/bydcarchina.com\/wp-content\/uploads\/2025\/09\/11-1024x360.png 1024w, https:\/\/bydcarchina.com\/wp-content\/uploads\/2025\/09\/11-300x106.png 300w, https:\/\/bydcarchina.com\/wp-content\/uploads\/2025\/09\/11-768x270.png 768w, https:\/\/bydcarchina.com\/wp-content\/uploads\/2025\/09\/11-600x211.png 600w, https:\/\/bydcarchina.com\/wp-content\/uploads\/2025\/09\/11.png 1120w\" sizes=\"(max-width: 800px) 100vw, 800px\" \/>\t\t\t\t\t\t\t\t\t\t\t\t\t\t\t<\/div>\n\t\t\t\t<\/div>\n\t\t\t\t\t<\/div>\n\t\t\t\t<\/div>\n\t\t<div class=\"elementor-element elementor-element-9afe35a e-flex e-con-boxed e-con e-parent\" data-id=\"9afe35a\" data-element_type=\"container\" data-e-type=\"container\">\n\t\t\t\t\t<div class=\"e-con-inner\">\n\t\t<div class=\"elementor-element elementor-element-f1cd763 e-con-full e-flex e-con e-child\" data-id=\"f1cd763\" data-element_type=\"container\" data-e-type=\"container\">\n\t\t\t\t<div class=\"elementor-element elementor-element-a6851a2 elementor-widget elementor-widget-heading\" data-id=\"a6851a2\" data-element_type=\"widget\" data-e-type=\"widget\" data-widget_type=\"heading.default\">\n\t\t\t\t\t<h3 class=\"elementor-heading-title elementor-size-default\">Prueba de penetraci\u00f3n de u\u00f1as<\/h3>\t\t\t\t<\/div>\n\t\t\t\t<div class=\"elementor-element elementor-element-9e66499 elementor-widget__width-initial elementor-widget elementor-widget-text-editor\" data-id=\"9e66499\" data-element_type=\"widget\" data-e-type=\"widget\" data-widget_type=\"text-editor.default\">\n\t\t\t\t\t\t\t\t\t<div class=\"txt-desc\"><p class=\"p1\">En <span class=\"s1\"><b>prueba de penetraci\u00f3n de u\u00f1as<\/b><\/span> es ampliamente reconocido como uno de los m\u00e9todos m\u00e1s exigentes para evaluar la resistencia de una bater\u00eda al desbordamiento t\u00e9rmico. Est\u00e1 dise\u00f1ado para reproducir un cortocircuito interno, una situaci\u00f3n que puede producirse cuando objetos met\u00e1licos afilados atraviesan la bater\u00eda durante un grave accidente de tr\u00e1fico. El BYD <span class=\"s1\"><b>Bater\u00eda de cuchillas<\/b><\/span> super\u00f3 con \u00e9xito esta prueba, sin mostrar humo ni fuego. Sorprendentemente, la temperatura de la superficie se mantuvo entre s\u00f3lo <span class=\"s1\"><b>30\u00b0C y 60\u00b0C<\/b><\/span>, demostrando un excelente rendimiento en materia de seguridad.<\/p><\/div>\t\t\t\t\t\t\t\t<\/div>\n\t\t\t\t<\/div>\n\t\t<div class=\"elementor-element elementor-element-389cbc0 e-con-full e-flex e-con e-child\" data-id=\"389cbc0\" data-element_type=\"container\" data-e-type=\"container\">\n\t\t\t\t<div class=\"elementor-element elementor-element-da5cf37 elementor-widget elementor-widget-video\" data-id=\"da5cf37\" data-element_type=\"widget\" data-e-type=\"widget\" data-settings=\"{&quot;youtube_url&quot;:&quot;https:\\\/\\\/youtu.be\\\/kM2ewJniLcs?si=GG3c14gSXhKhINA2&quot;,&quot;autoplay&quot;:&quot;yes&quot;,&quot;play_on_mobile&quot;:&quot;yes&quot;,&quot;video_type&quot;:&quot;youtube&quot;,&quot;controls&quot;:&quot;yes&quot;}\" data-widget_type=\"video.default\">\n\t\t\t\t\t\t\t<div class=\"elementor-wrapper elementor-open-inline\">\n\t\t\t<div class=\"elementor-video\"><\/div>\t\t<\/div>\n\t\t\t\t\t\t<\/div>\n\t\t\t\t<\/div>\n\t\t\t\t\t<\/div>\n\t\t\t\t<\/div>\n\t\t<div class=\"elementor-element elementor-element-a3486f9 e-flex e-con-boxed e-con e-parent\" data-id=\"a3486f9\" data-element_type=\"container\" data-e-type=\"container\">\n\t\t\t\t\t<div class=\"e-con-inner\">\n\t\t<div class=\"elementor-element elementor-element-30654d7 e-con-full e-flex e-con e-child\" data-id=\"30654d7\" data-element_type=\"container\" data-e-type=\"container\">\n\t\t\t\t<div class=\"elementor-element elementor-element-5ca87f8 elementor-widget elementor-widget-heading\" data-id=\"5ca87f8\" data-element_type=\"widget\" data-e-type=\"widget\" data-widget_type=\"heading.default\">\n\t\t\t\t\t<h3 class=\"elementor-heading-title elementor-size-default\">03 Mayor alcance <\/h3>\t\t\t\t<\/div>\n\t\t\t\t<div class=\"elementor-element elementor-element-89f3d32 elementor-widget__width-initial elementor-widget elementor-widget-text-editor\" data-id=\"89f3d32\" data-element_type=\"widget\" data-e-type=\"widget\" data-widget_type=\"text-editor.default\">\n\t\t\t\t\t\t\t\t\t<div class=\"txt-desc\"><p class=\"p1\">En <span class=\"s1\"><b>Bater\u00eda de cuchillas<\/b><\/span> consigue m\u00e1s que un <span class=\"s1\"><b>50% mejora de la utilizaci\u00f3n del espacio<\/b><\/span> en comparaci\u00f3n con las bater\u00edas convencionales. Este avance no s\u00f3lo proporciona <span class=\"s1\"><b>densidad energ\u00e9tica<\/b><\/span>, pero tambi\u00e9n se traduce en un <span class=\"s1\"><b>mayor autonom\u00eda<\/b><\/span>, proporcionando a los conductores una mayor eficacia y confianza en cada viaje.<\/p><\/div>\t\t\t\t\t\t\t\t<\/div>\n\t\t\t\t<\/div>\n\t\t<div class=\"elementor-element elementor-element-788491d e-con-full e-flex e-con e-child\" data-id=\"788491d\" data-element_type=\"container\" data-e-type=\"container\">\n\t\t\t\t<div class=\"elementor-element elementor-element-289fc39 elementor-widget elementor-widget-image\" data-id=\"289fc39\" data-element_type=\"widget\" data-e-type=\"widget\" data-widget_type=\"image.default\">\n\t\t\t\t\t\t\t\t\t\t\t\t\t\t\t<img decoding=\"async\" width=\"800\" height=\"281\" src=\"https:\/\/bydcarchina.com\/wp-content\/uploads\/2025\/09\/Space-Utilisation-Energy-Density-1024x360.webp\" class=\"attachment-large size-large wp-image-232\" alt=\"Utilizaci\u00f3n del espacio y densidad energ\u00e9tica\" srcset=\"https:\/\/bydcarchina.com\/wp-content\/uploads\/2025\/09\/Space-Utilisation-Energy-Density-1024x360.webp 1024w, https:\/\/bydcarchina.com\/wp-content\/uploads\/2025\/09\/Space-Utilisation-Energy-Density-300x106.webp 300w, https:\/\/bydcarchina.com\/wp-content\/uploads\/2025\/09\/Space-Utilisation-Energy-Density-768x270.webp 768w, https:\/\/bydcarchina.com\/wp-content\/uploads\/2025\/09\/Space-Utilisation-Energy-Density-600x211.webp 600w, https:\/\/bydcarchina.com\/wp-content\/uploads\/2025\/09\/Space-Utilisation-Energy-Density.webp 1120w\" sizes=\"(max-width: 800px) 100vw, 800px\" \/>\t\t\t\t\t\t\t\t\t\t\t\t\t\t\t<\/div>\n\t\t\t\t<\/div>\n\t\t\t\t\t<\/div>\n\t\t\t\t<\/div>\n\t\t<div class=\"elementor-element elementor-element-afec4e8 e-flex e-con-boxed e-con e-parent\" data-id=\"afec4e8\" data-element_type=\"container\" data-e-type=\"container\">\n\t\t\t\t\t<div class=\"e-con-inner\">\n\t\t<div class=\"elementor-element elementor-element-759fd8c e-con-full e-flex e-con e-child\" data-id=\"759fd8c\" data-element_type=\"container\" data-e-type=\"container\">\n\t\t\t\t<div class=\"elementor-element elementor-element-6860316 elementor-widget elementor-widget-heading\" data-id=\"6860316\" data-element_type=\"widget\" data-e-type=\"widget\" data-widget_type=\"heading.default\">\n\t\t\t\t\t<h3 class=\"elementor-heading-title elementor-size-default\">04 Ciclo de vida m\u00e1s largo <\/h3>\t\t\t\t<\/div>\n\t\t\t\t<div class=\"elementor-element elementor-element-639c4af elementor-widget__width-initial elementor-widget elementor-widget-text-editor\" data-id=\"639c4af\" data-element_type=\"widget\" data-e-type=\"widget\" data-widget_type=\"text-editor.default\">\n\t\t\t\t\t\t\t\t\t<div class=\"txt-desc\"><p class=\"p1\">En <span class=\"s1\"><b>Bater\u00eda de cuchillas<\/b><\/span> ofrece una vida \u00fatil excepcionalmente larga, capaz de soportar <span class=\"s1\"><b>m\u00e1s de 5.000 ciclos de carga y descarga<\/b><\/span>. Esta extraordinaria durabilidad garantiza un rendimiento fiable y prolonga la vida \u00fatil de la bater\u00eda, proporcionando un valor duradero tanto a los conductores como a los operadores de flotas.<\/p><\/div>\t\t\t\t\t\t\t\t<\/div>\n\t\t\t\t<\/div>\n\t\t<div class=\"elementor-element elementor-element-86c24f1 e-con-full e-flex e-con e-child\" data-id=\"86c24f1\" data-element_type=\"container\" data-e-type=\"container\">\n\t\t\t\t<div class=\"elementor-element elementor-element-ce38b85 elementor-widget elementor-widget-image\" data-id=\"ce38b85\" data-element_type=\"widget\" data-e-type=\"widget\" data-widget_type=\"image.default\">\n\t\t\t\t\t\t\t\t\t\t\t\t\t\t\t<img decoding=\"async\" src=\"https:\/\/www.byd.com\/content\/dam\/byd-site\/eu\/technology\/Blade-battery-range-1120.png\" title=\"\" alt=\"\" loading=\"lazy\" \/>\t\t\t\t\t\t\t\t\t\t\t\t\t\t\t<\/div>\n\t\t\t\t<\/div>\n\t\t\t\t\t<\/div>\n\t\t\t\t<\/div>\n\t\t\t\t<\/div>","protected":false},"excerpt":{"rendered":"<p>BYD Blade Battery Technology What Is Blade Battery\uff1f Enhanced safety Nail penetration test Optimised strength Longer range With over 29 years of expertise in the battery industry, BYD has set new benchmarks in electric mobility. At the core of every BYD electric vehicle lies the groundbreaking Blade Battery. Globally recognised as one of the safest [&hellip;]<\/p>\n","protected":false},"author":1,"featured_media":0,"parent":0,"menu_order":0,"comment_status":"closed","ping_status":"closed","template":"","meta":{"footnotes":""},"class_list":["post-224","page","type-page","status-publish","hentry"],"_links":{"self":[{"href":"https:\/\/bydcarchina.com\/es\/wp-json\/wp\/v2\/pages\/224","targetHints":{"allow":["GET"]}}],"collection":[{"href":"https:\/\/bydcarchina.com\/es\/wp-json\/wp\/v2\/pages"}],"about":[{"href":"https:\/\/bydcarchina.com\/es\/wp-json\/wp\/v2\/types\/page"}],"author":[{"embeddable":true,"href":"https:\/\/bydcarchina.com\/es\/wp-json\/wp\/v2\/users\/1"}],"replies":[{"embeddable":true,"href":"https:\/\/bydcarchina.com\/es\/wp-json\/wp\/v2\/comments?post=224"}],"version-history":[{"count":7,"href":"https:\/\/bydcarchina.com\/es\/wp-json\/wp\/v2\/pages\/224\/revisions"}],"predecessor-version":[{"id":306,"href":"https:\/\/bydcarchina.com\/es\/wp-json\/wp\/v2\/pages\/224\/revisions\/306"}],"wp:attachment":[{"href":"https:\/\/bydcarchina.com\/es\/wp-json\/wp\/v2\/media?parent=224"}],"curies":[{"name":"wp","href":"https:\/\/api.w.org\/{rel}","templated":true}]}}