{"id":3,"date":"2025-08-28T13:14:05","date_gmt":"2025-08-28T13:14:05","guid":{"rendered":"http:\/\/bydcarchina.com\/?page_id=3"},"modified":"2025-09-06T15:27:51","modified_gmt":"2025-09-06T15:27:51","slug":"privacy-policy","status":"publish","type":"page","link":"https:\/\/bydcarchina.com\/es\/privacy-policy\/","title":{"rendered":"Pol\u00edtica de privacidad"},"content":{"rendered":"<div data-elementor-type=\"wp-page\" data-elementor-id=\"3\" class=\"elementor elementor-3\" data-elementor-post-type=\"page\">\n\t\t\t\t<div class=\"elementor-element elementor-element-ba16823 e-flex e-con-boxed e-con e-parent\" data-id=\"ba16823\" data-element_type=\"container\" data-e-type=\"container\" data-settings=\"{&quot;background_background&quot;:&quot;classic&quot;}\">\n\t\t\t\t\t<div class=\"e-con-inner\">\n\t\t\t\t<div class=\"elementor-element elementor-element-a63bef1 elementor-widget elementor-widget-heading\" data-id=\"a63bef1\" data-element_type=\"widget\" data-e-type=\"widget\" data-widget_type=\"heading.default\">\n\t\t\t\t\t<h1 class=\"elementor-heading-title elementor-size-default\">Pol\u00edtica de privacidad<\/h1>\t\t\t\t<\/div>\n\t\t\t\t<div class=\"elementor-element elementor-element-abdb7b6 elementor-widget elementor-widget-hfe-breadcrumbs-widget\" data-id=\"abdb7b6\" data-element_type=\"widget\" data-e-type=\"widget\" data-widget_type=\"hfe-breadcrumbs-widget.default\">\n\t\t\t\t<div class=\"elementor-widget-container\">\n\t\t\t\t\t<nav aria-label=\"Migas de pan\"><ul class=\"hfe-breadcrumbs hfe-breadcrumbs-show-home\"><li class=\"hfe-breadcrumbs-item hfe-breadcrumbs-first\"><span class=\"hfe-breadcrumbs-home-icon\"><\/span><a href=\"https:\/\/bydcarchina.com\/es\"><span class=\"hfe-breadcrumbs-text\">Inicio<\/span><\/a><\/li><\/ul><\/nav>\t\t\t\t<\/div>\n\t\t\t\t<\/div>\n\t\t\t\t\t<\/div>\n\t\t\t\t<\/div>\n\t\t<div class=\"elementor-element elementor-element-2c8b9e54 e-flex e-con-boxed e-con e-parent\" data-id=\"2c8b9e54\" data-element_type=\"container\" data-e-type=\"container\">\n\t\t\t\t\t<div class=\"e-con-inner\">\n\t\t\t\t<div class=\"elementor-element elementor-element-51c910b3 elementor-widget elementor-widget-text-editor\" data-id=\"51c910b3\" data-element_type=\"widget\" data-e-type=\"widget\" data-widget_type=\"text-editor.default\">\n\t\t\t\t\t\t\t\t\t<p class=\"p1\">Esta pol\u00edtica de privacidad explica c\u00f3mo <span class=\"s1\"><b>Wuxi BYD Vehicle Co., Ltd.<\/b><\/span> (\u201cBYD\u201d, \u201cnosotros\u201d, \u201cnuestro\u201d o \u201cnos\u201d) recoge, utiliza y protege sus datos personales. Nos comprometemos a salvaguardar su privacidad y a garantizar el cumplimiento de la legislaci\u00f3n aplicable en materia de protecci\u00f3n de datos.<\/p>\n<p class=\"p1\">La presente Pol\u00edtica de Privacidad no <span class=\"s1\"><b>no<\/b><\/span> se aplican a nuestros minoristas autorizados, socios o terceros a los que usted puede facilitar directamente sus datos (como compa\u00f1\u00edas de seguros, servicios de suscripci\u00f3n o proveedores de financiaci\u00f3n). Estas entidades son independientes de nosotros y responsables de su propio tratamiento de datos. Por favor, consulte sus pol\u00edticas de privacidad individuales para m\u00e1s detalles.<\/p>\n<hr \/>\n<h2><b>1.Introducci\u00f3n<\/b><\/h2>\n<p class=\"p1\">La presente Pol\u00edtica de Privacidad (\u201cPol\u00edtica\u201d) describe la forma en que Wuxi BYD Vehicle Co., Ltd., con sede en Wuxi, China, procesa y protege los datos personales de las personas que utilizan nuestro sitio web, se ponen en contacto con nosotros o utilizan nuestros servicios (\u201cSujetos de Datos\u201d).<\/p>\n<p class=\"p1\">BYD act\u00faa como <span class=\"s1\"><b>controlador de datos<\/b><\/span> de sus datos personales y determina los fines y medios del tratamiento.<\/p>\n<p class=\"p1\">Puede ponerse en contacto con nosotros en<\/p>\n<ul>\n<li>\n<p class=\"p1\"><span class=\"s1\"><b>Empresa:<\/b><\/span> Wuxi BYD Vehicle Co., Ltd.<\/p>\n<\/li>\n<li>\n<p class=\"p1\"><span class=\"s1\"><b>Correo electr\u00f3nico:<\/b><\/span> info@bydcarchina.com<\/p>\n<\/li>\n<\/ul>\n<p class=\"p1\">BYD forma parte de <span class=\"s1\"><b>BYD Company Limited<\/b><\/span>, con sede en Shenzhen (China).<\/p>\n<p class=\"p1\">Nos reservamos el derecho de actualizar esta Pol\u00edtica de vez en cuando para cumplir con nuevas regulaciones o cambios operativos. Las actualizaciones se publicar\u00e1n en este sitio web.<\/p>\n<hr \/>\n<h2><b>2. Qu\u00e9 datos personales recopilamos<\/b><\/h2>\n<p class=\"p1\">Dependiendo de su interacci\u00f3n con nosotros, podemos recopilar las siguientes categor\u00edas de datos personales:<\/p>\n<ol start=\"1\">\n<li>\n<p class=\"p1\"><span class=\"s1\"><b>Datos de uso del sitio web<\/b><\/span> - Direcci\u00f3n IP, tipo de navegador, informaci\u00f3n del dispositivo, ubicaci\u00f3n (derivada de la IP) y actividad de navegaci\u00f3n.<\/p>\n<\/li>\n<li>\n<p class=\"p1\"><span class=\"s1\"><b>Solicitudes de prueba de conducci\u00f3n<\/b><\/span> - Nombre, n\u00famero de tel\u00e9fono, correo electr\u00f3nico, direcci\u00f3n\/c\u00f3digo postal, concesionario preferido y tipo de veh\u00edculo.<\/p>\n<\/li>\n<li>\n<p class=\"p1\"><span class=\"s1\"><b>Presentaci\u00f3n de la configuraci\u00f3n<\/b><\/span> - Datos de contacto y configuraci\u00f3n del veh\u00edculo seleccionado para atender las solicitudes de productos\/servicios.<\/p>\n<\/li>\n<li>\n<p class=\"p1\"><span class=\"s1\"><b>Formularios de contacto \/ Consultas<\/b><\/span> - Nombre, correo electr\u00f3nico, n\u00famero de tel\u00e9fono, regi\u00f3n y sus preguntas o comentarios.<\/p>\n<\/li>\n<li>\n<p class=\"p1\"><span class=\"s1\"><b>Suscripci\u00f3n al bolet\u00edn<\/b><\/span> - Direcci\u00f3n de correo electr\u00f3nico y preferencias de marketing.<\/p>\n<\/li>\n<li>\n<p class=\"p1\"><span class=\"s1\"><b>Solicitudes de asociaci\u00f3n<\/b><\/span> - Nombre, n\u00famero de tel\u00e9fono, correo electr\u00f3nico e informaci\u00f3n comercial pertinente.<\/p>\n<\/li>\n<li>\n<p class=\"p1\"><span class=\"s1\"><b>Cookies y tecnolog\u00edas similares<\/b><\/span> - Datos de interacci\u00f3n con el sitio web para an\u00e1lisis, personalizaci\u00f3n y marketing (consulte nuestra Pol\u00edtica de cookies para obtener m\u00e1s informaci\u00f3n).<\/p>\n<\/li>\n<\/ol>\n<hr \/>\n<h2><b>3. C\u00f3mo utilizamos sus datos<\/b><\/h2>\n<p class=\"p1\">Utilizamos sus datos personales para los siguientes fines, con las bases jur\u00eddicas que exige la legislaci\u00f3n aplicable:<\/p>\n<ul>\n<li>\n<p class=\"p1\">Proporcionar y mejorar nuestro sitio web (intereses leg\u00edtimos).<\/p>\n<\/li>\n<li>\n<p class=\"p1\">Para procesar solicitudes de pruebas de conducci\u00f3n, pedidos o configuraciones de productos (ejecuci\u00f3n de un contrato).<\/p>\n<\/li>\n<li>\n<p class=\"p1\">Responder a consultas y prestar asistencia al cliente (intereses leg\u00edtimos).<\/p>\n<\/li>\n<li>\n<p class=\"p1\">Para enviar boletines y contenidos promocionales (con su consentimiento).<\/p>\n<\/li>\n<li>\n<p class=\"p1\">Para personalizar la experiencia y el contenido del sitio web (con su consentimiento).<\/p>\n<\/li>\n<li>\n<p class=\"p1\">Tramitar solicitudes de asociaci\u00f3n o de concesionarios (intereses leg\u00edtimos).<\/p>\n<\/li>\n<\/ul>\n<p class=\"p1\">Puede retirar su consentimiento en cualquier momento sin que ello afecte a la legalidad del tratamiento anterior a la retirada.<\/p>\n<hr \/>\n<h2><b>4. Conservaci\u00f3n de datos<\/b><\/h2>\n<p class=\"p1\">Conservaremos los datos personales s\u00f3lo el tiempo necesario:<\/p>\n<ul>\n<li>\n<p class=\"p1\">Para las relaciones contractuales: en general, hasta <span class=\"s1\"><b>7 a\u00f1os<\/b><\/span> tras la rescisi\u00f3n.<\/p>\n<\/li>\n<li>\n<p class=\"p1\">Para consultas o solicitudes de prueba de conducci\u00f3n: hasta el <span class=\"s1\"><b>18 meses<\/b><\/span> si no se establece ninguna otra relaci\u00f3n.<\/p>\n<\/li>\n<li>\n<p class=\"p1\">Para comunicaciones de marketing: hasta que usted decida no participar.<\/p>\n<\/li>\n<\/ul>\n<hr \/>\n<h2><b>5. Seguridad de los datos personales<\/b><\/h2>\n<p class=\"p1\">Aplicamos medidas t\u00e9cnicas y organizativas para proteger sus datos contra el acceso no autorizado, la alteraci\u00f3n, la p\u00e9rdida o el uso indebido. Aunque utilizamos sistemas seguros y m\u00e9todos de encriptaci\u00f3n, tenga en cuenta que ninguna transmisi\u00f3n en l\u00ednea es 100% segura.<\/p>\n<p class=\"p1\">En caso de violaci\u00f3n de los datos, notificaremos sin demora a las personas afectadas y a las autoridades reguladoras de conformidad con la legislaci\u00f3n aplicable.<\/p>\n<hr \/>\n<h2><b>6. Intercambio de datos personales<\/b><\/h2>\n<p class=\"p1\">Podemos compartir sus datos personales:<\/p>\n<ul>\n<li>\n<p class=\"p1\">Dentro del <span class=\"s1\"><b>Grupo BYD<\/b><\/span> (filiales y empresas asociadas) con fines operativos.<\/p>\n<\/li>\n<li>\n<p class=\"p1\">Con <span class=\"s1\"><b>Concesionarios autorizados BYD<\/b><\/span> para pruebas de conducci\u00f3n, servicio y mantenimiento.<\/p>\n<\/li>\n<li>\n<p class=\"p1\">Con <span class=\"s1\"><b>terceros proveedores de servicios<\/b><\/span> (por ejemplo, alojamiento inform\u00e1tico, log\u00edstica, marketing y servicios en la nube) bajo estrictas obligaciones contractuales.<\/p>\n<\/li>\n<li>\n<p class=\"p1\"><span class=\"s1\">Con <\/span><b>autoridades policiales o reglamentarias<\/b><span class=\"s1\"> cumplir obligaciones legales.<\/span><\/p>\n<\/li>\n<li>\n<p class=\"p1\">En relaci\u00f3n con <span class=\"s1\"><b>transacciones corporativas<\/b><\/span>, como fusiones, adquisiciones o reestructuraciones.<\/p>\n<\/li>\n<li>\n<p class=\"p1\">Con <span class=\"s1\"><b>integraciones de terceros<\/b><\/span> (widgets de redes sociales, herramientas de consentimiento) basadas en su consentimiento.<\/p>\n<\/li>\n<\/ul>\n<p class=\"p1\">Nos aseguramos de que los terceros procesen sus datos de forma segura y legal.<\/p>\n<hr \/>\n<h2><b>7. Transferencias internacionales de datos<\/b><\/h2>\n<p class=\"p1\">Como parte de una organizaci\u00f3n global, sus datos pueden ser transferidos fuera de su pa\u00eds de residencia, incluyendo China y otras regiones donde BYD opera. Cuando es necesario, garantizamos las salvaguardias adecuadas, tales como <span class=\"s1\"><b>Cl\u00e1usulas Contractuales Tipo (CCT)<\/b><\/span> o mecanismos jur\u00eddicos equivalentes.<\/p>\n<hr \/>\n<h2><b>8. Sus derechos<\/b><\/h2>\n<p class=\"p1\">En funci\u00f3n de la legislaci\u00f3n aplicable en materia de protecci\u00f3n de datos, puede tener derecho a:<\/p>\n<ul>\n<li>\n<p class=\"p1\">Acceder a sus datos personales y recibir una copia de los mismos.<\/p>\n<\/li>\n<li>\n<p class=\"p1\">Corrija o actualice los datos inexactos.<\/p>\n<\/li>\n<li>\n<p class=\"p1\">Solicitar la supresi\u00f3n de sus datos en determinadas condiciones.<\/p>\n<\/li>\n<li>\n<p class=\"p1\">Restringir u oponerse al tratamiento.<\/p>\n<\/li>\n<li>\n<p class=\"p1\">Retirar el consentimiento para el tratamiento (por ejemplo, para marketing).<\/p>\n<\/li>\n<li>\n<p class=\"p1\">Solicite la transferencia de sus datos en un formato legible por m\u00e1quina.<\/p>\n<\/li>\n<\/ul>\n<p class=\"p1\">Para ejercer estos derechos, p\u00f3ngase en contacto con nosotros en <span class=\"s1\"><b>info@bydcarchina.com<\/b><\/span>.<\/p>\n<p class=\"p1\">Si no est\u00e1 satisfecho con nuestra respuesta, puede presentar una reclamaci\u00f3n ante la autoridad de protecci\u00f3n de datos pertinente de su jurisdicci\u00f3n.<\/p>\n<hr \/>\n<h2><b>9. Contacto<\/b><\/h2>\n<p class=\"p1\">Si tiene preguntas, dudas o quejas sobre esta Pol\u00edtica de Privacidad o sobre el tratamiento de sus datos personales, p\u00f3ngase en contacto con<\/p>\n<p class=\"p4\"><b>Wuxi BYD Vehicle Co., Ltd.<\/b><\/p>\n<p class=\"p4\"><span class=\"s3\">Correo electr\u00f3nico: <\/span><b>info@bydcarchina.com<\/b><\/p>\n<p class=\"p1\">Nos tomamos muy en serio su privacidad y le responderemos lo antes posible.<\/p>\n<hr \/>\n<h2><b>10. Actualizaciones de esta pol\u00edtica<\/b><\/h2>\n<p class=\"p1\">Podemos actualizar esta Pol\u00edtica de Privacidad peri\u00f3dicamente. Cualquier cambio significativo se publicar\u00e1 en nuestro sitio web con una fecha revisada de \u201c\u00daltima actualizaci\u00f3n\u201d. Le recomendamos que consulte esta p\u00e1gina con regularidad.<\/p>\t\t\t\t\t\t\t\t<\/div>\n\t\t\t\t\t<\/div>\n\t\t\t\t<\/div>\n\t\t\t\t<\/div>","protected":false},"excerpt":{"rendered":"<p>Privacy Policy Home This Privacy Policy explains how Wuxi BYD Vehicle Co., Ltd. (\u201cBYD\u201d, \u201cwe\u201d, \u201cour\u201d, or \u201cus\u201d) collects, uses, and protects your personal data. We are committed to safeguarding your privacy and ensuring compliance with applicable data protection laws. This Privacy Policy does not apply to our authorized retailers, partners, or third parties to [&hellip;]<\/p>\n","protected":false},"author":1,"featured_media":0,"parent":0,"menu_order":0,"comment_status":"closed","ping_status":"open","template":"","meta":{"footnotes":""},"class_list":["post-3","page","type-page","status-publish","hentry"],"_links":{"self":[{"href":"https:\/\/bydcarchina.com\/es\/wp-json\/wp\/v2\/pages\/3","targetHints":{"allow":["GET"]}}],"collection":[{"href":"https:\/\/bydcarchina.com\/es\/wp-json\/wp\/v2\/pages"}],"about":[{"href":"https:\/\/bydcarchina.com\/es\/wp-json\/wp\/v2\/types\/page"}],"author":[{"embeddable":true,"href":"https:\/\/bydcarchina.com\/es\/wp-json\/wp\/v2\/users\/1"}],"replies":[{"embeddable":true,"href":"https:\/\/bydcarchina.com\/es\/wp-json\/wp\/v2\/comments?post=3"}],"version-history":[{"count":6,"href":"https:\/\/bydcarchina.com\/es\/wp-json\/wp\/v2\/pages\/3\/revisions"}],"predecessor-version":[{"id":372,"href":"https:\/\/bydcarchina.com\/es\/wp-json\/wp\/v2\/pages\/3\/revisions\/372"}],"wp:attachment":[{"href":"https:\/\/bydcarchina.com\/es\/wp-json\/wp\/v2\/media?parent=3"}],"curies":[{"name":"wp","href":"https:\/\/api.w.org\/{rel}","templated":true}]}}