{"id":392,"date":"2025-09-07T05:33:14","date_gmt":"2025-09-07T05:33:14","guid":{"rendered":"https:\/\/bydcarchina.com\/?post_type=product&#038;p=392"},"modified":"2025-12-13T08:30:29","modified_gmt":"2025-12-13T08:30:29","slug":"byd-2025-seal-05dmi-intelligent-driving-edition","status":"publish","type":"product","link":"https:\/\/bydcarchina.com\/es\/product\/byd-2025-seal-05dmi-intelligent-driving-edition\/","title":{"rendered":"BYD 2025 Seal 05DMI Edici\u00f3n de Conducci\u00f3n Inteligente"},"content":{"rendered":"<p data-start=\"0\" data-end=\"231\">Descubra una <strong data-start=\"11\" data-end=\"42\">berlina h\u00edbrida enchufable moderna<\/strong> dise\u00f1ado para ofrecer eficiencia, suavidad de funcionamiento y practicidad en el d\u00eda a d\u00eda. Dise\u00f1ado para equilibrar la conducci\u00f3n el\u00e9ctrica con la flexibilidad en largas distancias, ofrece las siguientes especificaciones clave:<\/p>\n<p data-start=\"233\" data-end=\"452\"><strong data-start=\"233\" data-end=\"263\">Sistema de propulsi\u00f3n h\u00edbrido enchufable:<\/strong><br data-start=\"263\" data-end=\"266\" \/>Impulsado por un <strong data-start=\"279\" data-end=\"315\">Motor de gasolina de 1,5 litros y 4 cilindros en l\u00ednea<\/strong> produciendo <strong data-start=\"326\" data-end=\"336\">101 CV<\/strong>, perfectamente integrado con un avanzado sistema de propulsi\u00f3n el\u00e9ctrica para una eficiencia optimizada y una aceleraci\u00f3n con gran capacidad de respuesta.<\/p>\n<p data-start=\"454\" data-end=\"739\"><strong data-start=\"454\" data-end=\"490\">Autonom\u00eda el\u00e9ctrica ampliada:<\/strong><br data-start=\"490\" data-end=\"493\" \/>Ofrece m\u00faltiples configuraciones de bater\u00eda con un <strong data-start=\"539\" data-end=\"608\">Autonom\u00eda el\u00e9ctrica pura WLTC de hasta 100 km (variantes de 43 km \/ 90 km)<\/strong> y un impresionante <strong data-start=\"627\" data-end=\"697\">Autonom\u00eda el\u00e9ctrica CLTC de hasta 128 km (55 km \/ 120 km opcionales)<\/strong>, ideal para desplazamientos diarios sin emisiones.<\/p>\n<p data-start=\"741\" data-end=\"888\"><strong data-start=\"741\" data-end=\"766\">Rendimiento equilibrado:<\/strong><br data-start=\"766\" data-end=\"769\" \/>Alcanza un <strong data-start=\"779\" data-end=\"804\">velocidad m\u00e1xima de 180 km\/h<\/strong>, El sistema de frenos de estacionamiento autom\u00e1tico ofrece un rendimiento seguro en carretera con un excelente ahorro de combustible.<\/p>\n<p data-start=\"890\" data-end=\"1033\"><strong data-start=\"890\" data-end=\"916\">Espaciosa distribuci\u00f3n Sed\u00e1n:<\/strong><br data-start=\"916\" data-end=\"919\" \/>Caracter\u00edsticas <strong data-start=\"930\" data-end=\"963\">Carrocer\u00eda de 4 puertas y 5 plazas<\/strong>, y ofrece un alojamiento confortable tanto a los conductores como a los pasajeros.<\/p>\n<p data-start=\"1035\" data-end=\"1212\"><strong data-start=\"1035\" data-end=\"1068\">Dimensiones bien proporcionadas:<\/strong><br data-start=\"1068\" data-end=\"1071\" \/>Con un tama\u00f1o total de <strong data-start=\"1095\" data-end=\"1123\">4.780 \u00d7 1.837 \u00d7 1.515 mm<\/strong>, Con un dise\u00f1o compacto, el veh\u00edculo ofrece una postura estable, un generoso espacio interior y una refinada presencia en carretera.<\/p>\n<p data-start=\"1214\" data-end=\"1448\" data-is-last-node=\"\" data-is-only-node=\"\">Combinaci\u00f3n de <strong data-start=\"1224\" data-end=\"1330\">eficiente tecnolog\u00eda h\u00edbrida enchufable, pr\u00e1ctica autonom\u00eda el\u00e9ctrica y un c\u00f3modo dise\u00f1o de berlina media<\/strong>, Este modelo es una buena elecci\u00f3n para los conductores que buscan bajas emisiones sin comprometer la versatilidad o el confort de conducci\u00f3n.<\/p>","protected":false},"excerpt":{"rendered":"<p>Discover a modern plug-in hybrid sedan engineered for efficiency, smooth performance, and everyday practicality. Designed to balance electric driving with long-distance flexibility, it delivers the following key specifications: Plug-in Hybrid Powertrain:Powered by a 1.5-liter inline-4 petrol engine producing 101 hp, seamlessly integrated with an advanced electric drive system for optimized efficiency and responsive acceleration. Extended [&hellip;]<\/p>\n","protected":false},"featured_media":398,"comment_status":"open","ping_status":"closed","template":"","meta":[],"product_brand":[],"product_cat":[17],"product_tag":[],"class_list":{"0":"post-392","1":"product","2":"type-product","3":"status-publish","4":"has-post-thumbnail","6":"product_cat-uncategorized","8":"first","9":"instock","10":"shipping-taxable","11":"product-type-simple"},"_links":{"self":[{"href":"https:\/\/bydcarchina.com\/es\/wp-json\/wp\/v2\/product\/392","targetHints":{"allow":["GET"]}}],"collection":[{"href":"https:\/\/bydcarchina.com\/es\/wp-json\/wp\/v2\/product"}],"about":[{"href":"https:\/\/bydcarchina.com\/es\/wp-json\/wp\/v2\/types\/product"}],"replies":[{"embeddable":true,"href":"https:\/\/bydcarchina.com\/es\/wp-json\/wp\/v2\/comments?post=392"}],"version-history":[{"count":2,"href":"https:\/\/bydcarchina.com\/es\/wp-json\/wp\/v2\/product\/392\/revisions"}],"predecessor-version":[{"id":1099,"href":"https:\/\/bydcarchina.com\/es\/wp-json\/wp\/v2\/product\/392\/revisions\/1099"}],"wp:featuredmedia":[{"embeddable":true,"href":"https:\/\/bydcarchina.com\/es\/wp-json\/wp\/v2\/media\/398"}],"wp:attachment":[{"href":"https:\/\/bydcarchina.com\/es\/wp-json\/wp\/v2\/media?parent=392"}],"wp:term":[{"taxonomy":"product_brand","embeddable":true,"href":"https:\/\/bydcarchina.com\/es\/wp-json\/wp\/v2\/product_brand?post=392"},{"taxonomy":"product_cat","embeddable":true,"href":"https:\/\/bydcarchina.com\/es\/wp-json\/wp\/v2\/product_cat?post=392"},{"taxonomy":"product_tag","embeddable":true,"href":"https:\/\/bydcarchina.com\/es\/wp-json\/wp\/v2\/product_tag?post=392"}],"curies":[{"name":"wp","href":"https:\/\/api.w.org\/{rel}","templated":true}]}}