{"id":401,"date":"2025-09-07T05:39:33","date_gmt":"2025-09-07T05:39:33","guid":{"rendered":"https:\/\/bydcarchina.com\/?post_type=product&#038;p=401"},"modified":"2025-12-13T08:32:25","modified_gmt":"2025-12-13T08:32:25","slug":"byd-2025-seal-06dmi-intelligent-driving-edition","status":"publish","type":"product","link":"https:\/\/bydcarchina.com\/es\/product\/byd-2025-seal-06dmi-intelligent-driving-edition\/","title":{"rendered":"BYD 2025 Seal 06DMI Edici\u00f3n de Conducci\u00f3n Inteligente"},"content":{"rendered":"<p data-start=\"0\" data-end=\"182\">Descubra una <strong data-start=\"11\" data-end=\"67\">Sed\u00e1n el\u00e9ctrico h\u00edbrido enchufable de nueva generaci\u00f3n (PHEV)<\/strong> dise\u00f1ado para ofrecer un equilibrio \u00f3ptimo entre eficacia, rendimiento y facilidad de uso cotidiano. Los aspectos m\u00e1s destacados son:<\/p>\n<p data-start=\"184\" data-end=\"380\"><strong data-start=\"184\" data-end=\"213\">Sistema de propulsi\u00f3n PHEV avanzado:<\/strong><br data-start=\"213\" data-end=\"216\" \/>Se ofrece con <strong data-start=\"229\" data-end=\"255\">10,08 kWh o 15,87 kWh<\/strong> opciones de bater\u00eda, lo que permite <strong data-start=\"284\" data-end=\"339\">autonom\u00eda el\u00e9ctrica pura de hasta 60 km o 90 km<\/strong>, ideal para los desplazamientos diarios con bajas emisiones.<\/p>\n<p data-start=\"382\" data-end=\"594\"><strong data-start=\"382\" data-end=\"421\">Rendimiento sensible y eficiente:<\/strong><br data-start=\"421\" data-end=\"424\" \/>Consigue <strong data-start=\"433\" data-end=\"482\">Aceleraci\u00f3n de 0 a 100 km\/h en 7,9 o 7,5 segundos<\/strong>, que proporciona una entrega de potencia suave y segura. A <strong data-start=\"533\" data-end=\"558\">velocidad m\u00e1xima de 180 km\/h<\/strong> garantiza un rendimiento estable en carretera.<\/p>\n<p data-start=\"596\" data-end=\"760\"><strong data-start=\"596\" data-end=\"625\">Tracci\u00f3n delantera Disposici\u00f3n:<\/strong><br data-start=\"625\" data-end=\"628\" \/>En <strong data-start=\"632\" data-end=\"653\">Configuraci\u00f3n FWD<\/strong> mejora la eficiencia, la tracci\u00f3n y la conducci\u00f3n predecible tanto en escenarios urbanos como de larga distancia.<\/p>\n<p data-start=\"762\" data-end=\"938\"><strong data-start=\"762\" data-end=\"793\">Amplias proporciones de sed\u00e1n:<\/strong><br data-start=\"793\" data-end=\"796\" \/>Con unas dimensiones de <strong data-start=\"815\" data-end=\"843\">4.830 \u00d7 1.875 \u00d7 1.495 mm<\/strong>, Con un dise\u00f1o compacto, el veh\u00edculo ofrece una postura amplia, un generoso espacio en el habit\u00e1culo y una presencia en carretera refinada y de primera calidad.<\/p>\n<p data-start=\"940\" data-end=\"1181\" data-is-last-node=\"\" data-is-only-node=\"\">Dise\u00f1ado para conductores que buscan <strong data-start=\"969\" data-end=\"1014\">eficiencia el\u00e9ctrica sin ansiedad de autonom\u00eda<\/strong>, Esta berlina PHEV combina una moderna tecnolog\u00eda electrificada, unas prestaciones equilibradas y unas dimensiones pr\u00e1cticas, por lo que es ideal tanto para la ciudad como para viajes largos.<\/p>","protected":false},"excerpt":{"rendered":"<p>Discover a next-generation plug-in hybrid electric sedan (PHEV) designed to deliver an optimal balance of efficiency, performance, and everyday usability. Key highlights include: Advanced PHEV Powertrain:Offered with 10.08 kWh or 15.87 kWh battery options, enabling a pure electric driving range of up to 60 km or 90 km, ideal for low-emission daily commuting. Responsive &amp; [&hellip;]<\/p>\n","protected":false},"featured_media":415,"comment_status":"open","ping_status":"closed","template":"","meta":[],"product_brand":[],"product_cat":[17],"product_tag":[],"class_list":{"0":"post-401","1":"product","2":"type-product","3":"status-publish","4":"has-post-thumbnail","6":"product_cat-uncategorized","8":"first","9":"instock","10":"shipping-taxable","11":"product-type-simple"},"_links":{"self":[{"href":"https:\/\/bydcarchina.com\/es\/wp-json\/wp\/v2\/product\/401","targetHints":{"allow":["GET"]}}],"collection":[{"href":"https:\/\/bydcarchina.com\/es\/wp-json\/wp\/v2\/product"}],"about":[{"href":"https:\/\/bydcarchina.com\/es\/wp-json\/wp\/v2\/types\/product"}],"replies":[{"embeddable":true,"href":"https:\/\/bydcarchina.com\/es\/wp-json\/wp\/v2\/comments?post=401"}],"version-history":[{"count":2,"href":"https:\/\/bydcarchina.com\/es\/wp-json\/wp\/v2\/product\/401\/revisions"}],"predecessor-version":[{"id":1106,"href":"https:\/\/bydcarchina.com\/es\/wp-json\/wp\/v2\/product\/401\/revisions\/1106"}],"wp:featuredmedia":[{"embeddable":true,"href":"https:\/\/bydcarchina.com\/es\/wp-json\/wp\/v2\/media\/415"}],"wp:attachment":[{"href":"https:\/\/bydcarchina.com\/es\/wp-json\/wp\/v2\/media?parent=401"}],"wp:term":[{"taxonomy":"product_brand","embeddable":true,"href":"https:\/\/bydcarchina.com\/es\/wp-json\/wp\/v2\/product_brand?post=401"},{"taxonomy":"product_cat","embeddable":true,"href":"https:\/\/bydcarchina.com\/es\/wp-json\/wp\/v2\/product_cat?post=401"},{"taxonomy":"product_tag","embeddable":true,"href":"https:\/\/bydcarchina.com\/es\/wp-json\/wp\/v2\/product_tag?post=401"}],"curies":[{"name":"wp","href":"https:\/\/api.w.org\/{rel}","templated":true}]}}