{"id":443,"date":"2025-09-10T12:58:20","date_gmt":"2025-09-10T12:58:20","guid":{"rendered":"https:\/\/bydcarchina.com\/?post_type=product&#038;p=443"},"modified":"2025-12-13T08:38:03","modified_gmt":"2025-12-13T08:38:03","slug":"byd-2025-seal-06gt-intelligent-driving-edition","status":"publish","type":"product","link":"https:\/\/bydcarchina.com\/es\/product\/byd-2025-seal-06gt-intelligent-driving-edition\/","title":{"rendered":"BYD 2025 Seal 06GT Edici\u00f3n de Conducci\u00f3n Inteligente"},"content":{"rendered":"<p data-start=\"0\" data-end=\"232\">Descubra una <strong data-start=\"11\" data-end=\"59\">veh\u00edculo el\u00e9ctrico puro (BEV) de altas prestaciones<\/strong> dise\u00f1ado para la conducci\u00f3n de larga distancia, el manejo din\u00e1mico y la versatilidad cotidiana. Dise\u00f1ado para satisfacer las exigencias de la movilidad el\u00e9ctrica moderna, ofrece los siguientes aspectos destacados:<\/p>\n<p data-start=\"234\" data-end=\"441\"><strong data-start=\"234\" data-end=\"262\">Cadena cinem\u00e1tica totalmente el\u00e9ctrica:<\/strong><br data-start=\"262\" data-end=\"265\" \/>Ofrece un impresionante <strong data-start=\"288\" data-end=\"342\">Autonom\u00eda CLTC de hasta 505 km o 605 km<\/strong>, que ofrece confianza tanto para los desplazamientos diarios como para los viajes largos con cero emisiones de gases de escape.<\/p>\n<p data-start=\"443\" data-end=\"651\"><strong data-start=\"443\" data-end=\"475\">Opciones de rendimiento din\u00e1mico:<\/strong><br data-start=\"475\" data-end=\"478\" \/>Disponible en <strong data-start=\"491\" data-end=\"542\">tracci\u00f3n trasera (RWD) o tracci\u00f3n total (AWD)<\/strong> configuraciones, con un <strong data-start=\"566\" data-end=\"591\">velocidad m\u00e1xima de 200 km\/h<\/strong> para una fuerte aceleraci\u00f3n y una estabilidad segura a alta velocidad.<\/p>\n<p data-start=\"653\" data-end=\"814\"><strong data-start=\"653\" data-end=\"680\">Dise\u00f1o espacioso de 5 puertas:<\/strong><br data-start=\"680\" data-end=\"683\" \/>Incluye un pr\u00e1ctico <strong data-start=\"704\" data-end=\"737\">Carrocer\u00eda de 5 puertas y 5 plazas<\/strong>, combinando proporciones deportivas con facilidad de uso diario y f\u00e1cil acceso al habit\u00e1culo.<\/p>\n<p data-start=\"816\" data-end=\"998\"><strong data-start=\"816\" data-end=\"847\">Peso y equilibrio optimizados:<\/strong><br data-start=\"847\" data-end=\"850\" \/>Con un <strong data-start=\"857\" data-end=\"896\">peso en vac\u00edo de 1.850 kg o 1.940 kg<\/strong>, Gracias a su dise\u00f1o, el veh\u00edculo logra una combinaci\u00f3n equilibrada de rigidez estructural, eficiencia y din\u00e1mica de conducci\u00f3n.<\/p>\n<p data-start=\"1000\" data-end=\"1153\"><strong data-start=\"1000\" data-end=\"1036\">Dimensiones compactas pero atl\u00e9ticas:<\/strong><br data-start=\"1036\" data-end=\"1039\" \/>Medici\u00f3n <strong data-start=\"1049\" data-end=\"1077\">4.630 \u00d7 1.880 \u00d7 1.490 mm<\/strong>, El nuevo modelo ofrece una postura ancha, un centro de gravedad bajo y una huella urbana \u00e1gil.<\/p>\n<p data-start=\"1155\" data-end=\"1400\" data-is-last-node=\"\" data-is-only-node=\"\">Combinaci\u00f3n de <strong data-start=\"1165\" data-end=\"1264\">gran autonom\u00eda el\u00e9ctrica, opciones de propulsi\u00f3n orientadas a las prestaciones y un vers\u00e1til dise\u00f1o con port\u00f3n trasero<\/strong>, Este modelo BEV es una opci\u00f3n ideal para los conductores que buscan una movilidad de emisiones cero sin comprometer la velocidad, el espacio o el compromiso de conducci\u00f3n.<\/p>","protected":false},"excerpt":{"rendered":"<p>Discover a high-performance pure electric vehicle (BEV) engineered for long-range driving, dynamic handling, and everyday versatility. Designed to meet the demands of modern electric mobility, it offers the following highlights: All-Electric Powertrain:Delivers an impressive CLTC-rated driving range of up to 505 km or 605 km, providing confidence for both daily commuting and extended journeys with [&hellip;]<\/p>\n","protected":false},"featured_media":451,"comment_status":"open","ping_status":"closed","template":"","meta":[],"product_brand":[],"product_cat":[17],"product_tag":[],"class_list":{"0":"post-443","1":"product","2":"type-product","3":"status-publish","4":"has-post-thumbnail","6":"product_cat-uncategorized","8":"first","9":"instock","10":"shipping-taxable","11":"product-type-simple"},"_links":{"self":[{"href":"https:\/\/bydcarchina.com\/es\/wp-json\/wp\/v2\/product\/443","targetHints":{"allow":["GET"]}}],"collection":[{"href":"https:\/\/bydcarchina.com\/es\/wp-json\/wp\/v2\/product"}],"about":[{"href":"https:\/\/bydcarchina.com\/es\/wp-json\/wp\/v2\/types\/product"}],"replies":[{"embeddable":true,"href":"https:\/\/bydcarchina.com\/es\/wp-json\/wp\/v2\/comments?post=443"}],"version-history":[{"count":2,"href":"https:\/\/bydcarchina.com\/es\/wp-json\/wp\/v2\/product\/443\/revisions"}],"predecessor-version":[{"id":1111,"href":"https:\/\/bydcarchina.com\/es\/wp-json\/wp\/v2\/product\/443\/revisions\/1111"}],"wp:featuredmedia":[{"embeddable":true,"href":"https:\/\/bydcarchina.com\/es\/wp-json\/wp\/v2\/media\/451"}],"wp:attachment":[{"href":"https:\/\/bydcarchina.com\/es\/wp-json\/wp\/v2\/media?parent=443"}],"wp:term":[{"taxonomy":"product_brand","embeddable":true,"href":"https:\/\/bydcarchina.com\/es\/wp-json\/wp\/v2\/product_brand?post=443"},{"taxonomy":"product_cat","embeddable":true,"href":"https:\/\/bydcarchina.com\/es\/wp-json\/wp\/v2\/product_cat?post=443"},{"taxonomy":"product_tag","embeddable":true,"href":"https:\/\/bydcarchina.com\/es\/wp-json\/wp\/v2\/product_tag?post=443"}],"curies":[{"name":"wp","href":"https:\/\/api.w.org\/{rel}","templated":true}]}}