{"id":468,"date":"2025-09-10T13:15:46","date_gmt":"2025-09-10T13:15:46","guid":{"rendered":"https:\/\/bydcarchina.com\/?post_type=product&#038;p=468"},"modified":"2025-12-13T08:40:01","modified_gmt":"2025-12-13T08:40:01","slug":"byd-2025-seal-06-dm-i-travel-edition","status":"publish","type":"product","link":"https:\/\/bydcarchina.com\/es\/product\/byd-2025-seal-06-dm-i-travel-edition\/","title":{"rendered":"BYD 2025 Seal 06 DM-i Travel Edition"},"content":{"rendered":"<p data-start=\"0\" data-end=\"245\">Descubra una <strong data-start=\"11\" data-end=\"42\">berlina h\u00edbrida enchufable moderna<\/strong> dise\u00f1ado para ofrecer una conducci\u00f3n el\u00e9ctrica eficiente, un apoyo suave de la gasolina y practicidad en el d\u00eda a d\u00eda. Dise\u00f1ado para conductores que buscan flexibilidad y bajos costes de funcionamiento, ofrece los siguientes aspectos destacados:<\/p>\n<p data-start=\"247\" data-end=\"491\"><strong data-start=\"247\" data-end=\"286\">Sistema de propulsi\u00f3n h\u00edbrido enchufable avanzado:<\/strong><br data-start=\"286\" data-end=\"289\" \/>Impulsado por un <strong data-start=\"302\" data-end=\"338\">Motor de gasolina de 1,5 litros y 4 cilindros en l\u00ednea<\/strong> produciendo <strong data-start=\"349\" data-end=\"359\">101 CV<\/strong>, El sistema de propulsi\u00f3n el\u00e9ctrica se combina a la perfecci\u00f3n para dar prioridad al funcionamiento el\u00e9ctrico y garantizar una capacidad fiable en largas distancias.<\/p>\n<p data-start=\"493\" data-end=\"739\"><strong data-start=\"493\" data-end=\"527\">Pr\u00e1ctica gama el\u00e9ctrica pura:<\/strong><br data-start=\"527\" data-end=\"530\" \/>Disponible en m\u00faltiples configuraciones de bater\u00eda, ofrece una <strong data-start=\"587\" data-end=\"635\">Autonom\u00eda el\u00e9ctrica WLTC de 53 km o 105 km<\/strong>, mientras que <strong data-start=\"643\" data-end=\"697\">Las pruebas del CLTC ampl\u00edan este alcance hasta 80 km o 100 km.<\/strong>, ideal para desplazamientos diarios sin emisiones.<\/p>\n<p data-start=\"741\" data-end=\"886\"><strong data-start=\"741\" data-end=\"766\">Rendimiento equilibrado:<\/strong><br data-start=\"766\" data-end=\"769\" \/>Ofrece una <strong data-start=\"780\" data-end=\"805\">velocidad m\u00e1xima de 180 km\/h<\/strong>, que proporciona una conducci\u00f3n segura en autopista con una entrega de potencia refinada y eficiente.<\/p>\n<p data-start=\"888\" data-end=\"1034\"><strong data-start=\"888\" data-end=\"920\">Espaciosa arquitectura sed\u00e1n:<\/strong><br data-start=\"920\" data-end=\"923\" \/>Caracter\u00edsticas <strong data-start=\"934\" data-end=\"959\">4 puertas, 5 plazas<\/strong>, El alojamiento es confortable tanto para familias como para empresas.<\/p>\n<p data-start=\"1036\" data-end=\"1224\"><strong data-start=\"1036\" data-end=\"1069\">Refinadas proporciones de tama\u00f1o medio:<\/strong><br data-start=\"1069\" data-end=\"1072\" \/>Con unas dimensiones totales de <strong data-start=\"1099\" data-end=\"1127\">4.850 \u00d7 1.890 \u00d7 1.505 mm<\/strong>, Con un dise\u00f1o compacto, el veh\u00edculo ofrece una postura amplia, un generoso espacio interior y una presencia en carretera estable y de primera calidad.<\/p>\n<p data-start=\"1226\" data-end=\"1471\" data-is-last-node=\"\" data-is-only-node=\"\">Combinaci\u00f3n de <strong data-start=\"1236\" data-end=\"1332\">eficiente tecnolog\u00eda h\u00edbrida enchufable, \u00fatil autonom\u00eda s\u00f3lo el\u00e9ctrica y un espacioso dise\u00f1o sed\u00e1n.<\/strong>, Este modelo es una buena opci\u00f3n para los mercados en transici\u00f3n hacia la movilidad el\u00e9ctrica sin comprometer el confort diario ni la versatilidad.<\/p>","protected":false},"excerpt":{"rendered":"<p>Discover a modern plug-in hybrid sedan engineered to deliver efficient electric driving, smooth petrol backup, and everyday practicality. Designed for drivers seeking flexibility and low running costs, it offers the following key highlights: Advanced Plug-in Hybrid Powertrain:Powered by a 1.5-liter inline-4 petrol engine producing 101 hp, seamlessly paired with an electric drive system to prioritize [&hellip;]<\/p>\n","protected":false},"featured_media":472,"comment_status":"open","ping_status":"closed","template":"","meta":[],"product_brand":[],"product_cat":[17],"product_tag":[],"class_list":{"0":"post-468","1":"product","2":"type-product","3":"status-publish","4":"has-post-thumbnail","6":"product_cat-uncategorized","8":"first","9":"instock","10":"shipping-taxable","11":"product-type-simple"},"_links":{"self":[{"href":"https:\/\/bydcarchina.com\/es\/wp-json\/wp\/v2\/product\/468","targetHints":{"allow":["GET"]}}],"collection":[{"href":"https:\/\/bydcarchina.com\/es\/wp-json\/wp\/v2\/product"}],"about":[{"href":"https:\/\/bydcarchina.com\/es\/wp-json\/wp\/v2\/types\/product"}],"replies":[{"embeddable":true,"href":"https:\/\/bydcarchina.com\/es\/wp-json\/wp\/v2\/comments?post=468"}],"version-history":[{"count":2,"href":"https:\/\/bydcarchina.com\/es\/wp-json\/wp\/v2\/product\/468\/revisions"}],"predecessor-version":[{"id":1113,"href":"https:\/\/bydcarchina.com\/es\/wp-json\/wp\/v2\/product\/468\/revisions\/1113"}],"wp:featuredmedia":[{"embeddable":true,"href":"https:\/\/bydcarchina.com\/es\/wp-json\/wp\/v2\/media\/472"}],"wp:attachment":[{"href":"https:\/\/bydcarchina.com\/es\/wp-json\/wp\/v2\/media?parent=468"}],"wp:term":[{"taxonomy":"product_brand","embeddable":true,"href":"https:\/\/bydcarchina.com\/es\/wp-json\/wp\/v2\/product_brand?post=468"},{"taxonomy":"product_cat","embeddable":true,"href":"https:\/\/bydcarchina.com\/es\/wp-json\/wp\/v2\/product_cat?post=468"},{"taxonomy":"product_tag","embeddable":true,"href":"https:\/\/bydcarchina.com\/es\/wp-json\/wp\/v2\/product_tag?post=468"}],"curies":[{"name":"wp","href":"https:\/\/api.w.org\/{rel}","templated":true}]}}