{"id":474,"date":"2025-09-10T13:23:56","date_gmt":"2025-09-10T13:23:56","guid":{"rendered":"https:\/\/bydcarchina.com\/?post_type=product&#038;p=474"},"modified":"2025-12-13T08:42:30","modified_gmt":"2025-12-13T08:42:30","slug":"byd-2025-seal-07dm-i-intelligent-driving-edition","status":"publish","type":"product","link":"https:\/\/bydcarchina.com\/es\/product\/byd-2025-seal-07dm-i-intelligent-driving-edition\/","title":{"rendered":"BYD 2025 Seal 07DM-i Edici\u00f3n de Conducci\u00f3n Inteligente"},"content":{"rendered":"<p data-start=\"0\" data-end=\"204\">Descubra una <strong data-start=\"11\" data-end=\"43\">berlina h\u00edbrida enchufable premium<\/strong> dise\u00f1ado para ofrecer una gran autonom\u00eda el\u00e9ctrica, un alto rendimiento y un confort de nivel ejecutivo. Dise\u00f1ado para satisfacer diversas necesidades de conducci\u00f3n, ofrece los siguientes aspectos destacados:<\/p>\n<p data-start=\"206\" data-end=\"454\"><strong data-start=\"206\" data-end=\"249\">Opciones de tren motriz h\u00edbrido enchufable dual:<\/strong><br data-start=\"249\" data-end=\"252\" \/>Disponible con <strong data-start=\"269\" data-end=\"305\">Motor de gasolina de 1,5 litros y 4 cilindros en l\u00ednea<\/strong> en <strong data-start=\"309\" data-end=\"329\">101 CV o 156 CV<\/strong> que ofrecen un rendimiento flexible al tiempo que mantienen una alta eficiencia gracias a un avanzado sistema h\u00edbrido enchufable.<\/p>\n<p data-start=\"456\" data-end=\"775\"><strong data-start=\"456\" data-end=\"497\">Autonom\u00eda el\u00e9ctrica l\u00edder en su clase:<\/strong><br data-start=\"497\" data-end=\"500\" \/>Las m\u00faltiples variantes de bater\u00eda proporcionan una <strong data-start=\"536\" data-end=\"620\">Autonom\u00eda el\u00e9ctrica pura con homologaci\u00f3n WLTC de hasta 180 km (110 km \/ 55 km \/ 100 km opcionales)<\/strong>. En <strong data-start=\"628\" data-end=\"727\">En las pruebas CLTC, la autonom\u00eda el\u00e9ctrica alcanza la impresionante cifra de 230 km (variantes de 135 km \/ 70 km \/ 125 km).<\/strong>-Ideal para una conducci\u00f3n diaria prolongada sin emisiones.<\/p>\n<p data-start=\"777\" data-end=\"948\"><strong data-start=\"777\" data-end=\"811\">Rendimiento fiable en carretera:<\/strong><br data-start=\"811\" data-end=\"814\" \/>Con <strong data-start=\"819\" data-end=\"857\">velocidades m\u00e1ximas de 185 km\/h o 200 km\/h<\/strong>, el veh\u00edculo garantiza un comportamiento suave, estable y con gran capacidad de respuesta en viajes de larga distancia.<\/p>\n<p data-start=\"950\" data-end=\"1104\"><strong data-start=\"950\" data-end=\"977\">Berlina ejecutiva:<\/strong><br data-start=\"977\" data-end=\"980\" \/>A <strong data-start=\"982\" data-end=\"1015\">Carrocer\u00eda de 4 puertas y 5 plazas<\/strong> ofrece un generoso espacio en las plazas traseras y un refinado confort tanto para uso privado como profesional.<\/p>\n<p data-start=\"1106\" data-end=\"1279\"><strong data-start=\"1106\" data-end=\"1137\">Grandes y elegantes proporciones:<\/strong><br data-start=\"1137\" data-end=\"1140\" \/>Medici\u00f3n <strong data-start=\"1150\" data-end=\"1178\">4.995 \u00d7 1.900 \u00d7 1.495 mm<\/strong>, La berlina cuenta con una postura amplia, un interior espacioso y una presencia imponente en la carretera.<\/p>\n<p data-start=\"1281\" data-end=\"1550\" data-is-last-node=\"\" data-is-only-node=\"\">Combinaci\u00f3n de <strong data-start=\"1291\" data-end=\"1382\">excepcional autonom\u00eda el\u00e9ctrica, m\u00faltiples opciones de propulsi\u00f3n y dimensiones de berlina completa<\/strong>, Este modelo h\u00edbrido enchufable es una soluci\u00f3n ideal para los conductores que buscan eficiencia el\u00e9ctrica sin renunciar a las prestaciones ni al lujo.<br data-start=\"1517\" data-end=\"1520\" \/><strong data-start=\"1520\" data-end=\"1550\" data-is-last-node=\"\">Inf\u00f3rmese ahora.<\/strong><\/p>","protected":false},"excerpt":{"rendered":"<p>Discover a premium plug-in hybrid sedan engineered for long electric range, strong performance, and executive-level comfort. Designed to meet diverse driving needs, it offers the following highlights: Dual Plug-in Hybrid Powertrain Options:Available with a 1.5-liter inline-4 petrol engine in 101 hp or 156 hp configurations, delivering flexible performance while maintaining high efficiency through an advanced [&hellip;]<\/p>\n","protected":false},"featured_media":495,"comment_status":"open","ping_status":"closed","template":"","meta":[],"product_brand":[],"product_cat":[17],"product_tag":[],"class_list":{"0":"post-474","1":"product","2":"type-product","3":"status-publish","4":"has-post-thumbnail","6":"product_cat-uncategorized","8":"first","9":"instock","10":"shipping-taxable","11":"product-type-simple"},"_links":{"self":[{"href":"https:\/\/bydcarchina.com\/es\/wp-json\/wp\/v2\/product\/474","targetHints":{"allow":["GET"]}}],"collection":[{"href":"https:\/\/bydcarchina.com\/es\/wp-json\/wp\/v2\/product"}],"about":[{"href":"https:\/\/bydcarchina.com\/es\/wp-json\/wp\/v2\/types\/product"}],"replies":[{"embeddable":true,"href":"https:\/\/bydcarchina.com\/es\/wp-json\/wp\/v2\/comments?post=474"}],"version-history":[{"count":2,"href":"https:\/\/bydcarchina.com\/es\/wp-json\/wp\/v2\/product\/474\/revisions"}],"predecessor-version":[{"id":1116,"href":"https:\/\/bydcarchina.com\/es\/wp-json\/wp\/v2\/product\/474\/revisions\/1116"}],"wp:featuredmedia":[{"embeddable":true,"href":"https:\/\/bydcarchina.com\/es\/wp-json\/wp\/v2\/media\/495"}],"wp:attachment":[{"href":"https:\/\/bydcarchina.com\/es\/wp-json\/wp\/v2\/media?parent=474"}],"wp:term":[{"taxonomy":"product_brand","embeddable":true,"href":"https:\/\/bydcarchina.com\/es\/wp-json\/wp\/v2\/product_brand?post=474"},{"taxonomy":"product_cat","embeddable":true,"href":"https:\/\/bydcarchina.com\/es\/wp-json\/wp\/v2\/product_cat?post=474"},{"taxonomy":"product_tag","embeddable":true,"href":"https:\/\/bydcarchina.com\/es\/wp-json\/wp\/v2\/product_tag?post=474"}],"curies":[{"name":"wp","href":"https:\/\/api.w.org\/{rel}","templated":true}]}}