{"id":497,"date":"2025-09-10T13:27:01","date_gmt":"2025-09-10T13:27:01","guid":{"rendered":"https:\/\/bydcarchina.com\/?post_type=product&#038;p=497"},"modified":"2025-12-13T08:43:05","modified_gmt":"2025-12-13T08:43:05","slug":"byd-2025-seagull-intelligent-driving-edition","status":"publish","type":"product","link":"https:\/\/bydcarchina.com\/es\/product\/byd-2025-seagull-intelligent-driving-edition\/","title":{"rendered":"BYD 2025 Seagull Edici\u00f3n de Conducci\u00f3n Inteligente"},"content":{"rendered":"<p data-start=\"0\" data-end=\"217\">Descubra una <strong data-start=\"11\" data-end=\"50\">veh\u00edculo el\u00e9ctrico compacto puro (BEV)<\/strong> dise\u00f1ado para una conducci\u00f3n \u00e1gil en ciudad, una eficiencia impresionante y una movilidad con cero emisiones. Perfectamente adaptado a los entornos urbanos, ofrece los siguientes aspectos destacados:<\/p>\n<p data-start=\"219\" data-end=\"431\"><strong data-start=\"219\" data-end=\"247\">Cadena cinem\u00e1tica totalmente el\u00e9ctrica:<\/strong><br data-start=\"247\" data-end=\"250\" \/>Equipado con <strong data-start=\"264\" data-end=\"306\">Opciones de bater\u00eda de 30,08 kWh o 38,88 kWh<\/strong>, proporcionando un <strong data-start=\"320\" data-end=\"377\">autonom\u00eda el\u00e9ctrica pura de hasta 305 km o 405 km<\/strong>, ideal para los desplazamientos diarios y los viajes cortos interurbanos.<\/p>\n<p data-start=\"433\" data-end=\"578\"><strong data-start=\"433\" data-end=\"462\">Aceleraci\u00f3n urbana r\u00e1pida:<\/strong><br data-start=\"462\" data-end=\"465\" \/>Entrega <strong data-start=\"474\" data-end=\"521\">Aceleraci\u00f3n de 0 a 100 km\/h en s\u00f3lo 4,9 segundos<\/strong>, El sistema de frenado de alta velocidad garantiza un rendimiento \u00e1gil y sensible en el tr\u00e1fico urbano.<\/p>\n<p data-start=\"580\" data-end=\"780\"><strong data-start=\"580\" data-end=\"609\">Configuraci\u00f3n centrada en la eficiencia:<\/strong><br data-start=\"609\" data-end=\"612\" \/>A <strong data-start=\"614\" data-end=\"641\">tracci\u00f3n delantera (FWD)<\/strong> El dise\u00f1o mejora la eficiencia energ\u00e9tica y la facilidad de control, mientras que el <strong data-start=\"707\" data-end=\"732\">velocidad m\u00e1xima de 130 km\/h<\/strong> est\u00e1 optimizado para una conducci\u00f3n estable y econ\u00f3mica.<\/p>\n<p data-start=\"782\" data-end=\"973\"><strong data-start=\"782\" data-end=\"813\">Dise\u00f1o compacto y pr\u00e1ctico:<\/strong><br data-start=\"813\" data-end=\"816\" \/>Con unas dimensiones de <strong data-start=\"835\" data-end=\"863\">3.780 \u00d7 1.715 \u00d7 1.540 mm<\/strong>, el veh\u00edculo ofrece una excelente maniobrabilidad, facilidad de aparcamiento y un habit\u00e1culo sorprendentemente espacioso para su clase.<\/p>\n<p data-start=\"975\" data-end=\"1189\" data-is-last-node=\"\" data-is-only-node=\"\">Combinaci\u00f3n de <strong data-start=\"985\" data-end=\"1051\">tama\u00f1o compacto, gran potencia el\u00e9ctrica y autonom\u00eda pr\u00e1ctica<\/strong>, este BEV es una opci\u00f3n ideal para los conductores urbanos que buscan una soluci\u00f3n de movilidad el\u00e9ctrica asequible, eficiente y respetuosa con el medio ambiente.<\/p>","protected":false},"excerpt":{"rendered":"<p>Discover a compact pure electric vehicle (BEV) designed for agile city driving, impressive efficiency, and zero-emission mobility. Perfectly suited for urban environments, it delivers the following key highlights: All-Electric Powertrain:Equipped with 30.08 kWh or 38.88 kWh battery options, providing a pure electric driving range of up to 305 km or 405 km, ideal for daily [&hellip;]<\/p>\n","protected":false},"featured_media":504,"comment_status":"open","ping_status":"closed","template":"","meta":[],"product_brand":[],"product_cat":[17],"product_tag":[],"class_list":{"0":"post-497","1":"product","2":"type-product","3":"status-publish","4":"has-post-thumbnail","6":"product_cat-uncategorized","8":"first","9":"instock","10":"shipping-taxable","11":"product-type-simple"},"_links":{"self":[{"href":"https:\/\/bydcarchina.com\/es\/wp-json\/wp\/v2\/product\/497","targetHints":{"allow":["GET"]}}],"collection":[{"href":"https:\/\/bydcarchina.com\/es\/wp-json\/wp\/v2\/product"}],"about":[{"href":"https:\/\/bydcarchina.com\/es\/wp-json\/wp\/v2\/types\/product"}],"replies":[{"embeddable":true,"href":"https:\/\/bydcarchina.com\/es\/wp-json\/wp\/v2\/comments?post=497"}],"version-history":[{"count":2,"href":"https:\/\/bydcarchina.com\/es\/wp-json\/wp\/v2\/product\/497\/revisions"}],"predecessor-version":[{"id":1117,"href":"https:\/\/bydcarchina.com\/es\/wp-json\/wp\/v2\/product\/497\/revisions\/1117"}],"wp:featuredmedia":[{"embeddable":true,"href":"https:\/\/bydcarchina.com\/es\/wp-json\/wp\/v2\/media\/504"}],"wp:attachment":[{"href":"https:\/\/bydcarchina.com\/es\/wp-json\/wp\/v2\/media?parent=497"}],"wp:term":[{"taxonomy":"product_brand","embeddable":true,"href":"https:\/\/bydcarchina.com\/es\/wp-json\/wp\/v2\/product_brand?post=497"},{"taxonomy":"product_cat","embeddable":true,"href":"https:\/\/bydcarchina.com\/es\/wp-json\/wp\/v2\/product_cat?post=497"},{"taxonomy":"product_tag","embeddable":true,"href":"https:\/\/bydcarchina.com\/es\/wp-json\/wp\/v2\/product_tag?post=497"}],"curies":[{"name":"wp","href":"https:\/\/api.w.org\/{rel}","templated":true}]}}