{"id":552,"date":"2025-09-10T14:06:53","date_gmt":"2025-09-10T14:06:53","guid":{"rendered":"https:\/\/bydcarchina.com\/?post_type=product&#038;p=552"},"modified":"2025-12-13T08:47:08","modified_gmt":"2025-12-13T08:47:08","slug":"byd-sealion-07-ev-2025-new-energy","status":"publish","type":"product","link":"https:\/\/bydcarchina.com\/es\/product\/byd-sealion-07-ev-2025-new-energy\/","title":{"rendered":"BYD Sealion 07 EV 2025 Nueva energ\u00eda"},"content":{"rendered":"<p data-start=\"0\" data-end=\"263\">Descubra una <strong data-start=\"11\" data-end=\"55\">SUV el\u00e9ctrico puro de altas prestaciones (BEV)<\/strong> dise\u00f1ado para la conducci\u00f3n de larga distancia, un potente dinamismo y una versatilidad premium para el d\u00eda a d\u00eda. Dise\u00f1ado para satisfacer las expectativas de los conductores que buscan tanto autonom\u00eda como prestaciones, ofrece los siguientes aspectos destacados:<\/p>\n<p data-start=\"265\" data-end=\"472\"><strong data-start=\"265\" data-end=\"304\">Cadena cinem\u00e1tica totalmente el\u00e9ctrica de largo alcance:<\/strong><br data-start=\"304\" data-end=\"307\" \/>Ofrece una <strong data-start=\"318\" data-end=\"378\">Autonom\u00eda el\u00e9ctrica pura CLTC de hasta 550 km o 610 km<\/strong>, El sistema de emisiones de gases de escape de este veh\u00edculo, con cero emisiones de gases de escape, ofrece confianza para los desplazamientos diarios y los viajes largos.<\/p>\n<p data-start=\"474\" data-end=\"699\"><strong data-start=\"474\" data-end=\"517\">Opciones de transmisi\u00f3n orientadas a las prestaciones:<\/strong><br data-start=\"517\" data-end=\"520\" \/>Disponible en <strong data-start=\"533\" data-end=\"584\">tracci\u00f3n trasera (RWD) o tracci\u00f3n total (AWD)<\/strong> configuraciones, logrando <strong data-start=\"611\" data-end=\"649\">velocidades m\u00e1ximas de 210 km\/h o 225 km\/h<\/strong> para una fuerte aceleraci\u00f3n y estabilidad a alta velocidad.<\/p>\n<p data-start=\"701\" data-end=\"878\"><strong data-start=\"701\" data-end=\"731\">Arquitectura SUV espaciosa:<\/strong><br data-start=\"731\" data-end=\"734\" \/>Incluye un pr\u00e1ctico <strong data-start=\"755\" data-end=\"792\">Carrocer\u00eda SUV de 5 puertas y 5 plazas<\/strong>, ofreciendo un generoso espacio en el habit\u00e1culo, una flexible capacidad de carga y una excelente presencia en carretera.<\/p>\n<p data-start=\"880\" data-end=\"1050\"><strong data-start=\"880\" data-end=\"919\">Construcci\u00f3n s\u00f3lida y equilibrada:<\/strong><br data-start=\"919\" data-end=\"922\" \/>Con un <strong data-start=\"929\" data-end=\"968\">peso en vac\u00edo de 2.155 kg o 2.210 kg<\/strong>, el veh\u00edculo equilibra la rigidez estructural, el confort de marcha y las prestaciones din\u00e1micas.<\/p>\n<p data-start=\"1052\" data-end=\"1229\"><strong data-start=\"1052\" data-end=\"1084\">Moderno, Atl\u00e9tico Dimensiones:<\/strong><br data-start=\"1084\" data-end=\"1087\" \/>Medici\u00f3n <strong data-start=\"1097\" data-end=\"1125\">4.830 \u00d7 1.925 \u00d7 1.620 mm<\/strong>, El SUV combina una postura ancha con un perfil elegante, ofreciendo estabilidad y una est\u00e9tica refinada.<\/p>\n<p data-start=\"1231\" data-end=\"1465\" data-is-last-node=\"\" data-is-only-node=\"\">Combinaci\u00f3n de <strong data-start=\"1241\" data-end=\"1329\">larga autonom\u00eda el\u00e9ctrica, opciones de propulsi\u00f3n orientadas a las prestaciones y proporciones de SUV premium.<\/strong>, Este modelo BEV es una opci\u00f3n ideal para los conductores que buscan una movilidad de emisiones cero sin comprometer la potencia, el espacio o la confianza al volante.<\/p>","protected":false},"excerpt":{"rendered":"<p>Discover a high-performance pure electric SUV (BEV) engineered for long-distance driving, powerful dynamics, and premium everyday versatility. Designed to meet the expectations of drivers seeking both range and performance, it offers the following highlights: Long-Range All-Electric Powertrain:Delivers a CLTC-rated pure electric range of up to 550 km or 610 km, providing confidence for daily commuting [&hellip;]<\/p>\n","protected":false},"featured_media":571,"comment_status":"open","ping_status":"closed","template":"","meta":[],"product_brand":[],"product_cat":[17],"product_tag":[],"class_list":{"0":"post-552","1":"product","2":"type-product","3":"status-publish","4":"has-post-thumbnail","6":"product_cat-uncategorized","8":"first","9":"instock","10":"shipping-taxable","11":"product-type-simple"},"_links":{"self":[{"href":"https:\/\/bydcarchina.com\/es\/wp-json\/wp\/v2\/product\/552","targetHints":{"allow":["GET"]}}],"collection":[{"href":"https:\/\/bydcarchina.com\/es\/wp-json\/wp\/v2\/product"}],"about":[{"href":"https:\/\/bydcarchina.com\/es\/wp-json\/wp\/v2\/types\/product"}],"replies":[{"embeddable":true,"href":"https:\/\/bydcarchina.com\/es\/wp-json\/wp\/v2\/comments?post=552"}],"version-history":[{"count":2,"href":"https:\/\/bydcarchina.com\/es\/wp-json\/wp\/v2\/product\/552\/revisions"}],"predecessor-version":[{"id":1126,"href":"https:\/\/bydcarchina.com\/es\/wp-json\/wp\/v2\/product\/552\/revisions\/1126"}],"wp:featuredmedia":[{"embeddable":true,"href":"https:\/\/bydcarchina.com\/es\/wp-json\/wp\/v2\/media\/571"}],"wp:attachment":[{"href":"https:\/\/bydcarchina.com\/es\/wp-json\/wp\/v2\/media?parent=552"}],"wp:term":[{"taxonomy":"product_brand","embeddable":true,"href":"https:\/\/bydcarchina.com\/es\/wp-json\/wp\/v2\/product_brand?post=552"},{"taxonomy":"product_cat","embeddable":true,"href":"https:\/\/bydcarchina.com\/es\/wp-json\/wp\/v2\/product_cat?post=552"},{"taxonomy":"product_tag","embeddable":true,"href":"https:\/\/bydcarchina.com\/es\/wp-json\/wp\/v2\/product_tag?post=552"}],"curies":[{"name":"wp","href":"https:\/\/api.w.org\/{rel}","templated":true}]}}