{"id":576,"date":"2025-09-11T12:37:18","date_gmt":"2025-09-11T12:37:18","guid":{"rendered":"https:\/\/bydcarchina.com\/?post_type=product&#038;p=576"},"modified":"2025-12-13T08:47:54","modified_gmt":"2025-12-13T08:47:54","slug":"byd-2025-han-dmi-intelligent-driving-edition","status":"publish","type":"product","link":"https:\/\/bydcarchina.com\/es\/product\/byd-2025-han-dmi-intelligent-driving-edition\/","title":{"rendered":"BYD 2025 Han DMI Edici\u00f3n de Conducci\u00f3n Inteligente"},"content":{"rendered":"<p data-start=\"0\" data-end=\"272\">Descubra una <strong data-start=\"11\" data-end=\"56\">berlina h\u00edbrida enchufable de altas prestaciones<\/strong> dise\u00f1ado para combinar larga autonom\u00eda el\u00e9ctrica, eficiencia turboalimentada y confort de nivel ejecutivo. Dise\u00f1ado para conductores que exigen sostenibilidad y prestaciones din\u00e1micas, ofrece los siguientes aspectos destacados:<\/p>\n<p data-start=\"274\" data-end=\"534\"><strong data-start=\"274\" data-end=\"317\">Sistema de propulsi\u00f3n h\u00edbrido enchufable turboalimentado:<\/strong><br data-start=\"317\" data-end=\"320\" \/>Impulsado por un <strong data-start=\"333\" data-end=\"375\">Motor 4 cilindros en l\u00ednea turboalimentado de 1,5 litros<\/strong> produciendo <strong data-start=\"386\" data-end=\"396\">156 CV<\/strong>, perfectamente integrado con un avanzado sistema h\u00edbrido enchufable para ofrecer una fuerte aceleraci\u00f3n manteniendo una excelente eficiencia de combustible.<\/p>\n<p data-start=\"536\" data-end=\"836\"><strong data-start=\"536\" data-end=\"577\">Excepcional capacidad el\u00e9ctrica pura:<\/strong><br data-start=\"577\" data-end=\"580\" \/>Ofrece m\u00faltiples configuraciones de bater\u00eda con un <strong data-start=\"626\" data-end=\"692\">Autonom\u00eda el\u00e9ctrica pura WLTC de hasta 180 km (102 km opcionales)<\/strong>. En <strong data-start=\"700\" data-end=\"786\">En las pruebas CLTC, la autonom\u00eda el\u00e9ctrica se ampl\u00eda hasta unos impresionantes 245 km (variante de 125 km).<\/strong>, que permite una conducci\u00f3n diaria prolongada sin emisiones.<\/p>\n<p data-start=\"838\" data-end=\"986\"><strong data-start=\"838\" data-end=\"865\">Rendimiento a alta velocidad:<\/strong><br data-start=\"865\" data-end=\"868\" \/>Con un <strong data-start=\"875\" data-end=\"900\">velocidad m\u00e1xima de 200 km\/h<\/strong>, La berlina ofrece una conducci\u00f3n segura en autopista y un rendimiento refinado en largas distancias.<\/p>\n<p data-start=\"988\" data-end=\"1137\"><strong data-start=\"988\" data-end=\"1024\">Espacioso dise\u00f1o de berlina ejecutiva:<\/strong><br data-start=\"1024\" data-end=\"1027\" \/>A <strong data-start=\"1029\" data-end=\"1062\">Carrocer\u00eda de 4 puertas y 5 plazas<\/strong> garantiza un generoso espacio en el habit\u00e1culo y confort tanto para uso profesional como familiar.<\/p>\n<p data-start=\"1139\" data-end=\"1306\"><strong data-start=\"1139\" data-end=\"1179\">Dimensiones grandes y bien proporcionadas:<\/strong><br data-start=\"1179\" data-end=\"1182\" \/>Medici\u00f3n <strong data-start=\"1192\" data-end=\"1220\">4.995 \u00d7 1.910 \u00d7 1.495 mm<\/strong>, El veh\u00edculo ofrece una postura amplia, una fuerte presencia en carretera y un excelente espacio interior.<\/p>\n<p data-start=\"1308\" data-end=\"1500\"><strong data-start=\"1308\" data-end=\"1337\">Equilibrio de peso optimizado:<\/strong><br data-start=\"1337\" data-end=\"1340\" \/>Con un <strong data-start=\"1347\" data-end=\"1386\">peso en vac\u00edo de 2.045 kg o 1.910 kg<\/strong>, La berlina equilibra la resistencia estructural, el confort de marcha y la eficiencia a trav\u00e9s de diferentes configuraciones de propulsi\u00f3n.<\/p>\n<p data-start=\"1502\" data-end=\"1754\" data-is-last-node=\"\" data-is-only-node=\"\">Combinaci\u00f3n de <strong data-start=\"1512\" data-end=\"1610\">rendimiento h\u00edbrido turboalimentado, autonom\u00eda el\u00e9ctrica l\u00edder en su clase y proporciones de berlina de tama\u00f1o completo.<\/strong>, Este modelo h\u00edbrido enchufable es una opci\u00f3n ideal para los conductores que buscan eficiencia el\u00e9ctrica sin renunciar a la potencia, el confort o el atractivo premium.<\/p>","protected":false},"excerpt":{"rendered":"<p>Discover a performance-oriented plug-in hybrid sedan designed to combine long electric range, turbocharged efficiency, and executive-level comfort. Engineered for drivers who demand both sustainability and dynamic performance, it delivers the following key highlights: Turbocharged Plug-in Hybrid Powertrain:Powered by a 1.5-liter turbocharged inline-4 engine producing 156 hp, seamlessly integrated with an advanced plug-in hybrid system to [&hellip;]<\/p>\n","protected":false},"featured_media":582,"comment_status":"open","ping_status":"closed","template":"","meta":[],"product_brand":[],"product_cat":[17],"product_tag":[],"class_list":{"0":"post-576","1":"product","2":"type-product","3":"status-publish","4":"has-post-thumbnail","6":"product_cat-uncategorized","8":"first","9":"instock","10":"shipping-taxable","11":"product-type-simple"},"_links":{"self":[{"href":"https:\/\/bydcarchina.com\/es\/wp-json\/wp\/v2\/product\/576","targetHints":{"allow":["GET"]}}],"collection":[{"href":"https:\/\/bydcarchina.com\/es\/wp-json\/wp\/v2\/product"}],"about":[{"href":"https:\/\/bydcarchina.com\/es\/wp-json\/wp\/v2\/types\/product"}],"replies":[{"embeddable":true,"href":"https:\/\/bydcarchina.com\/es\/wp-json\/wp\/v2\/comments?post=576"}],"version-history":[{"count":2,"href":"https:\/\/bydcarchina.com\/es\/wp-json\/wp\/v2\/product\/576\/revisions"}],"predecessor-version":[{"id":1128,"href":"https:\/\/bydcarchina.com\/es\/wp-json\/wp\/v2\/product\/576\/revisions\/1128"}],"wp:featuredmedia":[{"embeddable":true,"href":"https:\/\/bydcarchina.com\/es\/wp-json\/wp\/v2\/media\/582"}],"wp:attachment":[{"href":"https:\/\/bydcarchina.com\/es\/wp-json\/wp\/v2\/media?parent=576"}],"wp:term":[{"taxonomy":"product_brand","embeddable":true,"href":"https:\/\/bydcarchina.com\/es\/wp-json\/wp\/v2\/product_brand?post=576"},{"taxonomy":"product_cat","embeddable":true,"href":"https:\/\/bydcarchina.com\/es\/wp-json\/wp\/v2\/product_cat?post=576"},{"taxonomy":"product_tag","embeddable":true,"href":"https:\/\/bydcarchina.com\/es\/wp-json\/wp\/v2\/product_tag?post=576"}],"curies":[{"name":"wp","href":"https:\/\/api.w.org\/{rel}","templated":true}]}}