{"id":615,"date":"2025-09-11T13:10:09","date_gmt":"2025-09-11T13:10:09","guid":{"rendered":"https:\/\/bydcarchina.com\/?post_type=product&#038;p=615"},"modified":"2025-12-13T08:50:12","modified_gmt":"2025-12-13T08:50:12","slug":"byd-2025-song-ldmi-smart-driving-edition","status":"publish","type":"product","link":"https:\/\/bydcarchina.com\/es\/product\/byd-2025-song-ldmi-smart-driving-edition\/","title":{"rendered":"BYD 2025 Song LDMi Smart Driving Edition"},"content":{"rendered":"<p data-start=\"0\" data-end=\"258\">Descubra una <strong data-start=\"11\" data-end=\"43\">SUV h\u00edbrido enchufable vers\u00e1til<\/strong> dise\u00f1ado para combinar una gran autonom\u00eda el\u00e9ctrica, prestaciones eficientes de gasolina y practicidad en el d\u00eda a d\u00eda. Dise\u00f1ado para familias y conductores que buscan una movilidad electrificada flexible, ofrece los siguientes aspectos destacados:<\/p>\n<p data-start=\"260\" data-end=\"520\"><strong data-start=\"260\" data-end=\"299\">Sistema de propulsi\u00f3n h\u00edbrido enchufable avanzado:<\/strong><br data-start=\"299\" data-end=\"302\" \/>Impulsado por un <strong data-start=\"315\" data-end=\"351\">Motor de gasolina de 1,5 litros y 4 cilindros en l\u00ednea<\/strong> produciendo <strong data-start=\"362\" data-end=\"372\">101 CV<\/strong>, perfectamente integrado con un sistema h\u00edbrido enchufable inteligente para dar prioridad a la conducci\u00f3n el\u00e9ctrica y garantizar al mismo tiempo una capacidad fiable para largas distancias.<\/p>\n<p data-start=\"522\" data-end=\"859\"><strong data-start=\"522\" data-end=\"563\">Autonom\u00eda el\u00e9ctrica pura ampliada:<\/strong><br data-start=\"563\" data-end=\"566\" \/>Las m\u00faltiples configuraciones de bater\u00eda ofrecen una <strong data-start=\"606\" data-end=\"694\">Autonom\u00eda el\u00e9ctrica homologada WLTC de hasta 135 km (variantes de 100 km \/ 60 km \/ 91 km \/ 128 km)<\/strong>. En <strong data-start=\"702\" data-end=\"803\">Pruebas CLTC, la autonom\u00eda el\u00e9ctrica pura alcanza los 200 km (opciones de 130 km \/ 75 km \/ 112 km \/ 160 km)<\/strong>, lo que hace que los desplazamientos diarios con cero emisiones sean muy pr\u00e1cticos.<\/p>\n<p data-start=\"861\" data-end=\"1035\"><strong data-start=\"861\" data-end=\"886\">Rendimiento equilibrado:<\/strong><br data-start=\"886\" data-end=\"889\" \/>Con un <strong data-start=\"896\" data-end=\"921\">velocidad m\u00e1xima de 180 km\/h<\/strong>, El SUV ofrece una aceleraci\u00f3n suave y una velocidad de crucero estable en autopista, al tiempo que mantiene una excelente eficiencia general.<\/p>\n<p data-start=\"1037\" data-end=\"1214\"><strong data-start=\"1037\" data-end=\"1068\">Espacioso SUV de 5 puertas:<\/strong><br data-start=\"1068\" data-end=\"1071\" \/>A <strong data-start=\"1073\" data-end=\"1106\">Carrocer\u00eda de 5 puertas y 5 plazas<\/strong> ofrece un generoso espacio en el habit\u00e1culo, una capacidad de carga flexible y c\u00f3modos asientos para uso familiar o profesional.<\/p>\n<p data-start=\"1216\" data-end=\"1377\"><strong data-start=\"1216\" data-end=\"1253\">Dimensiones de un SUV bien proporcionado:<\/strong><br data-start=\"1253\" data-end=\"1256\" \/>Medici\u00f3n <strong data-start=\"1266\" data-end=\"1294\">4.780 \u00d7 1.898 \u00d7 1.670 mm<\/strong>, Con un dise\u00f1o m\u00e1s compacto, el veh\u00edculo ofrece una postura ancha, una altura de conducci\u00f3n elevada y una fuerte presencia en carretera.<\/p>\n<p data-start=\"1379\" data-end=\"1571\"><strong data-start=\"1379\" data-end=\"1402\">Construcci\u00f3n s\u00f3lida:<\/strong><br data-start=\"1402\" data-end=\"1405\" \/>Con <strong data-start=\"1410\" data-end=\"1460\">pesos en vac\u00edo de 2.225 kg a 2.375 kg<\/strong>, El SUV equilibra la resistencia estructural, el confort de marcha y la estabilidad con diferentes configuraciones de propulsi\u00f3n.<\/p>\n<p data-start=\"1573\" data-end=\"1815\" data-is-last-node=\"\" data-is-only-node=\"\">Combinaci\u00f3n de <strong data-start=\"1583\" data-end=\"1667\">Larga autonom\u00eda el\u00e9ctrica, eficiencia h\u00edbrida enchufable demostrada y un espacioso dise\u00f1o SUV.<\/strong>, Este modelo PHEV es una opci\u00f3n excelente para los conductores que buscan movilidad el\u00e9ctrica sin renunciar a la practicidad, el confort o la facilidad de uso diario.<\/p>","protected":false},"excerpt":{"rendered":"<p>Discover a versatile plug-in hybrid SUV engineered to combine long electric range, efficient petrol performance, and everyday practicality. Designed for families and drivers seeking flexible electrified mobility, it delivers the following key highlights: Advanced Plug-in Hybrid Powertrain:Powered by a 1.5-liter inline-4 petrol engine producing 101 hp, seamlessly integrated with an intelligent plug-in hybrid system to [&hellip;]<\/p>\n","protected":false},"featured_media":628,"comment_status":"open","ping_status":"closed","template":"","meta":[],"product_brand":[],"product_cat":[17],"product_tag":[],"class_list":{"0":"post-615","1":"product","2":"type-product","3":"status-publish","4":"has-post-thumbnail","6":"product_cat-uncategorized","8":"first","9":"instock","10":"shipping-taxable","11":"product-type-simple"},"_links":{"self":[{"href":"https:\/\/bydcarchina.com\/es\/wp-json\/wp\/v2\/product\/615","targetHints":{"allow":["GET"]}}],"collection":[{"href":"https:\/\/bydcarchina.com\/es\/wp-json\/wp\/v2\/product"}],"about":[{"href":"https:\/\/bydcarchina.com\/es\/wp-json\/wp\/v2\/types\/product"}],"replies":[{"embeddable":true,"href":"https:\/\/bydcarchina.com\/es\/wp-json\/wp\/v2\/comments?post=615"}],"version-history":[{"count":2,"href":"https:\/\/bydcarchina.com\/es\/wp-json\/wp\/v2\/product\/615\/revisions"}],"predecessor-version":[{"id":1131,"href":"https:\/\/bydcarchina.com\/es\/wp-json\/wp\/v2\/product\/615\/revisions\/1131"}],"wp:featuredmedia":[{"embeddable":true,"href":"https:\/\/bydcarchina.com\/es\/wp-json\/wp\/v2\/media\/628"}],"wp:attachment":[{"href":"https:\/\/bydcarchina.com\/es\/wp-json\/wp\/v2\/media?parent=615"}],"wp:term":[{"taxonomy":"product_brand","embeddable":true,"href":"https:\/\/bydcarchina.com\/es\/wp-json\/wp\/v2\/product_brand?post=615"},{"taxonomy":"product_cat","embeddable":true,"href":"https:\/\/bydcarchina.com\/es\/wp-json\/wp\/v2\/product_cat?post=615"},{"taxonomy":"product_tag","embeddable":true,"href":"https:\/\/bydcarchina.com\/es\/wp-json\/wp\/v2\/product_tag?post=615"}],"curies":[{"name":"wp","href":"https:\/\/api.w.org\/{rel}","templated":true}]}}