{"id":697,"date":"2025-09-11T13:31:37","date_gmt":"2025-09-11T13:31:37","guid":{"rendered":"https:\/\/bydcarchina.com\/?post_type=product&#038;p=697"},"modified":"2025-12-13T09:06:45","modified_gmt":"2025-12-13T09:06:45","slug":"byd-2025-atto-3-yuan-up-smart-driving-edition","status":"publish","type":"product","link":"https:\/\/bydcarchina.com\/es\/product\/byd-2025-atto-3-yuan-up-smart-driving-edition\/","title":{"rendered":"BYD 2025 Yuan Up Smart Driving Edition"},"content":{"rendered":"<p data-start=\"0\" data-end=\"229\">Descubra una <strong data-start=\"11\" data-end=\"45\">SUV el\u00e9ctrico puro moderno (BEV)<\/strong> dise\u00f1ado para ofrecer unas prestaciones equilibradas, una autonom\u00eda pr\u00e1ctica y versatilidad para el d\u00eda a d\u00eda. Dise\u00f1ado para satisfacer las necesidades tanto de los conductores urbanos como de las familias, ofrece los siguientes aspectos destacados:<\/p>\n<p data-start=\"231\" data-end=\"481\"><strong data-start=\"231\" data-end=\"259\">Cadena cinem\u00e1tica totalmente el\u00e9ctrica:<\/strong><br data-start=\"259\" data-end=\"262\" \/>Disponible con <strong data-start=\"277\" data-end=\"303\">49,92 kWh o 60,48 kWh<\/strong> opciones de bater\u00eda, ofreciendo un <strong data-start=\"334\" data-end=\"391\">autonom\u00eda el\u00e9ctrica pura de hasta 430 km o 510 km<\/strong>, por lo que es ideal para los desplazamientos diarios y los viajes m\u00e1s largos con cero emisiones de escape.<\/p>\n<p data-start=\"483\" data-end=\"700\"><strong data-start=\"483\" data-end=\"519\">Rendimiento suave y sensible:<\/strong><br data-start=\"519\" data-end=\"522\" \/>Acelera desde <strong data-start=\"539\" data-end=\"568\">0-100 km\/h en 7,3 segundos<\/strong>, que proporciona un rendimiento el\u00e9ctrico seguro y refinado. A <strong data-start=\"626\" data-end=\"651\">velocidad m\u00e1xima de 160 km\/h<\/strong> garantiza una conducci\u00f3n estable y c\u00f3moda en autopista.<\/p>\n<p data-start=\"702\" data-end=\"880\"><strong data-start=\"702\" data-end=\"736\">Tren motriz centrado en la eficiencia:<\/strong><br data-start=\"736\" data-end=\"739\" \/>En <strong data-start=\"743\" data-end=\"770\">tracci\u00f3n delantera (FWD)<\/strong> mejora la eficiencia energ\u00e9tica, la maniobrabilidad predecible y la facilidad de conducci\u00f3n en condiciones urbanas y de autopista.<\/p>\n<p data-start=\"882\" data-end=\"1089\"><strong data-start=\"882\" data-end=\"915\">Dise\u00f1o SUV bien proporcionado:<\/strong><br data-start=\"915\" data-end=\"918\" \/>Con unas dimensiones de <strong data-start=\"937\" data-end=\"965\">4.455 \u00d7 1.875 \u00d7 1.615 mm<\/strong>, El SUV ofrece una postura amplia, una altura de conducci\u00f3n elevada y un habit\u00e1culo espacioso, equilibrando la maniobrabilidad con el confort interior.<\/p>\n<p data-start=\"1091\" data-end=\"1327\" data-is-last-node=\"\" data-is-only-node=\"\">Combinaci\u00f3n de <strong data-start=\"1101\" data-end=\"1183\">autonom\u00eda el\u00e9ctrica pr\u00e1ctica, aceleraci\u00f3n suave y un formato SUV vers\u00e1til<\/strong>, Este modelo BEV es una excelente opci\u00f3n para los conductores que buscan una movilidad fiable y sin emisiones, sin comprometer la usabilidad o el confort cotidianos.<\/p>","protected":false},"excerpt":{"rendered":"<p>Discover a modern pure electric SUV (BEV) engineered for balanced performance, practical range, and everyday versatility. Designed to meet the needs of urban drivers and families alike, it offers the following key highlights: All-Electric Powertrain:Available with 49.92 kWh or 60.48 kWh battery options, delivering a pure electric driving range of up to 430 km or [&hellip;]<\/p>\n","protected":false},"featured_media":714,"comment_status":"open","ping_status":"closed","template":"","meta":[],"product_brand":[],"product_cat":[17],"product_tag":[],"class_list":{"0":"post-697","1":"product","2":"type-product","3":"status-publish","4":"has-post-thumbnail","6":"product_cat-uncategorized","8":"first","9":"instock","10":"shipping-taxable","11":"product-type-simple"},"_links":{"self":[{"href":"https:\/\/bydcarchina.com\/es\/wp-json\/wp\/v2\/product\/697","targetHints":{"allow":["GET"]}}],"collection":[{"href":"https:\/\/bydcarchina.com\/es\/wp-json\/wp\/v2\/product"}],"about":[{"href":"https:\/\/bydcarchina.com\/es\/wp-json\/wp\/v2\/types\/product"}],"replies":[{"embeddable":true,"href":"https:\/\/bydcarchina.com\/es\/wp-json\/wp\/v2\/comments?post=697"}],"version-history":[{"count":4,"href":"https:\/\/bydcarchina.com\/es\/wp-json\/wp\/v2\/product\/697\/revisions"}],"predecessor-version":[{"id":1139,"href":"https:\/\/bydcarchina.com\/es\/wp-json\/wp\/v2\/product\/697\/revisions\/1139"}],"wp:featuredmedia":[{"embeddable":true,"href":"https:\/\/bydcarchina.com\/es\/wp-json\/wp\/v2\/media\/714"}],"wp:attachment":[{"href":"https:\/\/bydcarchina.com\/es\/wp-json\/wp\/v2\/media?parent=697"}],"wp:term":[{"taxonomy":"product_brand","embeddable":true,"href":"https:\/\/bydcarchina.com\/es\/wp-json\/wp\/v2\/product_brand?post=697"},{"taxonomy":"product_cat","embeddable":true,"href":"https:\/\/bydcarchina.com\/es\/wp-json\/wp\/v2\/product_cat?post=697"},{"taxonomy":"product_tag","embeddable":true,"href":"https:\/\/bydcarchina.com\/es\/wp-json\/wp\/v2\/product_tag?post=697"}],"curies":[{"name":"wp","href":"https:\/\/api.w.org\/{rel}","templated":true}]}}