{"id":717,"date":"2025-09-13T14:06:41","date_gmt":"2025-09-13T14:06:41","guid":{"rendered":"https:\/\/bydcarchina.com\/?post_type=product&#038;p=717"},"modified":"2025-12-13T09:09:18","modified_gmt":"2025-12-13T09:09:18","slug":"formula-leopard-titanium-3","status":"publish","type":"product","link":"https:\/\/bydcarchina.com\/es\/product\/formula-leopard-titanium-3\/","title":{"rendered":"F\u00f3rmula Leopard Titanium 3"},"content":{"rendered":"<p data-start=\"0\" data-end=\"232\">Descubra una <strong data-start=\"11\" data-end=\"38\">SUV el\u00e9ctrico puro (BEV)<\/strong> Dise\u00f1ado para ofrecer eficiencia a largo plazo, prestaciones seguras y una conducci\u00f3n inteligente en el d\u00eda a d\u00eda. Dise\u00f1ado para satisfacer las exigencias de la moderna movilidad de emisiones cero, ofrece los siguientes aspectos destacados:<\/p>\n<p data-start=\"234\" data-end=\"470\"><strong data-start=\"234\" data-end=\"262\">Cadena cinem\u00e1tica totalmente el\u00e9ctrica:<\/strong><br data-start=\"262\" data-end=\"265\" \/>Accionado por un duradero <strong data-start=\"286\" data-end=\"326\">bater\u00eda de litio hierro fosfato (LFP)<\/strong>, entregando un <strong data-start=\"341\" data-end=\"394\">Autonom\u00eda de crucero el\u00e9ctrica pura de 501 km seg\u00fan el CLTC<\/strong>, ideal para desplazamientos diarios y viajes largos con cero emisiones de escape.<\/p>\n<p data-start=\"472\" data-end=\"642\"><strong data-start=\"472\" data-end=\"498\">Actuaci\u00f3n segura:<\/strong><br data-start=\"498\" data-end=\"501\" \/>Con un <strong data-start=\"508\" data-end=\"537\">velocidad m\u00e1xima de 201 km\/h<\/strong>, el SUV proporciona una fuerte aceleraci\u00f3n y una velocidad de crucero estable tanto en conducci\u00f3n urbana como en autopista.<\/p>\n<p data-start=\"644\" data-end=\"823\"><strong data-start=\"644\" data-end=\"674\">Arquitectura SUV espaciosa:<\/strong><br data-start=\"674\" data-end=\"677\" \/>Con una <strong data-start=\"689\" data-end=\"728\">Carrocer\u00eda SUV de 5 puertas y 5 plazas<\/strong>, Adem\u00e1s, ofrece un generoso espacio en el habit\u00e1culo, una capacidad de carga flexible y una excelente practicidad para el d\u00eda a d\u00eda.<\/p>\n<p data-start=\"825\" data-end=\"1027\"><strong data-start=\"825\" data-end=\"865\">Dimensiones equilibradas y presencia en carretera:<\/strong><br data-start=\"865\" data-end=\"868\" \/>Medici\u00f3n <strong data-start=\"878\" data-end=\"906\">4.605 \u00d7 1.900 \u00d7 1.720 mm<\/strong>, Con una altura de conducci\u00f3n elevada, el veh\u00edculo combina una postura ancha con una altura de conducci\u00f3n elevada para ofrecer confort, estabilidad y una presencia imponente en la carretera.<\/p>\n<p data-start=\"1029\" data-end=\"1260\"><strong data-start=\"1029\" data-end=\"1058\">Soporte de confort y seguridad:<\/strong><br data-start=\"1058\" data-end=\"1061\" \/>Equipado con <strong data-start=\"1075\" data-end=\"1095\">Neum\u00e1ticos 235\/60 R18<\/strong> para una calidad de conducci\u00f3n y un agarre equilibrados, junto con un <strong data-start=\"1145\" data-end=\"1183\">Sistema de c\u00e1mara panor\u00e1mica de 360 grados<\/strong> que mejora la visibilidad y la asistencia a la conducci\u00f3n en entornos urbanos estrechos.<\/p>\n<p data-start=\"1262\" data-end=\"1534\" data-is-last-node=\"\" data-is-only-node=\"\">Combinaci\u00f3n de <strong data-start=\"1272\" data-end=\"1370\">Gran autonom\u00eda el\u00e9ctrica, robusta tecnolog\u00eda de bater\u00edas LFP y funciones inteligentes de asistencia al conductor.<\/strong>, Este SUV BEV es la opci\u00f3n ideal para los conductores que buscan una movilidad el\u00e9ctrica fiable, eficiente y tecnol\u00f3gicamente avanzada sin renunciar al espacio ni a las prestaciones.<\/p>","protected":false},"excerpt":{"rendered":"<p>Discover a pure electric SUV (BEV) engineered for long-range efficiency, confident performance, and intelligent everyday driving. Designed to meet the demands of modern zero-emission mobility, it offers the following highlights: All-Electric Powertrain:Powered by a durable lithium iron phosphate (LFP) battery, delivering a CLTC-rated pure electric cruising range of 501 km, ideal for daily commuting and [&hellip;]<\/p>\n","protected":false},"featured_media":718,"comment_status":"open","ping_status":"closed","template":"","meta":[],"product_brand":[],"product_cat":[17],"product_tag":[],"class_list":{"0":"post-717","1":"product","2":"type-product","3":"status-publish","4":"has-post-thumbnail","6":"product_cat-uncategorized","8":"first","9":"instock","10":"shipping-taxable","11":"product-type-simple"},"_links":{"self":[{"href":"https:\/\/bydcarchina.com\/es\/wp-json\/wp\/v2\/product\/717","targetHints":{"allow":["GET"]}}],"collection":[{"href":"https:\/\/bydcarchina.com\/es\/wp-json\/wp\/v2\/product"}],"about":[{"href":"https:\/\/bydcarchina.com\/es\/wp-json\/wp\/v2\/types\/product"}],"replies":[{"embeddable":true,"href":"https:\/\/bydcarchina.com\/es\/wp-json\/wp\/v2\/comments?post=717"}],"version-history":[{"count":2,"href":"https:\/\/bydcarchina.com\/es\/wp-json\/wp\/v2\/product\/717\/revisions"}],"predecessor-version":[{"id":1144,"href":"https:\/\/bydcarchina.com\/es\/wp-json\/wp\/v2\/product\/717\/revisions\/1144"}],"wp:featuredmedia":[{"embeddable":true,"href":"https:\/\/bydcarchina.com\/es\/wp-json\/wp\/v2\/media\/718"}],"wp:attachment":[{"href":"https:\/\/bydcarchina.com\/es\/wp-json\/wp\/v2\/media?parent=717"}],"wp:term":[{"taxonomy":"product_brand","embeddable":true,"href":"https:\/\/bydcarchina.com\/es\/wp-json\/wp\/v2\/product_brand?post=717"},{"taxonomy":"product_cat","embeddable":true,"href":"https:\/\/bydcarchina.com\/es\/wp-json\/wp\/v2\/product_cat?post=717"},{"taxonomy":"product_tag","embeddable":true,"href":"https:\/\/bydcarchina.com\/es\/wp-json\/wp\/v2\/product_tag?post=717"}],"curies":[{"name":"wp","href":"https:\/\/api.w.org\/{rel}","templated":true}]}}