{"id":725,"date":"2025-09-13T14:09:05","date_gmt":"2025-09-13T14:09:05","guid":{"rendered":"https:\/\/bydcarchina.com\/?post_type=product&#038;p=725"},"modified":"2025-12-13T09:09:52","modified_gmt":"2025-12-13T09:09:52","slug":"formula-leopard-titanium-7","status":"publish","type":"product","link":"https:\/\/bydcarchina.com\/es\/product\/formula-leopard-titanium-7\/","title":{"rendered":"F\u00f3rmula Leopard Titanium 7"},"content":{"rendered":"<p data-start=\"0\" data-end=\"270\">Descubra una <strong data-start=\"11\" data-end=\"40\">robusto SUV h\u00edbrido enchufable<\/strong> dise\u00f1ado para ofrecer una gran autonom\u00eda el\u00e9ctrica, un rendimiento seguro y versatilidad para el d\u00eda a d\u00eda. Dise\u00f1ado para conductores que buscan eficiencia el\u00e9ctrica sin sacrificar espacio ni capacidad, ofrece los siguientes aspectos destacados:<\/p>\n<p data-start=\"272\" data-end=\"488\"><strong data-start=\"272\" data-end=\"307\">Sistema h\u00edbrido enchufable avanzado:<\/strong><br data-start=\"307\" data-end=\"310\" \/>Equipado con un <strong data-start=\"326\" data-end=\"366\">bater\u00eda de litio hierro fosfato (LFP)<\/strong>, Con el motor el\u00e9ctrico, el veh\u00edculo da prioridad a la conducci\u00f3n el\u00e9ctrica para el uso diario, al tiempo que mantiene la flexibilidad de la gasolina para los viajes largos.<\/p>\n<p data-start=\"490\" data-end=\"778\"><strong data-start=\"490\" data-end=\"532\">Autonom\u00eda de crucero el\u00e9ctrica pura ampliada:<\/strong><br data-start=\"532\" data-end=\"535\" \/>M\u00faltiples configuraciones ofrecen un <strong data-start=\"569\" data-end=\"641\">Autonom\u00eda el\u00e9ctrica homologada WLTC de hasta 140 km (variantes de 105 km \/ 130 km)<\/strong>. En <strong data-start=\"649\" data-end=\"733\">Pruebas CLTC, la autonom\u00eda el\u00e9ctrica pura alcanza los 200 km (135 km \/ 190 km opcionales)<\/strong>, que permite desplazamientos pr\u00e1cticos con cero emisiones.<\/p>\n<p data-start=\"780\" data-end=\"950\"><strong data-start=\"780\" data-end=\"811\">Rendimiento seguro en carretera:<\/strong><br data-start=\"811\" data-end=\"814\" \/>Con un <strong data-start=\"821\" data-end=\"850\">velocidad m\u00e1xima de 190 km\/h<\/strong>, El SUV ofrece una conducci\u00f3n estable en autopista y una entrega de potencia suave en diversas condiciones de conducci\u00f3n.<\/p>\n<p data-start=\"952\" data-end=\"1126\"><strong data-start=\"952\" data-end=\"985\">Dise\u00f1o de SUV espacioso de 5 plazas:<\/strong><br data-start=\"985\" data-end=\"988\" \/>A <strong data-start=\"990\" data-end=\"1023\">Carrocer\u00eda de 5 puertas y 5 plazas<\/strong> ofrece un generoso espacio en el habit\u00e1culo, una capacidad de carga flexible y confort tanto para un uso familiar como para un estilo de vida.<\/p>\n<p data-start=\"1128\" data-end=\"1317\"><strong data-start=\"1128\" data-end=\"1161\">Grande, dimensiones imponentes:<\/strong><br data-start=\"1161\" data-end=\"1164\" \/>Medici\u00f3n <strong data-start=\"1174\" data-end=\"1202\">4.999 \u00d7 1.995 \u00d7 1.865 mm<\/strong>, El SUV presenta una postura ancha y un perfil elevado, con una fuerte presencia en carretera y un excelente espacio interior.<\/p>\n<p data-start=\"1319\" data-end=\"1449\"><strong data-start=\"1319\" data-end=\"1342\">Conducci\u00f3n y agarre estables:<\/strong><br data-start=\"1342\" data-end=\"1345\" \/>Equipado con <strong data-start=\"1357\" data-end=\"1377\">Neum\u00e1ticos 255\/60 R19<\/strong>, El veh\u00edculo equilibra el confort de marcha, el agarre en carretera y la confianza fuera del asfalto.<\/p>\n<p data-start=\"1451\" data-end=\"1705\" data-is-last-node=\"\" data-is-only-node=\"\">Combinaci\u00f3n de <strong data-start=\"1461\" data-end=\"1548\">gran autonom\u00eda el\u00e9ctrica, tecnolog\u00eda de bater\u00edas LFP duradera y un espacioso formato SUV<\/strong>, Este modelo h\u00edbrido enchufable es una opci\u00f3n convincente para los conductores que se est\u00e1n pasando a la movilidad el\u00e9ctrica sin renunciar a la practicidad y las prestaciones cotidianas.<\/p>","protected":false},"excerpt":{"rendered":"<p>Discover a robust plug-in hybrid SUV engineered to deliver long electric-only range, confident performance, and everyday versatility. Designed for drivers seeking electrified efficiency without sacrificing space or capability, it offers the following key highlights: Advanced Plug-in Hybrid System:Equipped with a lithium iron phosphate (LFP) battery, the vehicle prioritizes electric driving for daily use while retaining [&hellip;]<\/p>\n","protected":false},"featured_media":737,"comment_status":"open","ping_status":"closed","template":"","meta":[],"product_brand":[],"product_cat":[17],"product_tag":[],"class_list":{"0":"post-725","1":"product","2":"type-product","3":"status-publish","4":"has-post-thumbnail","6":"product_cat-uncategorized","8":"first","9":"instock","10":"shipping-taxable","11":"product-type-simple"},"_links":{"self":[{"href":"https:\/\/bydcarchina.com\/es\/wp-json\/wp\/v2\/product\/725","targetHints":{"allow":["GET"]}}],"collection":[{"href":"https:\/\/bydcarchina.com\/es\/wp-json\/wp\/v2\/product"}],"about":[{"href":"https:\/\/bydcarchina.com\/es\/wp-json\/wp\/v2\/types\/product"}],"replies":[{"embeddable":true,"href":"https:\/\/bydcarchina.com\/es\/wp-json\/wp\/v2\/comments?post=725"}],"version-history":[{"count":2,"href":"https:\/\/bydcarchina.com\/es\/wp-json\/wp\/v2\/product\/725\/revisions"}],"predecessor-version":[{"id":1145,"href":"https:\/\/bydcarchina.com\/es\/wp-json\/wp\/v2\/product\/725\/revisions\/1145"}],"wp:featuredmedia":[{"embeddable":true,"href":"https:\/\/bydcarchina.com\/es\/wp-json\/wp\/v2\/media\/737"}],"wp:attachment":[{"href":"https:\/\/bydcarchina.com\/es\/wp-json\/wp\/v2\/media?parent=725"}],"wp:term":[{"taxonomy":"product_brand","embeddable":true,"href":"https:\/\/bydcarchina.com\/es\/wp-json\/wp\/v2\/product_brand?post=725"},{"taxonomy":"product_cat","embeddable":true,"href":"https:\/\/bydcarchina.com\/es\/wp-json\/wp\/v2\/product_cat?post=725"},{"taxonomy":"product_tag","embeddable":true,"href":"https:\/\/bydcarchina.com\/es\/wp-json\/wp\/v2\/product_tag?post=725"}],"curies":[{"name":"wp","href":"https:\/\/api.w.org\/{rel}","templated":true}]}}