{"id":752,"date":"2025-09-13T14:14:39","date_gmt":"2025-09-13T14:14:39","guid":{"rendered":"https:\/\/bydcarchina.com\/?post_type=product&#038;p=752"},"modified":"2025-12-13T09:11:55","modified_gmt":"2025-12-13T09:11:55","slug":"formula-leopard-8","status":"publish","type":"product","link":"https:\/\/bydcarchina.com\/es\/product\/formula-leopard-8\/","title":{"rendered":"F\u00f3rmula Leopard 8"},"content":{"rendered":"<p data-start=\"0\" data-end=\"221\">Descubra una <strong data-start=\"11\" data-end=\"39\">SUV h\u00edbrido enchufable de gran tama\u00f1o<\/strong> dise\u00f1ado para ofrecer un rendimiento potente, una eficiencia excepcional y una versatilidad de primera para varias filas de asientos. Dise\u00f1ado para familias y viajes ejecutivos, ofrece los siguientes aspectos destacados:<\/p>\n<p data-start=\"223\" data-end=\"484\"><strong data-start=\"223\" data-end=\"265\">Sistema de propulsi\u00f3n h\u00edbrido enchufable de alto rendimiento:<\/strong><br data-start=\"265\" data-end=\"268\" \/>Impulsado por un <strong data-start=\"281\" data-end=\"323\">Motor 4 cilindros en l\u00ednea turboalimentado de 2,0 litros<\/strong> produciendo <strong data-start=\"334\" data-end=\"344\">245 CV<\/strong>, perfectamente integrado con un avanzado sistema h\u00edbrido enchufable para proporcionar una fuerte aceleraci\u00f3n manteniendo una excelente eficiencia energ\u00e9tica.<\/p>\n<p data-start=\"486\" data-end=\"852\"><strong data-start=\"486\" data-end=\"528\">Funcionamiento el\u00e9ctrico e h\u00edbrido eficiente:<\/strong><br data-start=\"528\" data-end=\"531\" \/>Equipado con un <strong data-start=\"547\" data-end=\"587\">bater\u00eda de litio hierro fosfato (LFP)<\/strong>, El SUV ofrece <strong data-start=\"606\" data-end=\"659\">Autonom\u00eda de crucero el\u00e9ctrica pura de 100 km seg\u00fan el WLTC<\/strong>, ideal para la conducci\u00f3n diaria sin emisiones. Gracias al eficiente sistema h\u00edbrido, <strong data-start=\"739\" data-end=\"805\">El consumo total de combustible WLTC es de 1,79 l\/100 km.<\/strong>, reduciendo significativamente los costes totales de funcionamiento.<\/p>\n<p data-start=\"854\" data-end=\"1024\"><strong data-start=\"854\" data-end=\"888\">Rendimiento fiable en carretera:<\/strong><br data-start=\"888\" data-end=\"891\" \/>Con un <strong data-start=\"898\" data-end=\"927\">velocidad m\u00e1xima de 180 km\/h<\/strong>, Gracias a su motor de alta potencia, el veh\u00edculo ofrece una conducci\u00f3n suave y estable y una entrega de potencia refinada incluso a plena carga.<\/p>\n<p data-start=\"1026\" data-end=\"1231\"><strong data-start=\"1026\" data-end=\"1059\">Espacioso SUV de 6\/7 plazas:<\/strong><br data-start=\"1059\" data-end=\"1062\" \/>Con una <strong data-start=\"1074\" data-end=\"1115\">Carrocer\u00eda de 5 puertas, 6 \u00f3 7 plazas<\/strong>, Adem\u00e1s, ofrece configuraciones de asiento flexibles, un generoso espacio para las piernas y un excelente confort para familias o viajes de negocios.<\/p>\n<p data-start=\"1233\" data-end=\"1426\"><strong data-start=\"1233\" data-end=\"1262\">SUV de tama\u00f1o completo Dimensiones:<\/strong><br data-start=\"1262\" data-end=\"1265\" \/>Medici\u00f3n <strong data-start=\"1275\" data-end=\"1303\">5.195 \u00d7 1.994 \u00d7 1.905 mm<\/strong>, El SUV ofrece una presencia imponente en carretera, un amplio espacio interior y un mayor confort para los pasajeros en varias filas.<\/p>\n<p data-start=\"1428\" data-end=\"1686\" data-is-last-node=\"\" data-is-only-node=\"\">Combinaci\u00f3n de <strong data-start=\"1438\" data-end=\"1533\">potentes prestaciones turboalimentadas, bajo consumo de combustible y un espacioso dise\u00f1o de SUV multiplaza<\/strong>, Este modelo h\u00edbrido enchufable es la opci\u00f3n ideal para los conductores que buscan eficiencia el\u00e9ctrica sin renunciar a la potencia, el espacio o la capacidad para recorrer largas distancias.<\/p>","protected":false},"excerpt":{"rendered":"<p>Discover a large plug-in hybrid SUV engineered for powerful performance, outstanding efficiency, and premium multi-row versatility. Designed for families and executive travel, it delivers the following key highlights: High-Output Plug-in Hybrid Powertrain:Powered by a 2.0-liter turbocharged inline-4 engine producing 245 hp, seamlessly integrated with an advanced plug-in hybrid system to provide strong acceleration while maintaining [&hellip;]<\/p>\n","protected":false},"featured_media":756,"comment_status":"open","ping_status":"closed","template":"","meta":[],"product_brand":[],"product_cat":[17],"product_tag":[],"class_list":{"0":"post-752","1":"product","2":"type-product","3":"status-publish","4":"has-post-thumbnail","6":"product_cat-uncategorized","8":"first","9":"instock","10":"shipping-taxable","11":"product-type-simple"},"_links":{"self":[{"href":"https:\/\/bydcarchina.com\/es\/wp-json\/wp\/v2\/product\/752","targetHints":{"allow":["GET"]}}],"collection":[{"href":"https:\/\/bydcarchina.com\/es\/wp-json\/wp\/v2\/product"}],"about":[{"href":"https:\/\/bydcarchina.com\/es\/wp-json\/wp\/v2\/types\/product"}],"replies":[{"embeddable":true,"href":"https:\/\/bydcarchina.com\/es\/wp-json\/wp\/v2\/comments?post=752"}],"version-history":[{"count":3,"href":"https:\/\/bydcarchina.com\/es\/wp-json\/wp\/v2\/product\/752\/revisions"}],"predecessor-version":[{"id":1155,"href":"https:\/\/bydcarchina.com\/es\/wp-json\/wp\/v2\/product\/752\/revisions\/1155"}],"wp:featuredmedia":[{"embeddable":true,"href":"https:\/\/bydcarchina.com\/es\/wp-json\/wp\/v2\/media\/756"}],"wp:attachment":[{"href":"https:\/\/bydcarchina.com\/es\/wp-json\/wp\/v2\/media?parent=752"}],"wp:term":[{"taxonomy":"product_brand","embeddable":true,"href":"https:\/\/bydcarchina.com\/es\/wp-json\/wp\/v2\/product_brand?post=752"},{"taxonomy":"product_cat","embeddable":true,"href":"https:\/\/bydcarchina.com\/es\/wp-json\/wp\/v2\/product_cat?post=752"},{"taxonomy":"product_tag","embeddable":true,"href":"https:\/\/bydcarchina.com\/es\/wp-json\/wp\/v2\/product_tag?post=752"}],"curies":[{"name":"wp","href":"https:\/\/api.w.org\/{rel}","templated":true}]}}