{"id":762,"date":"2025-09-13T15:00:17","date_gmt":"2025-09-13T15:00:17","guid":{"rendered":"https:\/\/bydcarchina.com\/?post_type=product&#038;p=762"},"modified":"2025-12-13T09:15:32","modified_gmt":"2025-12-13T09:15:32","slug":"denza-n7","status":"publish","type":"product","link":"https:\/\/bydcarchina.com\/es\/product\/denza-n7\/","title":{"rendered":"Denza N7"},"content":{"rendered":"<p data-start=\"0\" data-end=\"265\">Descubra una <strong data-start=\"11\" data-end=\"49\">SUV el\u00e9ctrico puro de larga autonom\u00eda (BEV)<\/strong> dise\u00f1ado para ofrecer una mayor capacidad de conducci\u00f3n, un rendimiento seguro y un uso diario de primera calidad. Dise\u00f1ado para conductores que dan prioridad a la autonom\u00eda sin renunciar al espacio ni al dinamismo, ofrece los siguientes aspectos destacados:<\/p>\n<p data-start=\"267\" data-end=\"487\"><strong data-start=\"267\" data-end=\"312\">Cadena cinem\u00e1tica totalmente el\u00e9ctrica de autonom\u00eda ultra larga:<\/strong><br data-start=\"312\" data-end=\"315\" \/>Ofrece un impresionante <strong data-start=\"338\" data-end=\"398\">Autonom\u00eda el\u00e9ctrica pura CLTC de hasta 702 km o 630 km<\/strong>, El motor de gasolina de la Serie A, que ofrece una confianza excepcional para los viajes de larga distancia con cero emisiones de escape.<\/p>\n<p data-start=\"489\" data-end=\"668\"><strong data-start=\"489\" data-end=\"523\">Rendimiento el\u00e9ctrico equilibrado:<\/strong><br data-start=\"523\" data-end=\"526\" \/>Con un <strong data-start=\"533\" data-end=\"558\">velocidad m\u00e1xima de 180 km\/h<\/strong>, El SUV ofrece una aceleraci\u00f3n suave y una estabilidad de crucero en autopista adecuada para el uso diario y los viajes largos.<\/p>\n<p data-start=\"670\" data-end=\"879\"><strong data-start=\"670\" data-end=\"702\">Opciones de transmisi\u00f3n flexibles:<\/strong><br data-start=\"702\" data-end=\"705\" \/>Disponible en <strong data-start=\"718\" data-end=\"769\">tracci\u00f3n trasera (RWD) o tracci\u00f3n total (AWD)<\/strong> que garantizan un equilibrio entre eficiencia, precisi\u00f3n de manejo y tracci\u00f3n mejorada cuando es necesario.<\/p>\n<p data-start=\"881\" data-end=\"1064\"><strong data-start=\"881\" data-end=\"911\">Arquitectura SUV espaciosa:<\/strong><br data-start=\"911\" data-end=\"914\" \/>Incluye un pr\u00e1ctico <strong data-start=\"935\" data-end=\"966\">SUV de 5 puertas y 5 plazas<\/strong>, con un generoso espacio para los pasajeros y una vers\u00e1til capacidad de carga para satisfacer las necesidades de la familia y su estilo de vida.<\/p>\n<p data-start=\"1066\" data-end=\"1302\"><strong data-start=\"1066\" data-end=\"1096\">S\u00f3lida construcci\u00f3n y proporciones:<\/strong><br data-start=\"1096\" data-end=\"1099\" \/>Con un <strong data-start=\"1106\" data-end=\"1145\">peso en vac\u00edo de 2.320 kg o 2.440 kg<\/strong> y dimensiones de <strong data-start=\"1164\" data-end=\"1192\">4.860 \u00d7 1.935 \u00d7 1.620 mm<\/strong>, Con su dise\u00f1o de l\u00edneas rectas, el veh\u00edculo combina una postura ancha con un perfil elegante para ofrecer estabilidad, confort y una presencia en carretera de primera calidad.<\/p>\n<p data-start=\"1304\" data-end=\"1553\" data-is-last-node=\"\" data-is-only-node=\"\">Combinaci\u00f3n de <strong data-start=\"1314\" data-end=\"1410\">autonom\u00eda el\u00e9ctrica l\u00edder en su clase, opciones avanzadas de transmisi\u00f3n y un refinado dise\u00f1o de SUV mediano<\/strong>, Este BEV es una opci\u00f3n excelente para los conductores que buscan una movilidad de larga distancia sin emisiones y sin comprometer el confort, el espacio o las prestaciones.<\/p>","protected":false},"excerpt":{"rendered":"<p>Discover a long-range pure electric SUV (BEV) engineered for extended driving capability, confident performance, and premium everyday usability. Designed for drivers who prioritize range without sacrificing space or dynamics, it offers the following highlights: Ultra-Long-Range All-Electric Powertrain:Delivers an impressive CLTC-rated pure electric range of up to 702 km or 630 km, providing exceptional confidence for [&hellip;]<\/p>\n","protected":false},"featured_media":771,"comment_status":"open","ping_status":"closed","template":"","meta":[],"product_brand":[],"product_cat":[17],"product_tag":[],"class_list":{"0":"post-762","1":"product","2":"type-product","3":"status-publish","4":"has-post-thumbnail","6":"product_cat-uncategorized","8":"first","9":"instock","10":"shipping-taxable","11":"product-type-simple"},"_links":{"self":[{"href":"https:\/\/bydcarchina.com\/es\/wp-json\/wp\/v2\/product\/762","targetHints":{"allow":["GET"]}}],"collection":[{"href":"https:\/\/bydcarchina.com\/es\/wp-json\/wp\/v2\/product"}],"about":[{"href":"https:\/\/bydcarchina.com\/es\/wp-json\/wp\/v2\/types\/product"}],"replies":[{"embeddable":true,"href":"https:\/\/bydcarchina.com\/es\/wp-json\/wp\/v2\/comments?post=762"}],"version-history":[{"count":2,"href":"https:\/\/bydcarchina.com\/es\/wp-json\/wp\/v2\/product\/762\/revisions"}],"predecessor-version":[{"id":1159,"href":"https:\/\/bydcarchina.com\/es\/wp-json\/wp\/v2\/product\/762\/revisions\/1159"}],"wp:featuredmedia":[{"embeddable":true,"href":"https:\/\/bydcarchina.com\/es\/wp-json\/wp\/v2\/media\/771"}],"wp:attachment":[{"href":"https:\/\/bydcarchina.com\/es\/wp-json\/wp\/v2\/media?parent=762"}],"wp:term":[{"taxonomy":"product_brand","embeddable":true,"href":"https:\/\/bydcarchina.com\/es\/wp-json\/wp\/v2\/product_brand?post=762"},{"taxonomy":"product_cat","embeddable":true,"href":"https:\/\/bydcarchina.com\/es\/wp-json\/wp\/v2\/product_cat?post=762"},{"taxonomy":"product_tag","embeddable":true,"href":"https:\/\/bydcarchina.com\/es\/wp-json\/wp\/v2\/product_tag?post=762"}],"curies":[{"name":"wp","href":"https:\/\/api.w.org\/{rel}","templated":true}]}}