{"id":780,"date":"2025-09-13T15:02:40","date_gmt":"2025-09-13T15:02:40","guid":{"rendered":"https:\/\/bydcarchina.com\/?post_type=product&#038;p=780"},"modified":"2025-12-13T09:14:02","modified_gmt":"2025-12-13T09:14:02","slug":"denza-d9","status":"publish","type":"product","link":"https:\/\/bydcarchina.com\/es\/product\/denza-d9\/","title":{"rendered":"Denza D9 DM-i"},"content":{"rendered":"<p data-start=\"0\" data-end=\"234\">Descubra una <strong data-start=\"11\" data-end=\"41\">monovolumen h\u00edbrido enchufable premium<\/strong> dise\u00f1ado para ofrecer una gran autonom\u00eda el\u00e9ctrica, eficiencia turboalimentada y un espacioso confort de siete plazas. Dise\u00f1ado para los viajes en familia y el transporte de ejecutivos, ofrece los siguientes aspectos destacados:<\/p>\n<p data-start=\"236\" data-end=\"492\"><strong data-start=\"236\" data-end=\"279\">Sistema de propulsi\u00f3n h\u00edbrido enchufable turboalimentado:<\/strong><br data-start=\"279\" data-end=\"282\" \/>Impulsado por un <strong data-start=\"295\" data-end=\"337\">Motor 4 cilindros en l\u00ednea turboalimentado de 1,5 litros<\/strong> produciendo <strong data-start=\"348\" data-end=\"358\">156 CV<\/strong>, perfectamente integrado con un avanzado sistema h\u00edbrido enchufable para ofrecer unas prestaciones suaves y de gran respuesta con una elevada eficiencia global.<\/p>\n<p data-start=\"494\" data-end=\"799\"><strong data-start=\"494\" data-end=\"532\">Capacidad el\u00e9ctrica pura ampliada:<\/strong><br data-start=\"532\" data-end=\"535\" \/>Disponible en m\u00faltiples configuraciones, ofrece un <strong data-start=\"584\" data-end=\"645\">Autonom\u00eda el\u00e9ctrica WLTC de hasta 155 km (145 km opcionales)<\/strong>. En <strong data-start=\"653\" data-end=\"728\">Pruebas CLTC, la autonom\u00eda el\u00e9ctrica pura alcanza los 200 km (variante de 190 km)<\/strong>, de emisiones, lo que hace que la conducci\u00f3n diaria sin emisiones sea pr\u00e1ctica y rentable.<\/p>\n<p data-start=\"801\" data-end=\"971\"><strong data-start=\"801\" data-end=\"834\">Rendimiento s\u00f3lido y refinado:<\/strong><br data-start=\"834\" data-end=\"837\" \/>Con un <strong data-start=\"844\" data-end=\"869\">velocidad m\u00e1xima de 220 km\/h<\/strong>, El monovolumen ofrece una conducci\u00f3n segura en autopista y una aceleraci\u00f3n suave incluso con el habit\u00e1culo lleno.<\/p>\n<p data-start=\"973\" data-end=\"1184\"><strong data-start=\"973\" data-end=\"1005\">Opciones de transmisi\u00f3n flexibles:<\/strong><br data-start=\"1005\" data-end=\"1008\" \/>Se ofrece en <strong data-start=\"1019\" data-end=\"1050\">tracci\u00f3n delantera (FAW)<\/strong> o <strong data-start=\"1054\" data-end=\"1079\">tracci\u00f3n total (AWD)<\/strong> que proporcionan un equilibrio entre eficiencia y tracci\u00f3n mejorada para diversas condiciones de la carretera.<\/p>\n<p data-start=\"1186\" data-end=\"1395\"><strong data-start=\"1186\" data-end=\"1217\">Espacioso monovolumen de 7 plazas:<\/strong><br data-start=\"1217\" data-end=\"1220\" \/>A <strong data-start=\"1222\" data-end=\"1257\">Carrocer\u00eda de 5 puertas y 7 plazas<\/strong> garantiza un generoso espacio interior, una distribuci\u00f3n flexible de los asientos y un excelente confort para familias, viajes de negocios o viajes en coche.<\/p>\n<p data-start=\"1397\" data-end=\"1572\"><strong data-start=\"1397\" data-end=\"1422\">Monovolumen grande Dimensiones:<\/strong><br data-start=\"1422\" data-end=\"1425\" \/>Medici\u00f3n <strong data-start=\"1435\" data-end=\"1463\">5.250 \u00d7 1.960 \u00d7 1.900 mm<\/strong>, Con una presencia imponente, un amplio espacio para la cabeza y un confort superior en las tres filas del habit\u00e1culo.<\/p>\n<p data-start=\"1574\" data-end=\"1817\" data-is-last-node=\"\" data-is-only-node=\"\">Combinaci\u00f3n de <strong data-start=\"1584\" data-end=\"1677\">larga autonom\u00eda el\u00e9ctrica, rendimiento h\u00edbrido turboalimentado y practicidad premium para siete plazas<\/strong>, Este monovolumen h\u00edbrido enchufable es la opci\u00f3n ideal para los conductores que buscan eficiencia el\u00e9ctrica sin renunciar al espacio, el confort o la versatilidad.<\/p>","protected":false},"excerpt":{"rendered":"<p>Discover a premium plug-in hybrid MPV engineered to deliver long electric range, turbocharged efficiency, and spacious seven-seat comfort. Designed for family travel and executive transport, it offers the following key highlights: Turbocharged Plug-in Hybrid Powertrain:Powered by a 1.5-liter turbocharged inline-4 engine producing 156 hp, seamlessly integrated with an advanced plug-in hybrid system to deliver smooth, [&hellip;]<\/p>\n","protected":false},"featured_media":781,"comment_status":"open","ping_status":"closed","template":"","meta":[],"product_brand":[],"product_cat":[17],"product_tag":[],"class_list":{"0":"post-780","1":"product","2":"type-product","3":"status-publish","4":"has-post-thumbnail","6":"product_cat-uncategorized","8":"first","9":"instock","10":"shipping-taxable","11":"product-type-simple"},"_links":{"self":[{"href":"https:\/\/bydcarchina.com\/es\/wp-json\/wp\/v2\/product\/780","targetHints":{"allow":["GET"]}}],"collection":[{"href":"https:\/\/bydcarchina.com\/es\/wp-json\/wp\/v2\/product"}],"about":[{"href":"https:\/\/bydcarchina.com\/es\/wp-json\/wp\/v2\/types\/product"}],"replies":[{"embeddable":true,"href":"https:\/\/bydcarchina.com\/es\/wp-json\/wp\/v2\/comments?post=780"}],"version-history":[{"count":3,"href":"https:\/\/bydcarchina.com\/es\/wp-json\/wp\/v2\/product\/780\/revisions"}],"predecessor-version":[{"id":1158,"href":"https:\/\/bydcarchina.com\/es\/wp-json\/wp\/v2\/product\/780\/revisions\/1158"}],"wp:featuredmedia":[{"embeddable":true,"href":"https:\/\/bydcarchina.com\/es\/wp-json\/wp\/v2\/media\/781"}],"wp:attachment":[{"href":"https:\/\/bydcarchina.com\/es\/wp-json\/wp\/v2\/media?parent=780"}],"wp:term":[{"taxonomy":"product_brand","embeddable":true,"href":"https:\/\/bydcarchina.com\/es\/wp-json\/wp\/v2\/product_brand?post=780"},{"taxonomy":"product_cat","embeddable":true,"href":"https:\/\/bydcarchina.com\/es\/wp-json\/wp\/v2\/product_cat?post=780"},{"taxonomy":"product_tag","embeddable":true,"href":"https:\/\/bydcarchina.com\/es\/wp-json\/wp\/v2\/product_tag?post=780"}],"curies":[{"name":"wp","href":"https:\/\/api.w.org\/{rel}","templated":true}]}}