{"id":807,"date":"2025-09-13T15:20:23","date_gmt":"2025-09-13T15:20:23","guid":{"rendered":"https:\/\/bydcarchina.com\/?post_type=product&#038;p=807"},"modified":"2025-12-13T09:18:32","modified_gmt":"2025-12-13T09:18:32","slug":"yangwang-u7","status":"publish","type":"product","link":"https:\/\/bydcarchina.com\/es\/product\/yangwang-u7\/","title":{"rendered":"YangWang U7"},"content":{"rendered":"<p data-start=\"0\" data-end=\"292\">Descubra una <strong data-start=\"11\" data-end=\"68\">gran turismo h\u00edbrido enchufable de altas prestaciones<\/strong> dise\u00f1ado para ofrecer una aceleraci\u00f3n extrema, una mayor autonom\u00eda y una presencia de clase ejecutiva. Dise\u00f1ado para conductores que exigen prestaciones de supercoche con eficiencia en largas distancias, ofrece los siguientes aspectos destacados:<\/p>\n<p data-start=\"294\" data-end=\"560\"><strong data-start=\"294\" data-end=\"336\">Sistema de propulsi\u00f3n h\u00edbrido enchufable de alto rendimiento:<\/strong><br data-start=\"336\" data-end=\"339\" \/>Impulsado por un <strong data-start=\"352\" data-end=\"394\">Motor 4 cilindros en l\u00ednea turboalimentado de 2,0 litros<\/strong> produciendo <strong data-start=\"405\" data-end=\"415\">272 CV<\/strong>, perfectamente integrado con un sistema de propulsi\u00f3n el\u00e9ctrica de alto rendimiento para ofrecer una aceleraci\u00f3n explosiva manteniendo una eficiencia excepcional.<\/p>\n<p data-start=\"562\" data-end=\"789\"><strong data-start=\"562\" data-end=\"600\">Autonom\u00eda combinada extralarga:<\/strong><br data-start=\"600\" data-end=\"603\" \/>Con un <strong data-start=\"610\" data-end=\"657\">Autonom\u00eda combinada CLTC de hasta 1.000 km<\/strong>, Adem\u00e1s, el veh\u00edculo ofrece una extraordinaria capacidad para recorrer largas distancias, minimizando las paradas para cargar y repostar sin comprometer el rendimiento.<\/p>\n<p data-start=\"791\" data-end=\"1033\"><strong data-start=\"791\" data-end=\"822\">Prestaciones de supercoche:<\/strong><br data-start=\"822\" data-end=\"825\" \/>Acelera desde <strong data-start=\"842\" data-end=\"876\">0-100 km\/h en s\u00f3lo 2,9 segundos<\/strong>, lo que lo sit\u00faa firmemente en el territorio de las altas prestaciones. A <strong data-start=\"929\" data-end=\"954\">velocidad m\u00e1xima de 270 km\/h<\/strong> garantiza una estabilidad sostenida a alta velocidad y una capacidad de gran turismo segura.<\/p>\n<p data-start=\"1035\" data-end=\"1215\"><strong data-start=\"1035\" data-end=\"1068\">Grande, proporciones ejecutivas:<\/strong><br data-start=\"1068\" data-end=\"1071\" \/>Medici\u00f3n <strong data-start=\"1081\" data-end=\"1109\">5.360 \u00d7 2.000 \u00d7 1.515 mm<\/strong>, Con una presencia imponente en carretera, un habit\u00e1culo espacioso y un perfil aerodin\u00e1mico y elegante.<\/p>\n<p data-start=\"1217\" data-end=\"1401\"><strong data-start=\"1217\" data-end=\"1254\">Construcci\u00f3n orientada al rendimiento:<\/strong><br data-start=\"1254\" data-end=\"1257\" \/>Con un <strong data-start=\"1264\" data-end=\"1291\">Peso en vac\u00edo de 3.223 kg<\/strong>, La estructura est\u00e1 dise\u00f1ada para ofrecer rigidez, estabilidad a alta velocidad y una refinada calidad de conducci\u00f3n a velocidades elevadas.<\/p>\n<p data-start=\"1403\" data-end=\"1661\" data-is-last-node=\"\" data-is-only-node=\"\">Combinaci\u00f3n de <strong data-start=\"1413\" data-end=\"1494\">aceleraci\u00f3n extrema, autonom\u00eda ultralarga y dimensiones de buque insignia<\/strong>, Este modelo h\u00edbrido enchufable representa un nuevo punto de referencia para los veh\u00edculos de lujo electrificados de altas prestaciones, ya que ofrece la emoci\u00f3n de un supercoche con la practicidad de un gran turismo.<\/p>","protected":false},"excerpt":{"rendered":"<p>Discover a flagship high-performance plug-in hybrid grand tourer engineered to deliver extreme acceleration, extended driving range, and executive-class presence. Designed for drivers who demand supercar-level performance with long-distance efficiency, it offers the following highlights: High-Output Plug-in Hybrid Powertrain:Powered by a 2.0-liter turbocharged inline-4 engine producing 272 hp, seamlessly integrated with a high-performance electric drive system [&hellip;]<\/p>\n","protected":false},"featured_media":814,"comment_status":"open","ping_status":"closed","template":"","meta":[],"product_brand":[],"product_cat":[17],"product_tag":[],"class_list":{"0":"post-807","1":"product","2":"type-product","3":"status-publish","4":"has-post-thumbnail","6":"product_cat-uncategorized","8":"first","9":"instock","10":"shipping-taxable","11":"product-type-simple"},"_links":{"self":[{"href":"https:\/\/bydcarchina.com\/es\/wp-json\/wp\/v2\/product\/807","targetHints":{"allow":["GET"]}}],"collection":[{"href":"https:\/\/bydcarchina.com\/es\/wp-json\/wp\/v2\/product"}],"about":[{"href":"https:\/\/bydcarchina.com\/es\/wp-json\/wp\/v2\/types\/product"}],"replies":[{"embeddable":true,"href":"https:\/\/bydcarchina.com\/es\/wp-json\/wp\/v2\/comments?post=807"}],"version-history":[{"count":3,"href":"https:\/\/bydcarchina.com\/es\/wp-json\/wp\/v2\/product\/807\/revisions"}],"predecessor-version":[{"id":1162,"href":"https:\/\/bydcarchina.com\/es\/wp-json\/wp\/v2\/product\/807\/revisions\/1162"}],"wp:featuredmedia":[{"embeddable":true,"href":"https:\/\/bydcarchina.com\/es\/wp-json\/wp\/v2\/media\/814"}],"wp:attachment":[{"href":"https:\/\/bydcarchina.com\/es\/wp-json\/wp\/v2\/media?parent=807"}],"wp:term":[{"taxonomy":"product_brand","embeddable":true,"href":"https:\/\/bydcarchina.com\/es\/wp-json\/wp\/v2\/product_brand?post=807"},{"taxonomy":"product_cat","embeddable":true,"href":"https:\/\/bydcarchina.com\/es\/wp-json\/wp\/v2\/product_cat?post=807"},{"taxonomy":"product_tag","embeddable":true,"href":"https:\/\/bydcarchina.com\/es\/wp-json\/wp\/v2\/product_tag?post=807"}],"curies":[{"name":"wp","href":"https:\/\/api.w.org\/{rel}","templated":true}]}}