{"id":817,"date":"2025-09-13T15:24:47","date_gmt":"2025-09-13T15:24:47","guid":{"rendered":"https:\/\/bydcarchina.com\/?post_type=product&#038;p=817"},"modified":"2025-12-13T09:18:58","modified_gmt":"2025-12-13T09:18:58","slug":"yangwang-u8-deluxe-edition","status":"publish","type":"product","link":"https:\/\/bydcarchina.com\/es\/product\/yangwang-u8-deluxe-edition\/","title":{"rendered":"YangWang U8 Edici\u00f3n Deluxe"},"content":{"rendered":"<p data-start=\"0\" data-end=\"288\">Descubra una <strong data-start=\"11\" data-end=\"70\">veh\u00edculo el\u00e9ctrico de autonom\u00eda extendida de altas prestaciones (EREV)<\/strong> dise\u00f1ado para combinar la conducci\u00f3n el\u00e9ctrica pura, la flexibilidad de la autonom\u00eda extendida y la capacidad de un SUV de tama\u00f1o completo. Dise\u00f1ado para conductores que exigen potencia, espacio y confianza en las largas distancias, ofrece los siguientes aspectos destacados:<\/p>\n<p data-start=\"290\" data-end=\"578\"><strong data-start=\"290\" data-end=\"329\">Cadena cinem\u00e1tica el\u00e9ctrica de autonom\u00eda extendida:<\/strong><br data-start=\"329\" data-end=\"332\" \/>Equipado con un <strong data-start=\"348\" data-end=\"369\">Bater\u00eda de 49,05 kWh<\/strong>, El sistema EREV prioriza la conducci\u00f3n el\u00e9ctrica y utiliza un extensor de autonom\u00eda para eliminar la ansiedad de autonom\u00eda. La autonom\u00eda el\u00e9ctrica pura alcanza <strong data-start=\"509\" data-end=\"542\">hasta 180 km (variante de 124 km)<\/strong>, ideal para un uso diario sin emisiones.<\/p>\n<p data-start=\"580\" data-end=\"780\"><strong data-start=\"580\" data-end=\"606\">Rendimiento explosivo:<\/strong><br data-start=\"606\" data-end=\"609\" \/>Acelera desde <strong data-start=\"626\" data-end=\"660\">0-100 km\/h en s\u00f3lo 3,6 segundos<\/strong>, con una capacidad de respuesta de coche deportivo. A <strong data-start=\"708\" data-end=\"733\">velocidad m\u00e1xima de 200 km\/h<\/strong> garantiza un rendimiento s\u00f3lido y estable en carretera.<\/p>\n<p data-start=\"782\" data-end=\"945\"><strong data-start=\"782\" data-end=\"810\">Capacidad 4x4 avanzada:<\/strong><br data-start=\"810\" data-end=\"813\" \/>En <strong data-start=\"817\" data-end=\"843\">tracci\u00f3n a las cuatro ruedas (4x4)<\/strong> proporciona una excelente tracci\u00f3n, estabilidad y control en diversas condiciones de carretera y conducci\u00f3n.<\/p>\n<p data-start=\"947\" data-end=\"1151\"><strong data-start=\"947\" data-end=\"977\">Proporciones de todoterreno:<\/strong><br data-start=\"977\" data-end=\"980\" \/>Con unas dimensiones de <strong data-start=\"999\" data-end=\"1027\">5.259 \u00d7 2.095 \u00d7 2.034 mm<\/strong>, Adem\u00e1s, el veh\u00edculo ofrece una presencia imponente en carretera, un amplio espacio interior y un confort excepcional para los pasajeros y la carga.<\/p>\n<p data-start=\"1153\" data-end=\"1385\" data-is-last-node=\"\" data-is-only-node=\"\">Combinaci\u00f3n de <strong data-start=\"1163\" data-end=\"1255\">conducci\u00f3n el\u00e9ctrica, aceleraci\u00f3n extrema, seguridad 4x4 y funcionalidad de SUV grande<\/strong>, Este modelo EREV es una soluci\u00f3n ideal para los usuarios que buscan prestaciones electrificadas sin renunciar a la autonom\u00eda, la potencia o la versatilidad.<\/p>","protected":false},"excerpt":{"rendered":"<p>Discover a high-performance extended-range electric vehicle (EREV) engineered to combine pure electric driving, range-extending flexibility, and full-size SUV capability. Designed for drivers who demand power, space, and long-distance confidence, it delivers the following highlights: Extended-Range Electric Powertrain:Equipped with a 49.05 kWh battery, the EREV system prioritizes electric driving while using a range extender to eliminate [&hellip;]<\/p>\n","protected":false},"featured_media":829,"comment_status":"open","ping_status":"closed","template":"","meta":[],"product_brand":[],"product_cat":[17],"product_tag":[],"class_list":{"0":"post-817","1":"product","2":"type-product","3":"status-publish","4":"has-post-thumbnail","6":"product_cat-uncategorized","8":"first","9":"instock","10":"shipping-taxable","11":"product-type-simple"},"_links":{"self":[{"href":"https:\/\/bydcarchina.com\/es\/wp-json\/wp\/v2\/product\/817","targetHints":{"allow":["GET"]}}],"collection":[{"href":"https:\/\/bydcarchina.com\/es\/wp-json\/wp\/v2\/product"}],"about":[{"href":"https:\/\/bydcarchina.com\/es\/wp-json\/wp\/v2\/types\/product"}],"replies":[{"embeddable":true,"href":"https:\/\/bydcarchina.com\/es\/wp-json\/wp\/v2\/comments?post=817"}],"version-history":[{"count":2,"href":"https:\/\/bydcarchina.com\/es\/wp-json\/wp\/v2\/product\/817\/revisions"}],"predecessor-version":[{"id":1163,"href":"https:\/\/bydcarchina.com\/es\/wp-json\/wp\/v2\/product\/817\/revisions\/1163"}],"wp:featuredmedia":[{"embeddable":true,"href":"https:\/\/bydcarchina.com\/es\/wp-json\/wp\/v2\/media\/829"}],"wp:attachment":[{"href":"https:\/\/bydcarchina.com\/es\/wp-json\/wp\/v2\/media?parent=817"}],"wp:term":[{"taxonomy":"product_brand","embeddable":true,"href":"https:\/\/bydcarchina.com\/es\/wp-json\/wp\/v2\/product_brand?post=817"},{"taxonomy":"product_cat","embeddable":true,"href":"https:\/\/bydcarchina.com\/es\/wp-json\/wp\/v2\/product_cat?post=817"},{"taxonomy":"product_tag","embeddable":true,"href":"https:\/\/bydcarchina.com\/es\/wp-json\/wp\/v2\/product_tag?post=817"}],"curies":[{"name":"wp","href":"https:\/\/api.w.org\/{rel}","templated":true}]}}