{"id":224,"date":"2025-09-01T22:05:41","date_gmt":"2025-09-01T22:05:41","guid":{"rendered":"https:\/\/bydcarchina.com\/?page_id=224"},"modified":"2025-12-04T20:37:02","modified_gmt":"2025-12-04T20:37:02","slug":"batterie-de-lame-byd","status":"publish","type":"page","link":"https:\/\/bydcarchina.com\/fr\/byd-blade-battery\/","title":{"rendered":"Batterie BYD Blade"},"content":{"rendered":"<div data-elementor-type=\"wp-page\" data-elementor-id=\"224\" class=\"elementor elementor-224\" data-elementor-post-type=\"page\">\n\t\t\t\t<div class=\"elementor-element elementor-element-c4f1db9 e-flex e-con-boxed e-con e-parent\" data-id=\"c4f1db9\" data-element_type=\"container\" data-e-type=\"container\" data-settings=\"{&quot;background_background&quot;:&quot;classic&quot;}\">\n\t\t\t\t\t<div class=\"e-con-inner\">\n\t\t\t\t<div class=\"elementor-element elementor-element-f58644b elementor-widget elementor-widget-heading\" data-id=\"f58644b\" data-element_type=\"widget\" data-e-type=\"widget\" data-widget_type=\"heading.default\">\n\t\t\t\t\t<h1 class=\"elementor-heading-title elementor-size-default\">Technologie de la batterie BYD Blade<\/h1>\t\t\t\t<\/div>\n\t\t\t\t\t<\/div>\n\t\t\t\t<\/div>\n\t\t<div class=\"elementor-element elementor-element-8314e89 e-flex e-con-boxed e-con e-parent\" data-id=\"8314e89\" data-element_type=\"container\" data-e-type=\"container\">\n\t\t\t\t\t<div class=\"e-con-inner\">\n\t\t<div class=\"elementor-element elementor-element-ffe9b6a e-con-full e-flex e-con e-child\" data-id=\"ffe9b6a\" data-element_type=\"container\" data-e-type=\"container\">\n\t\t<div class=\"elementor-element elementor-element-7c12970 e-con-full e-flex e-con e-child\" data-id=\"7c12970\" data-element_type=\"container\" data-e-type=\"container\">\n\t\t\t\t<div class=\"elementor-element elementor-element-c23edfd elementor-widget elementor-widget-heading\" data-id=\"c23edfd\" data-element_type=\"widget\" data-e-type=\"widget\" data-widget_type=\"heading.default\">\n\t\t\t\t\t<h2 class=\"elementor-heading-title elementor-size-default\">Qu'est-ce que la batterie Blade\uff1f ?<\/h2>\t\t\t\t<\/div>\n\t\t\t\t<div class=\"elementor-element elementor-element-a42ef17 elementor-icon-list--layout-inline elementor-list-item-link-full_width elementor-widget elementor-widget-icon-list\" data-id=\"a42ef17\" data-element_type=\"widget\" data-e-type=\"widget\" data-widget_type=\"icon-list.default\">\n\t\t\t\t\t\t\t<ul class=\"elementor-icon-list-items elementor-inline-items\">\n\t\t\t\t\t\t\t<li class=\"elementor-icon-list-item elementor-inline-item\">\n\t\t\t\t\t\t\t\t\t\t\t<span class=\"elementor-icon-list-icon\">\n\t\t\t\t\t\t\t<svg aria-hidden=\"true\" class=\"e-font-icon-svg e-fas-check\" viewbox=\"0 0 512 512\" xmlns=\"http:\/\/www.w3.org\/2000\/svg\"><path d=\"M173.898 439.404l-166.4-166.4c-9.997-9.997-9.997-26.206 0-36.204l36.203-36.204c9.997-9.998 26.207-9.998 36.204 0L192 312.69 432.095 72.596c9.997-9.997 26.207-9.997 36.204 0l36.203 36.204c9.997 9.997 9.997 26.206 0 36.204l-294.4 294.401c-9.998 9.997-26.207 9.997-36.204-.001z\"><\/path><\/svg>\t\t\t\t\t\t<\/span>\n\t\t\t\t\t\t\t\t\t\t<span class=\"elementor-icon-list-text\">S\u00e9curit\u00e9 renforc\u00e9e<\/span>\n\t\t\t\t\t\t\t\t\t<\/li>\n\t\t\t\t\t\t\t\t<li class=\"elementor-icon-list-item elementor-inline-item\">\n\t\t\t\t\t\t\t\t\t\t\t<span class=\"elementor-icon-list-icon\">\n\t\t\t\t\t\t\t<svg aria-hidden=\"true\" class=\"e-font-icon-svg e-fas-check\" viewbox=\"0 0 512 512\" xmlns=\"http:\/\/www.w3.org\/2000\/svg\"><path d=\"M173.898 439.404l-166.4-166.4c-9.997-9.997-9.997-26.206 0-36.204l36.203-36.204c9.997-9.998 26.207-9.998 36.204 0L192 312.69 432.095 72.596c9.997-9.997 26.207-9.997 36.204 0l36.203 36.204c9.997 9.997 9.997 26.206 0 36.204l-294.4 294.401c-9.998 9.997-26.207 9.997-36.204-.001z\"><\/path><\/svg>\t\t\t\t\t\t<\/span>\n\t\t\t\t\t\t\t\t\t\t<span class=\"elementor-icon-list-text\"> Test de p\u00e9n\u00e9tration des ongles<\/span>\n\t\t\t\t\t\t\t\t\t<\/li>\n\t\t\t\t\t\t\t\t<li class=\"elementor-icon-list-item elementor-inline-item\">\n\t\t\t\t\t\t\t\t\t\t\t<span class=\"elementor-icon-list-icon\">\n\t\t\t\t\t\t\t<svg aria-hidden=\"true\" class=\"e-font-icon-svg e-fas-check\" viewbox=\"0 0 512 512\" xmlns=\"http:\/\/www.w3.org\/2000\/svg\"><path d=\"M173.898 439.404l-166.4-166.4c-9.997-9.997-9.997-26.206 0-36.204l36.203-36.204c9.997-9.998 26.207-9.998 36.204 0L192 312.69 432.095 72.596c9.997-9.997 26.207-9.997 36.204 0l36.203 36.204c9.997 9.997 9.997 26.206 0 36.204l-294.4 294.401c-9.998 9.997-26.207 9.997-36.204-.001z\"><\/path><\/svg>\t\t\t\t\t\t<\/span>\n\t\t\t\t\t\t\t\t\t\t<span class=\"elementor-icon-list-text\">R\u00e9sistance optimis\u00e9e<\/span>\n\t\t\t\t\t\t\t\t\t<\/li>\n\t\t\t\t\t\t\t\t<li class=\"elementor-icon-list-item elementor-inline-item\">\n\t\t\t\t\t\t\t\t\t\t\t<span class=\"elementor-icon-list-icon\">\n\t\t\t\t\t\t\t<svg aria-hidden=\"true\" class=\"e-font-icon-svg e-fas-check\" viewbox=\"0 0 512 512\" xmlns=\"http:\/\/www.w3.org\/2000\/svg\"><path d=\"M173.898 439.404l-166.4-166.4c-9.997-9.997-9.997-26.206 0-36.204l36.203-36.204c9.997-9.998 26.207-9.998 36.204 0L192 312.69 432.095 72.596c9.997-9.997 26.207-9.997 36.204 0l36.203 36.204c9.997 9.997 9.997 26.206 0 36.204l-294.4 294.401c-9.998 9.997-26.207 9.997-36.204-.001z\"><\/path><\/svg>\t\t\t\t\t\t<\/span>\n\t\t\t\t\t\t\t\t\t\t<span class=\"elementor-icon-list-text\">Port\u00e9e plus longue<\/span>\n\t\t\t\t\t\t\t\t\t<\/li>\n\t\t\t\t\t\t<\/ul>\n\t\t\t\t\t\t<\/div>\n\t\t\t\t<\/div>\n\t\t<div class=\"elementor-element elementor-element-3b253bf e-con-full e-flex e-con e-child\" data-id=\"3b253bf\" data-element_type=\"container\" data-e-type=\"container\">\n\t\t\t\t<div class=\"elementor-element elementor-element-b4ece09 elementor-widget elementor-widget-text-editor\" data-id=\"b4ece09\" data-element_type=\"widget\" data-e-type=\"widget\" data-widget_type=\"text-editor.default\">\n\t\t\t\t\t\t\t\t\t<p class=\"p1\">Avec plus de 29 ans d'expertise dans l'industrie des batteries, BYD a \u00e9tabli de nouvelles r\u00e9f\u00e9rences en mati\u00e8re de mobilit\u00e9 \u00e9lectrique. Au c\u0153ur de chaque v\u00e9hicule \u00e9lectrique BYD se trouve le syst\u00e8me r\u00e9volutionnaire d'alimentation par batterie de BYD. <span class=\"s1\"><b>Batterie de lame<\/b><\/span>. Reconnue mondialement comme l'une des batteries de VE les plus s\u00fbres, la batterie Blade a pass\u00e9 avec succ\u00e8s certains des tests de s\u00e9curit\u00e9 les plus rigoureux de l'industrie. Elle est con\u00e7ue pour offrir une durabilit\u00e9 exceptionnelle, une autonomie accrue et un cycle de vie plus long, garantissant \u00e0 la fois s\u00e9curit\u00e9 et performance pour chaque trajet.<\/p>\t\t\t\t\t\t\t\t<\/div>\n\t\t\t\t<\/div>\n\t\t\t\t<\/div>\n\t\t<div class=\"elementor-element elementor-element-637d803 e-con-full e-flex e-con e-child\" data-id=\"637d803\" data-element_type=\"container\" data-e-type=\"container\" data-settings=\"{&quot;background_background&quot;:&quot;classic&quot;}\">\n\t\t\t\t<div class=\"elementor-element elementor-element-0e2c74c elementor-widget elementor-widget-spacer\" data-id=\"0e2c74c\" data-element_type=\"widget\" data-e-type=\"widget\" data-widget_type=\"spacer.default\">\n\t\t\t\t\t\t\t<div class=\"elementor-spacer\">\n\t\t\t<div class=\"elementor-spacer-inner\"><\/div>\n\t\t<\/div>\n\t\t\t\t\t\t<\/div>\n\t\t\t\t<\/div>\n\t\t\t\t\t<\/div>\n\t\t\t\t<\/div>\n\t\t<div class=\"elementor-element elementor-element-6229426 e-flex e-con-boxed e-con e-parent\" data-id=\"6229426\" data-element_type=\"container\" data-e-type=\"container\">\n\t\t\t\t\t<div class=\"e-con-inner\">\n\t\t<div class=\"elementor-element elementor-element-1dbf617 e-con-full e-flex e-con e-child\" data-id=\"1dbf617\" data-element_type=\"container\" data-e-type=\"container\">\n\t\t\t\t<div class=\"elementor-element elementor-element-587479e elementor-widget elementor-widget-heading\" data-id=\"587479e\" data-element_type=\"widget\" data-e-type=\"widget\" data-widget_type=\"heading.default\">\n\t\t\t\t\t<h3 class=\"elementor-heading-title elementor-size-default\">01 S\u00e9curit\u00e9 renforc\u00e9e<\/h3>\t\t\t\t<\/div>\n\t\t\t\t<div class=\"elementor-element elementor-element-fb4a5b0 elementor-widget__width-initial elementor-widget elementor-widget-text-editor\" data-id=\"fb4a5b0\" data-element_type=\"widget\" data-e-type=\"widget\" data-widget_type=\"text-editor.default\">\n\t\t\t\t\t\t\t\t\t<div class=\"txt-desc\">La mati\u00e8re premi\u00e8re, le phosphate de fer lithi\u00e9, pr\u00e9sente un certain nombre de caract\u00e9ristiques avantageuses : lenteur de la production de chaleur, faible d\u00e9gagement de chaleur et absence de d\u00e9gagement d'oxyg\u00e8ne. La forme unique de rectangle plat am\u00e9liore \u00e9galement l'efficacit\u00e9 du refroidissement et la performance du pr\u00e9chauffage. La batterie Blade a pass\u00e9 avec succ\u00e8s le test de p\u00e9n\u00e9tration des clous sans \u00e9mettre de feu ni de fum\u00e9e.<\/div>\t\t\t\t\t\t\t\t<\/div>\n\t\t\t\t<div class=\"elementor-element elementor-element-bb3d61a elementor-widget elementor-widget-image\" data-id=\"bb3d61a\" data-element_type=\"widget\" data-e-type=\"widget\" data-widget_type=\"image.default\">\n\t\t\t\t\t\t\t\t\t\t\t\t\t\t\t<img fetchpriority=\"high\" decoding=\"async\" width=\"800\" height=\"281\" src=\"https:\/\/bydcarchina.com\/wp-content\/uploads\/2025\/09\/enhanced-security-1024x360.webp\" class=\"attachment-large size-large wp-image-229\" alt=\"\" srcset=\"https:\/\/bydcarchina.com\/wp-content\/uploads\/2025\/09\/enhanced-security-1024x360.webp 1024w, https:\/\/bydcarchina.com\/wp-content\/uploads\/2025\/09\/enhanced-security-300x106.webp 300w, https:\/\/bydcarchina.com\/wp-content\/uploads\/2025\/09\/enhanced-security-768x270.webp 768w, https:\/\/bydcarchina.com\/wp-content\/uploads\/2025\/09\/enhanced-security-600x211.webp 600w, https:\/\/bydcarchina.com\/wp-content\/uploads\/2025\/09\/enhanced-security.webp 1120w\" sizes=\"(max-width: 800px) 100vw, 800px\" \/>\t\t\t\t\t\t\t\t\t\t\t\t\t\t\t<\/div>\n\t\t\t\t<\/div>\n\t\t<div class=\"elementor-element elementor-element-6bacea0 e-con-full e-flex e-con e-child\" data-id=\"6bacea0\" data-element_type=\"container\" data-e-type=\"container\">\n\t\t\t\t<div class=\"elementor-element elementor-element-4d1372b elementor-widget elementor-widget-heading\" data-id=\"4d1372b\" data-element_type=\"widget\" data-e-type=\"widget\" data-widget_type=\"heading.default\">\n\t\t\t\t\t<h3 class=\"elementor-heading-title elementor-size-default\">02 R\u00e9sistance optimis\u00e9e<\/h3>\t\t\t\t<\/div>\n\t\t\t\t<div class=\"elementor-element elementor-element-bc45e53 elementor-widget__width-initial elementor-widget elementor-widget-text-editor\" data-id=\"bc45e53\" data-element_type=\"widget\" data-e-type=\"widget\" data-widget_type=\"text-editor.default\">\n\t\t\t\t\t\t\t\t\t<div class=\"txt-desc\"><p class=\"p1\">Dans chaque paquet, les cellules sont dispos\u00e9es en r\u00e9seau, o\u00f9 chaque cellule fonctionne comme un <span class=\"s1\"><b>poutre structurelle<\/b><\/span>, Le syst\u00e8me est con\u00e7u de mani\u00e8re \u00e0 ce que les forces ext\u00e9rieures puissent \u00eatre support\u00e9es. La conception incorpore un <span class=\"s1\"><b>structure en nid d'abeille en aluminium<\/b><\/span>, Cette configuration innovante permet d'am\u00e9liorer l'efficacit\u00e9 du sac \u00e0 dos en le renfor\u00e7ant avec des panneaux \u00e0 haute r\u00e9sistance sur les c\u00f4t\u00e9s sup\u00e9rieur et inf\u00e9rieur. Cette configuration innovante am\u00e9liore consid\u00e9rablement <span class=\"s1\"><b>rigidit\u00e9 verticale<\/b><\/span> et la durabilit\u00e9 globale. Il s'agit de <span class=\"s1\"><b>une conception structurelle r\u00e9volutionnaire<\/b><\/span> qui conf\u00e8re \u00e0 la batterie Blade sa r\u00e9sistance optimis\u00e9e et ses performances exceptionnelles en mati\u00e8re de s\u00e9curit\u00e9.<\/p><\/div>\t\t\t\t\t\t\t\t<\/div>\n\t\t\t\t<div class=\"elementor-element elementor-element-cee8e5c elementor-widget elementor-widget-image\" data-id=\"cee8e5c\" data-element_type=\"widget\" data-e-type=\"widget\" data-widget_type=\"image.default\">\n\t\t\t\t\t\t\t\t\t\t\t\t\t\t\t<img decoding=\"async\" width=\"800\" height=\"281\" src=\"https:\/\/bydcarchina.com\/wp-content\/uploads\/2025\/09\/11-1024x360.png\" class=\"attachment-large size-large wp-image-231\" alt=\"\" srcset=\"https:\/\/bydcarchina.com\/wp-content\/uploads\/2025\/09\/11-1024x360.png 1024w, https:\/\/bydcarchina.com\/wp-content\/uploads\/2025\/09\/11-300x106.png 300w, https:\/\/bydcarchina.com\/wp-content\/uploads\/2025\/09\/11-768x270.png 768w, https:\/\/bydcarchina.com\/wp-content\/uploads\/2025\/09\/11-600x211.png 600w, https:\/\/bydcarchina.com\/wp-content\/uploads\/2025\/09\/11.png 1120w\" sizes=\"(max-width: 800px) 100vw, 800px\" \/>\t\t\t\t\t\t\t\t\t\t\t\t\t\t\t<\/div>\n\t\t\t\t<\/div>\n\t\t\t\t\t<\/div>\n\t\t\t\t<\/div>\n\t\t<div class=\"elementor-element elementor-element-9afe35a e-flex e-con-boxed e-con e-parent\" data-id=\"9afe35a\" data-element_type=\"container\" data-e-type=\"container\">\n\t\t\t\t\t<div class=\"e-con-inner\">\n\t\t<div class=\"elementor-element elementor-element-f1cd763 e-con-full e-flex e-con e-child\" data-id=\"f1cd763\" data-element_type=\"container\" data-e-type=\"container\">\n\t\t\t\t<div class=\"elementor-element elementor-element-a6851a2 elementor-widget elementor-widget-heading\" data-id=\"a6851a2\" data-element_type=\"widget\" data-e-type=\"widget\" data-widget_type=\"heading.default\">\n\t\t\t\t\t<h3 class=\"elementor-heading-title elementor-size-default\">Test de p\u00e9n\u00e9tration des ongles<\/h3>\t\t\t\t<\/div>\n\t\t\t\t<div class=\"elementor-element elementor-element-9e66499 elementor-widget__width-initial elementor-widget elementor-widget-text-editor\" data-id=\"9e66499\" data-element_type=\"widget\" data-e-type=\"widget\" data-widget_type=\"text-editor.default\">\n\t\t\t\t\t\t\t\t\t<div class=\"txt-desc\"><p class=\"p1\">Le <span class=\"s1\"><b>test de p\u00e9n\u00e9tration des clous<\/b><\/span> est largement reconnue comme l'une des m\u00e9thodes les plus exigeantes pour \u00e9valuer la r\u00e9sistance d'une batterie \u00e0 l'emballement thermique. Il est con\u00e7u pour reproduire un court-circuit interne, une situation qui peut se produire lorsque des objets m\u00e9talliques pointus transpercent la batterie lors d'un grave accident de la circulation. La batterie BYD <span class=\"s1\"><b>Batterie de lame<\/b><\/span> a pass\u00e9 ce test avec succ\u00e8s, sans fum\u00e9e ni incendie. Fait remarquable, la temp\u00e9rature de surface est rest\u00e9e comprise entre seulement <span class=\"s1\"><b>30\u00b0C et 60\u00b0C<\/b><\/span>, et qui fait preuve d'une performance exceptionnelle en mati\u00e8re de s\u00e9curit\u00e9.<\/p><\/div>\t\t\t\t\t\t\t\t<\/div>\n\t\t\t\t<\/div>\n\t\t<div class=\"elementor-element elementor-element-389cbc0 e-con-full e-flex e-con e-child\" data-id=\"389cbc0\" data-element_type=\"container\" data-e-type=\"container\">\n\t\t\t\t<div class=\"elementor-element elementor-element-da5cf37 elementor-widget elementor-widget-video\" data-id=\"da5cf37\" data-element_type=\"widget\" data-e-type=\"widget\" data-settings=\"{&quot;youtube_url&quot;:&quot;https:\\\/\\\/youtu.be\\\/kM2ewJniLcs?si=GG3c14gSXhKhINA2&quot;,&quot;autoplay&quot;:&quot;yes&quot;,&quot;play_on_mobile&quot;:&quot;yes&quot;,&quot;video_type&quot;:&quot;youtube&quot;,&quot;controls&quot;:&quot;yes&quot;}\" data-widget_type=\"video.default\">\n\t\t\t\t\t\t\t<div class=\"elementor-wrapper elementor-open-inline\">\n\t\t\t<div class=\"elementor-video\"><\/div>\t\t<\/div>\n\t\t\t\t\t\t<\/div>\n\t\t\t\t<\/div>\n\t\t\t\t\t<\/div>\n\t\t\t\t<\/div>\n\t\t<div class=\"elementor-element elementor-element-a3486f9 e-flex e-con-boxed e-con e-parent\" data-id=\"a3486f9\" data-element_type=\"container\" data-e-type=\"container\">\n\t\t\t\t\t<div class=\"e-con-inner\">\n\t\t<div class=\"elementor-element elementor-element-30654d7 e-con-full e-flex e-con e-child\" data-id=\"30654d7\" data-element_type=\"container\" data-e-type=\"container\">\n\t\t\t\t<div class=\"elementor-element elementor-element-5ca87f8 elementor-widget elementor-widget-heading\" data-id=\"5ca87f8\" data-element_type=\"widget\" data-e-type=\"widget\" data-widget_type=\"heading.default\">\n\t\t\t\t\t<h3 class=\"elementor-heading-title elementor-size-default\">03 Port\u00e9e plus longue <\/h3>\t\t\t\t<\/div>\n\t\t\t\t<div class=\"elementor-element elementor-element-89f3d32 elementor-widget__width-initial elementor-widget elementor-widget-text-editor\" data-id=\"89f3d32\" data-element_type=\"widget\" data-e-type=\"widget\" data-widget_type=\"text-editor.default\">\n\t\t\t\t\t\t\t\t\t<div class=\"txt-desc\"><p class=\"p1\">Le <span class=\"s1\"><b>Batterie de lame<\/b><\/span> obtient plus qu'un <span class=\"s1\"><b>50% Am\u00e9lioration de l'utilisation de l'espace<\/b><\/span> par rapport aux batteries conventionnelles. Cette avanc\u00e9e permet non seulement d'obtenir des performances nettement sup\u00e9rieures, mais aussi d'am\u00e9liorer la qualit\u00e9 de l'air et de l'eau. <span class=\"s1\"><b>densit\u00e9 \u00e9nerg\u00e9tique<\/b><\/span>, mais se traduit \u00e9galement par une <span class=\"s1\"><b>une plus grande autonomie de conduite<\/b><\/span>, Les conducteurs b\u00e9n\u00e9ficient ainsi d'une efficacit\u00e9 et d'une confiance accrues \u00e0 chaque trajet.<\/p><\/div>\t\t\t\t\t\t\t\t<\/div>\n\t\t\t\t<\/div>\n\t\t<div class=\"elementor-element elementor-element-788491d e-con-full e-flex e-con e-child\" data-id=\"788491d\" data-element_type=\"container\" data-e-type=\"container\">\n\t\t\t\t<div class=\"elementor-element elementor-element-289fc39 elementor-widget elementor-widget-image\" data-id=\"289fc39\" data-element_type=\"widget\" data-e-type=\"widget\" data-widget_type=\"image.default\">\n\t\t\t\t\t\t\t\t\t\t\t\t\t\t\t<img decoding=\"async\" width=\"800\" height=\"281\" src=\"https:\/\/bydcarchina.com\/wp-content\/uploads\/2025\/09\/Space-Utilisation-Energy-Density-1024x360.webp\" class=\"attachment-large size-large wp-image-232\" alt=\"Utilisation de l&#039;espace et densit\u00e9 \u00e9nerg\u00e9tique\" srcset=\"https:\/\/bydcarchina.com\/wp-content\/uploads\/2025\/09\/Space-Utilisation-Energy-Density-1024x360.webp 1024w, https:\/\/bydcarchina.com\/wp-content\/uploads\/2025\/09\/Space-Utilisation-Energy-Density-300x106.webp 300w, https:\/\/bydcarchina.com\/wp-content\/uploads\/2025\/09\/Space-Utilisation-Energy-Density-768x270.webp 768w, https:\/\/bydcarchina.com\/wp-content\/uploads\/2025\/09\/Space-Utilisation-Energy-Density-600x211.webp 600w, https:\/\/bydcarchina.com\/wp-content\/uploads\/2025\/09\/Space-Utilisation-Energy-Density.webp 1120w\" sizes=\"(max-width: 800px) 100vw, 800px\" \/>\t\t\t\t\t\t\t\t\t\t\t\t\t\t\t<\/div>\n\t\t\t\t<\/div>\n\t\t\t\t\t<\/div>\n\t\t\t\t<\/div>\n\t\t<div class=\"elementor-element elementor-element-afec4e8 e-flex e-con-boxed e-con e-parent\" data-id=\"afec4e8\" data-element_type=\"container\" data-e-type=\"container\">\n\t\t\t\t\t<div class=\"e-con-inner\">\n\t\t<div class=\"elementor-element elementor-element-759fd8c e-con-full e-flex e-con e-child\" data-id=\"759fd8c\" data-element_type=\"container\" data-e-type=\"container\">\n\t\t\t\t<div class=\"elementor-element elementor-element-6860316 elementor-widget elementor-widget-heading\" data-id=\"6860316\" data-element_type=\"widget\" data-e-type=\"widget\" data-widget_type=\"heading.default\">\n\t\t\t\t\t<h3 class=\"elementor-heading-title elementor-size-default\">04 Cycle de vie plus long <\/h3>\t\t\t\t<\/div>\n\t\t\t\t<div class=\"elementor-element elementor-element-639c4af elementor-widget__width-initial elementor-widget elementor-widget-text-editor\" data-id=\"639c4af\" data-element_type=\"widget\" data-e-type=\"widget\" data-widget_type=\"text-editor.default\">\n\t\t\t\t\t\t\t\t\t<div class=\"txt-desc\"><p class=\"p1\">Le <span class=\"s1\"><b>Batterie de lame<\/b><\/span> offre une dur\u00e9e de vie exceptionnellement longue, capable de supporter <span class=\"s1\"><b>plus de 5 000 cycles de charge et de d\u00e9charge<\/b><\/span>. Cette durabilit\u00e9 exceptionnelle garantit des performances fiables et prolonge la dur\u00e9e de vie utile de la batterie, offrant ainsi une valeur durable aux conducteurs et aux op\u00e9rateurs de flottes.<\/p><\/div>\t\t\t\t\t\t\t\t<\/div>\n\t\t\t\t<\/div>\n\t\t<div class=\"elementor-element elementor-element-86c24f1 e-con-full e-flex e-con e-child\" data-id=\"86c24f1\" data-element_type=\"container\" data-e-type=\"container\">\n\t\t\t\t<div class=\"elementor-element elementor-element-ce38b85 elementor-widget elementor-widget-image\" data-id=\"ce38b85\" data-element_type=\"widget\" data-e-type=\"widget\" data-widget_type=\"image.default\">\n\t\t\t\t\t\t\t\t\t\t\t\t\t\t\t<img decoding=\"async\" src=\"https:\/\/www.byd.com\/content\/dam\/byd-site\/eu\/technology\/Blade-battery-range-1120.png\" title=\"\" alt=\"\" loading=\"lazy\" \/>\t\t\t\t\t\t\t\t\t\t\t\t\t\t\t<\/div>\n\t\t\t\t<\/div>\n\t\t\t\t\t<\/div>\n\t\t\t\t<\/div>\n\t\t\t\t<\/div>","protected":false},"excerpt":{"rendered":"<p>BYD Blade Battery Technology What Is Blade Battery\uff1f Enhanced safety Nail penetration test Optimised strength Longer range With over 29 years of expertise in the battery industry, BYD has set new benchmarks in electric mobility. At the core of every BYD electric vehicle lies the groundbreaking Blade Battery. Globally recognised as one of the safest [&hellip;]<\/p>\n","protected":false},"author":1,"featured_media":0,"parent":0,"menu_order":0,"comment_status":"closed","ping_status":"closed","template":"","meta":{"footnotes":""},"class_list":["post-224","page","type-page","status-publish","hentry"],"_links":{"self":[{"href":"https:\/\/bydcarchina.com\/fr\/wp-json\/wp\/v2\/pages\/224","targetHints":{"allow":["GET"]}}],"collection":[{"href":"https:\/\/bydcarchina.com\/fr\/wp-json\/wp\/v2\/pages"}],"about":[{"href":"https:\/\/bydcarchina.com\/fr\/wp-json\/wp\/v2\/types\/page"}],"author":[{"embeddable":true,"href":"https:\/\/bydcarchina.com\/fr\/wp-json\/wp\/v2\/users\/1"}],"replies":[{"embeddable":true,"href":"https:\/\/bydcarchina.com\/fr\/wp-json\/wp\/v2\/comments?post=224"}],"version-history":[{"count":7,"href":"https:\/\/bydcarchina.com\/fr\/wp-json\/wp\/v2\/pages\/224\/revisions"}],"predecessor-version":[{"id":306,"href":"https:\/\/bydcarchina.com\/fr\/wp-json\/wp\/v2\/pages\/224\/revisions\/306"}],"wp:attachment":[{"href":"https:\/\/bydcarchina.com\/fr\/wp-json\/wp\/v2\/media?parent=224"}],"curies":[{"name":"wp","href":"https:\/\/api.w.org\/{rel}","templated":true}]}}