{"id":925,"date":"2025-12-02T15:51:57","date_gmt":"2025-12-02T15:51:57","guid":{"rendered":"https:\/\/bydcarchina.com\/?page_id=925"},"modified":"2025-12-04T20:41:59","modified_gmt":"2025-12-04T20:41:59","slug":"duree-dutilisation","status":"publish","type":"page","link":"https:\/\/bydcarchina.com\/fr\/term-of-use\/","title":{"rendered":"Conditions d'utilisation"},"content":{"rendered":"<p><strong>Derni\u00e8re mise \u00e0 jour : 2025\/12\/01<\/strong><\/p>\n\n\n\n<p>Bienvenue sur le site officiel de <strong>Wuxi BiYueDa Vehicle Export Co, Ltd.<\/strong> (\u201c<strong>Wuxi BiYueDa<\/strong>\u201d, \u201c<strong>nous<\/strong>\u201d, \u201c<strong>notre<\/strong>\u201dou \u201c<strong>nous<\/strong>\u201d). En acc\u00e9dant \u00e0 ce site web ou en l'utilisant (le \u201c<strong>Site<\/strong>\u201d), vous acceptez d'\u00eatre li\u00e9 par les conditions d'utilisation suivantes. Si vous n'acceptez pas ces conditions, veuillez vous abstenir d'utiliser le site.<\/p>\n\n\n\n<p>Les pr\u00e9sentes conditions s'appliquent \u00e0 tous les visiteurs, utilisateurs et toute partie acc\u00e9dant au site \u00e0 des fins d'information, de recherche ou d'affaires.<\/p>\n\n\n\n<hr class=\"wp-block-separator has-alpha-channel-opacity\"\/>\n\n\n\n<h1 class=\"wp-block-heading\"><strong>1. Acceptation des conditions<\/strong><\/h1>\n\n\n\n<p>En utilisant ce site, vous reconnaissez avoir lu, compris et accept\u00e9 de vous conformer aux pr\u00e9sentes conditions d'utilisation, ainsi qu'\u00e0 notre politique de confidentialit\u00e9.<\/p>\n\n\n\n<p>Nous nous r\u00e9servons le droit de modifier, de mettre \u00e0 jour ou de remplacer les pr\u00e9sentes conditions \u00e0 tout moment. La poursuite de l'utilisation du site constitue l'acceptation de toute modification.<\/p>\n\n\n\n<hr class=\"wp-block-separator has-alpha-channel-opacity\"\/>\n\n\n\n<h1 class=\"wp-block-heading\"><strong>2. Contenu et exactitude du site web<\/strong><\/h1>\n\n\n\n<p>Toutes les informations pr\u00e9sent\u00e9es sur ce site, y compris, mais sans s'y limiter, les sp\u00e9cifications des produits, les prix des v\u00e9hicules, les d\u00e9tails relatifs \u00e0 l'exportation, les images et les descriptions, sont fournies par la Commission. <strong>\u00e0 des fins d'information g\u00e9n\u00e9rale uniquement<\/strong>.<\/p>\n\n\n\n<p>Bien que nous nous efforcions d'en assurer l'exactitude, le site peut occasionnellement contenir des informations :<\/p>\n\n\n\n<ul class=\"wp-block-list\">\n<li>Erreurs typographiques<\/li>\n\n\n\n<li>D\u00e9tails impr\u00e9cis du mod\u00e8le<\/li>\n\n\n\n<li>Informations obsol\u00e8tes<\/li>\n\n\n\n<li>Variations entre les v\u00e9hicules export\u00e9s et les mod\u00e8les du march\u00e9 local<\/li>\n<\/ul>\n\n\n\n<p>Wuxi BiYueDa se r\u00e9serve le droit de corriger ou de mettre \u00e0 jour le contenu \u00e0 tout moment sans pr\u00e9avis.<\/p>\n\n\n\n<hr class=\"wp-block-separator has-alpha-channel-opacity\"\/>\n\n\n\n<h1 class=\"wp-block-heading\"><strong>3. Pas d'offre ou de contrat contraignant<\/strong><\/h1>\n\n\n\n<p>Toute information ou tout contenu du site - tels que les listes de produits, les sp\u00e9cifications des v\u00e9hicules ou les prix - est susceptible d'avoir un impact n\u00e9gatif sur le site.<strong>ne constitue pas une offre, un devis ou un contrat contraignant<\/strong>.<\/p>\n\n\n\n<p>Un contrat n'est form\u00e9 que lorsque<\/p>\n\n\n\n<ol start=\"1\" class=\"wp-block-list\">\n<li>Vous soumettez une demande formelle,<\/li>\n\n\n\n<li>Nous fournissons un devis \u00e9crit officiel, et<\/li>\n\n\n\n<li>Les deux parties signent et confirment le contrat de vente ou d'achat.<\/li>\n<\/ol>\n\n\n\n<p>Le contenu informatif de ce site ne doit pas \u00eatre interpr\u00e9t\u00e9 comme une garantie de disponibilit\u00e9, de prix ou de d\u00e9lais de livraison des v\u00e9hicules.<\/p>\n\n\n\n<hr class=\"wp-block-separator has-alpha-channel-opacity\"\/>\n\n\n\n<h1 class=\"wp-block-heading\"><strong>4. Utilisation du site web<\/strong><\/h1>\n\n\n\n<p>Vous \u00eates d'accord <strong>pas<\/strong> d'utiliser le site pour :<\/p>\n\n\n\n<ul class=\"wp-block-list\">\n<li>Fins ill\u00e9gales ou non autoris\u00e9es<\/li>\n\n\n\n<li>Tenter d'obtenir un acc\u00e8s non autoris\u00e9 aux syst\u00e8mes ou aux donn\u00e9es<\/li>\n\n\n\n<li>Copier, gratter ou extraire le contenu du site web \u00e0 des fins commerciales sans autorisation \u00e9crite.<\/li>\n\n\n\n<li>t\u00e9l\u00e9charger du mat\u00e9riel nuisible, y compris des logiciels malveillants ou des scripts malveillants<\/li>\n<\/ul>\n\n\n\n<p>Toute utilisation abusive peut entra\u00eener la suspension de l'acc\u00e8s et d'\u00e9ventuelles poursuites judiciaires.<\/p>\n\n\n\n<hr class=\"wp-block-separator has-alpha-channel-opacity\"\/>\n\n\n\n<h1 class=\"wp-block-heading\"><strong>5. Droits de propri\u00e9t\u00e9 intellectuelle<\/strong><\/h1>\n\n\n\n<p>L'ensemble des marques, logos, textes, images, graphiques, descriptions de produits et \u00e9l\u00e9ments de conception du site Web figurant sur ce site sont la propri\u00e9t\u00e9 de <strong>Wuxi BiYueDa<\/strong> ou de nos partenaires de contenu et sont <strong>prot\u00e9g\u00e9 par les lois internationales sur les droits d'auteur et les marques d\u00e9pos\u00e9es<\/strong>.<\/p>\n\n\n\n<p>Vous ne pouvez pas :<\/p>\n\n\n\n<ul class=\"wp-block-list\">\n<li>Copier ou reproduire tout contenu<\/li>\n\n\n\n<li>Modifier ou republier le mat\u00e9riel<\/li>\n\n\n\n<li>utiliser tout contenu \u00e0 des fins commerciales sans notre autorisation \u00e9crite pr\u00e9alable<\/li>\n<\/ul>\n\n\n\n<p>L'utilisation non autoris\u00e9e peut constituer une infraction et entra\u00eener une responsabilit\u00e9 juridique.<\/p>\n\n\n\n<hr class=\"wp-block-separator has-alpha-channel-opacity\"\/>\n\n\n\n<h1 class=\"wp-block-heading\"><strong>6. Liens avec des tiers<\/strong><\/h1>\n\n\n\n<p>Le site peut contenir des liens vers des sites web externes pour des raisons de commodit\u00e9 ou de r\u00e9f\u00e9rence.<\/p>\n\n\n\n<p>Wuxi BiYueDa est <strong>non responsable<\/strong> pour :<\/p>\n\n\n\n<ul class=\"wp-block-list\">\n<li>Le contenu des pages externes<\/li>\n\n\n\n<li>l'exactitude ou la l\u00e9galit\u00e9 des informations fournies par des tiers<\/li>\n\n\n\n<li>tout dommage r\u00e9sultant de l'acc\u00e8s \u00e0 des sites de tiers<\/li>\n<\/ul>\n\n\n\n<p>La visite de pages de tiers se fait \u00e0 vos risques et p\u00e9rils.<\/p>\n\n\n\n<hr class=\"wp-block-separator has-alpha-channel-opacity\"\/>\n\n\n\n<h1 class=\"wp-block-heading\"><strong>7. Exclusion de garantie<\/strong><\/h1>\n\n\n\n<p>Le site et son contenu sont fournis <strong>\u201cen l'\u00e9tat\u201d et \u201ctel que disponible\u201d<\/strong> sans garantie d'aucune sorte.<\/p>\n\n\n\n<p>Nous ne garantissons pas :<\/p>\n\n\n\n<ul class=\"wp-block-list\">\n<li>Fonctionnement ininterrompu ou sans erreur du site web<\/li>\n\n\n\n<li>Exactitude ou exhaustivit\u00e9 des informations<\/li>\n\n\n\n<li>Ad\u00e9quation des sp\u00e9cifications du v\u00e9hicule \u00e0 un march\u00e9 ou \u00e0 un environnement r\u00e9glementaire sp\u00e9cifique<\/li>\n<\/ul>\n\n\n\n<p>Vous assumez l'enti\u00e8re responsabilit\u00e9 de l'\u00e9valuation des informations fournies.<\/p>\n\n\n\n<hr class=\"wp-block-separator has-alpha-channel-opacity\"\/>\n\n\n\n<h1 class=\"wp-block-heading\"><strong>8. Limitation de la responsabilit\u00e9<\/strong><\/h1>\n\n\n\n<p>Dans la mesure maximale autoris\u00e9e par la loi applicable, Wuxi BiYueDa ne sera pas responsable de tout :<\/p>\n\n\n\n<ul class=\"wp-block-list\">\n<li>les dommages directs, indirects, accessoires, cons\u00e9cutifs ou punitifs<\/li>\n\n\n\n<li>Perte de profits, de revenus ou d'opportunit\u00e9s commerciales<\/li>\n\n\n\n<li>Erreurs ou omissions dans le contenu du site web<\/li>\n\n\n\n<li>Retards ou interruptions dans l'acc\u00e8s au site<\/li>\n<\/ul>\n\n\n\n<p>Votre seul recours en cas d'insatisfaction \u00e0 l'\u00e9gard du site est de cesser de l'utiliser.<\/p>\n\n\n\n<hr class=\"wp-block-separator has-alpha-channel-opacity\"\/>\n\n\n\n<h1 class=\"wp-block-heading\"><strong>9. Soumissions et demandes de renseignements des utilisateurs<\/strong><\/h1>\n\n\n\n<p>En soumettant une demande ou en fournissant vos coordonn\u00e9es, vous acceptez d'\u00eatre contact\u00e9 par Wuxi BiYueDa pour des communications de suivi, des devis ou des questions li\u00e9es au service.<\/p>\n\n\n\n<p>Nous n'acceptons pas d'informations confidentielles ou exclusives par l'interm\u00e9diaire du site, \u00e0 moins qu'un accord \u00e9crit n'ait \u00e9t\u00e9 conclu.<\/p>\n\n\n\n<hr class=\"wp-block-separator has-alpha-channel-opacity\"\/>\n\n\n\n<h1 class=\"wp-block-heading\"><strong>10. Conformit\u00e9 des exportations<\/strong><\/h1>\n\n\n\n<p>Les exportations de v\u00e9hicules sont soumises \u00e0<\/p>\n\n\n\n<ul class=\"wp-block-list\">\n<li>R\u00e9glementation chinoise en mati\u00e8re d'exportation<\/li>\n\n\n\n<li>Exigences du pays de destination en mati\u00e8re d'importation<\/li>\n\n\n\n<li>R\u00e8gles d'homologation, de taxation et de certification<\/li>\n<\/ul>\n\n\n\n<p>Wuxi BiYueDa n'est pas responsable des retards ou des probl\u00e8mes d\u00e9coulant des d\u00e9cisions douani\u00e8res, des changements de r\u00e9glementation ou des proc\u00e9dures locales de mise en conformit\u00e9 des v\u00e9hicules, sauf indication contraire dans un accord sign\u00e9.<\/p>\n\n\n\n<hr class=\"wp-block-separator has-alpha-channel-opacity\"\/>\n\n\n\n<h1 class=\"wp-block-heading\"><strong>11. Droit applicable<\/strong><\/h1>\n\n\n\n<p>Les pr\u00e9sentes conditions sont r\u00e9gies et interpr\u00e9t\u00e9es conform\u00e9ment aux lois de <strong>la R\u00e9publique populaire de Chine (RPC)<\/strong>.<\/p>\n\n\n\n<p>Tout litige est r\u00e9solu par voie de n\u00e9gociation ; en cas de non-r\u00e9solution, les litiges peuvent \u00eatre soumis \u00e0 <strong>le tribunal comp\u00e9tent ou l'organisme d'arbitrage de Wuxi, Jiangsu<\/strong>.<\/p>\n\n\n\n<hr class=\"wp-block-separator has-alpha-channel-opacity\"\/>\n\n\n\n<h1 class=\"wp-block-heading\"><strong>12. Informations sur les contacts<\/strong><\/h1>\n\n\n\n<p>Pour toute question concernant les pr\u00e9sentes conditions, veuillez contacter<\/p>\n\n\n\n<p><strong>Wuxi BiYueDa Vehicle Export Co, Ltd.<\/strong><\/p>\n\n\n\n<p>Courriel : <strong>info@bydcarchina.com<\/strong><\/p>\n\n\n\n<p>T\u00e9l\u00e9phone:+8615961536612<\/p>\n\n\n\n<p><\/p>","protected":false},"excerpt":{"rendered":"<p>Last Updated: 2025\/12\/01 Welcome to the official website of Wuxi BiYueDa Vehicle Export Co., Ltd. (\u201cWuxi BiYueDa\u201d, \u201cwe\u201d, \u201cour\u201d, or \u201cus\u201d). By accessing or using this website (the \u201cSite\u201d), you agree to be bound by the following Terms of Use. If you do not agree with these terms, please refrain from using the Site. These [&hellip;]<\/p>\n","protected":false},"author":1,"featured_media":0,"parent":0,"menu_order":0,"comment_status":"closed","ping_status":"closed","template":"","meta":{"footnotes":""},"class_list":["post-925","page","type-page","status-publish","hentry"],"_links":{"self":[{"href":"https:\/\/bydcarchina.com\/fr\/wp-json\/wp\/v2\/pages\/925","targetHints":{"allow":["GET"]}}],"collection":[{"href":"https:\/\/bydcarchina.com\/fr\/wp-json\/wp\/v2\/pages"}],"about":[{"href":"https:\/\/bydcarchina.com\/fr\/wp-json\/wp\/v2\/types\/page"}],"author":[{"embeddable":true,"href":"https:\/\/bydcarchina.com\/fr\/wp-json\/wp\/v2\/users\/1"}],"replies":[{"embeddable":true,"href":"https:\/\/bydcarchina.com\/fr\/wp-json\/wp\/v2\/comments?post=925"}],"version-history":[{"count":2,"href":"https:\/\/bydcarchina.com\/fr\/wp-json\/wp\/v2\/pages\/925\/revisions"}],"predecessor-version":[{"id":1019,"href":"https:\/\/bydcarchina.com\/fr\/wp-json\/wp\/v2\/pages\/925\/revisions\/1019"}],"wp:attachment":[{"href":"https:\/\/bydcarchina.com\/fr\/wp-json\/wp\/v2\/media?parent=925"}],"curies":[{"name":"wp","href":"https:\/\/api.w.org\/{rel}","templated":true}]}}