{"id":392,"date":"2025-09-07T05:33:14","date_gmt":"2025-09-07T05:33:14","guid":{"rendered":"https:\/\/bydcarchina.com\/?post_type=product&#038;p=392"},"modified":"2025-12-13T08:30:29","modified_gmt":"2025-12-13T08:30:29","slug":"byd-2025-seal-05dmi-intelligent-driving-edition","status":"publish","type":"product","link":"https:\/\/bydcarchina.com\/fr\/product\/byd-2025-seal-05dmi-intelligent-driving-edition\/","title":{"rendered":"BYD 2025 Seal 05DMI Intelligent Driving Edition"},"content":{"rendered":"<p data-start=\"0\" data-end=\"231\">D\u00e9couvrez un <strong data-start=\"11\" data-end=\"42\">berline hybride rechargeable moderne<\/strong> con\u00e7ue pour \u00eatre efficace, performante et pratique au quotidien. Con\u00e7ue pour concilier la conduite \u00e9lectrique et la flexibilit\u00e9 sur les longues distances, elle pr\u00e9sente les caract\u00e9ristiques cl\u00e9s suivantes :<\/p>\n<p data-start=\"233\" data-end=\"452\"><strong data-start=\"233\" data-end=\"263\">Hybride rechargeable Groupe motopropulseur :<\/strong><br data-start=\"263\" data-end=\"266\" \/>Aliment\u00e9 par un <strong data-start=\"279\" data-end=\"315\">Moteur \u00e0 essence 4 cylindres en ligne de 1,5 litre<\/strong> produisant <strong data-start=\"326\" data-end=\"336\">101 ch<\/strong>, Le syst\u00e8me d'entra\u00eenement \u00e9lectrique de pointe est parfaitement int\u00e9gr\u00e9 pour une efficacit\u00e9 optimis\u00e9e et une acc\u00e9l\u00e9ration r\u00e9active.<\/p>\n<p data-start=\"454\" data-end=\"739\"><strong data-start=\"454\" data-end=\"490\">Autonomie \u00e9lectrique \u00e9tendue :<\/strong><br data-start=\"490\" data-end=\"493\" \/>Offre de multiples configurations de batteries avec un <strong data-start=\"539\" data-end=\"608\">Autonomie \u00e9lectrique pure WLTC jusqu'\u00e0 100 km (variantes 43 km \/ 90 km)<\/strong> et une impressionnante <strong data-start=\"627\" data-end=\"697\">Autonomie \u00e9lectrique \u00e9valu\u00e9e par le CLTC jusqu'\u00e0 128 km (options 55 km \/ 120 km)<\/strong>, Id\u00e9al pour les trajets quotidiens sans \u00e9mission de gaz \u00e0 effet de serre.<\/p>\n<p data-start=\"741\" data-end=\"888\"><strong data-start=\"741\" data-end=\"766\">Une performance \u00e9quilibr\u00e9e :<\/strong><br data-start=\"766\" data-end=\"769\" \/>Atteint un <strong data-start=\"779\" data-end=\"804\">vitesse maximale de 180 km\/h<\/strong>, Le moteur \u00e0 combustion interne de la voiture, qui offre des performances fiables sur l'autoroute tout en conservant une excellente \u00e9conomie de carburant, est un moteur \u00e0 combustion interne.<\/p>\n<p data-start=\"890\" data-end=\"1033\"><strong data-start=\"890\" data-end=\"916\">Une berline spacieuse :<\/strong><br data-start=\"916\" data-end=\"919\" \/>Caract\u00e9ristiques <strong data-start=\"930\" data-end=\"963\">Structure de carrosserie \u00e0 4 portes et 5 places<\/strong>, Les v\u00e9hicules sont \u00e9quip\u00e9s d'un syst\u00e8me d'alarme qui offre un h\u00e9bergement confortable aux conducteurs et aux passagers.<\/p>\n<p data-start=\"1035\" data-end=\"1212\"><strong data-start=\"1035\" data-end=\"1068\">Dimensions bien proportionn\u00e9es :<\/strong><br data-start=\"1068\" data-end=\"1071\" \/>Avec une taille totale de <strong data-start=\"1095\" data-end=\"1123\">4 780 \u00d7 1 837 \u00d7 1 515 mm<\/strong>, Le v\u00e9hicule offre une position stable, un espace int\u00e9rieur g\u00e9n\u00e9reux et une pr\u00e9sence raffin\u00e9e sur la route.<\/p>\n<p data-start=\"1214\" data-end=\"1448\" data-is-last-node=\"\" data-is-only-node=\"\">Combinaison <strong data-start=\"1224\" data-end=\"1330\">une technologie hybride rechargeable efficace, une autonomie \u00e9lectrique pratique et un design confortable de berline de taille moyenne<\/strong>, Ce mod\u00e8le est un choix judicieux pour les conducteurs qui recherchent de faibles \u00e9missions sans compromettre la polyvalence ou le confort de conduite.<\/p>","protected":false},"excerpt":{"rendered":"<p>Discover a modern plug-in hybrid sedan engineered for efficiency, smooth performance, and everyday practicality. Designed to balance electric driving with long-distance flexibility, it delivers the following key specifications: Plug-in Hybrid Powertrain:Powered by a 1.5-liter inline-4 petrol engine producing 101 hp, seamlessly integrated with an advanced electric drive system for optimized efficiency and responsive acceleration. Extended [&hellip;]<\/p>\n","protected":false},"featured_media":398,"comment_status":"open","ping_status":"closed","template":"","meta":[],"product_brand":[],"product_cat":[17],"product_tag":[],"class_list":{"0":"post-392","1":"product","2":"type-product","3":"status-publish","4":"has-post-thumbnail","6":"product_cat-uncategorized","8":"first","9":"instock","10":"shipping-taxable","11":"product-type-simple"},"_links":{"self":[{"href":"https:\/\/bydcarchina.com\/fr\/wp-json\/wp\/v2\/product\/392","targetHints":{"allow":["GET"]}}],"collection":[{"href":"https:\/\/bydcarchina.com\/fr\/wp-json\/wp\/v2\/product"}],"about":[{"href":"https:\/\/bydcarchina.com\/fr\/wp-json\/wp\/v2\/types\/product"}],"replies":[{"embeddable":true,"href":"https:\/\/bydcarchina.com\/fr\/wp-json\/wp\/v2\/comments?post=392"}],"version-history":[{"count":2,"href":"https:\/\/bydcarchina.com\/fr\/wp-json\/wp\/v2\/product\/392\/revisions"}],"predecessor-version":[{"id":1099,"href":"https:\/\/bydcarchina.com\/fr\/wp-json\/wp\/v2\/product\/392\/revisions\/1099"}],"wp:featuredmedia":[{"embeddable":true,"href":"https:\/\/bydcarchina.com\/fr\/wp-json\/wp\/v2\/media\/398"}],"wp:attachment":[{"href":"https:\/\/bydcarchina.com\/fr\/wp-json\/wp\/v2\/media?parent=392"}],"wp:term":[{"taxonomy":"product_brand","embeddable":true,"href":"https:\/\/bydcarchina.com\/fr\/wp-json\/wp\/v2\/product_brand?post=392"},{"taxonomy":"product_cat","embeddable":true,"href":"https:\/\/bydcarchina.com\/fr\/wp-json\/wp\/v2\/product_cat?post=392"},{"taxonomy":"product_tag","embeddable":true,"href":"https:\/\/bydcarchina.com\/fr\/wp-json\/wp\/v2\/product_tag?post=392"}],"curies":[{"name":"wp","href":"https:\/\/api.w.org\/{rel}","templated":true}]}}