{"id":401,"date":"2025-09-07T05:39:33","date_gmt":"2025-09-07T05:39:33","guid":{"rendered":"https:\/\/bydcarchina.com\/?post_type=product&#038;p=401"},"modified":"2025-12-13T08:32:25","modified_gmt":"2025-12-13T08:32:25","slug":"byd-2025-seal-06dmi-edition-conduite-intelligente","status":"publish","type":"product","link":"https:\/\/bydcarchina.com\/fr\/product\/byd-2025-seal-06dmi-intelligent-driving-edition\/","title":{"rendered":"BYD 2025 Seal 06DMI Intelligent Driving Edition"},"content":{"rendered":"<p data-start=\"0\" data-end=\"182\">D\u00e9couvrez un <strong data-start=\"11\" data-end=\"67\">berline \u00e9lectrique hybride rechargeable (PHEV) de nouvelle g\u00e9n\u00e9ration<\/strong> con\u00e7u pour offrir un \u00e9quilibre optimal entre l'efficacit\u00e9, la performance et la facilit\u00e9 d'utilisation au quotidien. Les points forts sont les suivants :<\/p>\n<p data-start=\"184\" data-end=\"380\"><strong data-start=\"184\" data-end=\"213\">Groupe motopropulseur PHEV avanc\u00e9 :<\/strong><br data-start=\"213\" data-end=\"216\" \/>Propos\u00e9 avec <strong data-start=\"229\" data-end=\"255\">10,08 kWh ou 15,87 kWh<\/strong> options de batterie, ce qui permet une <strong data-start=\"284\" data-end=\"339\">autonomie en mode \u00e9lectrique pur jusqu'\u00e0 60 km ou 90 km<\/strong>, Id\u00e9al pour les d\u00e9placements quotidiens \u00e0 faibles \u00e9missions.<\/p>\n<p data-start=\"382\" data-end=\"594\"><strong data-start=\"382\" data-end=\"421\">Une performance r\u00e9active et efficace :<\/strong><br data-start=\"421\" data-end=\"424\" \/>R\u00e9alise <strong data-start=\"433\" data-end=\"482\">Acc\u00e9l\u00e9ration de 0 \u00e0 100 km\/h en 7,9 ou 7,5 secondes<\/strong>, qui assure une transmission de la puissance en douceur et en toute confiance. A <strong data-start=\"533\" data-end=\"558\">vitesse maximale de 180 km\/h<\/strong> garantit la stabilit\u00e9 des performances de l'autoroute.<\/p>\n<p data-start=\"596\" data-end=\"760\"><strong data-start=\"596\" data-end=\"625\">Traction avant Disposition :<\/strong><br data-start=\"625\" data-end=\"628\" \/>Le <strong data-start=\"632\" data-end=\"653\">Configuration de la traction avant<\/strong> am\u00e9liore l'efficacit\u00e9, la traction et la pr\u00e9visibilit\u00e9 de la tenue de route en ville et sur longue distance.<\/p>\n<p data-start=\"762\" data-end=\"938\"><strong data-start=\"762\" data-end=\"793\">Les proportions d'une berline spacieuse :<\/strong><br data-start=\"793\" data-end=\"796\" \/>Avec des dimensions de <strong data-start=\"815\" data-end=\"843\">4 830 \u00d7 1 875 \u00d7 1 495 mm<\/strong>, Le v\u00e9hicule offre une posture large, un espace g\u00e9n\u00e9reux dans l'habitacle et une pr\u00e9sence raffin\u00e9e et haut de gamme sur la route.<\/p>\n<p data-start=\"940\" data-end=\"1181\" data-is-last-node=\"\" data-is-only-node=\"\">Con\u00e7u pour les conducteurs \u00e0 la recherche de <strong data-start=\"969\" data-end=\"1014\">l'efficacit\u00e9 \u00e9lectrique sans l'angoisse de l'autonomie<\/strong>, Cette berline PHEV combine une technologie \u00e9lectrifi\u00e9e moderne, des performances \u00e9quilibr\u00e9es et des dimensions pratiques, ce qui la rend parfaitement adapt\u00e9e \u00e0 la ville et aux longs trajets.<\/p>","protected":false},"excerpt":{"rendered":"<p>Discover a next-generation plug-in hybrid electric sedan (PHEV) designed to deliver an optimal balance of efficiency, performance, and everyday usability. Key highlights include: Advanced PHEV Powertrain:Offered with 10.08 kWh or 15.87 kWh battery options, enabling a pure electric driving range of up to 60 km or 90 km, ideal for low-emission daily commuting. Responsive &amp; [&hellip;]<\/p>\n","protected":false},"featured_media":415,"comment_status":"open","ping_status":"closed","template":"","meta":[],"product_brand":[],"product_cat":[17],"product_tag":[],"class_list":{"0":"post-401","1":"product","2":"type-product","3":"status-publish","4":"has-post-thumbnail","6":"product_cat-uncategorized","8":"first","9":"instock","10":"shipping-taxable","11":"product-type-simple"},"_links":{"self":[{"href":"https:\/\/bydcarchina.com\/fr\/wp-json\/wp\/v2\/product\/401","targetHints":{"allow":["GET"]}}],"collection":[{"href":"https:\/\/bydcarchina.com\/fr\/wp-json\/wp\/v2\/product"}],"about":[{"href":"https:\/\/bydcarchina.com\/fr\/wp-json\/wp\/v2\/types\/product"}],"replies":[{"embeddable":true,"href":"https:\/\/bydcarchina.com\/fr\/wp-json\/wp\/v2\/comments?post=401"}],"version-history":[{"count":2,"href":"https:\/\/bydcarchina.com\/fr\/wp-json\/wp\/v2\/product\/401\/revisions"}],"predecessor-version":[{"id":1106,"href":"https:\/\/bydcarchina.com\/fr\/wp-json\/wp\/v2\/product\/401\/revisions\/1106"}],"wp:featuredmedia":[{"embeddable":true,"href":"https:\/\/bydcarchina.com\/fr\/wp-json\/wp\/v2\/media\/415"}],"wp:attachment":[{"href":"https:\/\/bydcarchina.com\/fr\/wp-json\/wp\/v2\/media?parent=401"}],"wp:term":[{"taxonomy":"product_brand","embeddable":true,"href":"https:\/\/bydcarchina.com\/fr\/wp-json\/wp\/v2\/product_brand?post=401"},{"taxonomy":"product_cat","embeddable":true,"href":"https:\/\/bydcarchina.com\/fr\/wp-json\/wp\/v2\/product_cat?post=401"},{"taxonomy":"product_tag","embeddable":true,"href":"https:\/\/bydcarchina.com\/fr\/wp-json\/wp\/v2\/product_tag?post=401"}],"curies":[{"name":"wp","href":"https:\/\/api.w.org\/{rel}","templated":true}]}}