{"id":443,"date":"2025-09-10T12:58:20","date_gmt":"2025-09-10T12:58:20","guid":{"rendered":"https:\/\/bydcarchina.com\/?post_type=product&#038;p=443"},"modified":"2025-12-13T08:38:03","modified_gmt":"2025-12-13T08:38:03","slug":"byd-2025-seal-06gt-edition-conduite-intelligente","status":"publish","type":"product","link":"https:\/\/bydcarchina.com\/fr\/product\/byd-2025-seal-06gt-intelligent-driving-edition\/","title":{"rendered":"BYD 2025 Seal 06GT Intelligent Driving Edition"},"content":{"rendered":"<p data-start=\"0\" data-end=\"232\">D\u00e9couvrez un <strong data-start=\"11\" data-end=\"59\">v\u00e9hicule \u00e9lectrique pur \u00e0 haute performance (BEV)<\/strong> con\u00e7ue pour une conduite \u00e0 longue distance, une maniabilit\u00e9 dynamique et une polyvalence au quotidien. Con\u00e7ue pour r\u00e9pondre aux exigences de la mobilit\u00e9 \u00e9lectrique moderne, elle pr\u00e9sente les caract\u00e9ristiques suivantes :<\/p>\n<p data-start=\"234\" data-end=\"441\"><strong data-start=\"234\" data-end=\"262\">Tout \u00e9lectrique Groupe motopropulseur :<\/strong><br data-start=\"262\" data-end=\"265\" \/>Fournit un nombre impressionnant de <strong data-start=\"288\" data-end=\"342\">Autonomie de conduite de 505 km ou 605 km selon la norme CLTC<\/strong>, Le syst\u00e8me d'\u00e9chappement de la voiture est tr\u00e8s efficace, ce qui lui permet d'assurer les d\u00e9placements quotidiens et les longs trajets sans aucune \u00e9mission \u00e0 l'\u00e9chappement.<\/p>\n<p data-start=\"443\" data-end=\"651\"><strong data-start=\"443\" data-end=\"475\">Options de performance dynamique :<\/strong><br data-start=\"475\" data-end=\"478\" \/>Disponible en <strong data-start=\"491\" data-end=\"542\">traction arri\u00e8re (RWD) ou traction int\u00e9grale (AWD)<\/strong> configurations, avec un <strong data-start=\"566\" data-end=\"591\">vitesse maximale de 200 km\/h<\/strong> pour une forte acc\u00e9l\u00e9ration et une stabilit\u00e9 assur\u00e9e \u00e0 grande vitesse.<\/p>\n<p data-start=\"653\" data-end=\"814\"><strong data-start=\"653\" data-end=\"680\">Design spacieux \u00e0 5 portes :<\/strong><br data-start=\"680\" data-end=\"683\" \/>Comprend un <strong data-start=\"704\" data-end=\"737\">Structure de carrosserie \u00e0 5 portes et 5 places<\/strong>, L'habitacle de la voiture a \u00e9t\u00e9 con\u00e7u de mani\u00e8re \u00e0 ce qu'il soit facile d'acc\u00e8s, tout en conservant des proportions sportives et en \u00e9tant facile \u00e0 utiliser au quotidien.<\/p>\n<p data-start=\"816\" data-end=\"998\"><strong data-start=\"816\" data-end=\"847\">Poids et \u00e9quilibre optimis\u00e9s :<\/strong><br data-start=\"847\" data-end=\"850\" \/>Avec un <strong data-start=\"857\" data-end=\"896\">poids \u00e0 vide de 1 850 kg ou 1 940 kg<\/strong>, Gr\u00e2ce \u00e0 ce syst\u00e8me, le v\u00e9hicule pr\u00e9sente un m\u00e9lange \u00e9quilibr\u00e9 de rigidit\u00e9 structurelle, d'efficacit\u00e9 et de dynamique de conduite.<\/p>\n<p data-start=\"1000\" data-end=\"1153\"><strong data-start=\"1000\" data-end=\"1036\">Compact mais athl\u00e9tique Dimensions :<\/strong><br data-start=\"1036\" data-end=\"1039\" \/>Mesure <strong data-start=\"1049\" data-end=\"1077\">4 630 \u00d7 1 880 \u00d7 1 490 mm<\/strong>, Il offre une position large, un centre de gravit\u00e9 bas et une empreinte urbaine agile.<\/p>\n<p data-start=\"1155\" data-end=\"1400\" data-is-last-node=\"\" data-is-only-node=\"\">Combinaison <strong data-start=\"1165\" data-end=\"1264\">une grande autonomie \u00e9lectrique, des options de conduite ax\u00e9es sur les performances et une configuration polyvalente de type hayon<\/strong>, Ce mod\u00e8le BEV est un choix id\u00e9al pour les conducteurs qui recherchent une mobilit\u00e9 z\u00e9ro \u00e9mission sans compromettre la vitesse, l'espace ou l'engagement de conduite.<\/p>","protected":false},"excerpt":{"rendered":"<p>Discover a high-performance pure electric vehicle (BEV) engineered for long-range driving, dynamic handling, and everyday versatility. Designed to meet the demands of modern electric mobility, it offers the following highlights: All-Electric Powertrain:Delivers an impressive CLTC-rated driving range of up to 505 km or 605 km, providing confidence for both daily commuting and extended journeys with [&hellip;]<\/p>\n","protected":false},"featured_media":451,"comment_status":"open","ping_status":"closed","template":"","meta":[],"product_brand":[],"product_cat":[17],"product_tag":[],"class_list":{"0":"post-443","1":"product","2":"type-product","3":"status-publish","4":"has-post-thumbnail","6":"product_cat-uncategorized","8":"first","9":"instock","10":"shipping-taxable","11":"product-type-simple"},"_links":{"self":[{"href":"https:\/\/bydcarchina.com\/fr\/wp-json\/wp\/v2\/product\/443","targetHints":{"allow":["GET"]}}],"collection":[{"href":"https:\/\/bydcarchina.com\/fr\/wp-json\/wp\/v2\/product"}],"about":[{"href":"https:\/\/bydcarchina.com\/fr\/wp-json\/wp\/v2\/types\/product"}],"replies":[{"embeddable":true,"href":"https:\/\/bydcarchina.com\/fr\/wp-json\/wp\/v2\/comments?post=443"}],"version-history":[{"count":2,"href":"https:\/\/bydcarchina.com\/fr\/wp-json\/wp\/v2\/product\/443\/revisions"}],"predecessor-version":[{"id":1111,"href":"https:\/\/bydcarchina.com\/fr\/wp-json\/wp\/v2\/product\/443\/revisions\/1111"}],"wp:featuredmedia":[{"embeddable":true,"href":"https:\/\/bydcarchina.com\/fr\/wp-json\/wp\/v2\/media\/451"}],"wp:attachment":[{"href":"https:\/\/bydcarchina.com\/fr\/wp-json\/wp\/v2\/media?parent=443"}],"wp:term":[{"taxonomy":"product_brand","embeddable":true,"href":"https:\/\/bydcarchina.com\/fr\/wp-json\/wp\/v2\/product_brand?post=443"},{"taxonomy":"product_cat","embeddable":true,"href":"https:\/\/bydcarchina.com\/fr\/wp-json\/wp\/v2\/product_cat?post=443"},{"taxonomy":"product_tag","embeddable":true,"href":"https:\/\/bydcarchina.com\/fr\/wp-json\/wp\/v2\/product_tag?post=443"}],"curies":[{"name":"wp","href":"https:\/\/api.w.org\/{rel}","templated":true}]}}