{"id":468,"date":"2025-09-10T13:15:46","date_gmt":"2025-09-10T13:15:46","guid":{"rendered":"https:\/\/bydcarchina.com\/?post_type=product&#038;p=468"},"modified":"2025-12-13T08:40:01","modified_gmt":"2025-12-13T08:40:01","slug":"byd-2025-seal-06-dm-i-travel-edition","status":"publish","type":"product","link":"https:\/\/bydcarchina.com\/fr\/product\/byd-2025-seal-06-dm-i-travel-edition\/","title":{"rendered":"BYD 2025 Seal 06 DM-i Travel Edition"},"content":{"rendered":"<p data-start=\"0\" data-end=\"245\">D\u00e9couvrez un <strong data-start=\"11\" data-end=\"42\">berline hybride rechargeable moderne<\/strong> La nouvelle g\u00e9n\u00e9ration de v\u00e9hicules \u00e9lectriques est con\u00e7ue pour offrir une conduite \u00e9lectrique efficace, une alimentation d'appoint \u00e0 l'essence en douceur et une grande praticit\u00e9 au quotidien. Con\u00e7ue pour les conducteurs \u00e0 la recherche de flexibilit\u00e9 et de faibles co\u00fbts d'exploitation, elle pr\u00e9sente les caract\u00e9ristiques suivantes :<\/p>\n<p data-start=\"247\" data-end=\"491\"><strong data-start=\"247\" data-end=\"286\">Groupe motopropulseur hybride rechargeable avanc\u00e9 :<\/strong><br data-start=\"286\" data-end=\"289\" \/>Aliment\u00e9 par un <strong data-start=\"302\" data-end=\"338\">Moteur \u00e0 essence 4 cylindres en ligne de 1,5 litre<\/strong> produisant <strong data-start=\"349\" data-end=\"359\">101 ch<\/strong>, Le syst\u00e8me d'entra\u00eenement \u00e9lectrique, associ\u00e9 de mani\u00e8re transparente \u00e0 un syst\u00e8me d'entra\u00eenement \u00e9lectrique, donne la priorit\u00e9 au fonctionnement \u00e9lectrique tout en garantissant une capacit\u00e9 fiable sur de longues distances.<\/p>\n<p data-start=\"493\" data-end=\"739\"><strong data-start=\"493\" data-end=\"527\">Gamme \u00e9lectrique pure pratique :<\/strong><br data-start=\"527\" data-end=\"530\" \/>Disponible dans de multiples configurations de batteries, offrant une <strong data-start=\"587\" data-end=\"635\">Autonomie \u00e9lectrique de 53 km ou 105 km selon le WLTC<\/strong>, tandis que <strong data-start=\"643\" data-end=\"697\">Les essais CLTC permettent d'aller jusqu'\u00e0 80 km ou 100 km.<\/strong>, Id\u00e9al pour les trajets quotidiens sans \u00e9mission de gaz \u00e0 effet de serre.<\/p>\n<p data-start=\"741\" data-end=\"886\"><strong data-start=\"741\" data-end=\"766\">Une performance \u00e9quilibr\u00e9e :<\/strong><br data-start=\"766\" data-end=\"769\" \/>Fournit un <strong data-start=\"780\" data-end=\"805\">vitesse maximale de 180 km\/h<\/strong>, Le moteur \u00e0 combustion interne de la voiture, qui permet de rouler en toute confiance sur l'autoroute, est dot\u00e9 d'une puissance raffin\u00e9e et efficace.<\/p>\n<p data-start=\"888\" data-end=\"1034\"><strong data-start=\"888\" data-end=\"920\">Architecture de berline spacieuse :<\/strong><br data-start=\"920\" data-end=\"923\" \/>Caract\u00e9ristiques <strong data-start=\"934\" data-end=\"959\">4 portes, 5 places<\/strong>, L'h\u00f4tel offre un h\u00e9bergement confortable aux familles et aux hommes d'affaires.<\/p>\n<p data-start=\"1036\" data-end=\"1224\"><strong data-start=\"1036\" data-end=\"1069\">Proportions moyennes raffin\u00e9es :<\/strong><br data-start=\"1069\" data-end=\"1072\" \/>Avec des dimensions totales de <strong data-start=\"1099\" data-end=\"1127\">4 850 \u00d7 1 890 \u00d7 1 505 mm<\/strong>, Le v\u00e9hicule offre une posture large, un espace int\u00e9rieur g\u00e9n\u00e9reux et une pr\u00e9sence stable et haut de gamme sur la route.<\/p>\n<p data-start=\"1226\" data-end=\"1471\" data-is-last-node=\"\" data-is-only-node=\"\">Combinaison <strong data-start=\"1236\" data-end=\"1332\">une technologie hybride rechargeable efficace, une autonomie utile en mode \u00e9lectrique et une berline spacieuse<\/strong>, Ce mod\u00e8le est un choix judicieux pour les march\u00e9s en transition vers une mobilit\u00e9 \u00e9lectrifi\u00e9e sans compromettre le confort quotidien ou la polyvalence.<\/p>","protected":false},"excerpt":{"rendered":"<p>Discover a modern plug-in hybrid sedan engineered to deliver efficient electric driving, smooth petrol backup, and everyday practicality. Designed for drivers seeking flexibility and low running costs, it offers the following key highlights: Advanced Plug-in Hybrid Powertrain:Powered by a 1.5-liter inline-4 petrol engine producing 101 hp, seamlessly paired with an electric drive system to prioritize [&hellip;]<\/p>\n","protected":false},"featured_media":472,"comment_status":"open","ping_status":"closed","template":"","meta":[],"product_brand":[],"product_cat":[17],"product_tag":[],"class_list":{"0":"post-468","1":"product","2":"type-product","3":"status-publish","4":"has-post-thumbnail","6":"product_cat-uncategorized","8":"first","9":"instock","10":"shipping-taxable","11":"product-type-simple"},"_links":{"self":[{"href":"https:\/\/bydcarchina.com\/fr\/wp-json\/wp\/v2\/product\/468","targetHints":{"allow":["GET"]}}],"collection":[{"href":"https:\/\/bydcarchina.com\/fr\/wp-json\/wp\/v2\/product"}],"about":[{"href":"https:\/\/bydcarchina.com\/fr\/wp-json\/wp\/v2\/types\/product"}],"replies":[{"embeddable":true,"href":"https:\/\/bydcarchina.com\/fr\/wp-json\/wp\/v2\/comments?post=468"}],"version-history":[{"count":2,"href":"https:\/\/bydcarchina.com\/fr\/wp-json\/wp\/v2\/product\/468\/revisions"}],"predecessor-version":[{"id":1113,"href":"https:\/\/bydcarchina.com\/fr\/wp-json\/wp\/v2\/product\/468\/revisions\/1113"}],"wp:featuredmedia":[{"embeddable":true,"href":"https:\/\/bydcarchina.com\/fr\/wp-json\/wp\/v2\/media\/472"}],"wp:attachment":[{"href":"https:\/\/bydcarchina.com\/fr\/wp-json\/wp\/v2\/media?parent=468"}],"wp:term":[{"taxonomy":"product_brand","embeddable":true,"href":"https:\/\/bydcarchina.com\/fr\/wp-json\/wp\/v2\/product_brand?post=468"},{"taxonomy":"product_cat","embeddable":true,"href":"https:\/\/bydcarchina.com\/fr\/wp-json\/wp\/v2\/product_cat?post=468"},{"taxonomy":"product_tag","embeddable":true,"href":"https:\/\/bydcarchina.com\/fr\/wp-json\/wp\/v2\/product_tag?post=468"}],"curies":[{"name":"wp","href":"https:\/\/api.w.org\/{rel}","templated":true}]}}