{"id":474,"date":"2025-09-10T13:23:56","date_gmt":"2025-09-10T13:23:56","guid":{"rendered":"https:\/\/bydcarchina.com\/?post_type=product&#038;p=474"},"modified":"2025-12-13T08:42:30","modified_gmt":"2025-12-13T08:42:30","slug":"byd-2025-seal-07dm-i-edition-conduite-intelligente","status":"publish","type":"product","link":"https:\/\/bydcarchina.com\/fr\/product\/byd-2025-seal-07dm-i-intelligent-driving-edition\/","title":{"rendered":"BYD 2025 Seal 07DM-i Intelligent Driving Edition"},"content":{"rendered":"<p data-start=\"0\" data-end=\"204\">D\u00e9couvrez un <strong data-start=\"11\" data-end=\"43\">berline hybride rechargeable premium<\/strong> con\u00e7ue pour offrir une grande autonomie \u00e9lectrique, des performances \u00e9lev\u00e9es et un confort digne d'un chef d'entreprise. Con\u00e7ue pour r\u00e9pondre \u00e0 divers besoins de conduite, elle pr\u00e9sente les caract\u00e9ristiques suivantes :<\/p>\n<p data-start=\"206\" data-end=\"454\"><strong data-start=\"206\" data-end=\"249\">Double hybride rechargeable Options du groupe motopropulseur :<\/strong><br data-start=\"249\" data-end=\"252\" \/>Disponible avec un <strong data-start=\"269\" data-end=\"305\">Moteur \u00e0 essence 4 cylindres en ligne de 1,5 litre<\/strong> en <strong data-start=\"309\" data-end=\"329\">101 ch ou 156 ch<\/strong> et offrent des performances flexibles tout en conservant une grande efficacit\u00e9 gr\u00e2ce \u00e0 un syst\u00e8me hybride rechargeable avanc\u00e9.<\/p>\n<p data-start=\"456\" data-end=\"775\"><strong data-start=\"456\" data-end=\"497\">L'autonomie de conduite \u00e9lectrique la plus \u00e9lev\u00e9e de sa cat\u00e9gorie :<\/strong><br data-start=\"497\" data-end=\"500\" \/>Plusieurs variantes de batteries permettent d'obtenir une <strong data-start=\"536\" data-end=\"620\">Autonomie \u00e9lectrique pure de 180 km (110 km \/ 55 km \/ 100 km en option) selon le WLTC<\/strong>. Sous <strong data-start=\"628\" data-end=\"727\">Lors des essais CLTC, l'autonomie \u00e9lectrique atteint le chiffre impressionnant de 230 km (variantes 135 km \/ 70 km \/ 125 km).<\/strong>-Id\u00e9al pour une conduite quotidienne prolong\u00e9e sans \u00e9mission.<\/p>\n<p data-start=\"777\" data-end=\"948\"><strong data-start=\"777\" data-end=\"811\">Des performances routi\u00e8res rassurantes :<\/strong><br data-start=\"811\" data-end=\"814\" \/>Avec <strong data-start=\"819\" data-end=\"857\">des vitesses maximales de 185 km\/h ou 200 km\/h<\/strong>, Le v\u00e9hicule garantit des performances souples, stables et r\u00e9actives sur les longs trajets.<\/p>\n<p data-start=\"950\" data-end=\"1104\"><strong data-start=\"950\" data-end=\"977\">Executive Sedan Disposition :<\/strong><br data-start=\"977\" data-end=\"980\" \/>A <strong data-start=\"982\" data-end=\"1015\">Structure de carrosserie \u00e0 4 portes et 5 places<\/strong> offre un espace g\u00e9n\u00e9reux aux places arri\u00e8re et un confort raffin\u00e9 pour une utilisation priv\u00e9e ou professionnelle.<\/p>\n<p data-start=\"1106\" data-end=\"1279\"><strong data-start=\"1106\" data-end=\"1137\">Grandes proportions \u00e9l\u00e9gantes :<\/strong><br data-start=\"1137\" data-end=\"1140\" \/>Mesure <strong data-start=\"1150\" data-end=\"1178\">4 995 \u00d7 1 900 \u00d7 1 495 mm<\/strong>, La berline se caract\u00e9rise par une posture large, un int\u00e9rieur spacieux et une pr\u00e9sence imposante sur la route.<\/p>\n<p data-start=\"1281\" data-end=\"1550\" data-is-last-node=\"\" data-is-only-node=\"\">Combinaison <strong data-start=\"1291\" data-end=\"1382\">une autonomie \u00e9lectrique exceptionnelle, plusieurs choix de motorisation et des dimensions de berline de grande taille<\/strong>, Ce mod\u00e8le hybride rechargeable est la solution id\u00e9ale pour les conducteurs \u00e0 la recherche d'une efficacit\u00e9 \u00e9lectrifi\u00e9e sans compromettre les performances ou le luxe.<br data-start=\"1517\" data-end=\"1520\" \/><strong data-start=\"1520\" data-end=\"1550\" data-is-last-node=\"\">Renseignez-vous d\u00e8s maintenant pour en savoir plus.<\/strong><\/p>","protected":false},"excerpt":{"rendered":"<p>Discover a premium plug-in hybrid sedan engineered for long electric range, strong performance, and executive-level comfort. Designed to meet diverse driving needs, it offers the following highlights: Dual Plug-in Hybrid Powertrain Options:Available with a 1.5-liter inline-4 petrol engine in 101 hp or 156 hp configurations, delivering flexible performance while maintaining high efficiency through an advanced [&hellip;]<\/p>\n","protected":false},"featured_media":495,"comment_status":"open","ping_status":"closed","template":"","meta":[],"product_brand":[],"product_cat":[17],"product_tag":[],"class_list":{"0":"post-474","1":"product","2":"type-product","3":"status-publish","4":"has-post-thumbnail","6":"product_cat-uncategorized","8":"first","9":"instock","10":"shipping-taxable","11":"product-type-simple"},"_links":{"self":[{"href":"https:\/\/bydcarchina.com\/fr\/wp-json\/wp\/v2\/product\/474","targetHints":{"allow":["GET"]}}],"collection":[{"href":"https:\/\/bydcarchina.com\/fr\/wp-json\/wp\/v2\/product"}],"about":[{"href":"https:\/\/bydcarchina.com\/fr\/wp-json\/wp\/v2\/types\/product"}],"replies":[{"embeddable":true,"href":"https:\/\/bydcarchina.com\/fr\/wp-json\/wp\/v2\/comments?post=474"}],"version-history":[{"count":2,"href":"https:\/\/bydcarchina.com\/fr\/wp-json\/wp\/v2\/product\/474\/revisions"}],"predecessor-version":[{"id":1116,"href":"https:\/\/bydcarchina.com\/fr\/wp-json\/wp\/v2\/product\/474\/revisions\/1116"}],"wp:featuredmedia":[{"embeddable":true,"href":"https:\/\/bydcarchina.com\/fr\/wp-json\/wp\/v2\/media\/495"}],"wp:attachment":[{"href":"https:\/\/bydcarchina.com\/fr\/wp-json\/wp\/v2\/media?parent=474"}],"wp:term":[{"taxonomy":"product_brand","embeddable":true,"href":"https:\/\/bydcarchina.com\/fr\/wp-json\/wp\/v2\/product_brand?post=474"},{"taxonomy":"product_cat","embeddable":true,"href":"https:\/\/bydcarchina.com\/fr\/wp-json\/wp\/v2\/product_cat?post=474"},{"taxonomy":"product_tag","embeddable":true,"href":"https:\/\/bydcarchina.com\/fr\/wp-json\/wp\/v2\/product_tag?post=474"}],"curies":[{"name":"wp","href":"https:\/\/api.w.org\/{rel}","templated":true}]}}