{"id":497,"date":"2025-09-10T13:27:01","date_gmt":"2025-09-10T13:27:01","guid":{"rendered":"https:\/\/bydcarchina.com\/?post_type=product&#038;p=497"},"modified":"2025-12-13T08:43:05","modified_gmt":"2025-12-13T08:43:05","slug":"byd-2025-seagull-intelligent-driving-edition","status":"publish","type":"product","link":"https:\/\/bydcarchina.com\/fr\/product\/byd-2025-seagull-intelligent-driving-edition\/","title":{"rendered":"BYD 2025 Seagull Intelligent Driving Edition"},"content":{"rendered":"<p data-start=\"0\" data-end=\"217\">D\u00e9couvrez un <strong data-start=\"11\" data-end=\"50\">v\u00e9hicule \u00e9lectrique pur compact (BEV)<\/strong> con\u00e7ue pour une conduite agile en ville, une efficacit\u00e9 impressionnante et une mobilit\u00e9 sans \u00e9missions. Parfaitement adapt\u00e9e aux environnements urbains, elle pr\u00e9sente les caract\u00e9ristiques suivantes :<\/p>\n<p data-start=\"219\" data-end=\"431\"><strong data-start=\"219\" data-end=\"247\">Tout \u00e9lectrique Groupe motopropulseur :<\/strong><br data-start=\"247\" data-end=\"250\" \/>\u00c9quip\u00e9 de <strong data-start=\"264\" data-end=\"306\">Options de batterie 30,08 kWh ou 38,88 kWh<\/strong>, en fournissant un <strong data-start=\"320\" data-end=\"377\">autonomie en mode \u00e9lectrique pur jusqu'\u00e0 305 km ou 405 km<\/strong>, Id\u00e9al pour les d\u00e9placements quotidiens et les courts trajets interurbains.<\/p>\n<p data-start=\"433\" data-end=\"578\"><strong data-start=\"433\" data-end=\"462\">Acc\u00e9l\u00e9ration urbaine rapide :<\/strong><br data-start=\"462\" data-end=\"465\" \/>D\u00e9livre <strong data-start=\"474\" data-end=\"521\">Acc\u00e9l\u00e9ration de 0 \u00e0 100 km\/h en seulement 4,9 secondes<\/strong>, Le syst\u00e8me de contr\u00f4le de l'acc\u00e8s \u00e0 l'Internet permet d'assurer une performance vive et r\u00e9active dans la circulation urbaine.<\/p>\n<p data-start=\"580\" data-end=\"780\"><strong data-start=\"580\" data-end=\"609\">Une configuration ax\u00e9e sur l'efficacit\u00e9 :<\/strong><br data-start=\"609\" data-end=\"612\" \/>A <strong data-start=\"614\" data-end=\"641\">traction avant (FWD)<\/strong> am\u00e9liore l'efficacit\u00e9 \u00e9nerg\u00e9tique et la facilit\u00e9 de contr\u00f4le. <strong data-start=\"707\" data-end=\"732\">vitesse maximale de 130 km\/h<\/strong> est optimis\u00e9 pour une conduite stable et \u00e9conomique.<\/p>\n<p data-start=\"782\" data-end=\"973\"><strong data-start=\"782\" data-end=\"813\">Design compact et pratique :<\/strong><br data-start=\"813\" data-end=\"816\" \/>Avec des dimensions de <strong data-start=\"835\" data-end=\"863\">3 780 \u00d7 1 715 \u00d7 1 540 mm<\/strong>, Le v\u00e9hicule offre une excellente maniabilit\u00e9, un stationnement facile et un habitacle \u00e9tonnamment spacieux pour sa cat\u00e9gorie.<\/p>\n<p data-start=\"975\" data-end=\"1189\" data-is-last-node=\"\" data-is-only-node=\"\">Combinaison <strong data-start=\"985\" data-end=\"1051\">taille compacte, performances \u00e9lectriques \u00e9lev\u00e9es et autonomie pratique<\/strong>, Ce BEV est un choix id\u00e9al pour les conducteurs urbains \u00e0 la recherche d'une solution de mobilit\u00e9 \u00e9lectrique abordable, efficace et respectueuse de l'environnement.<\/p>","protected":false},"excerpt":{"rendered":"<p>Discover a compact pure electric vehicle (BEV) designed for agile city driving, impressive efficiency, and zero-emission mobility. Perfectly suited for urban environments, it delivers the following key highlights: All-Electric Powertrain:Equipped with 30.08 kWh or 38.88 kWh battery options, providing a pure electric driving range of up to 305 km or 405 km, ideal for daily [&hellip;]<\/p>\n","protected":false},"featured_media":504,"comment_status":"open","ping_status":"closed","template":"","meta":[],"product_brand":[],"product_cat":[17],"product_tag":[],"class_list":{"0":"post-497","1":"product","2":"type-product","3":"status-publish","4":"has-post-thumbnail","6":"product_cat-uncategorized","8":"first","9":"instock","10":"shipping-taxable","11":"product-type-simple"},"_links":{"self":[{"href":"https:\/\/bydcarchina.com\/fr\/wp-json\/wp\/v2\/product\/497","targetHints":{"allow":["GET"]}}],"collection":[{"href":"https:\/\/bydcarchina.com\/fr\/wp-json\/wp\/v2\/product"}],"about":[{"href":"https:\/\/bydcarchina.com\/fr\/wp-json\/wp\/v2\/types\/product"}],"replies":[{"embeddable":true,"href":"https:\/\/bydcarchina.com\/fr\/wp-json\/wp\/v2\/comments?post=497"}],"version-history":[{"count":2,"href":"https:\/\/bydcarchina.com\/fr\/wp-json\/wp\/v2\/product\/497\/revisions"}],"predecessor-version":[{"id":1117,"href":"https:\/\/bydcarchina.com\/fr\/wp-json\/wp\/v2\/product\/497\/revisions\/1117"}],"wp:featuredmedia":[{"embeddable":true,"href":"https:\/\/bydcarchina.com\/fr\/wp-json\/wp\/v2\/media\/504"}],"wp:attachment":[{"href":"https:\/\/bydcarchina.com\/fr\/wp-json\/wp\/v2\/media?parent=497"}],"wp:term":[{"taxonomy":"product_brand","embeddable":true,"href":"https:\/\/bydcarchina.com\/fr\/wp-json\/wp\/v2\/product_brand?post=497"},{"taxonomy":"product_cat","embeddable":true,"href":"https:\/\/bydcarchina.com\/fr\/wp-json\/wp\/v2\/product_cat?post=497"},{"taxonomy":"product_tag","embeddable":true,"href":"https:\/\/bydcarchina.com\/fr\/wp-json\/wp\/v2\/product_tag?post=497"}],"curies":[{"name":"wp","href":"https:\/\/api.w.org\/{rel}","templated":true}]}}