{"id":535,"date":"2025-09-10T14:00:05","date_gmt":"2025-09-10T14:00:05","guid":{"rendered":"https:\/\/bydcarchina.com\/?post_type=product&#038;p=535"},"modified":"2025-12-13T08:46:45","modified_gmt":"2025-12-13T08:46:45","slug":"byd-sealion-07-dm-i-2025-new-energy","status":"publish","type":"product","link":"https:\/\/bydcarchina.com\/fr\/product\/byd-sealion-07-dm-i-2025-new-energy\/","title":{"rendered":"BYD Sealion 07 DM-i 2025 New Energy"},"content":{"rendered":"<p data-start=\"0\" data-end=\"257\">D\u00e9couvrez un <strong data-start=\"11\" data-end=\"65\">berline \u00e9lectrique hybride rechargeable (PHEV) bien \u00e9quilibr\u00e9e<\/strong> con\u00e7ue pour combiner une conduite \u00e9lectrique efficace avec des performances douces \u00e0 l'essence. Con\u00e7ue pour les d\u00e9placements quotidiens et la flexibilit\u00e9 sur les longues distances, elle offre les avantages suivants :<\/p>\n<p data-start=\"259\" data-end=\"488\"><strong data-start=\"259\" data-end=\"284\">Syst\u00e8me PHEV avanc\u00e9 :<\/strong><br data-start=\"284\" data-end=\"287\" \/>Disponible avec <strong data-start=\"302\" data-end=\"328\">10,08 kWh ou 15,87 kWh<\/strong> options de batterie, ce qui permet d'obtenir une <strong data-start=\"359\" data-end=\"414\">autonomie en mode \u00e9lectrique pur jusqu'\u00e0 60 km ou 90 km<\/strong>, Le syst\u00e8me de gestion de l'\u00e9nergie, id\u00e9al pour les courts trajets quotidiens, permet de r\u00e9duire la consommation de carburant et les \u00e9missions polluantes.<\/p>\n<p data-start=\"490\" data-end=\"704\"><strong data-start=\"490\" data-end=\"517\">Performances r\u00e9actives :<\/strong><br data-start=\"517\" data-end=\"520\" \/>R\u00e9alise <strong data-start=\"529\" data-end=\"578\">Acc\u00e9l\u00e9ration de 0 \u00e0 100 km\/h en 7,9 ou 7,5 secondes<\/strong>, Le moteur \u00e0 combustion interne de la voiture, qui offre une puissance confiante et raffin\u00e9e, est le plus puissant de tous les moteurs \u00e0 combustion interne. A <strong data-start=\"630\" data-end=\"655\">vitesse maximale de 180 km\/h<\/strong> assure une conduite stable et confortable sur l'autoroute.<\/p>\n<p data-start=\"706\" data-end=\"857\"><strong data-start=\"706\" data-end=\"740\">Une conduite ax\u00e9e sur l'efficacit\u00e9 :<\/strong><br data-start=\"740\" data-end=\"743\" \/>Le <strong data-start=\"747\" data-end=\"774\">traction avant (FWD)<\/strong> am\u00e9liore l'efficacit\u00e9 \u00e9nerg\u00e9tique, la pr\u00e9visibilit\u00e9 de la tenue de route et la facilit\u00e9 de conduite au quotidien.<\/p>\n<p data-start=\"859\" data-end=\"1043\"><strong data-start=\"859\" data-end=\"889\">Berline spacieuse Dimensions :<\/strong><br data-start=\"889\" data-end=\"892\" \/>Avec une taille totale de <strong data-start=\"916\" data-end=\"944\">4 830 \u00d7 1 875 \u00d7 1 495 mm<\/strong>, Le v\u00e9hicule offre un espace int\u00e9rieur g\u00e9n\u00e9reux, une posture large et une pr\u00e9sence sur la route pos\u00e9e et de qualit\u00e9.<\/p>\n<p data-start=\"1045\" data-end=\"1273\" data-is-last-node=\"\" data-is-only-node=\"\">Combinaison <strong data-start=\"1055\" data-end=\"1148\">autonomie \u00e9lectrique pratique, acc\u00e9l\u00e9ration douce et proportions confortables d'une berline de taille moyenne<\/strong>, Ce mod\u00e8le PHEV est un excellent choix pour les conducteurs qui recherchent une mobilit\u00e9 \u00e9lectrifi\u00e9e sans sacrifier le confort ou la polyvalence.<\/p>","protected":false},"excerpt":{"rendered":"<p>Discover a well-balanced plug-in hybrid electric sedan (PHEV) engineered to combine efficient electric driving with smooth petrol-powered performance. Designed for everyday commuting and long-distance flexibility, it offers the following key advantages: Advanced PHEV System:Available with 10.08 kWh or 15.87 kWh battery options, delivering a pure electric driving range of up to 60 km or 90 [&hellip;]<\/p>\n","protected":false},"featured_media":549,"comment_status":"open","ping_status":"closed","template":"","meta":[],"product_brand":[],"product_cat":[17],"product_tag":[],"class_list":{"0":"post-535","1":"product","2":"type-product","3":"status-publish","4":"has-post-thumbnail","6":"product_cat-uncategorized","8":"first","9":"instock","10":"shipping-taxable","11":"product-type-simple"},"_links":{"self":[{"href":"https:\/\/bydcarchina.com\/fr\/wp-json\/wp\/v2\/product\/535","targetHints":{"allow":["GET"]}}],"collection":[{"href":"https:\/\/bydcarchina.com\/fr\/wp-json\/wp\/v2\/product"}],"about":[{"href":"https:\/\/bydcarchina.com\/fr\/wp-json\/wp\/v2\/types\/product"}],"replies":[{"embeddable":true,"href":"https:\/\/bydcarchina.com\/fr\/wp-json\/wp\/v2\/comments?post=535"}],"version-history":[{"count":3,"href":"https:\/\/bydcarchina.com\/fr\/wp-json\/wp\/v2\/product\/535\/revisions"}],"predecessor-version":[{"id":1125,"href":"https:\/\/bydcarchina.com\/fr\/wp-json\/wp\/v2\/product\/535\/revisions\/1125"}],"wp:featuredmedia":[{"embeddable":true,"href":"https:\/\/bydcarchina.com\/fr\/wp-json\/wp\/v2\/media\/549"}],"wp:attachment":[{"href":"https:\/\/bydcarchina.com\/fr\/wp-json\/wp\/v2\/media?parent=535"}],"wp:term":[{"taxonomy":"product_brand","embeddable":true,"href":"https:\/\/bydcarchina.com\/fr\/wp-json\/wp\/v2\/product_brand?post=535"},{"taxonomy":"product_cat","embeddable":true,"href":"https:\/\/bydcarchina.com\/fr\/wp-json\/wp\/v2\/product_cat?post=535"},{"taxonomy":"product_tag","embeddable":true,"href":"https:\/\/bydcarchina.com\/fr\/wp-json\/wp\/v2\/product_tag?post=535"}],"curies":[{"name":"wp","href":"https:\/\/api.w.org\/{rel}","templated":true}]}}