{"id":552,"date":"2025-09-10T14:06:53","date_gmt":"2025-09-10T14:06:53","guid":{"rendered":"https:\/\/bydcarchina.com\/?post_type=product&#038;p=552"},"modified":"2025-12-13T08:47:08","modified_gmt":"2025-12-13T08:47:08","slug":"byd-sealion-07-ev-2025-new-energy","status":"publish","type":"product","link":"https:\/\/bydcarchina.com\/fr\/product\/byd-sealion-07-ev-2025-new-energy\/","title":{"rendered":"BYD Sealion 07 EV 2025 New Energy"},"content":{"rendered":"<p data-start=\"0\" data-end=\"263\">D\u00e9couvrez un <strong data-start=\"11\" data-end=\"55\">SUV \u00e9lectrique pur haute performance (BEV)<\/strong> Con\u00e7ue pour la conduite sur de longues distances, une dynamique puissante et une polyvalence de premier ordre au quotidien. Con\u00e7ue pour r\u00e9pondre aux attentes des conducteurs qui recherchent \u00e0 la fois autonomie et performance, elle offre les points forts suivants :<\/p>\n<p data-start=\"265\" data-end=\"472\"><strong data-start=\"265\" data-end=\"304\">Groupe motopropulseur tout \u00e9lectrique \u00e0 longue port\u00e9e :<\/strong><br data-start=\"304\" data-end=\"307\" \/>Fournit un <strong data-start=\"318\" data-end=\"378\">Autonomie \u00e9lectrique pure homologu\u00e9e CLTC jusqu'\u00e0 550 km ou 610 km<\/strong>, Le syst\u00e8me d'\u00e9chappement de la voiture est tr\u00e8s efficace, ce qui permet d'effectuer en toute confiance les trajets quotidiens et les longs trajets, sans \u00e9missions \u00e0 l'\u00e9chappement.<\/p>\n<p data-start=\"474\" data-end=\"699\"><strong data-start=\"474\" data-end=\"517\">Options du groupe motopropulseur ax\u00e9es sur la performance :<\/strong><br data-start=\"517\" data-end=\"520\" \/>Disponible en <strong data-start=\"533\" data-end=\"584\">traction arri\u00e8re (RWD) ou traction int\u00e9grale (AWD)<\/strong> des configurations, en r\u00e9alisant <strong data-start=\"611\" data-end=\"649\">vitesse maximale de 210 km\/h ou 225 km\/h<\/strong> pour une forte acc\u00e9l\u00e9ration et une stabilit\u00e9 \u00e0 grande vitesse.<\/p>\n<p data-start=\"701\" data-end=\"878\"><strong data-start=\"701\" data-end=\"731\">Architecture SUV spacieuse :<\/strong><br data-start=\"731\" data-end=\"734\" \/>Comprend un <strong data-start=\"755\" data-end=\"792\">Structure de carrosserie SUV \u00e0 5 portes et 5 places<\/strong>, La nouvelle g\u00e9n\u00e9ration de v\u00e9hicules \u00e0 moteur, qui offre un espace g\u00e9n\u00e9reux dans l'habitacle, une capacit\u00e9 de chargement flexible et une excellente pr\u00e9sence sur la route, est un mod\u00e8le d'\u00e9l\u00e9gance et d'\u00e9l\u00e9gance.<\/p>\n<p data-start=\"880\" data-end=\"1050\"><strong data-start=\"880\" data-end=\"919\">Construction solide et bien \u00e9quilibr\u00e9e :<\/strong><br data-start=\"919\" data-end=\"922\" \/>Avec un <strong data-start=\"929\" data-end=\"968\">poids \u00e0 vide de 2 155 kg ou 2 210 kg<\/strong>, Gr\u00e2ce \u00e0 cette technologie, le v\u00e9hicule trouve un \u00e9quilibre entre la rigidit\u00e9 structurelle, le confort de conduite et les performances dynamiques.<\/p>\n<p data-start=\"1052\" data-end=\"1229\"><strong data-start=\"1052\" data-end=\"1084\">Moderne, Dimensions athl\u00e9tiques :<\/strong><br data-start=\"1084\" data-end=\"1087\" \/>Mesure <strong data-start=\"1097\" data-end=\"1125\">4 830 \u00d7 1 925 \u00d7 1 620 mm<\/strong>, Le SUV combine une posture large avec un profil \u00e9l\u00e9gant, offrant \u00e0 la fois stabilit\u00e9 et esth\u00e9tique raffin\u00e9e.<\/p>\n<p data-start=\"1231\" data-end=\"1465\" data-is-last-node=\"\" data-is-only-node=\"\">Combinaison <strong data-start=\"1241\" data-end=\"1329\">longue autonomie \u00e9lectrique, options de conduite ax\u00e9es sur les performances et proportions d'un SUV haut de gamme<\/strong>, Ce mod\u00e8le BEV est un choix id\u00e9al pour les conducteurs \u00e0 la recherche d'une mobilit\u00e9 z\u00e9ro \u00e9mission sans compromettre la puissance, l'espace ou la confiance en soi.<\/p>","protected":false},"excerpt":{"rendered":"<p>Discover a high-performance pure electric SUV (BEV) engineered for long-distance driving, powerful dynamics, and premium everyday versatility. Designed to meet the expectations of drivers seeking both range and performance, it offers the following highlights: Long-Range All-Electric Powertrain:Delivers a CLTC-rated pure electric range of up to 550 km or 610 km, providing confidence for daily commuting [&hellip;]<\/p>\n","protected":false},"featured_media":571,"comment_status":"open","ping_status":"closed","template":"","meta":[],"product_brand":[],"product_cat":[17],"product_tag":[],"class_list":{"0":"post-552","1":"product","2":"type-product","3":"status-publish","4":"has-post-thumbnail","6":"product_cat-uncategorized","8":"first","9":"instock","10":"shipping-taxable","11":"product-type-simple"},"_links":{"self":[{"href":"https:\/\/bydcarchina.com\/fr\/wp-json\/wp\/v2\/product\/552","targetHints":{"allow":["GET"]}}],"collection":[{"href":"https:\/\/bydcarchina.com\/fr\/wp-json\/wp\/v2\/product"}],"about":[{"href":"https:\/\/bydcarchina.com\/fr\/wp-json\/wp\/v2\/types\/product"}],"replies":[{"embeddable":true,"href":"https:\/\/bydcarchina.com\/fr\/wp-json\/wp\/v2\/comments?post=552"}],"version-history":[{"count":2,"href":"https:\/\/bydcarchina.com\/fr\/wp-json\/wp\/v2\/product\/552\/revisions"}],"predecessor-version":[{"id":1126,"href":"https:\/\/bydcarchina.com\/fr\/wp-json\/wp\/v2\/product\/552\/revisions\/1126"}],"wp:featuredmedia":[{"embeddable":true,"href":"https:\/\/bydcarchina.com\/fr\/wp-json\/wp\/v2\/media\/571"}],"wp:attachment":[{"href":"https:\/\/bydcarchina.com\/fr\/wp-json\/wp\/v2\/media?parent=552"}],"wp:term":[{"taxonomy":"product_brand","embeddable":true,"href":"https:\/\/bydcarchina.com\/fr\/wp-json\/wp\/v2\/product_brand?post=552"},{"taxonomy":"product_cat","embeddable":true,"href":"https:\/\/bydcarchina.com\/fr\/wp-json\/wp\/v2\/product_cat?post=552"},{"taxonomy":"product_tag","embeddable":true,"href":"https:\/\/bydcarchina.com\/fr\/wp-json\/wp\/v2\/product_tag?post=552"}],"curies":[{"name":"wp","href":"https:\/\/api.w.org\/{rel}","templated":true}]}}