{"id":576,"date":"2025-09-11T12:37:18","date_gmt":"2025-09-11T12:37:18","guid":{"rendered":"https:\/\/bydcarchina.com\/?post_type=product&#038;p=576"},"modified":"2025-12-13T08:47:54","modified_gmt":"2025-12-13T08:47:54","slug":"byd-2025-han-dmi-edition-conduite-intelligente","status":"publish","type":"product","link":"https:\/\/bydcarchina.com\/fr\/product\/byd-2025-han-dmi-intelligent-driving-edition\/","title":{"rendered":"BYD 2025 Han DMI Intelligent Driving Edition"},"content":{"rendered":"<p data-start=\"0\" data-end=\"272\">D\u00e9couvrez un <strong data-start=\"11\" data-end=\"56\">berline hybride rechargeable ax\u00e9e sur les performances<\/strong> con\u00e7ue pour combiner une grande autonomie \u00e9lectrique, une efficacit\u00e9 turbocompress\u00e9e et un confort digne d'un chef d'entreprise. Con\u00e7ue pour les conducteurs qui exigent \u00e0 la fois durabilit\u00e9 et performances dynamiques, elle pr\u00e9sente les caract\u00e9ristiques suivantes :<\/p>\n<p data-start=\"274\" data-end=\"534\"><strong data-start=\"274\" data-end=\"317\">Hybride rechargeable turbocompress\u00e9 Groupe motopropulseur :<\/strong><br data-start=\"317\" data-end=\"320\" \/>Aliment\u00e9 par un <strong data-start=\"333\" data-end=\"375\">Moteur 4 cylindres en ligne turbocompress\u00e9 de 1,5 litre<\/strong> produisant <strong data-start=\"386\" data-end=\"396\">156 ch<\/strong>, Le syst\u00e8me hybride rechargeable de pointe s'int\u00e8gre parfaitement pour offrir une forte acc\u00e9l\u00e9ration tout en conservant une excellente efficacit\u00e9 \u00e9nerg\u00e9tique.<\/p>\n<p data-start=\"536\" data-end=\"836\"><strong data-start=\"536\" data-end=\"577\">Capacit\u00e9s \u00e9lectriques pures exceptionnelles :<\/strong><br data-start=\"577\" data-end=\"580\" \/>Offre de multiples configurations de batteries avec un <strong data-start=\"626\" data-end=\"692\">Autonomie \u00e9lectrique pure de 180 km selon le WLTC (102 km en option)<\/strong>. Sous <strong data-start=\"700\" data-end=\"786\">Essais CLTC, l'autonomie en mode \u00e9lectrique atteint le chiffre impressionnant de 245 km (125 km en variante).<\/strong>, qui permet une conduite quotidienne prolong\u00e9e sans \u00e9mission de gaz \u00e0 effet de serre.<\/p>\n<p data-start=\"838\" data-end=\"986\"><strong data-start=\"838\" data-end=\"865\">Performance \u00e0 grande vitesse :<\/strong><br data-start=\"865\" data-end=\"868\" \/>Avec un <strong data-start=\"875\" data-end=\"900\">vitesse maximale de 200 km\/h<\/strong>, La berline offre une conduite confiante sur autoroute et des performances raffin\u00e9es sur longue distance.<\/p>\n<p data-start=\"988\" data-end=\"1137\"><strong data-start=\"988\" data-end=\"1024\">Une berline ex\u00e9cutive spacieuse :<\/strong><br data-start=\"1024\" data-end=\"1027\" \/>A <strong data-start=\"1029\" data-end=\"1062\">Structure de carrosserie \u00e0 4 portes et 5 places<\/strong> garantit un espace de cabine g\u00e9n\u00e9reux et un grand confort, tant pour les affaires que pour la famille.<\/p>\n<p data-start=\"1139\" data-end=\"1306\"><strong data-start=\"1139\" data-end=\"1179\">Large, bien proportionn\u00e9 Dimensions :<\/strong><br data-start=\"1179\" data-end=\"1182\" \/>Mesure <strong data-start=\"1192\" data-end=\"1220\">4 995 \u00d7 1 910 \u00d7 1 495 mm<\/strong>, Le v\u00e9hicule offre une posture large, une forte pr\u00e9sence sur la route et un excellent espace int\u00e9rieur.<\/p>\n<p data-start=\"1308\" data-end=\"1500\"><strong data-start=\"1308\" data-end=\"1337\">\u00c9quilibre de poids optimis\u00e9 :<\/strong><br data-start=\"1337\" data-end=\"1340\" \/>Avec un <strong data-start=\"1347\" data-end=\"1386\">poids \u00e0 vide de 2 045 kg ou 1 910 kg<\/strong>, Gr\u00e2ce \u00e0 son syst\u00e8me de motorisation, la berline offre un \u00e9quilibre entre la r\u00e9sistance structurelle, le confort de conduite et l'efficacit\u00e9 des diff\u00e9rents groupes motopropulseurs.<\/p>\n<p data-start=\"1502\" data-end=\"1754\" data-is-last-node=\"\" data-is-only-node=\"\">Combinaison <strong data-start=\"1512\" data-end=\"1610\">performance hybride turbocompress\u00e9e, autonomie \u00e9lectrique la plus \u00e9lev\u00e9e de sa cat\u00e9gorie, et proportions de berline de taille normale<\/strong>, Ce mod\u00e8le hybride rechargeable est le choix id\u00e9al pour les conducteurs qui recherchent une efficacit\u00e9 \u00e9lectrifi\u00e9e sans sacrifier la puissance, le confort ou l'attrait du haut de gamme.<\/p>","protected":false},"excerpt":{"rendered":"<p>Discover a performance-oriented plug-in hybrid sedan designed to combine long electric range, turbocharged efficiency, and executive-level comfort. Engineered for drivers who demand both sustainability and dynamic performance, it delivers the following key highlights: Turbocharged Plug-in Hybrid Powertrain:Powered by a 1.5-liter turbocharged inline-4 engine producing 156 hp, seamlessly integrated with an advanced plug-in hybrid system to [&hellip;]<\/p>\n","protected":false},"featured_media":582,"comment_status":"open","ping_status":"closed","template":"","meta":[],"product_brand":[],"product_cat":[17],"product_tag":[],"class_list":{"0":"post-576","1":"product","2":"type-product","3":"status-publish","4":"has-post-thumbnail","6":"product_cat-uncategorized","8":"first","9":"instock","10":"shipping-taxable","11":"product-type-simple"},"_links":{"self":[{"href":"https:\/\/bydcarchina.com\/fr\/wp-json\/wp\/v2\/product\/576","targetHints":{"allow":["GET"]}}],"collection":[{"href":"https:\/\/bydcarchina.com\/fr\/wp-json\/wp\/v2\/product"}],"about":[{"href":"https:\/\/bydcarchina.com\/fr\/wp-json\/wp\/v2\/types\/product"}],"replies":[{"embeddable":true,"href":"https:\/\/bydcarchina.com\/fr\/wp-json\/wp\/v2\/comments?post=576"}],"version-history":[{"count":2,"href":"https:\/\/bydcarchina.com\/fr\/wp-json\/wp\/v2\/product\/576\/revisions"}],"predecessor-version":[{"id":1128,"href":"https:\/\/bydcarchina.com\/fr\/wp-json\/wp\/v2\/product\/576\/revisions\/1128"}],"wp:featuredmedia":[{"embeddable":true,"href":"https:\/\/bydcarchina.com\/fr\/wp-json\/wp\/v2\/media\/582"}],"wp:attachment":[{"href":"https:\/\/bydcarchina.com\/fr\/wp-json\/wp\/v2\/media?parent=576"}],"wp:term":[{"taxonomy":"product_brand","embeddable":true,"href":"https:\/\/bydcarchina.com\/fr\/wp-json\/wp\/v2\/product_brand?post=576"},{"taxonomy":"product_cat","embeddable":true,"href":"https:\/\/bydcarchina.com\/fr\/wp-json\/wp\/v2\/product_cat?post=576"},{"taxonomy":"product_tag","embeddable":true,"href":"https:\/\/bydcarchina.com\/fr\/wp-json\/wp\/v2\/product_tag?post=576"}],"curies":[{"name":"wp","href":"https:\/\/api.w.org\/{rel}","templated":true}]}}