{"id":615,"date":"2025-09-11T13:10:09","date_gmt":"2025-09-11T13:10:09","guid":{"rendered":"https:\/\/bydcarchina.com\/?post_type=product&#038;p=615"},"modified":"2025-12-13T08:50:12","modified_gmt":"2025-12-13T08:50:12","slug":"byd-2025-song-ldmi-smart-driving-edition","status":"publish","type":"product","link":"https:\/\/bydcarchina.com\/fr\/product\/byd-2025-song-ldmi-smart-driving-edition\/","title":{"rendered":"BYD 2025 Song LDMi Smart Driving Edition"},"content":{"rendered":"<p data-start=\"0\" data-end=\"258\">D\u00e9couvrez un <strong data-start=\"11\" data-end=\"43\">SUV hybride rechargeable polyvalent<\/strong> La nouvelle g\u00e9n\u00e9ration de v\u00e9hicules \u00e9lectriques a \u00e9t\u00e9 con\u00e7ue pour combiner une grande autonomie \u00e9lectrique, des performances efficaces en mati\u00e8re d'essence et une grande praticit\u00e9 au quotidien. Con\u00e7ue pour les familles et les conducteurs \u00e0 la recherche d'une mobilit\u00e9 \u00e9lectrifi\u00e9e flexible, elle pr\u00e9sente les caract\u00e9ristiques suivantes :<\/p>\n<p data-start=\"260\" data-end=\"520\"><strong data-start=\"260\" data-end=\"299\">Groupe motopropulseur hybride rechargeable avanc\u00e9 :<\/strong><br data-start=\"299\" data-end=\"302\" \/>Aliment\u00e9 par un <strong data-start=\"315\" data-end=\"351\">Moteur \u00e0 essence 4 cylindres en ligne de 1,5 litre<\/strong> produisant <strong data-start=\"362\" data-end=\"372\">101 ch<\/strong>, Le syst\u00e8me hybride rechargeable intelligent s'int\u00e8gre parfaitement pour donner la priorit\u00e9 \u00e0 la conduite \u00e9lectrique tout en garantissant une capacit\u00e9 fiable \u00e0 parcourir de longues distances.<\/p>\n<p data-start=\"522\" data-end=\"859\"><strong data-start=\"522\" data-end=\"563\">Extension de l'autonomie en mode \u00e9lectrique pur :<\/strong><br data-start=\"563\" data-end=\"566\" \/>Les configurations multiples de la batterie offrent une <strong data-start=\"606\" data-end=\"694\">Autonomie \u00e9lectrique \u00e9valu\u00e9e par le WLTC jusqu'\u00e0 135 km (variantes 100 km \/ 60 km \/ 91 km \/ 128 km)<\/strong>. Sous <strong data-start=\"702\" data-end=\"803\">Essais CLTC, l'autonomie en mode \u00e9lectrique pur atteint jusqu'\u00e0 200 km (130 km \/ 75 km \/ 112 km \/ 160 km en option)<\/strong>, ce qui rend les d\u00e9placements quotidiens sans \u00e9missions tr\u00e8s pratiques.<\/p>\n<p data-start=\"861\" data-end=\"1035\"><strong data-start=\"861\" data-end=\"886\">Une performance \u00e9quilibr\u00e9e :<\/strong><br data-start=\"886\" data-end=\"889\" \/>Avec un <strong data-start=\"896\" data-end=\"921\">vitesse maximale de 180 km\/h<\/strong>, Le SUV offre des acc\u00e9l\u00e9rations douces et une conduite stable sur autoroute, tout en conservant une excellente efficacit\u00e9 globale.<\/p>\n<p data-start=\"1037\" data-end=\"1214\"><strong data-start=\"1037\" data-end=\"1068\">Spacieux SUV \u00e0 5 portes :<\/strong><br data-start=\"1068\" data-end=\"1071\" \/>A <strong data-start=\"1073\" data-end=\"1106\">Structure de carrosserie \u00e0 5 portes et 5 places<\/strong> offre un espace g\u00e9n\u00e9reux dans l'habitacle, une capacit\u00e9 de chargement flexible et des si\u00e8ges confortables pour une utilisation familiale ou professionnelle.<\/p>\n<p data-start=\"1216\" data-end=\"1377\"><strong data-start=\"1216\" data-end=\"1253\">Dimensions du SUV bien proportionn\u00e9 :<\/strong><br data-start=\"1253\" data-end=\"1256\" \/>Mesure <strong data-start=\"1266\" data-end=\"1294\">4 780 \u00d7 1 898 \u00d7 1 670 mm<\/strong>, Le v\u00e9hicule offre une posture large, une hauteur de caisse \u00e9lev\u00e9e et une forte pr\u00e9sence sur la route.<\/p>\n<p data-start=\"1379\" data-end=\"1571\"><strong data-start=\"1379\" data-end=\"1402\">Construction solide :<\/strong><br data-start=\"1402\" data-end=\"1405\" \/>Avec <strong data-start=\"1410\" data-end=\"1460\">poids \u00e0 vide allant de 2 225 kg \u00e0 2 375 kg<\/strong>, Le SUV \u00e9quilibre la r\u00e9sistance structurelle, le confort de conduite et la stabilit\u00e9 gr\u00e2ce \u00e0 diff\u00e9rentes configurations de groupes motopropulseurs.<\/p>\n<p data-start=\"1573\" data-end=\"1815\" data-is-last-node=\"\" data-is-only-node=\"\">Combinaison <strong data-start=\"1583\" data-end=\"1667\">longue autonomie \u00e9lectrique, efficacit\u00e9 \u00e9prouv\u00e9e de l'hybride rechargeable et design spacieux du SUV<\/strong>, Ce mod\u00e8le PHEV est un excellent choix pour les conducteurs qui recherchent une mobilit\u00e9 \u00e9lectrifi\u00e9e sans compromettre la praticit\u00e9, le confort ou la facilit\u00e9 d'utilisation au quotidien.<\/p>","protected":false},"excerpt":{"rendered":"<p>Discover a versatile plug-in hybrid SUV engineered to combine long electric range, efficient petrol performance, and everyday practicality. Designed for families and drivers seeking flexible electrified mobility, it delivers the following key highlights: Advanced Plug-in Hybrid Powertrain:Powered by a 1.5-liter inline-4 petrol engine producing 101 hp, seamlessly integrated with an intelligent plug-in hybrid system to [&hellip;]<\/p>\n","protected":false},"featured_media":628,"comment_status":"open","ping_status":"closed","template":"","meta":[],"product_brand":[],"product_cat":[17],"product_tag":[],"class_list":{"0":"post-615","1":"product","2":"type-product","3":"status-publish","4":"has-post-thumbnail","6":"product_cat-uncategorized","8":"first","9":"instock","10":"shipping-taxable","11":"product-type-simple"},"_links":{"self":[{"href":"https:\/\/bydcarchina.com\/fr\/wp-json\/wp\/v2\/product\/615","targetHints":{"allow":["GET"]}}],"collection":[{"href":"https:\/\/bydcarchina.com\/fr\/wp-json\/wp\/v2\/product"}],"about":[{"href":"https:\/\/bydcarchina.com\/fr\/wp-json\/wp\/v2\/types\/product"}],"replies":[{"embeddable":true,"href":"https:\/\/bydcarchina.com\/fr\/wp-json\/wp\/v2\/comments?post=615"}],"version-history":[{"count":2,"href":"https:\/\/bydcarchina.com\/fr\/wp-json\/wp\/v2\/product\/615\/revisions"}],"predecessor-version":[{"id":1131,"href":"https:\/\/bydcarchina.com\/fr\/wp-json\/wp\/v2\/product\/615\/revisions\/1131"}],"wp:featuredmedia":[{"embeddable":true,"href":"https:\/\/bydcarchina.com\/fr\/wp-json\/wp\/v2\/media\/628"}],"wp:attachment":[{"href":"https:\/\/bydcarchina.com\/fr\/wp-json\/wp\/v2\/media?parent=615"}],"wp:term":[{"taxonomy":"product_brand","embeddable":true,"href":"https:\/\/bydcarchina.com\/fr\/wp-json\/wp\/v2\/product_brand?post=615"},{"taxonomy":"product_cat","embeddable":true,"href":"https:\/\/bydcarchina.com\/fr\/wp-json\/wp\/v2\/product_cat?post=615"},{"taxonomy":"product_tag","embeddable":true,"href":"https:\/\/bydcarchina.com\/fr\/wp-json\/wp\/v2\/product_tag?post=615"}],"curies":[{"name":"wp","href":"https:\/\/api.w.org\/{rel}","templated":true}]}}