{"id":697,"date":"2025-09-11T13:31:37","date_gmt":"2025-09-11T13:31:37","guid":{"rendered":"https:\/\/bydcarchina.com\/?post_type=product&#038;p=697"},"modified":"2025-12-13T09:06:45","modified_gmt":"2025-12-13T09:06:45","slug":"byd-2025-atto-3-yuan-up-smart-driving-edition","status":"publish","type":"product","link":"https:\/\/bydcarchina.com\/fr\/product\/byd-2025-atto-3-yuan-up-smart-driving-edition\/","title":{"rendered":"BYD 2025 Yuan Up Smart Driving Edition"},"content":{"rendered":"<p data-start=\"0\" data-end=\"229\">D\u00e9couvrez un <strong data-start=\"11\" data-end=\"45\">SUV moderne purement \u00e9lectrique (BEV)<\/strong> con\u00e7u pour offrir des performances \u00e9quilibr\u00e9es, une autonomie pratique et une polyvalence au quotidien. Con\u00e7ue pour r\u00e9pondre aux besoins des conducteurs urbains et des familles, elle pr\u00e9sente les caract\u00e9ristiques suivantes :<\/p>\n<p data-start=\"231\" data-end=\"481\"><strong data-start=\"231\" data-end=\"259\">Tout \u00e9lectrique Groupe motopropulseur :<\/strong><br data-start=\"259\" data-end=\"262\" \/>Disponible avec <strong data-start=\"277\" data-end=\"303\">49,92 kWh ou 60,48 kWh<\/strong> options de batterie, ce qui permet d'obtenir une <strong data-start=\"334\" data-end=\"391\">autonomie en mode \u00e9lectrique pur jusqu'\u00e0 430 km ou 510 km<\/strong>, Ce v\u00e9hicule est donc parfaitement adapt\u00e9 aux d\u00e9placements quotidiens et aux voyages plus longs, sans aucune \u00e9mission de gaz d'\u00e9chappement.<\/p>\n<p data-start=\"483\" data-end=\"700\"><strong data-start=\"483\" data-end=\"519\">Performances fluides et r\u00e9actives :<\/strong><br data-start=\"519\" data-end=\"522\" \/>Acc\u00e9l\u00e8re de <strong data-start=\"539\" data-end=\"568\">0-100 km\/h en 7,3 secondes<\/strong>, qui offre des performances \u00e9lectriques confiantes et raffin\u00e9es. A <strong data-start=\"626\" data-end=\"651\">vitesse maximale de 160 km\/h<\/strong> assure une conduite stable et confortable sur l'autoroute.<\/p>\n<p data-start=\"702\" data-end=\"880\"><strong data-start=\"702\" data-end=\"736\">Une conduite ax\u00e9e sur l'efficacit\u00e9 :<\/strong><br data-start=\"736\" data-end=\"739\" \/>Le <strong data-start=\"743\" data-end=\"770\">traction avant (FWD)<\/strong> am\u00e9liore l'efficacit\u00e9 \u00e9nerg\u00e9tique, la pr\u00e9visibilit\u00e9 de la tenue de route et la facilit\u00e9 de conduite en ville et sur autoroute.<\/p>\n<p data-start=\"882\" data-end=\"1089\"><strong data-start=\"882\" data-end=\"915\">Un design SUV bien proportionn\u00e9 :<\/strong><br data-start=\"915\" data-end=\"918\" \/>Avec des dimensions de <strong data-start=\"937\" data-end=\"965\">4 455 \u00d7 1 875 \u00d7 1 615 mm<\/strong>, Le SUV offre une posture large, une hauteur de conduite \u00e9lev\u00e9e et un habitacle spacieux, \u00e9quilibrant la maniabilit\u00e9 et le confort int\u00e9rieur.<\/p>\n<p data-start=\"1091\" data-end=\"1327\" data-is-last-node=\"\" data-is-only-node=\"\">Combinaison <strong data-start=\"1101\" data-end=\"1183\">une autonomie \u00e9lectrique pratique, une acc\u00e9l\u00e9ration en douceur et un format SUV polyvalent<\/strong>, Ce mod\u00e8le BEV est un excellent choix pour les conducteurs qui recherchent une mobilit\u00e9 fiable et sans \u00e9missions, sans compromettre l'utilisation quotidienne ou le confort.<\/p>","protected":false},"excerpt":{"rendered":"<p>Discover a modern pure electric SUV (BEV) engineered for balanced performance, practical range, and everyday versatility. Designed to meet the needs of urban drivers and families alike, it offers the following key highlights: All-Electric Powertrain:Available with 49.92 kWh or 60.48 kWh battery options, delivering a pure electric driving range of up to 430 km or [&hellip;]<\/p>\n","protected":false},"featured_media":714,"comment_status":"open","ping_status":"closed","template":"","meta":[],"product_brand":[],"product_cat":[17],"product_tag":[],"class_list":{"0":"post-697","1":"product","2":"type-product","3":"status-publish","4":"has-post-thumbnail","6":"product_cat-uncategorized","8":"first","9":"instock","10":"shipping-taxable","11":"product-type-simple"},"_links":{"self":[{"href":"https:\/\/bydcarchina.com\/fr\/wp-json\/wp\/v2\/product\/697","targetHints":{"allow":["GET"]}}],"collection":[{"href":"https:\/\/bydcarchina.com\/fr\/wp-json\/wp\/v2\/product"}],"about":[{"href":"https:\/\/bydcarchina.com\/fr\/wp-json\/wp\/v2\/types\/product"}],"replies":[{"embeddable":true,"href":"https:\/\/bydcarchina.com\/fr\/wp-json\/wp\/v2\/comments?post=697"}],"version-history":[{"count":4,"href":"https:\/\/bydcarchina.com\/fr\/wp-json\/wp\/v2\/product\/697\/revisions"}],"predecessor-version":[{"id":1139,"href":"https:\/\/bydcarchina.com\/fr\/wp-json\/wp\/v2\/product\/697\/revisions\/1139"}],"wp:featuredmedia":[{"embeddable":true,"href":"https:\/\/bydcarchina.com\/fr\/wp-json\/wp\/v2\/media\/714"}],"wp:attachment":[{"href":"https:\/\/bydcarchina.com\/fr\/wp-json\/wp\/v2\/media?parent=697"}],"wp:term":[{"taxonomy":"product_brand","embeddable":true,"href":"https:\/\/bydcarchina.com\/fr\/wp-json\/wp\/v2\/product_brand?post=697"},{"taxonomy":"product_cat","embeddable":true,"href":"https:\/\/bydcarchina.com\/fr\/wp-json\/wp\/v2\/product_cat?post=697"},{"taxonomy":"product_tag","embeddable":true,"href":"https:\/\/bydcarchina.com\/fr\/wp-json\/wp\/v2\/product_tag?post=697"}],"curies":[{"name":"wp","href":"https:\/\/api.w.org\/{rel}","templated":true}]}}