{"id":717,"date":"2025-09-13T14:06:41","date_gmt":"2025-09-13T14:06:41","guid":{"rendered":"https:\/\/bydcarchina.com\/?post_type=product&#038;p=717"},"modified":"2025-12-13T09:09:18","modified_gmt":"2025-12-13T09:09:18","slug":"formule-leopard-titane-3","status":"publish","type":"product","link":"https:\/\/bydcarchina.com\/fr\/product\/formula-leopard-titanium-3\/","title":{"rendered":"Formule L\u00e9opard Titane 3"},"content":{"rendered":"<p data-start=\"0\" data-end=\"232\">D\u00e9couvrez un <strong data-start=\"11\" data-end=\"38\">SUV purement \u00e9lectrique (BEV)<\/strong> Con\u00e7ue pour offrir une grande autonomie, des performances fiables et une conduite intelligente au quotidien, elle r\u00e9pond aux exigences de la mobilit\u00e9 z\u00e9ro \u00e9mission moderne. Con\u00e7ue pour r\u00e9pondre aux exigences de la mobilit\u00e9 z\u00e9ro \u00e9mission moderne, elle pr\u00e9sente les caract\u00e9ristiques suivantes :<\/p>\n<p data-start=\"234\" data-end=\"470\"><strong data-start=\"234\" data-end=\"262\">Tout \u00e9lectrique Groupe motopropulseur :<\/strong><br data-start=\"262\" data-end=\"265\" \/>Aliment\u00e9 par un <strong data-start=\"286\" data-end=\"326\">batterie au phosphate de fer lithi\u00e9 (LFP)<\/strong>, en d\u00e9livrant un <strong data-start=\"341\" data-end=\"394\">Autonomie de 501 km en mode \u00e9lectrique pur selon la norme CLTC<\/strong>, Le v\u00e9hicule est id\u00e9al pour les trajets quotidiens et les voyages de longue dur\u00e9e, sans aucune \u00e9mission \u00e0 l'\u00e9chappement.<\/p>\n<p data-start=\"472\" data-end=\"642\"><strong data-start=\"472\" data-end=\"498\">Une performance confiante :<\/strong><br data-start=\"498\" data-end=\"501\" \/>Avec un <strong data-start=\"508\" data-end=\"537\">vitesse maximale de 201 km\/h<\/strong>, Le SUV offre une forte acc\u00e9l\u00e9ration et une vitesse de croisi\u00e8re stable, que ce soit en ville ou sur autoroute.<\/p>\n<p data-start=\"644\" data-end=\"823\"><strong data-start=\"644\" data-end=\"674\">Architecture SUV spacieuse :<\/strong><br data-start=\"674\" data-end=\"677\" \/>Avec un <strong data-start=\"689\" data-end=\"728\">Structure de carrosserie SUV \u00e0 5 portes et 5 places<\/strong>, Elle offre un espace g\u00e9n\u00e9reux dans l'habitacle, une capacit\u00e9 de chargement flexible et une excellente praticit\u00e9 au quotidien.<\/p>\n<p data-start=\"825\" data-end=\"1027\"><strong data-start=\"825\" data-end=\"865\">Dimensions \u00e9quilibr\u00e9es et pr\u00e9sence sur la route :<\/strong><br data-start=\"865\" data-end=\"868\" \/>Mesure <strong data-start=\"878\" data-end=\"906\">4 605 \u00d7 1 900 \u00d7 1 720 mm<\/strong>, Le v\u00e9hicule combine une posture large avec une hauteur de conduite \u00e9lev\u00e9e pour le confort, la stabilit\u00e9 et une pr\u00e9sence imposante sur la route.<\/p>\n<p data-start=\"1029\" data-end=\"1260\"><strong data-start=\"1029\" data-end=\"1058\">Soutien au confort et \u00e0 la s\u00e9curit\u00e9 :<\/strong><br data-start=\"1058\" data-end=\"1061\" \/>\u00c9quip\u00e9 de <strong data-start=\"1075\" data-end=\"1095\">Pneus 235\/60 R18<\/strong> pour une qualit\u00e9 de conduite et une adh\u00e9rence \u00e9quilibr\u00e9es, ainsi qu'une <strong data-start=\"1145\" data-end=\"1183\">Syst\u00e8me de cam\u00e9ra panoramique \u00e0 360 degr\u00e9s<\/strong> qui am\u00e9liore la visibilit\u00e9 et l'aide \u00e0 la conduite dans les environnements urbains \u00e9troits.<\/p>\n<p data-start=\"1262\" data-end=\"1534\" data-is-last-node=\"\" data-is-only-node=\"\">Combinaison <strong data-start=\"1272\" data-end=\"1370\">longue autonomie \u00e9lectrique, technologie de batterie LFP robuste et fonctions intelligentes d'aide \u00e0 la conduite<\/strong>, Ce SUV BEV est le choix id\u00e9al pour les conducteurs qui recherchent une mobilit\u00e9 \u00e9lectrique fiable, efficace et technologiquement avanc\u00e9e, sans compromettre l'espace ou les performances.<\/p>","protected":false},"excerpt":{"rendered":"<p>Discover a pure electric SUV (BEV) engineered for long-range efficiency, confident performance, and intelligent everyday driving. Designed to meet the demands of modern zero-emission mobility, it offers the following highlights: All-Electric Powertrain:Powered by a durable lithium iron phosphate (LFP) battery, delivering a CLTC-rated pure electric cruising range of 501 km, ideal for daily commuting and [&hellip;]<\/p>\n","protected":false},"featured_media":718,"comment_status":"open","ping_status":"closed","template":"","meta":[],"product_brand":[],"product_cat":[17],"product_tag":[],"class_list":{"0":"post-717","1":"product","2":"type-product","3":"status-publish","4":"has-post-thumbnail","6":"product_cat-uncategorized","8":"first","9":"instock","10":"shipping-taxable","11":"product-type-simple"},"_links":{"self":[{"href":"https:\/\/bydcarchina.com\/fr\/wp-json\/wp\/v2\/product\/717","targetHints":{"allow":["GET"]}}],"collection":[{"href":"https:\/\/bydcarchina.com\/fr\/wp-json\/wp\/v2\/product"}],"about":[{"href":"https:\/\/bydcarchina.com\/fr\/wp-json\/wp\/v2\/types\/product"}],"replies":[{"embeddable":true,"href":"https:\/\/bydcarchina.com\/fr\/wp-json\/wp\/v2\/comments?post=717"}],"version-history":[{"count":2,"href":"https:\/\/bydcarchina.com\/fr\/wp-json\/wp\/v2\/product\/717\/revisions"}],"predecessor-version":[{"id":1144,"href":"https:\/\/bydcarchina.com\/fr\/wp-json\/wp\/v2\/product\/717\/revisions\/1144"}],"wp:featuredmedia":[{"embeddable":true,"href":"https:\/\/bydcarchina.com\/fr\/wp-json\/wp\/v2\/media\/718"}],"wp:attachment":[{"href":"https:\/\/bydcarchina.com\/fr\/wp-json\/wp\/v2\/media?parent=717"}],"wp:term":[{"taxonomy":"product_brand","embeddable":true,"href":"https:\/\/bydcarchina.com\/fr\/wp-json\/wp\/v2\/product_brand?post=717"},{"taxonomy":"product_cat","embeddable":true,"href":"https:\/\/bydcarchina.com\/fr\/wp-json\/wp\/v2\/product_cat?post=717"},{"taxonomy":"product_tag","embeddable":true,"href":"https:\/\/bydcarchina.com\/fr\/wp-json\/wp\/v2\/product_tag?post=717"}],"curies":[{"name":"wp","href":"https:\/\/api.w.org\/{rel}","templated":true}]}}