{"id":725,"date":"2025-09-13T14:09:05","date_gmt":"2025-09-13T14:09:05","guid":{"rendered":"https:\/\/bydcarchina.com\/?post_type=product&#038;p=725"},"modified":"2025-12-13T09:09:52","modified_gmt":"2025-12-13T09:09:52","slug":"formula-leopard-titanium-7","status":"publish","type":"product","link":"https:\/\/bydcarchina.com\/fr\/product\/formula-leopard-titanium-7\/","title":{"rendered":"Formule L\u00e9opard Titane 7"},"content":{"rendered":"<p data-start=\"0\" data-end=\"270\">D\u00e9couvrez un <strong data-start=\"11\" data-end=\"40\">SUV hybride rechargeable robuste<\/strong> con\u00e7ue pour offrir une grande autonomie en mode \u00e9lectrique, des performances fiables et une polyvalence au quotidien. Con\u00e7ue pour les conducteurs \u00e0 la recherche d'une efficacit\u00e9 \u00e9lectrifi\u00e9e sans sacrifier l'espace ou la capacit\u00e9, elle offre les points forts suivants :<\/p>\n<p data-start=\"272\" data-end=\"488\"><strong data-start=\"272\" data-end=\"307\">Syst\u00e8me hybride rechargeable avanc\u00e9 :<\/strong><br data-start=\"307\" data-end=\"310\" \/>\u00c9quip\u00e9 d'un <strong data-start=\"326\" data-end=\"366\">batterie au phosphate de fer lithi\u00e9 (LFP)<\/strong>, Le v\u00e9hicule privil\u00e9gie la conduite \u00e9lectrique pour l'usage quotidien, tout en conservant la souplesse de la motorisation \u00e0 essence pour les trajets plus longs.<\/p>\n<p data-start=\"490\" data-end=\"778\"><strong data-start=\"490\" data-end=\"532\">Extension de l'autonomie en mode purement \u00e9lectrique :<\/strong><br data-start=\"532\" data-end=\"535\" \/>De multiples configurations permettent d'obtenir une <strong data-start=\"569\" data-end=\"641\">Autonomie \u00e9lectrique WLTC jusqu'\u00e0 140 km (variantes 105 km \/ 130 km)<\/strong>. Sous <strong data-start=\"649\" data-end=\"733\">Essais CLTC, l'autonomie en mode \u00e9lectrique pur atteint jusqu'\u00e0 200 km (135 km \/ 190 km en option)<\/strong>, permettant des d\u00e9placements domicile-travail sans \u00e9mission.<\/p>\n<p data-start=\"780\" data-end=\"950\"><strong data-start=\"780\" data-end=\"811\">Des performances routi\u00e8res en toute confiance :<\/strong><br data-start=\"811\" data-end=\"814\" \/>Avec un <strong data-start=\"821\" data-end=\"850\">vitesse maximale de 190 km\/h<\/strong>, Le SUV offre une conduite stable sur autoroute et une puissance souple dans des conditions de conduite vari\u00e9es.<\/p>\n<p data-start=\"952\" data-end=\"1126\"><strong data-start=\"952\" data-end=\"985\">Conception d'un SUV 5 places spacieux :<\/strong><br data-start=\"985\" data-end=\"988\" \/>A <strong data-start=\"990\" data-end=\"1023\">Structure de carrosserie \u00e0 5 portes et 5 places<\/strong> offre un espace g\u00e9n\u00e9reux dans l'habitacle, une capacit\u00e9 de chargement flexible et un confort adapt\u00e9 \u00e0 la famille et au mode de vie.<\/p>\n<p data-start=\"1128\" data-end=\"1317\"><strong data-start=\"1128\" data-end=\"1161\">Grand, imposant Dimensions :<\/strong><br data-start=\"1161\" data-end=\"1164\" \/>Mesure <strong data-start=\"1174\" data-end=\"1202\">4 999 \u00d7 1 995 \u00d7 1 865 mm<\/strong>, Le SUV se caract\u00e9rise par une posture large et un profil sur\u00e9lev\u00e9, offrant une forte pr\u00e9sence sur la route et un excellent espace int\u00e9rieur.<\/p>\n<p data-start=\"1319\" data-end=\"1449\"><strong data-start=\"1319\" data-end=\"1342\">Conduite et adh\u00e9rence stables :<\/strong><br data-start=\"1342\" data-end=\"1345\" \/>\u00c9quip\u00e9 de <strong data-start=\"1357\" data-end=\"1377\">Pneus 255\/60 R19<\/strong>, Gr\u00e2ce \u00e0 la technologie de pointe, le v\u00e9hicule offre un \u00e9quilibre entre le confort de conduite, l'adh\u00e9rence \u00e0 la route et la confiance en soi en dehors des sentiers battus.<\/p>\n<p data-start=\"1451\" data-end=\"1705\" data-is-last-node=\"\" data-is-only-node=\"\">Combinaison <strong data-start=\"1461\" data-end=\"1548\">une grande autonomie \u00e9lectrique, une technologie de batterie LFP durable et un format SUV spacieux<\/strong>, Ce mod\u00e8le hybride rechargeable est un choix convaincant pour les conducteurs qui passent \u00e0 la mobilit\u00e9 \u00e9lectrifi\u00e9e tout en conservant la praticit\u00e9 et les performances de tous les jours.<\/p>","protected":false},"excerpt":{"rendered":"<p>Discover a robust plug-in hybrid SUV engineered to deliver long electric-only range, confident performance, and everyday versatility. Designed for drivers seeking electrified efficiency without sacrificing space or capability, it offers the following key highlights: Advanced Plug-in Hybrid System:Equipped with a lithium iron phosphate (LFP) battery, the vehicle prioritizes electric driving for daily use while retaining [&hellip;]<\/p>\n","protected":false},"featured_media":737,"comment_status":"open","ping_status":"closed","template":"","meta":[],"product_brand":[],"product_cat":[17],"product_tag":[],"class_list":{"0":"post-725","1":"product","2":"type-product","3":"status-publish","4":"has-post-thumbnail","6":"product_cat-uncategorized","8":"first","9":"instock","10":"shipping-taxable","11":"product-type-simple"},"_links":{"self":[{"href":"https:\/\/bydcarchina.com\/fr\/wp-json\/wp\/v2\/product\/725","targetHints":{"allow":["GET"]}}],"collection":[{"href":"https:\/\/bydcarchina.com\/fr\/wp-json\/wp\/v2\/product"}],"about":[{"href":"https:\/\/bydcarchina.com\/fr\/wp-json\/wp\/v2\/types\/product"}],"replies":[{"embeddable":true,"href":"https:\/\/bydcarchina.com\/fr\/wp-json\/wp\/v2\/comments?post=725"}],"version-history":[{"count":2,"href":"https:\/\/bydcarchina.com\/fr\/wp-json\/wp\/v2\/product\/725\/revisions"}],"predecessor-version":[{"id":1145,"href":"https:\/\/bydcarchina.com\/fr\/wp-json\/wp\/v2\/product\/725\/revisions\/1145"}],"wp:featuredmedia":[{"embeddable":true,"href":"https:\/\/bydcarchina.com\/fr\/wp-json\/wp\/v2\/media\/737"}],"wp:attachment":[{"href":"https:\/\/bydcarchina.com\/fr\/wp-json\/wp\/v2\/media?parent=725"}],"wp:term":[{"taxonomy":"product_brand","embeddable":true,"href":"https:\/\/bydcarchina.com\/fr\/wp-json\/wp\/v2\/product_brand?post=725"},{"taxonomy":"product_cat","embeddable":true,"href":"https:\/\/bydcarchina.com\/fr\/wp-json\/wp\/v2\/product_cat?post=725"},{"taxonomy":"product_tag","embeddable":true,"href":"https:\/\/bydcarchina.com\/fr\/wp-json\/wp\/v2\/product_tag?post=725"}],"curies":[{"name":"wp","href":"https:\/\/api.w.org\/{rel}","templated":true}]}}