{"id":752,"date":"2025-09-13T14:14:39","date_gmt":"2025-09-13T14:14:39","guid":{"rendered":"https:\/\/bydcarchina.com\/?post_type=product&#038;p=752"},"modified":"2025-12-13T09:11:55","modified_gmt":"2025-12-13T09:11:55","slug":"formule-leopard-8","status":"publish","type":"product","link":"https:\/\/bydcarchina.com\/fr\/product\/formula-leopard-8\/","title":{"rendered":"Formule L\u00e9opard 8"},"content":{"rendered":"<p data-start=\"0\" data-end=\"221\">D\u00e9couvrez un <strong data-start=\"11\" data-end=\"39\">grand SUV hybride rechargeable<\/strong> Con\u00e7u pour des performances puissantes, une efficacit\u00e9 exceptionnelle et une polyvalence de premier ordre sur plusieurs rang\u00e9es. Con\u00e7u pour les familles et les voyages d'affaires, il pr\u00e9sente les caract\u00e9ristiques suivantes :<\/p>\n<p data-start=\"223\" data-end=\"484\"><strong data-start=\"223\" data-end=\"265\">Groupe motopropulseur hybride rechargeable \u00e0 haut rendement :<\/strong><br data-start=\"265\" data-end=\"268\" \/>Aliment\u00e9 par un <strong data-start=\"281\" data-end=\"323\">Moteur 4 cylindres en ligne turbocompress\u00e9 de 2,0 litres<\/strong> produisant <strong data-start=\"334\" data-end=\"344\">245 ch<\/strong>, Le syst\u00e8me hybride rechargeable de pointe s'int\u00e8gre parfaitement pour fournir une forte acc\u00e9l\u00e9ration tout en conservant une excellente efficacit\u00e9 \u00e9nerg\u00e9tique.<\/p>\n<p data-start=\"486\" data-end=\"852\"><strong data-start=\"486\" data-end=\"528\">Fonctionnement \u00e9lectrique et hybride efficace :<\/strong><br data-start=\"528\" data-end=\"531\" \/>\u00c9quip\u00e9 d'un <strong data-start=\"547\" data-end=\"587\">batterie au phosphate de fer lithi\u00e9 (LFP)<\/strong>, Le SUV est dot\u00e9 d'une <strong data-start=\"606\" data-end=\"659\">Autonomie de 100 km en mode \u00e9lectrique pur selon le WLTC<\/strong>, id\u00e9ale pour une conduite quotidienne sans \u00e9missions. Gr\u00e2ce \u00e0 l'efficacit\u00e9 du syst\u00e8me hybride, <strong data-start=\"739\" data-end=\"805\">La consommation globale de carburant du WLTC n'est que de 1,79 L\/100 km.<\/strong>, ce qui permet de r\u00e9duire consid\u00e9rablement les co\u00fbts de fonctionnement globaux.<\/p>\n<p data-start=\"854\" data-end=\"1024\"><strong data-start=\"854\" data-end=\"888\">Des performances sur route en toute confiance :<\/strong><br data-start=\"888\" data-end=\"891\" \/>Avec un <strong data-start=\"898\" data-end=\"927\">vitesse maximale de 180 km\/h<\/strong>, Le v\u00e9hicule offre une conduite souple et stable ainsi qu'une puissance raffin\u00e9e, m\u00eame lorsqu'il est charg\u00e9 au maximum.<\/p>\n<p data-start=\"1026\" data-end=\"1231\"><strong data-start=\"1026\" data-end=\"1059\">Am\u00e9nagement spacieux d'un SUV 6\/7 places :<\/strong><br data-start=\"1059\" data-end=\"1062\" \/>Avec un <strong data-start=\"1074\" data-end=\"1115\">Structure de carrosserie \u00e0 5 portes, 6 ou 7 places<\/strong>, Il offre des configurations de si\u00e8ges flexibles, un espace g\u00e9n\u00e9reux pour les jambes et un excellent confort pour les familles ou les entreprises.<\/p>\n<p data-start=\"1233\" data-end=\"1426\"><strong data-start=\"1233\" data-end=\"1262\">SUV de taille normale Dimensions :<\/strong><br data-start=\"1262\" data-end=\"1265\" \/>Mesure <strong data-start=\"1275\" data-end=\"1303\">5 195 \u00d7 1 994 \u00d7 1 905 mm<\/strong>, Le SUV offre une pr\u00e9sence imposante sur la route, un vaste espace int\u00e9rieur et un confort accru pour les passagers sur plusieurs rang\u00e9es.<\/p>\n<p data-start=\"1428\" data-end=\"1686\" data-is-last-node=\"\" data-is-only-node=\"\">Combinaison <strong data-start=\"1438\" data-end=\"1533\">de solides performances turbocompress\u00e9es, une faible consommation de carburant et un design spacieux de SUV multi-si\u00e8ges<\/strong>, Ce mod\u00e8le hybride rechargeable est le choix id\u00e9al pour les conducteurs qui recherchent une efficacit\u00e9 \u00e9lectrifi\u00e9e sans compromettre la puissance, l'espace ou la capacit\u00e9 \u00e0 parcourir de longues distances.<\/p>","protected":false},"excerpt":{"rendered":"<p>Discover a large plug-in hybrid SUV engineered for powerful performance, outstanding efficiency, and premium multi-row versatility. Designed for families and executive travel, it delivers the following key highlights: High-Output Plug-in Hybrid Powertrain:Powered by a 2.0-liter turbocharged inline-4 engine producing 245 hp, seamlessly integrated with an advanced plug-in hybrid system to provide strong acceleration while maintaining [&hellip;]<\/p>\n","protected":false},"featured_media":756,"comment_status":"open","ping_status":"closed","template":"","meta":[],"product_brand":[],"product_cat":[17],"product_tag":[],"class_list":{"0":"post-752","1":"product","2":"type-product","3":"status-publish","4":"has-post-thumbnail","6":"product_cat-uncategorized","8":"first","9":"instock","10":"shipping-taxable","11":"product-type-simple"},"_links":{"self":[{"href":"https:\/\/bydcarchina.com\/fr\/wp-json\/wp\/v2\/product\/752","targetHints":{"allow":["GET"]}}],"collection":[{"href":"https:\/\/bydcarchina.com\/fr\/wp-json\/wp\/v2\/product"}],"about":[{"href":"https:\/\/bydcarchina.com\/fr\/wp-json\/wp\/v2\/types\/product"}],"replies":[{"embeddable":true,"href":"https:\/\/bydcarchina.com\/fr\/wp-json\/wp\/v2\/comments?post=752"}],"version-history":[{"count":3,"href":"https:\/\/bydcarchina.com\/fr\/wp-json\/wp\/v2\/product\/752\/revisions"}],"predecessor-version":[{"id":1155,"href":"https:\/\/bydcarchina.com\/fr\/wp-json\/wp\/v2\/product\/752\/revisions\/1155"}],"wp:featuredmedia":[{"embeddable":true,"href":"https:\/\/bydcarchina.com\/fr\/wp-json\/wp\/v2\/media\/756"}],"wp:attachment":[{"href":"https:\/\/bydcarchina.com\/fr\/wp-json\/wp\/v2\/media?parent=752"}],"wp:term":[{"taxonomy":"product_brand","embeddable":true,"href":"https:\/\/bydcarchina.com\/fr\/wp-json\/wp\/v2\/product_brand?post=752"},{"taxonomy":"product_cat","embeddable":true,"href":"https:\/\/bydcarchina.com\/fr\/wp-json\/wp\/v2\/product_cat?post=752"},{"taxonomy":"product_tag","embeddable":true,"href":"https:\/\/bydcarchina.com\/fr\/wp-json\/wp\/v2\/product_tag?post=752"}],"curies":[{"name":"wp","href":"https:\/\/api.w.org\/{rel}","templated":true}]}}