{"id":762,"date":"2025-09-13T15:00:17","date_gmt":"2025-09-13T15:00:17","guid":{"rendered":"https:\/\/bydcarchina.com\/?post_type=product&#038;p=762"},"modified":"2025-12-13T09:15:32","modified_gmt":"2025-12-13T09:15:32","slug":"denza-n7","status":"publish","type":"product","link":"https:\/\/bydcarchina.com\/fr\/product\/denza-n7\/","title":{"rendered":"Denza N7"},"content":{"rendered":"<p data-start=\"0\" data-end=\"265\">D\u00e9couvrez un <strong data-start=\"11\" data-end=\"49\">SUV \u00e9lectrique pur \u00e0 longue autonomie (BEV)<\/strong> Con\u00e7u pour des capacit\u00e9s de conduite \u00e9tendues, des performances assur\u00e9es et une convivialit\u00e9 quotidienne de premier ordre. Con\u00e7u pour les conducteurs qui privil\u00e9gient l'autonomie sans sacrifier l'espace ou la dynamique, il offre les caract\u00e9ristiques suivantes :<\/p>\n<p data-start=\"267\" data-end=\"487\"><strong data-start=\"267\" data-end=\"312\">Groupe motopropulseur tout \u00e9lectrique \u00e0 tr\u00e8s longue autonomie :<\/strong><br data-start=\"312\" data-end=\"315\" \/>Fournit un nombre impressionnant de <strong data-start=\"338\" data-end=\"398\">Autonomie \u00e9lectrique pure \u00e9valu\u00e9e par le CLTC : jusqu'\u00e0 702 km ou 630 km<\/strong>, qui offre une confiance exceptionnelle pour les voyages longue distance, sans aucune \u00e9mission de gaz d'\u00e9chappement.<\/p>\n<p data-start=\"489\" data-end=\"668\"><strong data-start=\"489\" data-end=\"523\">Performance \u00e9lectrique \u00e9quilibr\u00e9e :<\/strong><br data-start=\"523\" data-end=\"526\" \/>Avec un <strong data-start=\"533\" data-end=\"558\">vitesse maximale de 180 km\/h<\/strong>, Le SUV offre une acc\u00e9l\u00e9ration en douceur et une conduite stable sur autoroute, adapt\u00e9e \u00e0 un usage quotidien et \u00e0 des trajets prolong\u00e9s.<\/p>\n<p data-start=\"670\" data-end=\"879\"><strong data-start=\"670\" data-end=\"702\">Options de transmission flexibles :<\/strong><br data-start=\"702\" data-end=\"705\" \/>Disponible en <strong data-start=\"718\" data-end=\"769\">traction arri\u00e8re (RWD) ou traction int\u00e9grale (AWD)<\/strong> garantissant un \u00e9quilibre entre l'efficacit\u00e9, la pr\u00e9cision de la conduite et l'am\u00e9lioration de la traction en cas de besoin.<\/p>\n<p data-start=\"881\" data-end=\"1064\"><strong data-start=\"881\" data-end=\"911\">Architecture SUV spacieuse :<\/strong><br data-start=\"911\" data-end=\"914\" \/>Comprend un <strong data-start=\"935\" data-end=\"966\">SUV 5 portes, 5 places<\/strong>, L'espace passagers est g\u00e9n\u00e9reux et la capacit\u00e9 de chargement polyvalente pour r\u00e9pondre aux besoins de la famille et du style de vie.<\/p>\n<p data-start=\"1066\" data-end=\"1302\"><strong data-start=\"1066\" data-end=\"1096\">Construction et proportions solides :<\/strong><br data-start=\"1096\" data-end=\"1099\" \/>Avec un <strong data-start=\"1106\" data-end=\"1145\">poids \u00e0 vide de 2 320 kg ou 2 440 kg<\/strong> et les dimensions des <strong data-start=\"1164\" data-end=\"1192\">4 860 \u00d7 1 935 \u00d7 1 620 mm<\/strong>, Le v\u00e9hicule combine une posture large avec un profil \u00e9l\u00e9gant pour une stabilit\u00e9, un confort et une pr\u00e9sence sur la route de premier ordre.<\/p>\n<p data-start=\"1304\" data-end=\"1553\" data-is-last-node=\"\" data-is-only-node=\"\">Combinaison <strong data-start=\"1314\" data-end=\"1410\">Une autonomie \u00e9lectrique de premier ordre, des options de transmission avanc\u00e9es et un design raffin\u00e9 de SUV de taille moyenne.<\/strong>, Ce BEV est un excellent choix pour les conducteurs qui recherchent une mobilit\u00e9 z\u00e9ro \u00e9mission sur de longues distances sans compromettre le confort, l'espace ou les performances.<\/p>","protected":false},"excerpt":{"rendered":"<p>Discover a long-range pure electric SUV (BEV) engineered for extended driving capability, confident performance, and premium everyday usability. Designed for drivers who prioritize range without sacrificing space or dynamics, it offers the following highlights: Ultra-Long-Range All-Electric Powertrain:Delivers an impressive CLTC-rated pure electric range of up to 702 km or 630 km, providing exceptional confidence for [&hellip;]<\/p>\n","protected":false},"featured_media":771,"comment_status":"open","ping_status":"closed","template":"","meta":[],"product_brand":[],"product_cat":[17],"product_tag":[],"class_list":{"0":"post-762","1":"product","2":"type-product","3":"status-publish","4":"has-post-thumbnail","6":"product_cat-uncategorized","8":"first","9":"instock","10":"shipping-taxable","11":"product-type-simple"},"_links":{"self":[{"href":"https:\/\/bydcarchina.com\/fr\/wp-json\/wp\/v2\/product\/762","targetHints":{"allow":["GET"]}}],"collection":[{"href":"https:\/\/bydcarchina.com\/fr\/wp-json\/wp\/v2\/product"}],"about":[{"href":"https:\/\/bydcarchina.com\/fr\/wp-json\/wp\/v2\/types\/product"}],"replies":[{"embeddable":true,"href":"https:\/\/bydcarchina.com\/fr\/wp-json\/wp\/v2\/comments?post=762"}],"version-history":[{"count":2,"href":"https:\/\/bydcarchina.com\/fr\/wp-json\/wp\/v2\/product\/762\/revisions"}],"predecessor-version":[{"id":1159,"href":"https:\/\/bydcarchina.com\/fr\/wp-json\/wp\/v2\/product\/762\/revisions\/1159"}],"wp:featuredmedia":[{"embeddable":true,"href":"https:\/\/bydcarchina.com\/fr\/wp-json\/wp\/v2\/media\/771"}],"wp:attachment":[{"href":"https:\/\/bydcarchina.com\/fr\/wp-json\/wp\/v2\/media?parent=762"}],"wp:term":[{"taxonomy":"product_brand","embeddable":true,"href":"https:\/\/bydcarchina.com\/fr\/wp-json\/wp\/v2\/product_brand?post=762"},{"taxonomy":"product_cat","embeddable":true,"href":"https:\/\/bydcarchina.com\/fr\/wp-json\/wp\/v2\/product_cat?post=762"},{"taxonomy":"product_tag","embeddable":true,"href":"https:\/\/bydcarchina.com\/fr\/wp-json\/wp\/v2\/product_tag?post=762"}],"curies":[{"name":"wp","href":"https:\/\/api.w.org\/{rel}","templated":true}]}}