{"id":780,"date":"2025-09-13T15:02:40","date_gmt":"2025-09-13T15:02:40","guid":{"rendered":"https:\/\/bydcarchina.com\/?post_type=product&#038;p=780"},"modified":"2025-12-13T09:14:02","modified_gmt":"2025-12-13T09:14:02","slug":"denza-d9","status":"publish","type":"product","link":"https:\/\/bydcarchina.com\/fr\/product\/denza-d9\/","title":{"rendered":"Denza D9 DM-i"},"content":{"rendered":"<p data-start=\"0\" data-end=\"234\">D\u00e9couvrez un <strong data-start=\"11\" data-end=\"41\">monospace hybride rechargeable haut de gamme<\/strong> con\u00e7ue pour offrir une grande autonomie \u00e9lectrique, une efficacit\u00e9 turbo et un confort spacieux de sept places. Con\u00e7ue pour les voyages en famille et les d\u00e9placements professionnels, elle pr\u00e9sente les caract\u00e9ristiques suivantes :<\/p>\n<p data-start=\"236\" data-end=\"492\"><strong data-start=\"236\" data-end=\"279\">Hybride rechargeable turbocompress\u00e9 Groupe motopropulseur :<\/strong><br data-start=\"279\" data-end=\"282\" \/>Aliment\u00e9 par un <strong data-start=\"295\" data-end=\"337\">Moteur 4 cylindres en ligne turbocompress\u00e9 de 1,5 litre<\/strong> produisant <strong data-start=\"348\" data-end=\"358\">156 ch<\/strong>, Le syst\u00e8me hybride rechargeable de pointe s'int\u00e8gre parfaitement pour offrir des performances souples et r\u00e9actives avec une efficacit\u00e9 globale \u00e9lev\u00e9e.<\/p>\n<p data-start=\"494\" data-end=\"799\"><strong data-start=\"494\" data-end=\"532\">Capacit\u00e9 \u00e9lectrique pure \u00e9tendue :<\/strong><br data-start=\"532\" data-end=\"535\" \/>Disponible dans de multiples configurations, offrant une <strong data-start=\"584\" data-end=\"645\">Autonomie \u00e9lectrique \u00e9valu\u00e9e par le WLTC jusqu'\u00e0 155 km (145 km en option)<\/strong>. Sous <strong data-start=\"653\" data-end=\"728\">Essais CLTC, l'autonomie en mode \u00e9lectrique pur atteint jusqu'\u00e0 200 km (variante 190 km)<\/strong>, La conduite quotidienne sans \u00e9mission est donc \u00e0 la fois pratique et rentable.<\/p>\n<p data-start=\"801\" data-end=\"971\"><strong data-start=\"801\" data-end=\"834\">Des performances solides et raffin\u00e9es :<\/strong><br data-start=\"834\" data-end=\"837\" \/>Avec un <strong data-start=\"844\" data-end=\"869\">vitesse maximale de 220 km\/h<\/strong>, Le MPV se comporte avec assurance sur l'autoroute et acc\u00e9l\u00e8re en douceur, m\u00eame avec un plein chargement de passagers.<\/p>\n<p data-start=\"973\" data-end=\"1184\"><strong data-start=\"973\" data-end=\"1005\">Options de transmission flexibles :<\/strong><br data-start=\"1005\" data-end=\"1008\" \/>Propos\u00e9 en <strong data-start=\"1019\" data-end=\"1050\">traction avant (FAW)<\/strong> ou <strong data-start=\"1054\" data-end=\"1079\">transmission int\u00e9grale (AWD)<\/strong> offrant un \u00e9quilibre entre l'efficacit\u00e9 et l'am\u00e9lioration de la traction pour des conditions routi\u00e8res vari\u00e9es.<\/p>\n<p data-start=\"1186\" data-end=\"1395\"><strong data-start=\"1186\" data-end=\"1217\">Un spacieux monospace \u00e0 7 places :<\/strong><br data-start=\"1217\" data-end=\"1220\" \/>A <strong data-start=\"1222\" data-end=\"1257\">Structure de carrosserie \u00e0 5 portes et 7 places<\/strong> garantit un espace int\u00e9rieur g\u00e9n\u00e9reux, des si\u00e8ges modulables et un excellent confort pour les familles, les voyages d'affaires ou le covoiturage.<\/p>\n<p data-start=\"1397\" data-end=\"1572\"><strong data-start=\"1397\" data-end=\"1422\">Grand MPV Dimensions :<\/strong><br data-start=\"1422\" data-end=\"1425\" \/>Mesure <strong data-start=\"1435\" data-end=\"1463\">5 250 \u00d7 1 960 \u00d7 1 900 mm<\/strong>, Le v\u00e9hicule offre une pr\u00e9sence imposante, une garde au toit g\u00e9n\u00e9reuse et un confort d'habitacle sup\u00e9rieur sur les trois rang\u00e9es.<\/p>\n<p data-start=\"1574\" data-end=\"1817\" data-is-last-node=\"\" data-is-only-node=\"\">Combinaison <strong data-start=\"1584\" data-end=\"1677\">longue autonomie \u00e9lectrique, performances hybrides turbocompress\u00e9es et fonctionnalit\u00e9 haut de gamme \u00e0 sept places<\/strong>, Ce monospace hybride rechargeable est le choix id\u00e9al pour les conducteurs \u00e0 la recherche d'une efficacit\u00e9 \u00e9lectrifi\u00e9e sans compromettre l'espace, le confort ou la polyvalence.<\/p>","protected":false},"excerpt":{"rendered":"<p>Discover a premium plug-in hybrid MPV engineered to deliver long electric range, turbocharged efficiency, and spacious seven-seat comfort. Designed for family travel and executive transport, it offers the following key highlights: Turbocharged Plug-in Hybrid Powertrain:Powered by a 1.5-liter turbocharged inline-4 engine producing 156 hp, seamlessly integrated with an advanced plug-in hybrid system to deliver smooth, [&hellip;]<\/p>\n","protected":false},"featured_media":781,"comment_status":"open","ping_status":"closed","template":"","meta":[],"product_brand":[],"product_cat":[17],"product_tag":[],"class_list":{"0":"post-780","1":"product","2":"type-product","3":"status-publish","4":"has-post-thumbnail","6":"product_cat-uncategorized","8":"first","9":"instock","10":"shipping-taxable","11":"product-type-simple"},"_links":{"self":[{"href":"https:\/\/bydcarchina.com\/fr\/wp-json\/wp\/v2\/product\/780","targetHints":{"allow":["GET"]}}],"collection":[{"href":"https:\/\/bydcarchina.com\/fr\/wp-json\/wp\/v2\/product"}],"about":[{"href":"https:\/\/bydcarchina.com\/fr\/wp-json\/wp\/v2\/types\/product"}],"replies":[{"embeddable":true,"href":"https:\/\/bydcarchina.com\/fr\/wp-json\/wp\/v2\/comments?post=780"}],"version-history":[{"count":3,"href":"https:\/\/bydcarchina.com\/fr\/wp-json\/wp\/v2\/product\/780\/revisions"}],"predecessor-version":[{"id":1158,"href":"https:\/\/bydcarchina.com\/fr\/wp-json\/wp\/v2\/product\/780\/revisions\/1158"}],"wp:featuredmedia":[{"embeddable":true,"href":"https:\/\/bydcarchina.com\/fr\/wp-json\/wp\/v2\/media\/781"}],"wp:attachment":[{"href":"https:\/\/bydcarchina.com\/fr\/wp-json\/wp\/v2\/media?parent=780"}],"wp:term":[{"taxonomy":"product_brand","embeddable":true,"href":"https:\/\/bydcarchina.com\/fr\/wp-json\/wp\/v2\/product_brand?post=780"},{"taxonomy":"product_cat","embeddable":true,"href":"https:\/\/bydcarchina.com\/fr\/wp-json\/wp\/v2\/product_cat?post=780"},{"taxonomy":"product_tag","embeddable":true,"href":"https:\/\/bydcarchina.com\/fr\/wp-json\/wp\/v2\/product_tag?post=780"}],"curies":[{"name":"wp","href":"https:\/\/api.w.org\/{rel}","templated":true}]}}