{"id":807,"date":"2025-09-13T15:20:23","date_gmt":"2025-09-13T15:20:23","guid":{"rendered":"https:\/\/bydcarchina.com\/?post_type=product&#038;p=807"},"modified":"2025-12-13T09:18:32","modified_gmt":"2025-12-13T09:18:32","slug":"yangwang-u7","status":"publish","type":"product","link":"https:\/\/bydcarchina.com\/fr\/product\/yangwang-u7\/","title":{"rendered":"YangWang U7"},"content":{"rendered":"<p data-start=\"0\" data-end=\"292\">D\u00e9couvrez un <strong data-start=\"11\" data-end=\"68\">le vaisseau amiral de la grande routi\u00e8re hybride rechargeable haute performance<\/strong> con\u00e7ue pour offrir une acc\u00e9l\u00e9ration extr\u00eame, une autonomie accrue et une pr\u00e9sence de classe ex\u00e9cutive. Con\u00e7ue pour les conducteurs qui exigent des performances dignes d'une supercar et une grande efficacit\u00e9 sur les longues distances, elle offre les caract\u00e9ristiques suivantes :<\/p>\n<p data-start=\"294\" data-end=\"560\"><strong data-start=\"294\" data-end=\"336\">Groupe motopropulseur hybride rechargeable \u00e0 haut rendement :<\/strong><br data-start=\"336\" data-end=\"339\" \/>Aliment\u00e9 par un <strong data-start=\"352\" data-end=\"394\">Moteur 4 cylindres en ligne turbocompress\u00e9 de 2,0 litres<\/strong> produisant <strong data-start=\"405\" data-end=\"415\">272 ch<\/strong>, Le syst\u00e8me d'entra\u00eenement \u00e9lectrique \u00e0 haute performance s'int\u00e8gre parfaitement au syst\u00e8me d'entra\u00eenement \u00e9lectrique \u00e0 haute performance pour offrir une acc\u00e9l\u00e9ration explosive tout en conservant une efficacit\u00e9 exceptionnelle.<\/p>\n<p data-start=\"562\" data-end=\"789\"><strong data-start=\"562\" data-end=\"600\">Autonomie combin\u00e9e extra-longue :<\/strong><br data-start=\"600\" data-end=\"603\" \/>Avec un <strong data-start=\"610\" data-end=\"657\">Autonomie combin\u00e9e \u00e9valu\u00e9e par le CLTC jusqu'\u00e0 1 000 km<\/strong>, Le v\u00e9hicule offre une capacit\u00e9 exceptionnelle sur de longues distances, en minimisant les arr\u00eats de chargement et de ravitaillement sans compromettre les performances.<\/p>\n<p data-start=\"791\" data-end=\"1033\"><strong data-start=\"791\" data-end=\"822\">Des performances dignes d'une supercar :<\/strong><br data-start=\"822\" data-end=\"825\" \/>Acc\u00e9l\u00e8re de <strong data-start=\"842\" data-end=\"876\">0-100 km\/h en seulement 2,9 secondes<\/strong>, ce qui la place r\u00e9solument dans le domaine des hautes performances. A <strong data-start=\"929\" data-end=\"954\">vitesse maximale de 270 km\/h<\/strong> assure une stabilit\u00e9 soutenue \u00e0 grande vitesse et une capacit\u00e9 de grand-tourisme confiante.<\/p>\n<p data-start=\"1035\" data-end=\"1215\"><strong data-start=\"1035\" data-end=\"1068\">Grand, proportions ex\u00e9cutives :<\/strong><br data-start=\"1068\" data-end=\"1071\" \/>Mesure <strong data-start=\"1081\" data-end=\"1109\">5 360 \u00d7 2 000 \u00d7 1 515 mm<\/strong>, Le v\u00e9hicule offre une pr\u00e9sence imposante sur la route, un espace g\u00e9n\u00e9reux dans l'habitacle et un profil \u00e9l\u00e9gant et a\u00e9rodynamique.<\/p>\n<p data-start=\"1217\" data-end=\"1401\"><strong data-start=\"1217\" data-end=\"1254\">Construction ax\u00e9e sur la performance :<\/strong><br data-start=\"1254\" data-end=\"1257\" \/>Avec un <strong data-start=\"1264\" data-end=\"1291\">poids \u00e0 vide de 3 223 kg<\/strong>, La structure est con\u00e7ue pour assurer la rigidit\u00e9, la stabilit\u00e9 \u00e0 grande vitesse et une qualit\u00e9 de conduite raffin\u00e9e \u00e0 des vitesses \u00e9lev\u00e9es.<\/p>\n<p data-start=\"1403\" data-end=\"1661\" data-is-last-node=\"\" data-is-only-node=\"\">Combinaison <strong data-start=\"1413\" data-end=\"1494\">une acc\u00e9l\u00e9ration extr\u00eame, une tr\u00e8s grande autonomie et des dimensions dignes d'un vaisseau amiral<\/strong>, Ce mod\u00e8le hybride rechargeable repr\u00e9sente une nouvelle r\u00e9f\u00e9rence pour les v\u00e9hicules de luxe \u00e9lectrifi\u00e9s de haute performance, offrant l'excitation d'une supercar avec la praticit\u00e9 d'un grand tourisme.<\/p>","protected":false},"excerpt":{"rendered":"<p>Discover a flagship high-performance plug-in hybrid grand tourer engineered to deliver extreme acceleration, extended driving range, and executive-class presence. Designed for drivers who demand supercar-level performance with long-distance efficiency, it offers the following highlights: High-Output Plug-in Hybrid Powertrain:Powered by a 2.0-liter turbocharged inline-4 engine producing 272 hp, seamlessly integrated with a high-performance electric drive system [&hellip;]<\/p>\n","protected":false},"featured_media":814,"comment_status":"open","ping_status":"closed","template":"","meta":[],"product_brand":[],"product_cat":[17],"product_tag":[],"class_list":{"0":"post-807","1":"product","2":"type-product","3":"status-publish","4":"has-post-thumbnail","6":"product_cat-uncategorized","8":"first","9":"instock","10":"shipping-taxable","11":"product-type-simple"},"_links":{"self":[{"href":"https:\/\/bydcarchina.com\/fr\/wp-json\/wp\/v2\/product\/807","targetHints":{"allow":["GET"]}}],"collection":[{"href":"https:\/\/bydcarchina.com\/fr\/wp-json\/wp\/v2\/product"}],"about":[{"href":"https:\/\/bydcarchina.com\/fr\/wp-json\/wp\/v2\/types\/product"}],"replies":[{"embeddable":true,"href":"https:\/\/bydcarchina.com\/fr\/wp-json\/wp\/v2\/comments?post=807"}],"version-history":[{"count":3,"href":"https:\/\/bydcarchina.com\/fr\/wp-json\/wp\/v2\/product\/807\/revisions"}],"predecessor-version":[{"id":1162,"href":"https:\/\/bydcarchina.com\/fr\/wp-json\/wp\/v2\/product\/807\/revisions\/1162"}],"wp:featuredmedia":[{"embeddable":true,"href":"https:\/\/bydcarchina.com\/fr\/wp-json\/wp\/v2\/media\/814"}],"wp:attachment":[{"href":"https:\/\/bydcarchina.com\/fr\/wp-json\/wp\/v2\/media?parent=807"}],"wp:term":[{"taxonomy":"product_brand","embeddable":true,"href":"https:\/\/bydcarchina.com\/fr\/wp-json\/wp\/v2\/product_brand?post=807"},{"taxonomy":"product_cat","embeddable":true,"href":"https:\/\/bydcarchina.com\/fr\/wp-json\/wp\/v2\/product_cat?post=807"},{"taxonomy":"product_tag","embeddable":true,"href":"https:\/\/bydcarchina.com\/fr\/wp-json\/wp\/v2\/product_tag?post=807"}],"curies":[{"name":"wp","href":"https:\/\/api.w.org\/{rel}","templated":true}]}}