{"id":817,"date":"2025-09-13T15:24:47","date_gmt":"2025-09-13T15:24:47","guid":{"rendered":"https:\/\/bydcarchina.com\/?post_type=product&#038;p=817"},"modified":"2025-12-13T09:18:58","modified_gmt":"2025-12-13T09:18:58","slug":"yangwang-u8-edition-de-luxe","status":"publish","type":"product","link":"https:\/\/bydcarchina.com\/fr\/product\/yangwang-u8-deluxe-edition\/","title":{"rendered":"YangWang U8 Deluxe Edition"},"content":{"rendered":"<p data-start=\"0\" data-end=\"288\">D\u00e9couvrez un <strong data-start=\"11\" data-end=\"70\">v\u00e9hicule \u00e9lectrique haute performance \u00e0 autonomie \u00e9tendue (EREV)<\/strong> con\u00e7u pour combiner la conduite \u00e9lectrique pure, la flexibilit\u00e9 du prolongateur d'autonomie et les capacit\u00e9s d'un SUV de grande taille. Con\u00e7u pour les conducteurs qui exigent puissance, espace et confiance sur les longues distances, il pr\u00e9sente les caract\u00e9ristiques suivantes :<\/p>\n<p data-start=\"290\" data-end=\"578\"><strong data-start=\"290\" data-end=\"329\">Groupe motopropulseur \u00e9lectrique \u00e0 autonomie \u00e9tendue :<\/strong><br data-start=\"329\" data-end=\"332\" \/>\u00c9quip\u00e9 d'un <strong data-start=\"348\" data-end=\"369\">Batterie de 49,05 kWh<\/strong>, Le syst\u00e8me EREV donne la priorit\u00e9 \u00e0 la conduite \u00e9lectrique tout en utilisant un prolongateur d'autonomie pour \u00e9liminer l'anxi\u00e9t\u00e9 li\u00e9e \u00e0 l'autonomie. L'autonomie en mode \u00e9lectrique pur atteint <strong data-start=\"509\" data-end=\"542\">jusqu'\u00e0 180 km (variante 124 km)<\/strong>, Id\u00e9al pour une utilisation quotidienne sans \u00e9mission.<\/p>\n<p data-start=\"580\" data-end=\"780\"><strong data-start=\"580\" data-end=\"606\">Performance explosive :<\/strong><br data-start=\"606\" data-end=\"609\" \/>Acc\u00e9l\u00e8re de <strong data-start=\"626\" data-end=\"660\">0-100 km\/h en seulement 3,6 secondes<\/strong>, Le syst\u00e8me de contr\u00f4le de la pression des pneus, qui offre une r\u00e9activit\u00e9 digne d'une voiture de sport. A <strong data-start=\"708\" data-end=\"733\">vitesse maximale de 200 km\/h<\/strong> garantit des performances autorouti\u00e8res solides et stables.<\/p>\n<p data-start=\"782\" data-end=\"945\"><strong data-start=\"782\" data-end=\"810\">Capacit\u00e9 4RM avanc\u00e9e :<\/strong><br data-start=\"810\" data-end=\"813\" \/>Le <strong data-start=\"817\" data-end=\"843\">quatre roues motrices (4WD)<\/strong> offre une traction, une stabilit\u00e9 et un contr\u00f4le excellents dans des conditions de route et de conduite vari\u00e9es.<\/p>\n<p data-start=\"947\" data-end=\"1151\"><strong data-start=\"947\" data-end=\"977\">SUV de taille normale Proportions :<\/strong><br data-start=\"977\" data-end=\"980\" \/>Avec des dimensions de <strong data-start=\"999\" data-end=\"1027\">5 259 \u00d7 2 095 \u00d7 2 034 mm<\/strong>, Le v\u00e9hicule offre une pr\u00e9sence imposante sur la route, un vaste espace int\u00e9rieur et un confort exceptionnel pour les passagers et le chargement.<\/p>\n<p data-start=\"1153\" data-end=\"1385\" data-is-last-node=\"\" data-is-only-node=\"\">Combinaison <strong data-start=\"1163\" data-end=\"1255\">la conduite \u00e9lectrique, l'acc\u00e9l\u00e9ration extr\u00eame, l'assurance des 4 roues motrices et l'aspect pratique d'un grand SUV<\/strong>, Ce mod\u00e8le EREV est une solution id\u00e9ale pour les utilisateurs qui recherchent des performances \u00e9lectrifi\u00e9es sans sacrifier l'autonomie, la puissance ou la polyvalence.<\/p>","protected":false},"excerpt":{"rendered":"<p>Discover a high-performance extended-range electric vehicle (EREV) engineered to combine pure electric driving, range-extending flexibility, and full-size SUV capability. Designed for drivers who demand power, space, and long-distance confidence, it delivers the following highlights: Extended-Range Electric Powertrain:Equipped with a 49.05 kWh battery, the EREV system prioritizes electric driving while using a range extender to eliminate [&hellip;]<\/p>\n","protected":false},"featured_media":829,"comment_status":"open","ping_status":"closed","template":"","meta":[],"product_brand":[],"product_cat":[17],"product_tag":[],"class_list":{"0":"post-817","1":"product","2":"type-product","3":"status-publish","4":"has-post-thumbnail","6":"product_cat-uncategorized","8":"first","9":"instock","10":"shipping-taxable","11":"product-type-simple"},"_links":{"self":[{"href":"https:\/\/bydcarchina.com\/fr\/wp-json\/wp\/v2\/product\/817","targetHints":{"allow":["GET"]}}],"collection":[{"href":"https:\/\/bydcarchina.com\/fr\/wp-json\/wp\/v2\/product"}],"about":[{"href":"https:\/\/bydcarchina.com\/fr\/wp-json\/wp\/v2\/types\/product"}],"replies":[{"embeddable":true,"href":"https:\/\/bydcarchina.com\/fr\/wp-json\/wp\/v2\/comments?post=817"}],"version-history":[{"count":2,"href":"https:\/\/bydcarchina.com\/fr\/wp-json\/wp\/v2\/product\/817\/revisions"}],"predecessor-version":[{"id":1163,"href":"https:\/\/bydcarchina.com\/fr\/wp-json\/wp\/v2\/product\/817\/revisions\/1163"}],"wp:featuredmedia":[{"embeddable":true,"href":"https:\/\/bydcarchina.com\/fr\/wp-json\/wp\/v2\/media\/829"}],"wp:attachment":[{"href":"https:\/\/bydcarchina.com\/fr\/wp-json\/wp\/v2\/media?parent=817"}],"wp:term":[{"taxonomy":"product_brand","embeddable":true,"href":"https:\/\/bydcarchina.com\/fr\/wp-json\/wp\/v2\/product_brand?post=817"},{"taxonomy":"product_cat","embeddable":true,"href":"https:\/\/bydcarchina.com\/fr\/wp-json\/wp\/v2\/product_cat?post=817"},{"taxonomy":"product_tag","embeddable":true,"href":"https:\/\/bydcarchina.com\/fr\/wp-json\/wp\/v2\/product_tag?post=817"}],"curies":[{"name":"wp","href":"https:\/\/api.w.org\/{rel}","templated":true}]}}