{"id":224,"date":"2025-09-01T22:05:41","date_gmt":"2025-09-01T22:05:41","guid":{"rendered":"https:\/\/bydcarchina.com\/?page_id=224"},"modified":"2025-12-04T20:37:02","modified_gmt":"2025-12-04T20:37:02","slug":"bateria-de-laminas-byd","status":"publish","type":"page","link":"https:\/\/bydcarchina.com\/pt\/byd-blade-battery\/","title":{"rendered":"Bateria de l\u00e2minas BYD"},"content":{"rendered":"<div data-elementor-type=\"wp-page\" data-elementor-id=\"224\" class=\"elementor elementor-224\" data-elementor-post-type=\"page\">\n\t\t\t\t<div class=\"elementor-element elementor-element-c4f1db9 e-flex e-con-boxed e-con e-parent\" data-id=\"c4f1db9\" data-element_type=\"container\" data-e-type=\"container\" data-settings=\"{&quot;background_background&quot;:&quot;classic&quot;}\">\n\t\t\t\t\t<div class=\"e-con-inner\">\n\t\t\t\t<div class=\"elementor-element elementor-element-f58644b elementor-widget elementor-widget-heading\" data-id=\"f58644b\" data-element_type=\"widget\" data-e-type=\"widget\" data-widget_type=\"heading.default\">\n\t\t\t\t\t<h1 class=\"elementor-heading-title elementor-size-default\">Tecnologia de baterias de l\u00e2minas BYD<\/h1>\t\t\t\t<\/div>\n\t\t\t\t\t<\/div>\n\t\t\t\t<\/div>\n\t\t<div class=\"elementor-element elementor-element-8314e89 e-flex e-con-boxed e-con e-parent\" data-id=\"8314e89\" data-element_type=\"container\" data-e-type=\"container\">\n\t\t\t\t\t<div class=\"e-con-inner\">\n\t\t<div class=\"elementor-element elementor-element-ffe9b6a e-con-full e-flex e-con e-child\" data-id=\"ffe9b6a\" data-element_type=\"container\" data-e-type=\"container\">\n\t\t<div class=\"elementor-element elementor-element-7c12970 e-con-full e-flex e-con e-child\" data-id=\"7c12970\" data-element_type=\"container\" data-e-type=\"container\">\n\t\t\t\t<div class=\"elementor-element elementor-element-c23edfd elementor-widget elementor-widget-heading\" data-id=\"c23edfd\" data-element_type=\"widget\" data-e-type=\"widget\" data-widget_type=\"heading.default\">\n\t\t\t\t\t<h2 class=\"elementor-heading-title elementor-size-default\">O que \u00e9 a bateria Blade\uff1f<\/h2>\t\t\t\t<\/div>\n\t\t\t\t<div class=\"elementor-element elementor-element-a42ef17 elementor-icon-list--layout-inline elementor-list-item-link-full_width elementor-widget elementor-widget-icon-list\" data-id=\"a42ef17\" data-element_type=\"widget\" data-e-type=\"widget\" data-widget_type=\"icon-list.default\">\n\t\t\t\t\t\t\t<ul class=\"elementor-icon-list-items elementor-inline-items\">\n\t\t\t\t\t\t\t<li class=\"elementor-icon-list-item elementor-inline-item\">\n\t\t\t\t\t\t\t\t\t\t\t<span class=\"elementor-icon-list-icon\">\n\t\t\t\t\t\t\t<svg aria-hidden=\"true\" class=\"e-font-icon-svg e-fas-check\" viewbox=\"0 0 512 512\" xmlns=\"http:\/\/www.w3.org\/2000\/svg\"><path d=\"M173.898 439.404l-166.4-166.4c-9.997-9.997-9.997-26.206 0-36.204l36.203-36.204c9.997-9.998 26.207-9.998 36.204 0L192 312.69 432.095 72.596c9.997-9.997 26.207-9.997 36.204 0l36.203 36.204c9.997 9.997 9.997 26.206 0 36.204l-294.4 294.401c-9.998 9.997-26.207 9.997-36.204-.001z\"><\/path><\/svg>\t\t\t\t\t\t<\/span>\n\t\t\t\t\t\t\t\t\t\t<span class=\"elementor-icon-list-text\">Seguran\u00e7a refor\u00e7ada<\/span>\n\t\t\t\t\t\t\t\t\t<\/li>\n\t\t\t\t\t\t\t\t<li class=\"elementor-icon-list-item elementor-inline-item\">\n\t\t\t\t\t\t\t\t\t\t\t<span class=\"elementor-icon-list-icon\">\n\t\t\t\t\t\t\t<svg aria-hidden=\"true\" class=\"e-font-icon-svg e-fas-check\" viewbox=\"0 0 512 512\" xmlns=\"http:\/\/www.w3.org\/2000\/svg\"><path d=\"M173.898 439.404l-166.4-166.4c-9.997-9.997-9.997-26.206 0-36.204l36.203-36.204c9.997-9.998 26.207-9.998 36.204 0L192 312.69 432.095 72.596c9.997-9.997 26.207-9.997 36.204 0l36.203 36.204c9.997 9.997 9.997 26.206 0 36.204l-294.4 294.401c-9.998 9.997-26.207 9.997-36.204-.001z\"><\/path><\/svg>\t\t\t\t\t\t<\/span>\n\t\t\t\t\t\t\t\t\t\t<span class=\"elementor-icon-list-text\"> Teste de penetra\u00e7\u00e3o de unhas<\/span>\n\t\t\t\t\t\t\t\t\t<\/li>\n\t\t\t\t\t\t\t\t<li class=\"elementor-icon-list-item elementor-inline-item\">\n\t\t\t\t\t\t\t\t\t\t\t<span class=\"elementor-icon-list-icon\">\n\t\t\t\t\t\t\t<svg aria-hidden=\"true\" class=\"e-font-icon-svg e-fas-check\" viewbox=\"0 0 512 512\" xmlns=\"http:\/\/www.w3.org\/2000\/svg\"><path d=\"M173.898 439.404l-166.4-166.4c-9.997-9.997-9.997-26.206 0-36.204l36.203-36.204c9.997-9.998 26.207-9.998 36.204 0L192 312.69 432.095 72.596c9.997-9.997 26.207-9.997 36.204 0l36.203 36.204c9.997 9.997 9.997 26.206 0 36.204l-294.4 294.401c-9.998 9.997-26.207 9.997-36.204-.001z\"><\/path><\/svg>\t\t\t\t\t\t<\/span>\n\t\t\t\t\t\t\t\t\t\t<span class=\"elementor-icon-list-text\">Resist\u00eancia optimizada<\/span>\n\t\t\t\t\t\t\t\t\t<\/li>\n\t\t\t\t\t\t\t\t<li class=\"elementor-icon-list-item elementor-inline-item\">\n\t\t\t\t\t\t\t\t\t\t\t<span class=\"elementor-icon-list-icon\">\n\t\t\t\t\t\t\t<svg aria-hidden=\"true\" class=\"e-font-icon-svg e-fas-check\" viewbox=\"0 0 512 512\" xmlns=\"http:\/\/www.w3.org\/2000\/svg\"><path d=\"M173.898 439.404l-166.4-166.4c-9.997-9.997-9.997-26.206 0-36.204l36.203-36.204c9.997-9.998 26.207-9.998 36.204 0L192 312.69 432.095 72.596c9.997-9.997 26.207-9.997 36.204 0l36.203 36.204c9.997 9.997 9.997 26.206 0 36.204l-294.4 294.401c-9.998 9.997-26.207 9.997-36.204-.001z\"><\/path><\/svg>\t\t\t\t\t\t<\/span>\n\t\t\t\t\t\t\t\t\t\t<span class=\"elementor-icon-list-text\">Maior alcance<\/span>\n\t\t\t\t\t\t\t\t\t<\/li>\n\t\t\t\t\t\t<\/ul>\n\t\t\t\t\t\t<\/div>\n\t\t\t\t<\/div>\n\t\t<div class=\"elementor-element elementor-element-3b253bf e-con-full e-flex e-con e-child\" data-id=\"3b253bf\" data-element_type=\"container\" data-e-type=\"container\">\n\t\t\t\t<div class=\"elementor-element elementor-element-b4ece09 elementor-widget elementor-widget-text-editor\" data-id=\"b4ece09\" data-element_type=\"widget\" data-e-type=\"widget\" data-widget_type=\"text-editor.default\">\n\t\t\t\t\t\t\t\t\t<p class=\"p1\">Com mais de 29 anos de experi\u00eancia na ind\u00fastria de baterias, a BYD estabeleceu novos padr\u00f5es de refer\u00eancia na mobilidade el\u00e9ctrica. No centro de cada ve\u00edculo el\u00e9trico BYD est\u00e1 a inovadora <span class=\"s1\"><b>Bateria de l\u00e2minas<\/b><\/span>. Reconhecida mundialmente como uma das baterias EV mais seguras, a bateria Blade passou com \u00eaxito alguns dos testes de seguran\u00e7a mais rigorosos do sector. Foi concebida para proporcionar uma durabilidade excecional, uma autonomia de condu\u00e7\u00e3o alargada e um ciclo de vida mais longo, garantindo seguran\u00e7a e desempenho em todas as viagens.<\/p>\t\t\t\t\t\t\t\t<\/div>\n\t\t\t\t<\/div>\n\t\t\t\t<\/div>\n\t\t<div class=\"elementor-element elementor-element-637d803 e-con-full e-flex e-con e-child\" data-id=\"637d803\" data-element_type=\"container\" data-e-type=\"container\" data-settings=\"{&quot;background_background&quot;:&quot;classic&quot;}\">\n\t\t\t\t<div class=\"elementor-element elementor-element-0e2c74c elementor-widget elementor-widget-spacer\" data-id=\"0e2c74c\" data-element_type=\"widget\" data-e-type=\"widget\" data-widget_type=\"spacer.default\">\n\t\t\t\t\t\t\t<div class=\"elementor-spacer\">\n\t\t\t<div class=\"elementor-spacer-inner\"><\/div>\n\t\t<\/div>\n\t\t\t\t\t\t<\/div>\n\t\t\t\t<\/div>\n\t\t\t\t\t<\/div>\n\t\t\t\t<\/div>\n\t\t<div class=\"elementor-element elementor-element-6229426 e-flex e-con-boxed e-con e-parent\" data-id=\"6229426\" data-element_type=\"container\" data-e-type=\"container\">\n\t\t\t\t\t<div class=\"e-con-inner\">\n\t\t<div class=\"elementor-element elementor-element-1dbf617 e-con-full e-flex e-con e-child\" data-id=\"1dbf617\" data-element_type=\"container\" data-e-type=\"container\">\n\t\t\t\t<div class=\"elementor-element elementor-element-587479e elementor-widget elementor-widget-heading\" data-id=\"587479e\" data-element_type=\"widget\" data-e-type=\"widget\" data-widget_type=\"heading.default\">\n\t\t\t\t\t<h3 class=\"elementor-heading-title elementor-size-default\">01 Seguran\u00e7a refor\u00e7ada<\/h3>\t\t\t\t<\/div>\n\t\t\t\t<div class=\"elementor-element elementor-element-fb4a5b0 elementor-widget__width-initial elementor-widget elementor-widget-text-editor\" data-id=\"fb4a5b0\" data-element_type=\"widget\" data-e-type=\"widget\" data-widget_type=\"text-editor.default\">\n\t\t\t\t\t\t\t\t\t<div class=\"txt-desc\">A mat\u00e9ria-prima, o fosfato de ferro-l\u00edtio, tem uma s\u00e9rie de carater\u00edsticas ben\u00e9ficas: gera\u00e7\u00e3o lenta de calor, baixa liberta\u00e7\u00e3o de calor e n\u00e3o liberta\u00e7\u00e3o de oxig\u00e9nio. A forma \u00fanica de ret\u00e2ngulo plano tamb\u00e9m melhora a efici\u00eancia do arrefecimento e o desempenho do pr\u00e9-aquecimento. A Blade Battery passou com seguran\u00e7a o teste de penetra\u00e7\u00e3o de pregos sem emitir fogo ou fumo.<\/div>\t\t\t\t\t\t\t\t<\/div>\n\t\t\t\t<div class=\"elementor-element elementor-element-bb3d61a elementor-widget elementor-widget-image\" data-id=\"bb3d61a\" data-element_type=\"widget\" data-e-type=\"widget\" data-widget_type=\"image.default\">\n\t\t\t\t\t\t\t\t\t\t\t\t\t\t\t<img fetchpriority=\"high\" decoding=\"async\" width=\"800\" height=\"281\" src=\"https:\/\/bydcarchina.com\/wp-content\/uploads\/2025\/09\/enhanced-security-1024x360.webp\" class=\"attachment-large size-large wp-image-229\" alt=\"\" srcset=\"https:\/\/bydcarchina.com\/wp-content\/uploads\/2025\/09\/enhanced-security-1024x360.webp 1024w, https:\/\/bydcarchina.com\/wp-content\/uploads\/2025\/09\/enhanced-security-300x106.webp 300w, https:\/\/bydcarchina.com\/wp-content\/uploads\/2025\/09\/enhanced-security-768x270.webp 768w, https:\/\/bydcarchina.com\/wp-content\/uploads\/2025\/09\/enhanced-security-600x211.webp 600w, https:\/\/bydcarchina.com\/wp-content\/uploads\/2025\/09\/enhanced-security.webp 1120w\" sizes=\"(max-width: 800px) 100vw, 800px\" \/>\t\t\t\t\t\t\t\t\t\t\t\t\t\t\t<\/div>\n\t\t\t\t<\/div>\n\t\t<div class=\"elementor-element elementor-element-6bacea0 e-con-full e-flex e-con e-child\" data-id=\"6bacea0\" data-element_type=\"container\" data-e-type=\"container\">\n\t\t\t\t<div class=\"elementor-element elementor-element-4d1372b elementor-widget elementor-widget-heading\" data-id=\"4d1372b\" data-element_type=\"widget\" data-e-type=\"widget\" data-widget_type=\"heading.default\">\n\t\t\t\t\t<h3 class=\"elementor-heading-title elementor-size-default\">02 Resist\u00eancia optimizada<\/h3>\t\t\t\t<\/div>\n\t\t\t\t<div class=\"elementor-element elementor-element-bc45e53 elementor-widget__width-initial elementor-widget elementor-widget-text-editor\" data-id=\"bc45e53\" data-element_type=\"widget\" data-e-type=\"widget\" data-widget_type=\"text-editor.default\">\n\t\t\t\t\t\t\t\t\t<div class=\"txt-desc\"><p class=\"p1\">Dentro de cada pacote, as c\u00e9lulas est\u00e3o dispostas numa matriz, em que cada c\u00e9lula funciona como um <span class=\"s1\"><b>viga estrutural<\/b><\/span>, ajudando a suportar as for\u00e7as externas. O design incorpora um <span class=\"s1\"><b>estrutura de alum\u00ednio em forma de favo de mel<\/b><\/span>, refor\u00e7ada com pain\u00e9is de alta resist\u00eancia, tanto na parte superior como na parte inferior da mochila. Esta configura\u00e7\u00e3o inovadora melhora significativamente <span class=\"s1\"><b>rigidez vertical<\/b><\/span> e a durabilidade geral. \u00c9 este <span class=\"s1\"><b>conce\u00e7\u00e3o estrutural revolucion\u00e1ria<\/b><\/span> que confere \u00e0 Blade Battery a sua resist\u00eancia optimizada e um desempenho de seguran\u00e7a excecional.<\/p><\/div>\t\t\t\t\t\t\t\t<\/div>\n\t\t\t\t<div class=\"elementor-element elementor-element-cee8e5c elementor-widget elementor-widget-image\" data-id=\"cee8e5c\" data-element_type=\"widget\" data-e-type=\"widget\" data-widget_type=\"image.default\">\n\t\t\t\t\t\t\t\t\t\t\t\t\t\t\t<img decoding=\"async\" width=\"800\" height=\"281\" src=\"https:\/\/bydcarchina.com\/wp-content\/uploads\/2025\/09\/11-1024x360.png\" class=\"attachment-large size-large wp-image-231\" alt=\"\" srcset=\"https:\/\/bydcarchina.com\/wp-content\/uploads\/2025\/09\/11-1024x360.png 1024w, https:\/\/bydcarchina.com\/wp-content\/uploads\/2025\/09\/11-300x106.png 300w, https:\/\/bydcarchina.com\/wp-content\/uploads\/2025\/09\/11-768x270.png 768w, https:\/\/bydcarchina.com\/wp-content\/uploads\/2025\/09\/11-600x211.png 600w, https:\/\/bydcarchina.com\/wp-content\/uploads\/2025\/09\/11.png 1120w\" sizes=\"(max-width: 800px) 100vw, 800px\" \/>\t\t\t\t\t\t\t\t\t\t\t\t\t\t\t<\/div>\n\t\t\t\t<\/div>\n\t\t\t\t\t<\/div>\n\t\t\t\t<\/div>\n\t\t<div class=\"elementor-element elementor-element-9afe35a e-flex e-con-boxed e-con e-parent\" data-id=\"9afe35a\" data-element_type=\"container\" data-e-type=\"container\">\n\t\t\t\t\t<div class=\"e-con-inner\">\n\t\t<div class=\"elementor-element elementor-element-f1cd763 e-con-full e-flex e-con e-child\" data-id=\"f1cd763\" data-element_type=\"container\" data-e-type=\"container\">\n\t\t\t\t<div class=\"elementor-element elementor-element-a6851a2 elementor-widget elementor-widget-heading\" data-id=\"a6851a2\" data-element_type=\"widget\" data-e-type=\"widget\" data-widget_type=\"heading.default\">\n\t\t\t\t\t<h3 class=\"elementor-heading-title elementor-size-default\">Teste de penetra\u00e7\u00e3o de unhas<\/h3>\t\t\t\t<\/div>\n\t\t\t\t<div class=\"elementor-element elementor-element-9e66499 elementor-widget__width-initial elementor-widget elementor-widget-text-editor\" data-id=\"9e66499\" data-element_type=\"widget\" data-e-type=\"widget\" data-widget_type=\"text-editor.default\">\n\t\t\t\t\t\t\t\t\t<div class=\"txt-desc\"><p class=\"p1\">O <span class=\"s1\"><b>teste de penetra\u00e7\u00e3o de unhas<\/b><\/span> \u00e9 amplamente reconhecido como um dos m\u00e9todos mais exigentes para avaliar a resist\u00eancia de uma bateria \u00e0 fuga t\u00e9rmica. Foi concebido para reproduzir um curto-circuito interno, uma situa\u00e7\u00e3o que pode ocorrer quando objectos met\u00e1licos afiados perfuram a bateria durante um acidente de via\u00e7\u00e3o grave. O teste BYD <span class=\"s1\"><b>Bateria de l\u00e2minas<\/b><\/span> passou com sucesso este teste - n\u00e3o apresentando fumo ou fogo. De forma not\u00e1vel, a temperatura da superf\u00edcie manteve-se entre apenas <span class=\"s1\"><b>30\u00b0C e 60\u00b0C<\/b><\/span>, A empresa \u00e9 uma empresa de seguran\u00e7a, que demonstra um desempenho de seguran\u00e7a excecional.<\/p><\/div>\t\t\t\t\t\t\t\t<\/div>\n\t\t\t\t<\/div>\n\t\t<div class=\"elementor-element elementor-element-389cbc0 e-con-full e-flex e-con e-child\" data-id=\"389cbc0\" data-element_type=\"container\" data-e-type=\"container\">\n\t\t\t\t<div class=\"elementor-element elementor-element-da5cf37 elementor-widget elementor-widget-video\" data-id=\"da5cf37\" data-element_type=\"widget\" data-e-type=\"widget\" data-settings=\"{&quot;youtube_url&quot;:&quot;https:\\\/\\\/youtu.be\\\/kM2ewJniLcs?si=GG3c14gSXhKhINA2&quot;,&quot;autoplay&quot;:&quot;yes&quot;,&quot;play_on_mobile&quot;:&quot;yes&quot;,&quot;video_type&quot;:&quot;youtube&quot;,&quot;controls&quot;:&quot;yes&quot;}\" data-widget_type=\"video.default\">\n\t\t\t\t\t\t\t<div class=\"elementor-wrapper elementor-open-inline\">\n\t\t\t<div class=\"elementor-video\"><\/div>\t\t<\/div>\n\t\t\t\t\t\t<\/div>\n\t\t\t\t<\/div>\n\t\t\t\t\t<\/div>\n\t\t\t\t<\/div>\n\t\t<div class=\"elementor-element elementor-element-a3486f9 e-flex e-con-boxed e-con e-parent\" data-id=\"a3486f9\" data-element_type=\"container\" data-e-type=\"container\">\n\t\t\t\t\t<div class=\"e-con-inner\">\n\t\t<div class=\"elementor-element elementor-element-30654d7 e-con-full e-flex e-con e-child\" data-id=\"30654d7\" data-element_type=\"container\" data-e-type=\"container\">\n\t\t\t\t<div class=\"elementor-element elementor-element-5ca87f8 elementor-widget elementor-widget-heading\" data-id=\"5ca87f8\" data-element_type=\"widget\" data-e-type=\"widget\" data-widget_type=\"heading.default\">\n\t\t\t\t\t<h3 class=\"elementor-heading-title elementor-size-default\">03 Alcance mais longo <\/h3>\t\t\t\t<\/div>\n\t\t\t\t<div class=\"elementor-element elementor-element-89f3d32 elementor-widget__width-initial elementor-widget elementor-widget-text-editor\" data-id=\"89f3d32\" data-element_type=\"widget\" data-e-type=\"widget\" data-widget_type=\"text-editor.default\">\n\t\t\t\t\t\t\t\t\t<div class=\"txt-desc\"><p class=\"p1\">O <span class=\"s1\"><b>Bateria de l\u00e2minas<\/b><\/span> consegue mais do que um <span class=\"s1\"><b>50% melhoria da utiliza\u00e7\u00e3o do espa\u00e7o<\/b><\/span> em compara\u00e7\u00e3o com as baterias convencionais. Este avan\u00e7o n\u00e3o s\u00f3 proporciona uma pot\u00eancia significativamente superior <span class=\"s1\"><b>densidade energ\u00e9tica<\/b><\/span>, mas tamb\u00e9m se traduz num <span class=\"s1\"><b>maior autonomia de condu\u00e7\u00e3o<\/b><\/span>, proporcionando aos condutores maior efici\u00eancia e confian\u00e7a em cada viagem.<\/p><\/div>\t\t\t\t\t\t\t\t<\/div>\n\t\t\t\t<\/div>\n\t\t<div class=\"elementor-element elementor-element-788491d e-con-full e-flex e-con e-child\" data-id=\"788491d\" data-element_type=\"container\" data-e-type=\"container\">\n\t\t\t\t<div class=\"elementor-element elementor-element-289fc39 elementor-widget elementor-widget-image\" data-id=\"289fc39\" data-element_type=\"widget\" data-e-type=\"widget\" data-widget_type=\"image.default\">\n\t\t\t\t\t\t\t\t\t\t\t\t\t\t\t<img decoding=\"async\" width=\"800\" height=\"281\" src=\"https:\/\/bydcarchina.com\/wp-content\/uploads\/2025\/09\/Space-Utilisation-Energy-Density-1024x360.webp\" class=\"attachment-large size-large wp-image-232\" alt=\"Utiliza\u00e7\u00e3o do espa\u00e7o e densidade energ\u00e9tica\" srcset=\"https:\/\/bydcarchina.com\/wp-content\/uploads\/2025\/09\/Space-Utilisation-Energy-Density-1024x360.webp 1024w, https:\/\/bydcarchina.com\/wp-content\/uploads\/2025\/09\/Space-Utilisation-Energy-Density-300x106.webp 300w, https:\/\/bydcarchina.com\/wp-content\/uploads\/2025\/09\/Space-Utilisation-Energy-Density-768x270.webp 768w, https:\/\/bydcarchina.com\/wp-content\/uploads\/2025\/09\/Space-Utilisation-Energy-Density-600x211.webp 600w, https:\/\/bydcarchina.com\/wp-content\/uploads\/2025\/09\/Space-Utilisation-Energy-Density.webp 1120w\" sizes=\"(max-width: 800px) 100vw, 800px\" \/>\t\t\t\t\t\t\t\t\t\t\t\t\t\t\t<\/div>\n\t\t\t\t<\/div>\n\t\t\t\t\t<\/div>\n\t\t\t\t<\/div>\n\t\t<div class=\"elementor-element elementor-element-afec4e8 e-flex e-con-boxed e-con e-parent\" data-id=\"afec4e8\" data-element_type=\"container\" data-e-type=\"container\">\n\t\t\t\t\t<div class=\"e-con-inner\">\n\t\t<div class=\"elementor-element elementor-element-759fd8c e-con-full e-flex e-con e-child\" data-id=\"759fd8c\" data-element_type=\"container\" data-e-type=\"container\">\n\t\t\t\t<div class=\"elementor-element elementor-element-6860316 elementor-widget elementor-widget-heading\" data-id=\"6860316\" data-element_type=\"widget\" data-e-type=\"widget\" data-widget_type=\"heading.default\">\n\t\t\t\t\t<h3 class=\"elementor-heading-title elementor-size-default\">04 Ciclo de vida mais longo <\/h3>\t\t\t\t<\/div>\n\t\t\t\t<div class=\"elementor-element elementor-element-639c4af elementor-widget__width-initial elementor-widget elementor-widget-text-editor\" data-id=\"639c4af\" data-element_type=\"widget\" data-e-type=\"widget\" data-widget_type=\"text-editor.default\">\n\t\t\t\t\t\t\t\t\t<div class=\"txt-desc\"><p class=\"p1\">O <span class=\"s1\"><b>Bateria de l\u00e2minas<\/b><\/span> oferece uma vida \u00fatil excecionalmente longa, capaz de suportar <span class=\"s1\"><b>mais de 5.000 ciclos de carga e descarga<\/b><\/span>. Esta durabilidade excecional garante um desempenho fi\u00e1vel e prolonga o tempo de vida \u00fatil da bateria, proporcionando um valor duradouro tanto para os condutores como para os operadores de frotas.<\/p><\/div>\t\t\t\t\t\t\t\t<\/div>\n\t\t\t\t<\/div>\n\t\t<div class=\"elementor-element elementor-element-86c24f1 e-con-full e-flex e-con e-child\" data-id=\"86c24f1\" data-element_type=\"container\" data-e-type=\"container\">\n\t\t\t\t<div class=\"elementor-element elementor-element-ce38b85 elementor-widget elementor-widget-image\" data-id=\"ce38b85\" data-element_type=\"widget\" data-e-type=\"widget\" data-widget_type=\"image.default\">\n\t\t\t\t\t\t\t\t\t\t\t\t\t\t\t<img decoding=\"async\" src=\"https:\/\/www.byd.com\/content\/dam\/byd-site\/eu\/technology\/Blade-battery-range-1120.png\" title=\"\" alt=\"\" loading=\"lazy\" \/>\t\t\t\t\t\t\t\t\t\t\t\t\t\t\t<\/div>\n\t\t\t\t<\/div>\n\t\t\t\t\t<\/div>\n\t\t\t\t<\/div>\n\t\t\t\t<\/div>","protected":false},"excerpt":{"rendered":"<p>BYD Blade Battery Technology What Is Blade Battery\uff1f Enhanced safety Nail penetration test Optimised strength Longer range With over 29 years of expertise in the battery industry, BYD has set new benchmarks in electric mobility. At the core of every BYD electric vehicle lies the groundbreaking Blade Battery. Globally recognised as one of the safest [&hellip;]<\/p>\n","protected":false},"author":1,"featured_media":0,"parent":0,"menu_order":0,"comment_status":"closed","ping_status":"closed","template":"","meta":{"footnotes":""},"class_list":["post-224","page","type-page","status-publish","hentry"],"_links":{"self":[{"href":"https:\/\/bydcarchina.com\/pt\/wp-json\/wp\/v2\/pages\/224","targetHints":{"allow":["GET"]}}],"collection":[{"href":"https:\/\/bydcarchina.com\/pt\/wp-json\/wp\/v2\/pages"}],"about":[{"href":"https:\/\/bydcarchina.com\/pt\/wp-json\/wp\/v2\/types\/page"}],"author":[{"embeddable":true,"href":"https:\/\/bydcarchina.com\/pt\/wp-json\/wp\/v2\/users\/1"}],"replies":[{"embeddable":true,"href":"https:\/\/bydcarchina.com\/pt\/wp-json\/wp\/v2\/comments?post=224"}],"version-history":[{"count":7,"href":"https:\/\/bydcarchina.com\/pt\/wp-json\/wp\/v2\/pages\/224\/revisions"}],"predecessor-version":[{"id":306,"href":"https:\/\/bydcarchina.com\/pt\/wp-json\/wp\/v2\/pages\/224\/revisions\/306"}],"wp:attachment":[{"href":"https:\/\/bydcarchina.com\/pt\/wp-json\/wp\/v2\/media?parent=224"}],"curies":[{"name":"wp","href":"https:\/\/api.w.org\/{rel}","templated":true}]}}