{"id":3,"date":"2025-08-28T13:14:05","date_gmt":"2025-08-28T13:14:05","guid":{"rendered":"http:\/\/bydcarchina.com\/?page_id=3"},"modified":"2025-09-06T15:27:51","modified_gmt":"2025-09-06T15:27:51","slug":"politica-de-privacidade","status":"publish","type":"page","link":"https:\/\/bydcarchina.com\/pt\/privacy-policy\/","title":{"rendered":"Pol\u00edtica de privacidade"},"content":{"rendered":"<div data-elementor-type=\"wp-page\" data-elementor-id=\"3\" class=\"elementor elementor-3\" data-elementor-post-type=\"page\">\n\t\t\t\t<div class=\"elementor-element elementor-element-ba16823 e-flex e-con-boxed e-con e-parent\" data-id=\"ba16823\" data-element_type=\"container\" data-e-type=\"container\" data-settings=\"{&quot;background_background&quot;:&quot;classic&quot;}\">\n\t\t\t\t\t<div class=\"e-con-inner\">\n\t\t\t\t<div class=\"elementor-element elementor-element-a63bef1 elementor-widget elementor-widget-heading\" data-id=\"a63bef1\" data-element_type=\"widget\" data-e-type=\"widget\" data-widget_type=\"heading.default\">\n\t\t\t\t\t<h1 class=\"elementor-heading-title elementor-size-default\">Pol\u00edtica de privacidade<\/h1>\t\t\t\t<\/div>\n\t\t\t\t<div class=\"elementor-element elementor-element-abdb7b6 elementor-widget elementor-widget-hfe-breadcrumbs-widget\" data-id=\"abdb7b6\" data-element_type=\"widget\" data-e-type=\"widget\" data-widget_type=\"hfe-breadcrumbs-widget.default\">\n\t\t\t\t<div class=\"elementor-widget-container\">\n\t\t\t\t\t<nav aria-label=\"P\u00e3o ralado\"><ul class=\"hfe-breadcrumbs hfe-breadcrumbs-show-home\"><li class=\"hfe-breadcrumbs-item hfe-breadcrumbs-first\"><span class=\"hfe-breadcrumbs-home-icon\"><\/span><a href=\"https:\/\/bydcarchina.com\/pt\"><span class=\"hfe-breadcrumbs-text\">In\u00edcio<\/span><\/a><\/li><\/ul><\/nav>\t\t\t\t<\/div>\n\t\t\t\t<\/div>\n\t\t\t\t\t<\/div>\n\t\t\t\t<\/div>\n\t\t<div class=\"elementor-element elementor-element-2c8b9e54 e-flex e-con-boxed e-con e-parent\" data-id=\"2c8b9e54\" data-element_type=\"container\" data-e-type=\"container\">\n\t\t\t\t\t<div class=\"e-con-inner\">\n\t\t\t\t<div class=\"elementor-element elementor-element-51c910b3 elementor-widget elementor-widget-text-editor\" data-id=\"51c910b3\" data-element_type=\"widget\" data-e-type=\"widget\" data-widget_type=\"text-editor.default\">\n\t\t\t\t\t\t\t\t\t<p class=\"p1\">A presente pol\u00edtica de privacidade explica como <span class=\"s1\"><b>Wuxi BYD Vehicle Co., Ltd.<\/b><\/span> (\u201cBYD\u201d, \u201cn\u00f3s\u201d, \u201cnosso\u201d, ou \u201cnos\u201d) recolhe, utiliza e protege os seus dados pessoais. Estamos empenhados em salvaguardar a sua privacidade e em garantir o cumprimento das leis de prote\u00e7\u00e3o de dados aplic\u00e1veis.<\/p>\n<p class=\"p1\">Esta Pol\u00edtica de Privacidade n\u00e3o <span class=\"s1\"><b>n\u00e3o<\/b><\/span> aplicam-se aos nossos revendedores autorizados, parceiros ou terceiros a quem possa fornecer diretamente as suas informa\u00e7\u00f5es (tais como companhias de seguros, servi\u00e7os de subscri\u00e7\u00e3o ou fornecedores de financiamento). Estas entidades s\u00e3o independentes de n\u00f3s e respons\u00e1veis pelo seu pr\u00f3prio processamento de dados. Consulte as suas pol\u00edticas de privacidade individuais para obter mais pormenores.<\/p>\n<hr \/>\n<h2><b>1.Introdu\u00e7\u00e3o<\/b><\/h2>\n<p class=\"p1\">A presente Pol\u00edtica de Privacidade (\u201cPol\u00edtica\u201d) descreve a forma como a Wuxi BYD Vehicle Co., Ltd., localizada em Wuxi, China, processa e protege os dados pessoais dos indiv\u00edduos que utilizam o nosso website, nos contactam ou utilizam os nossos servi\u00e7os (\u201cTitulares dos Dados\u201d).<\/p>\n<p class=\"p1\">A BYD actua como <span class=\"s1\"><b>controlador de dados<\/b><\/span> dos seus dados pessoais e determina as finalidades e os meios de tratamento.<\/p>\n<p class=\"p1\">Pode contactar-nos atrav\u00e9s de:<\/p>\n<ul>\n<li>\n<p class=\"p1\"><span class=\"s1\"><b>Empresa:<\/b><\/span> Wuxi BYD Vehicle Co., Ltd.<\/p>\n<\/li>\n<li>\n<p class=\"p1\"><span class=\"s1\"><b>Correio eletr\u00f3nico:<\/b><\/span> info@bydcarchina.com<\/p>\n<\/li>\n<\/ul>\n<p class=\"p1\">BYD faz parte de <span class=\"s1\"><b>BYD Company Limited<\/b><\/span>, com sede em Shenzhen, China.<\/p>\n<p class=\"p1\">Reservamo-nos o direito de atualizar esta Pol\u00edtica periodicamente para cumprir novos regulamentos ou altera\u00e7\u00f5es operacionais. As actualiza\u00e7\u00f5es ser\u00e3o publicadas neste s\u00edtio Web.<\/p>\n<hr \/>\n<h2><b>2. Que dados pessoais recolhemos<\/b><\/h2>\n<p class=\"p1\">Dependendo da sua intera\u00e7\u00e3o connosco, podemos recolher as seguintes categorias de dados pessoais:<\/p>\n<ol start=\"1\">\n<li>\n<p class=\"p1\"><span class=\"s1\"><b>Dados de utiliza\u00e7\u00e3o do s\u00edtio Web<\/b><\/span> - Endere\u00e7o IP, tipo de browser, informa\u00e7\u00f5es do dispositivo, localiza\u00e7\u00e3o (derivada do IP) e atividade de navega\u00e7\u00e3o.<\/p>\n<\/li>\n<li>\n<p class=\"p1\"><span class=\"s1\"><b>Pedidos de Test Drive<\/b><\/span> - Nome, n\u00famero de telefone, e-mail, endere\u00e7o\/c\u00f3digo postal, concession\u00e1rio preferido e tipo de ve\u00edculo.<\/p>\n<\/li>\n<li>\n<p class=\"p1\"><span class=\"s1\"><b>Apresenta\u00e7\u00e3o da configura\u00e7\u00e3o<\/b><\/span> - Dados de contacto e configura\u00e7\u00e3o do ve\u00edculo selecionado para satisfazer pedidos de produtos\/servi\u00e7os.<\/p>\n<\/li>\n<li>\n<p class=\"p1\"><span class=\"s1\"><b>Formul\u00e1rios de contacto \/ pedidos de informa\u00e7\u00e3o<\/b><\/span> - Nome, e-mail, n\u00famero de telefone, regi\u00e3o e as suas perguntas ou coment\u00e1rios.<\/p>\n<\/li>\n<li>\n<p class=\"p1\"><span class=\"s1\"><b>Subscri\u00e7\u00e3o do boletim informativo<\/b><\/span> - Endere\u00e7o de correio eletr\u00f3nico e prefer\u00eancias de marketing.<\/p>\n<\/li>\n<li>\n<p class=\"p1\"><span class=\"s1\"><b>Aplica\u00e7\u00f5es de parceria<\/b><\/span> - Nome, n\u00famero de telefone, correio eletr\u00f3nico e informa\u00e7\u00f5es comerciais relevantes.<\/p>\n<\/li>\n<li>\n<p class=\"p1\"><span class=\"s1\"><b>Cookies e tecnologias semelhantes<\/b><\/span> - Dados de intera\u00e7\u00e3o do s\u00edtio Web para an\u00e1lise, personaliza\u00e7\u00e3o e marketing (consulte a nossa Pol\u00edtica de Cookies para obter mais informa\u00e7\u00f5es).<\/p>\n<\/li>\n<\/ol>\n<hr \/>\n<h2><b>3. Como utilizamos os seus dados<\/b><\/h2>\n<p class=\"p1\">Utilizamos os seus dados pessoais para os seguintes fins, com as bases legais exigidas pela legisla\u00e7\u00e3o aplic\u00e1vel:<\/p>\n<ul>\n<li>\n<p class=\"p1\">Para fornecer e melhorar o nosso s\u00edtio Web (interesses leg\u00edtimos).<\/p>\n<\/li>\n<li>\n<p class=\"p1\">Para processar pedidos de test drive, encomendas ou configura\u00e7\u00f5es de produtos (execu\u00e7\u00e3o de um contrato).<\/p>\n<\/li>\n<li>\n<p class=\"p1\">Para responder a pedidos de informa\u00e7\u00e3o e apoio ao cliente (interesses leg\u00edtimos).<\/p>\n<\/li>\n<li>\n<p class=\"p1\">Para enviar boletins informativos e conte\u00fados promocionais (o seu consentimento).<\/p>\n<\/li>\n<li>\n<p class=\"p1\">Para personalizar a experi\u00eancia e o conte\u00fado do s\u00edtio Web (o seu consentimento).<\/p>\n<\/li>\n<li>\n<p class=\"p1\">Para processar pedidos de parceria ou de concession\u00e1rio (interesses leg\u00edtimos).<\/p>\n<\/li>\n<\/ul>\n<p class=\"p1\">O utilizador pode retirar o seu consentimento em qualquer altura, sem que isso afecte a legalidade do tratamento efectuado antes da retirada.<\/p>\n<hr \/>\n<h2><b>4. Conserva\u00e7\u00e3o dos dados<\/b><\/h2>\n<p class=\"p1\">Conservaremos os dados pessoais apenas durante o tempo necess\u00e1rio:<\/p>\n<ul>\n<li>\n<p class=\"p1\">Para as rela\u00e7\u00f5es contratuais: geralmente at\u00e9 <span class=\"s1\"><b>7 anos<\/b><\/span> ap\u00f3s a cessa\u00e7\u00e3o.<\/p>\n<\/li>\n<li>\n<p class=\"p1\">Para pedidos de informa\u00e7\u00e3o ou de test-drive: at\u00e9 <span class=\"s1\"><b>18 meses<\/b><\/span> se n\u00e3o for estabelecida qualquer outra rela\u00e7\u00e3o.<\/p>\n<\/li>\n<li>\n<p class=\"p1\">Para comunica\u00e7\u00f5es de marketing: at\u00e9 o utilizador optar por n\u00e3o participar.<\/p>\n<\/li>\n<\/ul>\n<hr \/>\n<h2><b>5. Seguran\u00e7a dos dados pessoais<\/b><\/h2>\n<p class=\"p1\">Implementamos medidas t\u00e9cnicas e organizacionais para proteger os seus dados contra acesso n\u00e3o autorizado, altera\u00e7\u00e3o, perda ou uso indevido. Embora utilizemos sistemas seguros e m\u00e9todos de encripta\u00e7\u00e3o, tenha em aten\u00e7\u00e3o que nenhuma transmiss\u00e3o online \u00e9 100% segura.<\/p>\n<p class=\"p1\">Em caso de viola\u00e7\u00e3o de dados, notificaremos imediatamente os indiv\u00edduos afectados e as autoridades reguladoras, de acordo com a legisla\u00e7\u00e3o aplic\u00e1vel.<\/p>\n<hr \/>\n<h2><b>6. Partilha de dados pessoais<\/b><\/h2>\n<p class=\"p1\">Podemos partilhar os seus dados pessoais:<\/p>\n<ul>\n<li>\n<p class=\"p1\">No \u00e2mbito do <span class=\"s1\"><b>Grupo BYD<\/b><\/span> (filiais e associadas) para fins operacionais.<\/p>\n<\/li>\n<li>\n<p class=\"p1\">Com <span class=\"s1\"><b>Concession\u00e1rios autorizados BYD<\/b><\/span> para test drives, assist\u00eancia e manuten\u00e7\u00e3o.<\/p>\n<\/li>\n<li>\n<p class=\"p1\">Com <span class=\"s1\"><b>prestadores de servi\u00e7os terceiros<\/b><\/span> (por exemplo, alojamento de TI, log\u00edstica, marketing e servi\u00e7os de computa\u00e7\u00e3o em nuvem) ao abrigo de obriga\u00e7\u00f5es contratuais rigorosas.<\/p>\n<\/li>\n<li>\n<p class=\"p1\"><span class=\"s1\">Com <\/span><b>autoridades policiais ou reguladoras<\/b><span class=\"s1\"> para cumprir obriga\u00e7\u00f5es legais.<\/span><\/p>\n<\/li>\n<li>\n<p class=\"p1\">Em rela\u00e7\u00e3o a <span class=\"s1\"><b>transac\u00e7\u00f5es empresariais<\/b><\/span>, A empresa pode ser objeto de um processo de reestrutura\u00e7\u00e3o, tais como fus\u00f5es, aquisi\u00e7\u00f5es ou reestrutura\u00e7\u00f5es.<\/p>\n<\/li>\n<li>\n<p class=\"p1\">Com <span class=\"s1\"><b>integra\u00e7\u00f5es de terceiros<\/b><\/span> (widgets de redes sociais, ferramentas de consentimento) com base no seu consentimento.<\/p>\n<\/li>\n<\/ul>\n<p class=\"p1\">Asseguramos que os terceiros tratam os dados do utilizador de forma segura e legal.<\/p>\n<hr \/>\n<h2><b>7. Transfer\u00eancias internacionais de dados<\/b><\/h2>\n<p class=\"p1\">Como parte de uma organiza\u00e7\u00e3o global, os seus dados podem ser transferidos para fora do seu pa\u00eds de resid\u00eancia, incluindo para a China e outras regi\u00f5es onde a BYD opera. Quando necess\u00e1rio, asseguramos salvaguardas adequadas, tais como <span class=\"s1\"><b>Cl\u00e1usulas contratuais-tipo (CCP)<\/b><\/span> ou mecanismos jur\u00eddicos equivalentes.<\/p>\n<hr \/>\n<h2><b>8. Os seus direitos<\/b><\/h2>\n<p class=\"p1\">Dependendo das leis de prote\u00e7\u00e3o de dados aplic\u00e1veis, o utilizador pode ter o direito de:<\/p>\n<ul>\n<li>\n<p class=\"p1\">Aceder e receber uma c\u00f3pia dos seus dados pessoais.<\/p>\n<\/li>\n<li>\n<p class=\"p1\">Corrigir ou atualizar dados incorrectos.<\/p>\n<\/li>\n<li>\n<p class=\"p1\">Solicitar a elimina\u00e7\u00e3o dos seus dados em determinadas condi\u00e7\u00f5es.<\/p>\n<\/li>\n<li>\n<p class=\"p1\">Restringir ou opor-se ao tratamento.<\/p>\n<\/li>\n<li>\n<p class=\"p1\">Retirar o consentimento para o processamento (por exemplo, para marketing).<\/p>\n<\/li>\n<li>\n<p class=\"p1\">Solicitar a transfer\u00eancia dos seus dados num formato leg\u00edvel por m\u00e1quina.<\/p>\n<\/li>\n<\/ul>\n<p class=\"p1\">Para exercer estes direitos, contacte-nos atrav\u00e9s de <span class=\"s1\"><b>info@bydcarchina.com<\/b><\/span>.<\/p>\n<p class=\"p1\">Se n\u00e3o ficar satisfeito com a nossa resposta, pode apresentar uma queixa junto da autoridade de prote\u00e7\u00e3o de dados competente na sua jurisdi\u00e7\u00e3o.<\/p>\n<hr \/>\n<h2><b>9. Contactar-nos<\/b><\/h2>\n<p class=\"p1\">Se tiver d\u00favidas, preocupa\u00e7\u00f5es ou queixas sobre esta Pol\u00edtica de Privacidade ou sobre a forma como os seus dados pessoais s\u00e3o tratados, contacte:<\/p>\n<p class=\"p4\"><b>Wuxi BYD Vehicle Co., Ltd.<\/b><\/p>\n<p class=\"p4\"><span class=\"s3\">Correio eletr\u00f3nico: <\/span><b>info@bydcarchina.com<\/b><\/p>\n<p class=\"p1\">Levamos a sua privacidade a s\u00e9rio e responderemos o mais rapidamente poss\u00edvel.<\/p>\n<hr \/>\n<h2><b>10. Actualiza\u00e7\u00f5es da presente pol\u00edtica<\/b><\/h2>\n<p class=\"p1\">Poderemos atualizar esta Pol\u00edtica de Privacidade periodicamente. Quaisquer altera\u00e7\u00f5es significativas ser\u00e3o publicadas no nosso s\u00edtio Web com uma data revista da \u201c\u00daltima atualiza\u00e7\u00e3o\u201d. Encorajamo-lo a rever esta p\u00e1gina regularmente.<\/p>\t\t\t\t\t\t\t\t<\/div>\n\t\t\t\t\t<\/div>\n\t\t\t\t<\/div>\n\t\t\t\t<\/div>","protected":false},"excerpt":{"rendered":"<p>Privacy Policy Home This Privacy Policy explains how Wuxi BYD Vehicle Co., Ltd. (\u201cBYD\u201d, \u201cwe\u201d, \u201cour\u201d, or \u201cus\u201d) collects, uses, and protects your personal data. We are committed to safeguarding your privacy and ensuring compliance with applicable data protection laws. This Privacy Policy does not apply to our authorized retailers, partners, or third parties to [&hellip;]<\/p>\n","protected":false},"author":1,"featured_media":0,"parent":0,"menu_order":0,"comment_status":"closed","ping_status":"open","template":"","meta":{"footnotes":""},"class_list":["post-3","page","type-page","status-publish","hentry"],"_links":{"self":[{"href":"https:\/\/bydcarchina.com\/pt\/wp-json\/wp\/v2\/pages\/3","targetHints":{"allow":["GET"]}}],"collection":[{"href":"https:\/\/bydcarchina.com\/pt\/wp-json\/wp\/v2\/pages"}],"about":[{"href":"https:\/\/bydcarchina.com\/pt\/wp-json\/wp\/v2\/types\/page"}],"author":[{"embeddable":true,"href":"https:\/\/bydcarchina.com\/pt\/wp-json\/wp\/v2\/users\/1"}],"replies":[{"embeddable":true,"href":"https:\/\/bydcarchina.com\/pt\/wp-json\/wp\/v2\/comments?post=3"}],"version-history":[{"count":6,"href":"https:\/\/bydcarchina.com\/pt\/wp-json\/wp\/v2\/pages\/3\/revisions"}],"predecessor-version":[{"id":372,"href":"https:\/\/bydcarchina.com\/pt\/wp-json\/wp\/v2\/pages\/3\/revisions\/372"}],"wp:attachment":[{"href":"https:\/\/bydcarchina.com\/pt\/wp-json\/wp\/v2\/media?parent=3"}],"curies":[{"name":"wp","href":"https:\/\/api.w.org\/{rel}","templated":true}]}}