{"id":318,"date":"2025-09-03T06:09:19","date_gmt":"2025-09-03T06:09:19","guid":{"rendered":"https:\/\/bydcarchina.com\/?page_id=318"},"modified":"2025-12-04T20:38:21","modified_gmt":"2025-12-04T20:38:21","slug":"tecnologia-da-plataforma-3-0-da-byd-e","status":"publish","type":"page","link":"https:\/\/bydcarchina.com\/pt\/byd-e-platform-3-0-technology\/","title":{"rendered":"Tecnologia BYD E Platform 3.0"},"content":{"rendered":"<div data-elementor-type=\"wp-page\" data-elementor-id=\"318\" class=\"elementor elementor-318\" data-elementor-post-type=\"page\">\n\t\t\t\t<div class=\"elementor-element elementor-element-61a3404 e-flex e-con-boxed e-con e-parent\" data-id=\"61a3404\" data-element_type=\"container\" data-e-type=\"container\" data-settings=\"{&quot;background_background&quot;:&quot;classic&quot;}\">\n\t\t\t\t\t<div class=\"e-con-inner\">\n\t\t\t\t<div class=\"elementor-element elementor-element-743854d elementor-widget elementor-widget-heading\" data-id=\"743854d\" data-element_type=\"widget\" data-e-type=\"widget\" data-widget_type=\"heading.default\">\n\t\t\t\t\t<h1 class=\"elementor-heading-title elementor-size-default\">BYD e-Platform 3.0<\/h1>\t\t\t\t<\/div>\n\t\t\t\t<div class=\"elementor-element elementor-element-e41825e elementor-widget elementor-widget-hfe-breadcrumbs-widget\" data-id=\"e41825e\" data-element_type=\"widget\" data-e-type=\"widget\" data-widget_type=\"hfe-breadcrumbs-widget.default\">\n\t\t\t\t<div class=\"elementor-widget-container\">\n\t\t\t\t\t<nav aria-label=\"P\u00e3o ralado\"><ul class=\"hfe-breadcrumbs hfe-breadcrumbs-show-home\"><li class=\"hfe-breadcrumbs-item hfe-breadcrumbs-first\"><span class=\"hfe-breadcrumbs-home-icon\"><\/span><a href=\"https:\/\/bydcarchina.com\/pt\"><span class=\"hfe-breadcrumbs-text\">In\u00edcio<\/span><\/a><\/li><\/ul><\/nav>\t\t\t\t<\/div>\n\t\t\t\t<\/div>\n\t\t\t\t\t<\/div>\n\t\t\t\t<\/div>\n\t\t<div class=\"elementor-element elementor-element-d1d2379 e-flex e-con-boxed e-con e-parent\" data-id=\"d1d2379\" data-element_type=\"container\" data-e-type=\"container\">\n\t\t\t\t\t<div class=\"e-con-inner\">\n\t\t<div class=\"elementor-element elementor-element-145cf55 e-con-full e-flex e-con e-child\" data-id=\"145cf55\" data-element_type=\"container\" data-e-type=\"container\" data-settings=\"{&quot;background_background&quot;:&quot;classic&quot;}\">\n\t\t\t\t<\/div>\n\t\t<div class=\"elementor-element elementor-element-9be8eab e-con-full e-flex e-con e-child\" data-id=\"9be8eab\" data-element_type=\"container\" data-e-type=\"container\">\n\t\t\t\t<div class=\"elementor-element elementor-element-08683f0 elementor-widget elementor-widget-heading\" data-id=\"08683f0\" data-element_type=\"widget\" data-e-type=\"widget\" data-widget_type=\"heading.default\">\n\t\t\t\t\t<h2 class=\"elementor-heading-title elementor-size-default\">O que \u00e9 a BYD e-Platform 3.0?<\/h2>\t\t\t\t<\/div>\n\t\t\t\t<div class=\"elementor-element elementor-element-25b441c elementor-widget elementor-widget-text-editor\" data-id=\"25b441c\" data-element_type=\"widget\" data-e-type=\"widget\" data-widget_type=\"text-editor.default\">\n\t\t\t\t\t\t\t\t\t<p class=\"p1\">A e-Platform 3.0 da BYD foi concebida para tirar o m\u00e1ximo partido das vantagens da <span class=\"s1\"><b>intelig\u00eancia, efici\u00eancia, seguran\u00e7a e est\u00e9tica<\/b><\/span>. Melhora o desempenho dos NEVs em termos de seguran\u00e7a e de autonomia em tempo frio, ao mesmo tempo que promove experi\u00eancias de condu\u00e7\u00e3o inteligentes. O objetivo \u00e9 criar VEs da pr\u00f3xima gera\u00e7\u00e3o mais eficientes, fi\u00e1veis e f\u00e1ceis de utilizar.<\/p>\t\t\t\t\t\t\t\t<\/div>\n\t\t\t\t<\/div>\n\t\t\t\t\t<\/div>\n\t\t\t\t<\/div>\n\t\t<div class=\"elementor-element elementor-element-45e0256 e-flex e-con-boxed e-con e-parent\" data-id=\"45e0256\" data-element_type=\"container\" data-e-type=\"container\" data-settings=\"{&quot;background_background&quot;:&quot;classic&quot;}\">\n\t\t\t\t\t<div class=\"e-con-inner\">\n\t\t<div class=\"elementor-element elementor-element-9bf5d6f e-con-full e-flex e-con e-child\" data-id=\"9bf5d6f\" data-element_type=\"container\" data-e-type=\"container\" data-settings=\"{&quot;background_background&quot;:&quot;classic&quot;}\">\n\t\t\t\t<div class=\"elementor-element elementor-element-b0107a2 elementor-view-default elementor-position-block-start elementor-mobile-position-block-start elementor-widget elementor-widget-icon-box\" data-id=\"b0107a2\" data-element_type=\"widget\" data-e-type=\"widget\" data-widget_type=\"icon-box.default\">\n\t\t\t\t\t\t\t<div class=\"elementor-icon-box-wrapper\">\n\n\t\t\t\t\t\t<div class=\"elementor-icon-box-icon\">\n\t\t\t\t<span  class=\"elementor-icon\">\n\t\t\t\t<svg xmlns=\"http:\/\/www.w3.org\/2000\/svg\" width=\"800px\" height=\"800px\" viewbox=\"0 0 1024 1024\" class=\"icon\" fill=\"#000000\"><g id=\"SVGRepo_bgCarrier\" stroke-width=\"0\"><\/g><g id=\"SVGRepo_tracerCarrier\" stroke-linecap=\"round\" stroke-linejoin=\"round\"><\/g><g id=\"SVGRepo_iconCarrier\"><path d=\"M515.038 68.496c-98.858 1.251-59.037 75.835-346.991 77.109v443.378c0 191.637 302.412 366.268 346.991 366.268S862.029 780.62 862.029 588.983V145.605c-283.135 0.532-251.74-78.314-346.991-77.109zM823.474 590.24c0 153.941-286.85 326.258-308.437 326.457-21.492 0.199-307.232-173.721-308.437-326.457V195.055c255.96-1.135 220.563-67.613 308.437-68.727 84.668-1.074 56.76 69.202 308.437 68.727V590.24zM382.718 463.68c-7.528-7.528-19.734-7.528-27.262 0-7.528 7.528-7.528 19.734 0 27.262l122.681 122.681c7.528 7.528 19.734 7.528 27.262 0l207.774-207.774c7.528-7.528 7.528-19.734 0-27.262-7.528-7.528-19.734-7.528-27.262 0L491.768 572.73l-109.05-109.05z\" fill=\"#000000\"><\/path><\/g><\/svg>\t\t\t\t<\/span>\n\t\t\t<\/div>\n\t\t\t\n\t\t\t\t\t\t<div class=\"elementor-icon-box-content\">\n\n\t\t\t\t\t\t\t\t\t<h3 class=\"elementor-icon-box-title\">\n\t\t\t\t\t\t<span  >\n\t\t\t\t\t\t\tSeguran\u00e7a\t\t\t\t\t\t<\/span>\n\t\t\t\t\t<\/h3>\n\t\t\t\t\n\t\t\t\t\t\t\t\t\t<p class=\"elementor-icon-box-description\">\n\t\t\t\t\t\tA e-Platform 3.0 duplica a rigidez global do ve\u00edculo, integrando a Blade Battery diretamente na carro\u00e7aria. Actuando como unidade de armazenamento de energia e como componente estrutural, a Blade Battery desempenha um papel fundamental no refor\u00e7o da estrutura do ve\u00edculo e na melhoria da seguran\u00e7a em caso de colis\u00e3o.\t\t\t\t\t<\/p>\n\t\t\t\t\n\t\t\t<\/div>\n\t\t\t\n\t\t<\/div>\n\t\t\t\t\t\t<\/div>\n\t\t\t\t<\/div>\n\t\t<div class=\"elementor-element elementor-element-5424736 e-con-full e-flex e-con e-child\" data-id=\"5424736\" data-element_type=\"container\" data-e-type=\"container\" data-settings=\"{&quot;background_background&quot;:&quot;classic&quot;}\">\n\t\t\t\t<div class=\"elementor-element elementor-element-a931011 elementor-view-default elementor-position-block-start elementor-mobile-position-block-start elementor-widget elementor-widget-icon-box\" data-id=\"a931011\" data-element_type=\"widget\" data-e-type=\"widget\" data-widget_type=\"icon-box.default\">\n\t\t\t\t\t\t\t<div class=\"elementor-icon-box-wrapper\">\n\n\t\t\t\t\t\t<div class=\"elementor-icon-box-icon\">\n\t\t\t\t<span  class=\"elementor-icon\">\n\t\t\t\t<svg xmlns=\"http:\/\/www.w3.org\/2000\/svg\" xmlns:xlink=\"http:\/\/www.w3.org\/1999\/xlink\" fill=\"#000000\" height=\"800px\" width=\"800px\" id=\"Capa_1\" viewbox=\"0 0 330 330\" xml:space=\"preserve\"><g>\t<path d=\"M315,120h-22.688c-1.588-4.487-3.416-8.893-5.477-13.196l16.05-16.05c5.858-5.858,5.858-15.355,0.001-21.213  l-42.426-42.427c-2.813-2.813-6.629-4.394-10.607-4.394c-3.978,0-7.793,1.58-10.606,4.394l-16.051,16.05  c-4.304-2.061-8.708-3.888-13.196-5.476V15c0-8.284-6.716-15-15-15h-60c-8.284,0-15,6.716-15,15v22.688  c-4.488,1.588-8.893,3.416-13.195,5.476l-16.051-16.05c-5.857-5.858-15.355-5.858-21.213,0L27.114,69.541  c-5.858,5.858-5.858,15.355,0,21.213l16.05,16.051c-2.06,4.303-3.887,8.707-5.475,13.195H15c-8.284,0-15,6.716-15,15v60  c0,8.284,6.716,15,15,15h22.689c1.588,4.487,3.416,8.893,5.475,13.195l-16.05,16.051c-2.813,2.813-4.394,6.628-4.394,10.606  c0,3.979,1.58,7.794,4.394,10.607l42.428,42.426c5.858,5.857,15.355,5.857,21.212,0l16.052-16.049  c4.304,2.06,8.707,3.888,13.194,5.476V315c0,8.284,6.716,15,15,15h60c8.284,0,15-6.716,15-15v-22.689  c4.488-1.588,8.893-3.415,13.196-5.476l16.052,16.05c5.857,5.857,15.354,5.858,21.212-0.001l42.426-42.426  c5.858-5.858,5.858-15.355,0-21.213l-16.05-16.05c2.061-4.303,3.889-8.708,5.477-13.196H315c8.284,0,15-6.716,15-15v-60  C330,126.716,323.284,120,315,120z M300,180h-18.781c-6.846,0-12.822,4.634-14.527,11.264c-2.435,9.469-6.213,18.573-11.227,27.058  c-3.482,5.893-2.533,13.397,2.308,18.237l13.294,13.294l-21.213,21.213l-13.295-13.293c-4.839-4.839-12.342-5.789-18.234-2.308  c-8.485,5.012-17.591,8.79-27.063,11.229C184.633,268.399,180,274.375,180,281.22V300h-30v-18.78  c0-6.844-4.633-12.82-11.261-14.526c-9.471-2.438-18.575-6.216-27.062-11.229c-5.894-3.482-13.395-2.532-18.234,2.308  l-13.295,13.293l-21.215-21.214l13.294-13.294c4.841-4.84,5.79-12.343,2.308-18.236c-5.012-8.483-8.789-17.588-11.228-27.061  C61.602,184.633,55.625,180,48.781,180H30v-30h18.781c6.844,0,12.82-4.633,14.526-11.261c2.438-9.474,6.216-18.579,11.228-27.062  c3.482-5.893,2.533-13.396-2.308-18.236L58.934,80.147l21.214-21.213l13.294,13.293c4.84,4.84,12.344,5.79,18.236,2.308  c8.484-5.013,17.59-8.79,27.062-11.229C145.367,61.601,150,55.625,150,48.78V30h30v18.78c0,6.844,4.633,12.82,11.261,14.526  c9.474,2.439,18.579,6.216,27.063,11.229c5.894,3.481,13.396,2.532,18.236-2.308l13.294-13.293l21.213,21.213l-13.294,13.294  c-4.841,4.84-5.79,12.344-2.308,18.237c5.014,8.484,8.791,17.588,11.227,27.058c1.705,6.629,7.682,11.263,14.527,11.263H300V180z\"><\/path>\t<path d=\"M186.394,132.394L152,166.787l-9.394-9.393c-5.857-5.858-15.355-5.858-21.213,0c-5.858,5.858-5.858,15.355,0,21.213l20,20  C144.322,201.536,148.161,203,152,203c3.839,0,7.678-1.464,10.606-4.394l45-45c5.858-5.858,5.858-15.355,0-21.213  C201.749,126.535,192.251,126.535,186.394,132.394z\"><\/path><\/g><\/svg>\t\t\t\t<\/span>\n\t\t\t<\/div>\n\t\t\t\n\t\t\t\t\t\t<div class=\"elementor-icon-box-content\">\n\n\t\t\t\t\t\t\t\t\t<h3 class=\"elementor-icon-box-title\">\n\t\t\t\t\t\t<span  >\n\t\t\t\t\t\t\tAlta efici\u00eancia\t\t\t\t\t\t<\/span>\n\t\t\t\t\t<\/h3>\n\t\t\t\t\n\t\t\t\t\t\t\t\t\t<p class=\"elementor-icon-box-description\">\n\t\t\t\t\t\tA plataforma incorpora o primeiro grupo motopropulsor el\u00e9trico 8 em 1 produzido em s\u00e9rie no mundo. Com este sistema de s\u00e9rie, a efici\u00eancia global atinge at\u00e9 89%, estabelecendo uma nova refer\u00eancia na utiliza\u00e7\u00e3o de energia.\n\t\t\t\t\t<\/p>\n\t\t\t\t\n\t\t\t<\/div>\n\t\t\t\n\t\t<\/div>\n\t\t\t\t\t\t<\/div>\n\t\t\t\t<\/div>\n\t\t<div class=\"elementor-element elementor-element-22580a1 e-con-full e-flex e-con e-child\" data-id=\"22580a1\" data-element_type=\"container\" data-e-type=\"container\" data-settings=\"{&quot;background_background&quot;:&quot;classic&quot;}\">\n\t\t\t\t<div class=\"elementor-element elementor-element-38a76fa elementor-view-default elementor-position-block-start elementor-mobile-position-block-start elementor-widget elementor-widget-icon-box\" data-id=\"38a76fa\" data-element_type=\"widget\" data-e-type=\"widget\" data-widget_type=\"icon-box.default\">\n\t\t\t\t\t\t\t<div class=\"elementor-icon-box-wrapper\">\n\n\t\t\t\t\t\t<div class=\"elementor-icon-box-icon\">\n\t\t\t\t<span  class=\"elementor-icon\">\n\t\t\t\t<svg xmlns=\"http:\/\/www.w3.org\/2000\/svg\" xmlns:xlink=\"http:\/\/www.w3.org\/1999\/xlink\" fill=\"#000000\" id=\"Capa_1\" viewbox=\"0 0 60 60\" xml:space=\"preserve\"><g>\t<g>\t\t<path d=\"M15,30v8c0,0.6,0.4,1,1,1h4v-2h-3v-7H15z\"><\/path>\t\t<path d=\"M8,46V24.2c0-4.1,1.1-8,3.3-11.7l-1.7-1C7.2,15.4,6,19.7,6,24.2V47c0,0.6,0.4,1,1,1h21v12h2V48h4v-2h-5H8z\"><\/path>\t\t<path d=\"M50,11.4l-1.7,1.1c2.1,3.3,3.3,7.2,3.6,11V60h2L54,23.4C53.7,19.1,52.3,15,50,11.4z\"><\/path>\t\t<path d=\"M40,18.1V13c0-0.6-0.4-1-1-1h-8V7.9c1.7-0.4,3-2,3-3.9c0-2.2-1.8-4-4-4s-4,1.8-4,4c0,1.9,1.3,3.4,3,3.9V12h-8   c-0.6,0-1,0.4-1,1v5.1c-1.7,0.4-3,2-3,3.9c0,2.2,1.8,4,4,4s4-1.8,4-4c0-1.9-1.3-3.4-3-3.9V14h7v14.1c-1.7,0.4-3,2-3,3.9   c0,2.2,1.8,4,4,4s4-1.8,4-4c0-1.9-1.3-3.4-3-3.9V14h7v4.1c-1.7,0.4-3,2-3,3.9c0,2.2,1.8,4,4,4s4-1.8,4-4   C43,20.1,41.7,18.6,40,18.1z M28,4c0-1.1,0.9-2,2-2s2,0.9,2,2s-0.9,2-2,2C28.8,6,28,5.1,28,4z M23,22c0,1.1-0.9,2-2,2s-2-0.9-2-2   s0.9-2,2-2C22,20,23,20.9,23,22z M32,32c0,1.1-0.9,2-2,2s-2-0.9-2-2s0.9-2,2-2C31,30,32,30.9,32,32z M39,24c-1.1,0-2-0.9-2-2   s0.9-2,2-2s2,0.9,2,2S40,24,39,24z\"><\/path>\t\t<rect x=\"36\" y=\"1\" width=\"2\" height=\"2\"><\/rect>\t\t<rect x=\"36\" y=\"5\" width=\"14\" height=\"2\"><\/rect>\t\t<rect x=\"10\" y=\"5\" width=\"14\" height=\"2\"><\/rect>\t\t<rect x=\"40\" y=\"1\" width=\"2\" height=\"2\"><\/rect>\t\t<rect x=\"18\" y=\"1\" width=\"2\" height=\"2\"><\/rect>\t\t<rect x=\"22\" y=\"1\" width=\"2\" height=\"2\"><\/rect>\t<\/g><\/g><\/svg>\t\t\t\t<\/span>\n\t\t\t<\/div>\n\t\t\t\n\t\t\t\t\t\t<div class=\"elementor-icon-box-content\">\n\n\t\t\t\t\t\t\t\t\t<h3 class=\"elementor-icon-box-title\">\n\t\t\t\t\t\t<span  >\n\t\t\t\t\t\t\tIntelig\u00eancia\t\t\t\t\t\t<\/span>\n\t\t\t\t\t<\/h3>\n\t\t\t\t\n\t\t\t\t\t\t\t\t\t<p class=\"elementor-icon-box-description\">\n\t\t\t\t\t\tAo passar de configura\u00e7\u00f5es electr\u00f3nicas e el\u00e9ctricas distribu\u00eddas para uma arquitetura integrada controlada por dom\u00ednio, a plataforma melhora consideravelmente a efici\u00eancia e a adaptabilidade da intera\u00e7\u00e3o. Isto assegura actualiza\u00e7\u00f5es de sistema sem falhas e uma otimiza\u00e7\u00e3o cont\u00ednua e automatizada em todo o ve\u00edculo.\t\t\t\t\t<\/p>\n\t\t\t\t\n\t\t\t<\/div>\n\t\t\t\n\t\t<\/div>\n\t\t\t\t\t\t<\/div>\n\t\t\t\t<\/div>\n\t\t<div class=\"elementor-element elementor-element-fc928af e-con-full e-flex e-con e-child\" data-id=\"fc928af\" data-element_type=\"container\" data-e-type=\"container\" data-settings=\"{&quot;background_background&quot;:&quot;classic&quot;}\">\n\t\t\t\t<div class=\"elementor-element elementor-element-cf6b051 elementor-view-default elementor-position-block-start elementor-mobile-position-block-start elementor-widget elementor-widget-icon-box\" data-id=\"cf6b051\" data-element_type=\"widget\" data-e-type=\"widget\" data-widget_type=\"icon-box.default\">\n\t\t\t\t\t\t\t<div class=\"elementor-icon-box-wrapper\">\n\n\t\t\t\t\t\t<div class=\"elementor-icon-box-icon\">\n\t\t\t\t<span  class=\"elementor-icon\">\n\t\t\t\t<svg xmlns=\"http:\/\/www.w3.org\/2000\/svg\" width=\"800px\" height=\"800px\" viewbox=\"0 0 48 48\" id=\"a\"><defs><style>.b{fill:none;stroke:#000000;stroke-linecap:round;stroke-linejoin:round;}<\/style><\/defs><g><path class=\"b\" d=\"m13.1676,18.573h-5.5276c-1.1476,0-2.0778.9302-2.0779,2.0778v19.7714c0,1.1476.9303,2.0778,2.0779,2.0778h32.72c1.1476,0,2.0778-.9302,2.0779-2.0778v-19.7714c0-1.1476-.9303-2.0778-2.0779-2.0778h-5.284\"><\/path><rect class=\"b\" x=\"14.0996\" y=\"35.7634\" width=\"20.0445\" height=\"3.327\" rx=\".4208\" ry=\".4208\"><\/rect><rect class=\"b\" x=\"10.7333\" y=\"29.78\" width=\"3.3663\" height=\"3.3663\" rx=\".4208\" ry=\".4208\"><\/rect><rect class=\"b\" x=\"16.586\" y=\"29.78\" width=\"3.3663\" height=\"3.3663\" rx=\".4208\" ry=\".4208\"><\/rect><path class=\"b\" d=\"m25.8051,30.3553v2.37c0,.2324-.1884.4208-.4208.4208h-2.5243c-.2323,0-.4207-.1884-.4207-.4207h0v-2.3701\"><\/path><rect class=\"b\" x=\"28.2915\" y=\"29.78\" width=\"3.3663\" height=\"3.3663\" rx=\".4208\" ry=\".4208\"><\/rect><rect class=\"b\" x=\"34.1442\" y=\"29.78\" width=\"3.3663\" height=\"3.3663\" rx=\".4208\" ry=\".4208\"><\/rect><rect class=\"b\" x=\"10.7333\" y=\"23.7965\" width=\"3.3663\" height=\"3.3663\" rx=\".4208\" ry=\".4208\"><\/rect><path class=\"b\" d=\"m18.2755,27.1628h-1.2687c-.2324,0-.4208-.1884-.4208-.4208v-.8747\"><\/path><path class=\"b\" d=\"m31.6578,25.8673v.8747c0,.2324-.1884.4208-.4208.4208h-1.2687\"><\/path><rect class=\"b\" x=\"34.1442\" y=\"23.7965\" width=\"3.3663\" height=\"3.3663\" rx=\".4208\" ry=\".4208\"><\/rect><path class=\"b\" d=\"m34.2525,23.8775l-10.1306,7.7685-10.1306-7.7685c-.5194-.3982-.8239-1.0155-.8237-1.67V7.1832c0-.9296.7536-1.6832,1.6832-1.6832h18.5422c.9296,0,1.6832.7536,1.6832,1.6832h0v15.0248c0,.6543-.3044,1.2714-.8237,1.6695Z\"><\/path><\/g><path class=\"b\" d=\"m19.6938,22.9893v-13h2.925c3.1411,0,5.6875,2.5464,5.6875,5.6875v1.625c0,3.1411-2.5464,5.6875-5.6875,5.6875h-2.925Z\"><\/path><\/svg>\t\t\t\t<\/span>\n\t\t\t<\/div>\n\t\t\t\n\t\t\t\t\t\t<div class=\"elementor-icon-box-content\">\n\n\t\t\t\t\t\t\t\t\t<h3 class=\"elementor-icon-box-title\">\n\t\t\t\t\t\t<span  >\n\t\t\t\t\t\t\tEst\u00e9tica\t\t\t\t\t\t<\/span>\n\t\t\t\t\t<\/h3>\n\t\t\t\t\n\t\t\t\t\t\t\t\t\t<p class=\"elementor-icon-box-description\">\n\t\t\t\t\t\tSali\u00eancias mais curtas, uma dist\u00e2ncia entre eixos mais longa e um design de carro\u00e7aria rebaixado aumentam o espa\u00e7o interior para os passageiros, ao mesmo tempo que melhoram a aerodin\u00e2mica. Combinados, estes aperfei\u00e7oamentos reduzem o coeficiente de arrasto para apenas 0,21 Cd, conferindo ao ve\u00edculo tanto estilo como efici\u00eancia.\t\t\t\t\t<\/p>\n\t\t\t\t\n\t\t\t<\/div>\n\t\t\t\n\t\t<\/div>\n\t\t\t\t\t\t<\/div>\n\t\t\t\t<\/div>\n\t\t\t\t\t<\/div>\n\t\t\t\t<\/div>\n\t\t<div class=\"elementor-element elementor-element-c9ab5b5 e-flex e-con-boxed e-con e-parent\" data-id=\"c9ab5b5\" data-element_type=\"container\" data-e-type=\"container\" data-settings=\"{&quot;background_background&quot;:&quot;classic&quot;}\">\n\t\t\t\t\t<div class=\"e-con-inner\">\n\t\t\t\t<div class=\"elementor-element elementor-element-3d28b70 elementor-widget elementor-widget-heading\" data-id=\"3d28b70\" data-element_type=\"widget\" data-e-type=\"widget\" data-widget_type=\"heading.default\">\n\t\t\t\t\t<h2 class=\"elementor-heading-title elementor-size-default\">Junte-se \u00e0 rede BYD<\/h2>\t\t\t\t<\/div>\n\t\t\t\t<div class=\"elementor-element elementor-element-923258a elementor-widget__width-initial elementor-widget elementor-widget-text-editor\" data-id=\"923258a\" data-element_type=\"widget\" data-e-type=\"widget\" data-widget_type=\"text-editor.default\">\n\t\t\t\t\t\t\t\t\t<p>Com uma gama de EV e PHEV \u00e0 escolha, quer se trate de op\u00e7\u00f5es totalmente el\u00e9ctricas ou h\u00edbridas, os novos ve\u00edculos energ\u00e9ticos d\u00e3o aos condutores a op\u00e7\u00e3o de reduzir a sua pegada de carbono de uma forma que se adapta ao seu estilo de vida.<\/p>\t\t\t\t\t\t\t\t<\/div>\n\t\t<div class=\"elementor-element elementor-element-9b03a42 e-con-full e-flex e-con e-child\" data-id=\"9b03a42\" data-element_type=\"container\" data-e-type=\"container\">\n\t\t\t\t<div class=\"elementor-element elementor-element-b45f01b elementor-widget elementor-widget-button\" data-id=\"b45f01b\" data-element_type=\"widget\" data-e-type=\"widget\" data-widget_type=\"button.default\">\n\t\t\t\t\t\t\t\t\t\t<a class=\"elementor-button elementor-button-link elementor-size-sm\" href=\"https:\/\/bydcarchina.com\/pt\/contact-2\/\">\n\t\t\t\t\t\t<span class=\"elementor-button-content-wrapper\">\n\t\t\t\t\t\t\t\t\t<span class=\"elementor-button-text\">Contactar-nos<\/span>\n\t\t\t\t\t<\/span>\n\t\t\t\t\t<\/a>\n\t\t\t\t\t\t\t\t<\/div>\n\t\t\t\t<div class=\"elementor-element elementor-element-a5ac5e4 elementor-widget elementor-widget-button\" data-id=\"a5ac5e4\" data-element_type=\"widget\" data-e-type=\"widget\" data-widget_type=\"button.default\">\n\t\t\t\t\t\t\t\t\t\t<a class=\"elementor-button elementor-button-link elementor-size-sm\" href=\"#\">\n\t\t\t\t\t\t<span class=\"elementor-button-content-wrapper\">\n\t\t\t\t\t\t\t\t\t<span class=\"elementor-button-text\">Descubra os modelos BYD<\/span>\n\t\t\t\t\t<\/span>\n\t\t\t\t\t<\/a>\n\t\t\t\t\t\t\t\t<\/div>\n\t\t\t\t<\/div>\n\t\t\t\t\t<\/div>\n\t\t\t\t<\/div>\n\t\t\t\t<\/div>","protected":false},"excerpt":{"rendered":"<p>BYD e-Platform 3.0 Home What is BYD e-Platform 3.0 ? BYD\u2019s e-Platform 3.0 is designed to fully leverage the advantages of intelligence, efficiency, safety, and aesthetics. It enhances NEVs\u2019 performance in safety and cold-weather range, while also advancing intelligent driving experiences. The goal is to create more efficient, reliable, and user-friendly next-generation EVs. Safety e-Platform [&hellip;]<\/p>\n","protected":false},"author":1,"featured_media":0,"parent":0,"menu_order":0,"comment_status":"closed","ping_status":"closed","template":"","meta":{"footnotes":""},"class_list":["post-318","page","type-page","status-publish","hentry"],"_links":{"self":[{"href":"https:\/\/bydcarchina.com\/pt\/wp-json\/wp\/v2\/pages\/318","targetHints":{"allow":["GET"]}}],"collection":[{"href":"https:\/\/bydcarchina.com\/pt\/wp-json\/wp\/v2\/pages"}],"about":[{"href":"https:\/\/bydcarchina.com\/pt\/wp-json\/wp\/v2\/types\/page"}],"author":[{"embeddable":true,"href":"https:\/\/bydcarchina.com\/pt\/wp-json\/wp\/v2\/users\/1"}],"replies":[{"embeddable":true,"href":"https:\/\/bydcarchina.com\/pt\/wp-json\/wp\/v2\/comments?post=318"}],"version-history":[{"count":4,"href":"https:\/\/bydcarchina.com\/pt\/wp-json\/wp\/v2\/pages\/318\/revisions"}],"predecessor-version":[{"id":348,"href":"https:\/\/bydcarchina.com\/pt\/wp-json\/wp\/v2\/pages\/318\/revisions\/348"}],"wp:attachment":[{"href":"https:\/\/bydcarchina.com\/pt\/wp-json\/wp\/v2\/media?parent=318"}],"curies":[{"name":"wp","href":"https:\/\/api.w.org\/{rel}","templated":true}]}}