{"id":925,"date":"2025-12-02T15:51:57","date_gmt":"2025-12-02T15:51:57","guid":{"rendered":"https:\/\/bydcarchina.com\/?page_id=925"},"modified":"2025-12-04T20:41:59","modified_gmt":"2025-12-04T20:41:59","slug":"termo-de-utilizacao","status":"publish","type":"page","link":"https:\/\/bydcarchina.com\/pt\/term-of-use\/","title":{"rendered":"Termo de utiliza\u00e7\u00e3o"},"content":{"rendered":"<p><strong>\u00daltima atualiza\u00e7\u00e3o: 2025\/12\/01<\/strong><\/p>\n\n\n\n<p>Bem-vindo ao s\u00edtio Web oficial de <strong>Wuxi BiYueDa Vehicle Export Co., Ltd.<\/strong> (\u201c<strong>Wuxi BiYueDa<\/strong>\u201d, \u201c<strong>n\u00f3s<\/strong>\u201d, \u201c<strong>nosso<\/strong>\u201d, ou \u201c<strong>n\u00f3s<\/strong>\u201d). Ao aceder ou utilizar este s\u00edtio Web (o \u201c<strong>S\u00edtio<\/strong>\u201d), o utilizador concorda em ficar vinculado aos seguintes Termos de Utiliza\u00e7\u00e3o. Se o utilizador n\u00e3o concordar com estes termos, deve abster-se de utilizar o S\u00edtio.<\/p>\n\n\n\n<p>Estes Termos aplicam-se a todos os visitantes, utilizadores e qualquer parte que aceda ao S\u00edtio para fins informativos, de consulta ou comerciais.<\/p>\n\n\n\n<hr class=\"wp-block-separator has-alpha-channel-opacity\"\/>\n\n\n\n<h1 class=\"wp-block-heading\"><strong>1. Aceita\u00e7\u00e3o das condi\u00e7\u00f5es<\/strong><\/h1>\n\n\n\n<p>Ao utilizar este S\u00edtio, o utilizador reconhece que leu, compreendeu e concordou em cumprir estes Termos de Utiliza\u00e7\u00e3o, juntamente com a nossa Pol\u00edtica de Privacidade.<\/p>\n\n\n\n<p>Reservamo-nos o direito de modificar, atualizar ou substituir estes Termos em qualquer altura. A utiliza\u00e7\u00e3o continuada do S\u00edtio constitui a aceita\u00e7\u00e3o de quaisquer altera\u00e7\u00f5es.<\/p>\n\n\n\n<hr class=\"wp-block-separator has-alpha-channel-opacity\"\/>\n\n\n\n<h1 class=\"wp-block-heading\"><strong>2. Conte\u00fado e exatid\u00e3o do s\u00edtio Web<\/strong><\/h1>\n\n\n\n<p>Todas as informa\u00e7\u00f5es apresentadas neste S\u00edtio, incluindo, entre outras, especifica\u00e7\u00f5es de produtos, pre\u00e7os de ve\u00edculos, detalhes de exporta\u00e7\u00e3o, imagens e descri\u00e7\u00f5es, s\u00e3o fornecidas <strong>apenas para efeitos de informa\u00e7\u00e3o geral<\/strong>.<\/p>\n\n\n\n<p>Embora nos esforcemos por garantir a exatid\u00e3o, o S\u00edtio pode ocasionalmente conter:<\/p>\n\n\n\n<ul class=\"wp-block-list\">\n<li>Erros tipogr\u00e1ficos<\/li>\n\n\n\n<li>Detalhes imprecisos do modelo<\/li>\n\n\n\n<li>Informa\u00e7\u00f5es desactualizadas<\/li>\n\n\n\n<li>Varia\u00e7\u00f5es entre os ve\u00edculos exportados e os modelos do mercado local<\/li>\n<\/ul>\n\n\n\n<p>A Wuxi BiYueDa reserva-se o direito de corrigir ou atualizar o conte\u00fado em qualquer altura sem aviso pr\u00e9vio.<\/p>\n\n\n\n<hr class=\"wp-block-separator has-alpha-channel-opacity\"\/>\n\n\n\n<h1 class=\"wp-block-heading\"><strong>3. N\u00e3o h\u00e1 oferta ou contrato vinculativo<\/strong><\/h1>\n\n\n\n<p>Qualquer informa\u00e7\u00e3o ou conte\u00fado do S\u00edtio - tal como listagens de produtos, especifica\u00e7\u00f5es de ve\u00edculos ou pre\u00e7os - pode ser utilizado para a obten\u00e7\u00e3o de informa\u00e7\u00f5es sobre o mesmo.<strong>n\u00e3o constitui uma oferta, cota\u00e7\u00e3o ou contrato vinculativo<\/strong>.<\/p>\n\n\n\n<p>Um contrato s\u00f3 \u00e9 formado quando:<\/p>\n\n\n\n<ol start=\"1\" class=\"wp-block-list\">\n<li>Apresenta um pedido formal de informa\u00e7\u00e3o,<\/li>\n\n\n\n<li>Fornecemos um or\u00e7amento oficial por escrito, e<\/li>\n\n\n\n<li>Ambas as partes assinam e confirmam o contrato de venda ou o contrato de compra e venda.<\/li>\n<\/ol>\n\n\n\n<p>O conte\u00fado informativo deste s\u00edtio n\u00e3o deve ser interpretado como uma garantia de disponibilidade de ve\u00edculos, pre\u00e7os ou prazos de entrega.<\/p>\n\n\n\n<hr class=\"wp-block-separator has-alpha-channel-opacity\"\/>\n\n\n\n<h1 class=\"wp-block-heading\"><strong>4. Utiliza\u00e7\u00e3o do s\u00edtio Web<\/strong><\/h1>\n\n\n\n<p>Est\u00e1 de acordo <strong>n\u00e3o<\/strong> para utilizar o S\u00edtio para:<\/p>\n\n\n\n<ul class=\"wp-block-list\">\n<li>Fins ilegais ou n\u00e3o autorizados<\/li>\n\n\n\n<li>Tentativa de obter acesso n\u00e3o autorizado a sistemas ou dados<\/li>\n\n\n\n<li>Copiar, extrair ou extrair o conte\u00fado do s\u00edtio Web para utiliza\u00e7\u00e3o comercial sem autoriza\u00e7\u00e3o por escrito<\/li>\n\n\n\n<li>Carregar material nocivo, incluindo malware ou scripts maliciosos<\/li>\n<\/ul>\n\n\n\n<p>Qualquer utiliza\u00e7\u00e3o indevida pode resultar na suspens\u00e3o do acesso e em eventuais ac\u00e7\u00f5es judiciais.<\/p>\n\n\n\n<hr class=\"wp-block-separator has-alpha-channel-opacity\"\/>\n\n\n\n<h1 class=\"wp-block-heading\"><strong>5. Direitos de propriedade intelectual<\/strong><\/h1>\n\n\n\n<p>Todas as marcas comerciais, log\u00f3tipos, texto, imagens, gr\u00e1ficos, descri\u00e7\u00f5es de produtos e elementos de design do s\u00edtio Web neste S\u00edtio s\u00e3o propriedade de <strong>Wuxi BiYueDa<\/strong> ou dos nossos parceiros de conte\u00fados e s\u00e3o <strong>protegido por leis internacionais de direitos de autor e de marcas registadas<\/strong>.<\/p>\n\n\n\n<p>N\u00e3o pode:<\/p>\n\n\n\n<ul class=\"wp-block-list\">\n<li>Copiar ou reproduzir qualquer conte\u00fado<\/li>\n\n\n\n<li>Modificar ou republicar materiais<\/li>\n\n\n\n<li>Utilizar qualquer conte\u00fado para fins comerciais sem a nossa autoriza\u00e7\u00e3o pr\u00e9via por escrito<\/li>\n<\/ul>\n\n\n\n<p>A utiliza\u00e7\u00e3o n\u00e3o autorizada pode constituir uma infra\u00e7\u00e3o e resultar em responsabilidade legal.<\/p>\n\n\n\n<hr class=\"wp-block-separator has-alpha-channel-opacity\"\/>\n\n\n\n<h1 class=\"wp-block-heading\"><strong>6. Liga\u00e7\u00f5es de terceiros<\/strong><\/h1>\n\n\n\n<p>O S\u00edtio pode conter liga\u00e7\u00f5es a s\u00edtios Web externos para conveni\u00eancia ou refer\u00eancia.<\/p>\n\n\n\n<p>Wuxi BiYueDa \u00e9 <strong>n\u00e3o respons\u00e1vel<\/strong> para:<\/p>\n\n\n\n<ul class=\"wp-block-list\">\n<li>O conte\u00fado de p\u00e1ginas externas<\/li>\n\n\n\n<li>A exatid\u00e3o ou legalidade das informa\u00e7\u00f5es de terceiros<\/li>\n\n\n\n<li>Quaisquer danos resultantes do acesso a s\u00edtios de terceiros<\/li>\n<\/ul>\n\n\n\n<p>A visita a p\u00e1ginas de terceiros \u00e9 feita por sua conta e risco.<\/p>\n\n\n\n<hr class=\"wp-block-separator has-alpha-channel-opacity\"\/>\n\n\n\n<h1 class=\"wp-block-heading\"><strong>7. Exclus\u00e3o de garantias<\/strong><\/h1>\n\n\n\n<p>O S\u00edtio e o seu conte\u00fado s\u00e3o fornecidos <strong>\u201ctal como est\u00e1\u201d e \u201cconforme dispon\u00edvel\u201d<\/strong> sem garantias de qualquer tipo.<\/p>\n\n\n\n<p>N\u00e3o garantimos:<\/p>\n\n\n\n<ul class=\"wp-block-list\">\n<li>Funcionamento do s\u00edtio Web sem interrup\u00e7\u00f5es ou erros<\/li>\n\n\n\n<li>Exatid\u00e3o ou exaustividade das informa\u00e7\u00f5es<\/li>\n\n\n\n<li>Adequa\u00e7\u00e3o das especifica\u00e7\u00f5es do ve\u00edculo a um mercado ou ambiente regulamentar espec\u00edfico<\/li>\n<\/ul>\n\n\n\n<p>O utilizador assume toda a responsabilidade pela avalia\u00e7\u00e3o das informa\u00e7\u00f5es fornecidas.<\/p>\n\n\n\n<hr class=\"wp-block-separator has-alpha-channel-opacity\"\/>\n\n\n\n<h1 class=\"wp-block-heading\"><strong>8. Limita\u00e7\u00e3o da responsabilidade<\/strong><\/h1>\n\n\n\n<p>Na medida m\u00e1xima permitida pela lei aplic\u00e1vel, a Wuxi BiYueDa n\u00e3o ser\u00e1 respons\u00e1vel por qualquer:<\/p>\n\n\n\n<ul class=\"wp-block-list\">\n<li>Danos diretos, indirectos, acidentais, consequenciais ou punitivos<\/li>\n\n\n\n<li>Perda de lucros, receitas ou oportunidades de neg\u00f3cio<\/li>\n\n\n\n<li>Erros ou omiss\u00f5es no conte\u00fado do s\u00edtio Web<\/li>\n\n\n\n<li>Atrasos ou interrup\u00e7\u00f5es no acesso ao s\u00edtio<\/li>\n<\/ul>\n\n\n\n<p>O \u00fanico recurso do utilizador em caso de insatisfa\u00e7\u00e3o com o S\u00edtio \u00e9 deixar de o utilizar.<\/p>\n\n\n\n<hr class=\"wp-block-separator has-alpha-channel-opacity\"\/>\n\n\n\n<h1 class=\"wp-block-heading\"><strong>9. Pedidos de informa\u00e7\u00e3o dos utilizadores<\/strong><\/h1>\n\n\n\n<p>Ao enviar um pedido de informa\u00e7\u00e3o ou ao fornecer as suas informa\u00e7\u00f5es de contacto, o utilizador consente em ser contactado pela Wuxi BiYueDa para comunica\u00e7\u00f5es de acompanhamento, or\u00e7amentos ou assuntos relacionados com o servi\u00e7o.<\/p>\n\n\n\n<p>N\u00e3o aceitamos envios confidenciais ou de propriedade atrav\u00e9s do S\u00edtio, exceto se existir um acordo escrito.<\/p>\n\n\n\n<hr class=\"wp-block-separator has-alpha-channel-opacity\"\/>\n\n\n\n<h1 class=\"wp-block-heading\"><strong>10. Conformidade das exporta\u00e7\u00f5es<\/strong><\/h1>\n\n\n\n<p>As exporta\u00e7\u00f5es de ve\u00edculos est\u00e3o sujeitas a:<\/p>\n\n\n\n<ul class=\"wp-block-list\">\n<li>Regulamentos de exporta\u00e7\u00e3o chineses<\/li>\n\n\n\n<li>Requisitos de importa\u00e7\u00e3o do pa\u00eds de destino<\/li>\n\n\n\n<li>Regras de homologa\u00e7\u00e3o, tributa\u00e7\u00e3o e certifica\u00e7\u00e3o<\/li>\n<\/ul>\n\n\n\n<p>A Wuxi BiYueDa n\u00e3o se responsabiliza por atrasos ou problemas resultantes de decis\u00f5es aduaneiras, altera\u00e7\u00f5es regulamentares ou procedimentos locais de conformidade dos ve\u00edculos, exceto se indicado em contr\u00e1rio num acordo assinado.<\/p>\n\n\n\n<hr class=\"wp-block-separator has-alpha-channel-opacity\"\/>\n\n\n\n<h1 class=\"wp-block-heading\"><strong>11. Direito aplic\u00e1vel<\/strong><\/h1>\n\n\n\n<p>As presentes Condi\u00e7\u00f5es ser\u00e3o regidas e interpretadas de acordo com as leis de <strong>a Rep\u00fablica Popular da China (RPC)<\/strong>.<\/p>\n\n\n\n<p>Os eventuais lit\u00edgios ser\u00e3o resolvidos por negocia\u00e7\u00e3o; caso n\u00e3o sejam resolvidos, os lit\u00edgios podem ser submetidos a <strong>o tribunal ou inst\u00e2ncia de arbitragem competente em Wuxi, Jiangsu<\/strong>.<\/p>\n\n\n\n<hr class=\"wp-block-separator has-alpha-channel-opacity\"\/>\n\n\n\n<h1 class=\"wp-block-heading\"><strong>12. Informa\u00e7\u00f5es de contacto<\/strong><\/h1>\n\n\n\n<p>Para quest\u00f5es relacionadas com estas Condi\u00e7\u00f5es, contacte:<\/p>\n\n\n\n<p><strong>Wuxi BiYueDa Vehicle Export Co., Ltd.<\/strong><\/p>\n\n\n\n<p>Correio eletr\u00f3nico: <strong>info@bydcarchina.com<\/strong><\/p>\n\n\n\n<p>Telefone:+8615961536612<\/p>\n\n\n\n<p><\/p>","protected":false},"excerpt":{"rendered":"<p>Last Updated: 2025\/12\/01 Welcome to the official website of Wuxi BiYueDa Vehicle Export Co., Ltd. (\u201cWuxi BiYueDa\u201d, \u201cwe\u201d, \u201cour\u201d, or \u201cus\u201d). By accessing or using this website (the \u201cSite\u201d), you agree to be bound by the following Terms of Use. If you do not agree with these terms, please refrain from using the Site. These [&hellip;]<\/p>\n","protected":false},"author":1,"featured_media":0,"parent":0,"menu_order":0,"comment_status":"closed","ping_status":"closed","template":"","meta":{"footnotes":""},"class_list":["post-925","page","type-page","status-publish","hentry"],"_links":{"self":[{"href":"https:\/\/bydcarchina.com\/pt\/wp-json\/wp\/v2\/pages\/925","targetHints":{"allow":["GET"]}}],"collection":[{"href":"https:\/\/bydcarchina.com\/pt\/wp-json\/wp\/v2\/pages"}],"about":[{"href":"https:\/\/bydcarchina.com\/pt\/wp-json\/wp\/v2\/types\/page"}],"author":[{"embeddable":true,"href":"https:\/\/bydcarchina.com\/pt\/wp-json\/wp\/v2\/users\/1"}],"replies":[{"embeddable":true,"href":"https:\/\/bydcarchina.com\/pt\/wp-json\/wp\/v2\/comments?post=925"}],"version-history":[{"count":2,"href":"https:\/\/bydcarchina.com\/pt\/wp-json\/wp\/v2\/pages\/925\/revisions"}],"predecessor-version":[{"id":1019,"href":"https:\/\/bydcarchina.com\/pt\/wp-json\/wp\/v2\/pages\/925\/revisions\/1019"}],"wp:attachment":[{"href":"https:\/\/bydcarchina.com\/pt\/wp-json\/wp\/v2\/media?parent=925"}],"curies":[{"name":"wp","href":"https:\/\/api.w.org\/{rel}","templated":true}]}}