{"id":392,"date":"2025-09-07T05:33:14","date_gmt":"2025-09-07T05:33:14","guid":{"rendered":"https:\/\/bydcarchina.com\/?post_type=product&#038;p=392"},"modified":"2025-12-13T08:30:29","modified_gmt":"2025-12-13T08:30:29","slug":"byd-2025-seal-05dmi-intelligent-driving-edition","status":"publish","type":"product","link":"https:\/\/bydcarchina.com\/pt\/product\/byd-2025-seal-05dmi-intelligent-driving-edition\/","title":{"rendered":"BYD 2025 Seal 05DMI Intelligent Driving Edition"},"content":{"rendered":"<p data-start=\"0\" data-end=\"231\">Descobrir um <strong data-start=\"11\" data-end=\"42\">sedan h\u00edbrido plug-in moderno<\/strong> concebido para ser eficiente, ter um desempenho suave e ser pr\u00e1tico no dia a dia. Concebido para equilibrar a condu\u00e7\u00e3o el\u00e9ctrica com a flexibilidade das longas dist\u00e2ncias, apresenta as seguintes especifica\u00e7\u00f5es principais:<\/p>\n<p data-start=\"233\" data-end=\"452\"><strong data-start=\"233\" data-end=\"263\">Grupo motopropulsor h\u00edbrido Plug-in:<\/strong><br data-start=\"263\" data-end=\"266\" \/>Alimentado por um <strong data-start=\"279\" data-end=\"315\">Motor a gasolina de 1,5 litros em linha-4<\/strong> produ\u00e7\u00e3o <strong data-start=\"326\" data-end=\"336\">101 cv<\/strong>, O sistema de transmiss\u00e3o el\u00e9ctrica est\u00e1 perfeitamente integrado com um sistema avan\u00e7ado de transmiss\u00e3o el\u00e9ctrica para uma efici\u00eancia optimizada e uma acelera\u00e7\u00e3o r\u00e1pida.<\/p>\n<p data-start=\"454\" data-end=\"739\"><strong data-start=\"454\" data-end=\"490\">Autonomia de condu\u00e7\u00e3o el\u00e9ctrica alargada:<\/strong><br data-start=\"490\" data-end=\"493\" \/>Oferece v\u00e1rias configura\u00e7\u00f5es de bateria com um <strong data-start=\"539\" data-end=\"608\">Autonomia el\u00e9ctrica pura WLTC at\u00e9 100 km (variantes de 43 km \/ 90 km)<\/strong> e um impressionante <strong data-start=\"627\" data-end=\"697\">Gama el\u00e9ctrica com classifica\u00e7\u00e3o CLTC at\u00e9 128 km (op\u00e7\u00f5es de 55 km \/ 120 km)<\/strong>, ideal para desloca\u00e7\u00f5es di\u00e1rias com emiss\u00f5es zero.<\/p>\n<p data-start=\"741\" data-end=\"888\"><strong data-start=\"741\" data-end=\"766\">Desempenho equilibrado:<\/strong><br data-start=\"766\" data-end=\"769\" \/>Alcan\u00e7a um <strong data-start=\"779\" data-end=\"804\">velocidade m\u00e1xima de 180 km\/h<\/strong>, O sistema de controlo de velocidade da gasolina \u00e9 um sistema de controlo de velocidade que proporciona um desempenho confiante em autoestrada, mantendo uma excelente economia de combust\u00edvel.<\/p>\n<p data-start=\"890\" data-end=\"1033\"><strong data-start=\"890\" data-end=\"916\">Layout espa\u00e7oso do sedan:<\/strong><br data-start=\"916\" data-end=\"919\" \/>Carater\u00edsticas a <strong data-start=\"930\" data-end=\"963\">Estrutura da carro\u00e7aria de 4 portas e 5 lugares<\/strong>, proporcionando um alojamento confort\u00e1vel tanto para os condutores como para os passageiros.<\/p>\n<p data-start=\"1035\" data-end=\"1212\"><strong data-start=\"1035\" data-end=\"1068\">Dimens\u00f5es bem proporcionadas:<\/strong><br data-start=\"1068\" data-end=\"1071\" \/>Com um tamanho total de <strong data-start=\"1095\" data-end=\"1123\">4.780 \u00d7 1.837 \u00d7 1.515 mm<\/strong>, O ve\u00edculo oferece uma postura est\u00e1vel, um espa\u00e7o interior generoso e uma presen\u00e7a refinada na estrada.<\/p>\n<p data-start=\"1214\" data-end=\"1448\" data-is-last-node=\"\" data-is-only-node=\"\">Combina\u00e7\u00e3o <strong data-start=\"1224\" data-end=\"1330\">tecnologia h\u00edbrida plug-in eficiente, autonomia el\u00e9ctrica pr\u00e1tica e um design confort\u00e1vel de um sedan de tamanho m\u00e9dio<\/strong>, Este modelo \u00e9 uma escolha forte para os condutores que procuram baixas emiss\u00f5es sem comprometer a versatilidade ou o conforto de condu\u00e7\u00e3o.<\/p>","protected":false},"excerpt":{"rendered":"<p>Discover a modern plug-in hybrid sedan engineered for efficiency, smooth performance, and everyday practicality. Designed to balance electric driving with long-distance flexibility, it delivers the following key specifications: Plug-in Hybrid Powertrain:Powered by a 1.5-liter inline-4 petrol engine producing 101 hp, seamlessly integrated with an advanced electric drive system for optimized efficiency and responsive acceleration. Extended [&hellip;]<\/p>\n","protected":false},"featured_media":398,"comment_status":"open","ping_status":"closed","template":"","meta":[],"product_brand":[],"product_cat":[17],"product_tag":[],"class_list":{"0":"post-392","1":"product","2":"type-product","3":"status-publish","4":"has-post-thumbnail","6":"product_cat-uncategorized","8":"first","9":"instock","10":"shipping-taxable","11":"product-type-simple"},"_links":{"self":[{"href":"https:\/\/bydcarchina.com\/pt\/wp-json\/wp\/v2\/product\/392","targetHints":{"allow":["GET"]}}],"collection":[{"href":"https:\/\/bydcarchina.com\/pt\/wp-json\/wp\/v2\/product"}],"about":[{"href":"https:\/\/bydcarchina.com\/pt\/wp-json\/wp\/v2\/types\/product"}],"replies":[{"embeddable":true,"href":"https:\/\/bydcarchina.com\/pt\/wp-json\/wp\/v2\/comments?post=392"}],"version-history":[{"count":2,"href":"https:\/\/bydcarchina.com\/pt\/wp-json\/wp\/v2\/product\/392\/revisions"}],"predecessor-version":[{"id":1099,"href":"https:\/\/bydcarchina.com\/pt\/wp-json\/wp\/v2\/product\/392\/revisions\/1099"}],"wp:featuredmedia":[{"embeddable":true,"href":"https:\/\/bydcarchina.com\/pt\/wp-json\/wp\/v2\/media\/398"}],"wp:attachment":[{"href":"https:\/\/bydcarchina.com\/pt\/wp-json\/wp\/v2\/media?parent=392"}],"wp:term":[{"taxonomy":"product_brand","embeddable":true,"href":"https:\/\/bydcarchina.com\/pt\/wp-json\/wp\/v2\/product_brand?post=392"},{"taxonomy":"product_cat","embeddable":true,"href":"https:\/\/bydcarchina.com\/pt\/wp-json\/wp\/v2\/product_cat?post=392"},{"taxonomy":"product_tag","embeddable":true,"href":"https:\/\/bydcarchina.com\/pt\/wp-json\/wp\/v2\/product_tag?post=392"}],"curies":[{"name":"wp","href":"https:\/\/api.w.org\/{rel}","templated":true}]}}