{"id":401,"date":"2025-09-07T05:39:33","date_gmt":"2025-09-07T05:39:33","guid":{"rendered":"https:\/\/bydcarchina.com\/?post_type=product&#038;p=401"},"modified":"2025-12-13T08:32:25","modified_gmt":"2025-12-13T08:32:25","slug":"byd-2025-seal-06dmi-intelligent-driving-edition","status":"publish","type":"product","link":"https:\/\/bydcarchina.com\/pt\/product\/byd-2025-seal-06dmi-intelligent-driving-edition\/","title":{"rendered":"BYD 2025 Seal 06DMI Intelligent Driving Edition"},"content":{"rendered":"<p data-start=\"0\" data-end=\"182\">Descobrir um <strong data-start=\"11\" data-end=\"67\">sedan el\u00e9trico h\u00edbrido plug-in de pr\u00f3xima gera\u00e7\u00e3o (PHEV)<\/strong> concebido para proporcionar um equil\u00edbrio \u00f3timo entre efici\u00eancia, desempenho e facilidade de utiliza\u00e7\u00e3o no dia a dia. Os principais destaques incluem:<\/p>\n<p data-start=\"184\" data-end=\"380\"><strong data-start=\"184\" data-end=\"213\">Grupo motopropulsor PHEV avan\u00e7ado:<\/strong><br data-start=\"213\" data-end=\"216\" \/>Oferecido com <strong data-start=\"229\" data-end=\"255\">10,08 kWh ou 15,87 kWh<\/strong> op\u00e7\u00f5es de bateria, permitindo uma <strong data-start=\"284\" data-end=\"339\">autonomia de condu\u00e7\u00e3o puramente el\u00e9ctrica de at\u00e9 60 km ou 90 km<\/strong>, ideal para desloca\u00e7\u00f5es di\u00e1rias com baixas emiss\u00f5es.<\/p>\n<p data-start=\"382\" data-end=\"594\"><strong data-start=\"382\" data-end=\"421\">Desempenho reativo e eficiente:<\/strong><br data-start=\"421\" data-end=\"424\" \/>Alcan\u00e7a <strong data-start=\"433\" data-end=\"482\">Acelera\u00e7\u00e3o 0-100 km\/h em 7,9 ou 7,5 segundos<\/strong>, O sistema de controlo de pot\u00eancia \u00e9 um sistema de controlo de pot\u00eancia que proporciona uma entrega de pot\u00eancia suave e confiante. A <strong data-start=\"533\" data-end=\"558\">velocidade m\u00e1xima de 180 km\/h<\/strong> garante um desempenho est\u00e1vel na autoestrada.<\/p>\n<p data-start=\"596\" data-end=\"760\"><strong data-start=\"596\" data-end=\"625\">Tra\u00e7\u00e3o dianteira Layout:<\/strong><br data-start=\"625\" data-end=\"628\" \/>O <strong data-start=\"632\" data-end=\"653\">Configura\u00e7\u00e3o FWD<\/strong> aumenta a efici\u00eancia, a tra\u00e7\u00e3o e o comportamento previs\u00edvel em cen\u00e1rios de condu\u00e7\u00e3o urbana e de longa dist\u00e2ncia.<\/p>\n<p data-start=\"762\" data-end=\"938\"><strong data-start=\"762\" data-end=\"793\">Propor\u00e7\u00f5es de um sedan espa\u00e7oso:<\/strong><br data-start=\"793\" data-end=\"796\" \/>Com dimens\u00f5es de <strong data-start=\"815\" data-end=\"843\">4.830 \u00d7 1.875 \u00d7 1.495 mm<\/strong>, O ve\u00edculo oferece uma postura ampla, um espa\u00e7o generoso no habit\u00e1culo e uma presen\u00e7a na estrada refinada e de qualidade superior.<\/p>\n<p data-start=\"940\" data-end=\"1181\" data-is-last-node=\"\" data-is-only-node=\"\">Concebido para condutores que procuram <strong data-start=\"969\" data-end=\"1014\">efici\u00eancia el\u00e9ctrica sem ansiedade de autonomia<\/strong>, Este sedan PHEV combina uma moderna tecnologia electrificada, um desempenho equilibrado e dimens\u00f5es pr\u00e1ticas, tornando-o adequado tanto para uma utiliza\u00e7\u00e3o citadina como para viagens longas.<\/p>","protected":false},"excerpt":{"rendered":"<p>Discover a next-generation plug-in hybrid electric sedan (PHEV) designed to deliver an optimal balance of efficiency, performance, and everyday usability. Key highlights include: Advanced PHEV Powertrain:Offered with 10.08 kWh or 15.87 kWh battery options, enabling a pure electric driving range of up to 60 km or 90 km, ideal for low-emission daily commuting. Responsive &amp; [&hellip;]<\/p>\n","protected":false},"featured_media":415,"comment_status":"open","ping_status":"closed","template":"","meta":[],"product_brand":[],"product_cat":[17],"product_tag":[],"class_list":{"0":"post-401","1":"product","2":"type-product","3":"status-publish","4":"has-post-thumbnail","6":"product_cat-uncategorized","8":"first","9":"instock","10":"shipping-taxable","11":"product-type-simple"},"_links":{"self":[{"href":"https:\/\/bydcarchina.com\/pt\/wp-json\/wp\/v2\/product\/401","targetHints":{"allow":["GET"]}}],"collection":[{"href":"https:\/\/bydcarchina.com\/pt\/wp-json\/wp\/v2\/product"}],"about":[{"href":"https:\/\/bydcarchina.com\/pt\/wp-json\/wp\/v2\/types\/product"}],"replies":[{"embeddable":true,"href":"https:\/\/bydcarchina.com\/pt\/wp-json\/wp\/v2\/comments?post=401"}],"version-history":[{"count":2,"href":"https:\/\/bydcarchina.com\/pt\/wp-json\/wp\/v2\/product\/401\/revisions"}],"predecessor-version":[{"id":1106,"href":"https:\/\/bydcarchina.com\/pt\/wp-json\/wp\/v2\/product\/401\/revisions\/1106"}],"wp:featuredmedia":[{"embeddable":true,"href":"https:\/\/bydcarchina.com\/pt\/wp-json\/wp\/v2\/media\/415"}],"wp:attachment":[{"href":"https:\/\/bydcarchina.com\/pt\/wp-json\/wp\/v2\/media?parent=401"}],"wp:term":[{"taxonomy":"product_brand","embeddable":true,"href":"https:\/\/bydcarchina.com\/pt\/wp-json\/wp\/v2\/product_brand?post=401"},{"taxonomy":"product_cat","embeddable":true,"href":"https:\/\/bydcarchina.com\/pt\/wp-json\/wp\/v2\/product_cat?post=401"},{"taxonomy":"product_tag","embeddable":true,"href":"https:\/\/bydcarchina.com\/pt\/wp-json\/wp\/v2\/product_tag?post=401"}],"curies":[{"name":"wp","href":"https:\/\/api.w.org\/{rel}","templated":true}]}}