{"id":443,"date":"2025-09-10T12:58:20","date_gmt":"2025-09-10T12:58:20","guid":{"rendered":"https:\/\/bydcarchina.com\/?post_type=product&#038;p=443"},"modified":"2025-12-13T08:38:03","modified_gmt":"2025-12-13T08:38:03","slug":"byd-2025-seal-06gt-intelligent-driving-edition","status":"publish","type":"product","link":"https:\/\/bydcarchina.com\/pt\/product\/byd-2025-seal-06gt-intelligent-driving-edition\/","title":{"rendered":"BYD 2025 Seal 06GT Intelligent Driving Edition"},"content":{"rendered":"<p data-start=\"0\" data-end=\"232\">Descobrir um <strong data-start=\"11\" data-end=\"59\">ve\u00edculo el\u00e9trico puro de alto desempenho (BEV)<\/strong> concebido para uma condu\u00e7\u00e3o de longo alcance, um comportamento din\u00e2mico e uma versatilidade quotidiana. Concebido para responder \u00e0s exig\u00eancias da mobilidade el\u00e9ctrica moderna, oferece os seguintes destaques:<\/p>\n<p data-start=\"234\" data-end=\"441\"><strong data-start=\"234\" data-end=\"262\">Sistema de propuls\u00e3o totalmente el\u00e9trico:<\/strong><br data-start=\"262\" data-end=\"265\" \/>Oferece uma impressionante <strong data-start=\"288\" data-end=\"342\">Autonomia de condu\u00e7\u00e3o com classifica\u00e7\u00e3o CLTC at\u00e9 505 km ou 605 km<\/strong>, proporcionando confian\u00e7a tanto para as desloca\u00e7\u00f5es di\u00e1rias como para as viagens longas com zero emiss\u00f5es de gases de escape.<\/p>\n<p data-start=\"443\" data-end=\"651\"><strong data-start=\"443\" data-end=\"475\">Op\u00e7\u00f5es de desempenho din\u00e2mico:<\/strong><br data-start=\"475\" data-end=\"478\" \/>Dispon\u00edvel em <strong data-start=\"491\" data-end=\"542\">tra\u00e7\u00e3o traseira (RWD) ou tra\u00e7\u00e3o integral (AWD)<\/strong> configura\u00e7\u00f5es, com um <strong data-start=\"566\" data-end=\"591\">velocidade m\u00e1xima de 200 km\/h<\/strong> para uma acelera\u00e7\u00e3o forte e uma estabilidade confiante a alta velocidade.<\/p>\n<p data-start=\"653\" data-end=\"814\"><strong data-start=\"653\" data-end=\"680\">Design espa\u00e7oso de 5 portas:<\/strong><br data-start=\"680\" data-end=\"683\" \/>Possui uma pr\u00e1tica <strong data-start=\"704\" data-end=\"737\">Estrutura da carro\u00e7aria de 5 portas e 5 lugares<\/strong>, combinando propor\u00e7\u00f5es desportivas com facilidade de utiliza\u00e7\u00e3o no dia a dia e acesso f\u00e1cil ao habit\u00e1culo.<\/p>\n<p data-start=\"816\" data-end=\"998\"><strong data-start=\"816\" data-end=\"847\">Peso e equil\u00edbrio optimizados:<\/strong><br data-start=\"847\" data-end=\"850\" \/>Com um <strong data-start=\"857\" data-end=\"896\">peso em vazio de 1,850 kg ou 1,940 kg<\/strong>, Com o seu sistema de controlo de qualidade, o ve\u00edculo consegue uma combina\u00e7\u00e3o equilibrada de rigidez estrutural, efici\u00eancia e din\u00e2mica de condu\u00e7\u00e3o.<\/p>\n<p data-start=\"1000\" data-end=\"1153\"><strong data-start=\"1000\" data-end=\"1036\">Dimens\u00f5es compactas mas atl\u00e9ticas:<\/strong><br data-start=\"1036\" data-end=\"1039\" \/>Medi\u00e7\u00e3o <strong data-start=\"1049\" data-end=\"1077\">4.630 \u00d7 1.880 \u00d7 1.490 mm<\/strong>, O seu design \u00e9 muito elegante, oferece uma postura ampla, um centro de gravidade baixo e uma pegada urbana \u00e1gil.<\/p>\n<p data-start=\"1155\" data-end=\"1400\" data-is-last-node=\"\" data-is-only-node=\"\">Combina\u00e7\u00e3o <strong data-start=\"1165\" data-end=\"1264\">longa autonomia el\u00e9ctrica, op\u00e7\u00f5es de condu\u00e7\u00e3o orientadas para o desempenho e uma disposi\u00e7\u00e3o vers\u00e1til do tipo hatchback<\/strong>, Este modelo de VEB \u00e9 a escolha ideal para os condutores que procuram uma mobilidade com emiss\u00f5es zero sem comprometer a velocidade, o espa\u00e7o ou o prazer de condu\u00e7\u00e3o.<\/p>","protected":false},"excerpt":{"rendered":"<p>Discover a high-performance pure electric vehicle (BEV) engineered for long-range driving, dynamic handling, and everyday versatility. Designed to meet the demands of modern electric mobility, it offers the following highlights: All-Electric Powertrain:Delivers an impressive CLTC-rated driving range of up to 505 km or 605 km, providing confidence for both daily commuting and extended journeys with [&hellip;]<\/p>\n","protected":false},"featured_media":451,"comment_status":"open","ping_status":"closed","template":"","meta":[],"product_brand":[],"product_cat":[17],"product_tag":[],"class_list":{"0":"post-443","1":"product","2":"type-product","3":"status-publish","4":"has-post-thumbnail","6":"product_cat-uncategorized","8":"first","9":"instock","10":"shipping-taxable","11":"product-type-simple"},"_links":{"self":[{"href":"https:\/\/bydcarchina.com\/pt\/wp-json\/wp\/v2\/product\/443","targetHints":{"allow":["GET"]}}],"collection":[{"href":"https:\/\/bydcarchina.com\/pt\/wp-json\/wp\/v2\/product"}],"about":[{"href":"https:\/\/bydcarchina.com\/pt\/wp-json\/wp\/v2\/types\/product"}],"replies":[{"embeddable":true,"href":"https:\/\/bydcarchina.com\/pt\/wp-json\/wp\/v2\/comments?post=443"}],"version-history":[{"count":2,"href":"https:\/\/bydcarchina.com\/pt\/wp-json\/wp\/v2\/product\/443\/revisions"}],"predecessor-version":[{"id":1111,"href":"https:\/\/bydcarchina.com\/pt\/wp-json\/wp\/v2\/product\/443\/revisions\/1111"}],"wp:featuredmedia":[{"embeddable":true,"href":"https:\/\/bydcarchina.com\/pt\/wp-json\/wp\/v2\/media\/451"}],"wp:attachment":[{"href":"https:\/\/bydcarchina.com\/pt\/wp-json\/wp\/v2\/media?parent=443"}],"wp:term":[{"taxonomy":"product_brand","embeddable":true,"href":"https:\/\/bydcarchina.com\/pt\/wp-json\/wp\/v2\/product_brand?post=443"},{"taxonomy":"product_cat","embeddable":true,"href":"https:\/\/bydcarchina.com\/pt\/wp-json\/wp\/v2\/product_cat?post=443"},{"taxonomy":"product_tag","embeddable":true,"href":"https:\/\/bydcarchina.com\/pt\/wp-json\/wp\/v2\/product_tag?post=443"}],"curies":[{"name":"wp","href":"https:\/\/api.w.org\/{rel}","templated":true}]}}